{"id":102,"date":"2019-11-22T17:11:09","date_gmt":"2019-11-22T16:11:09","guid":{"rendered":"http:\/\/www2.wmt.it\/?page_id=102"},"modified":"2019-12-23T12:15:02","modified_gmt":"2019-12-23T11:15:02","slug":"mecanique","status":"publish","type":"page","link":"http:\/\/www.wmt.it\/index.php\/fr\/mecanique\/","title":{"rendered":"M\u00e9canique"},"content":{"rendered":"\n<p>Dans le domaine de l&#8217;usinage m\u00e9canique, W.M.T. a d\u00e9velopp\u00e9 une s\u00e9rie d&#8217;installations capables de r\u00e9soudre les probl\u00e8mes de production par enl\u00e8vement de copeaux et d\u00e9formation plastique, elles sont divis\u00e9es en: <\/p>\n\n\n\n<ul class=\"wp-block-list\"><li> les installations de traitement des lubrifiants de refroidissement, <\/li><li> les installations de traitement des d\u00e9chets produits par traitement, <\/li><li> et enfin des installations pour le traitement de surface du produit transform\u00e9. <\/li><\/ul>\n\n\n\n<p>Nous concevons et mettons donc en \u0153uvre:<\/p>\n\n\n\n<ul class=\"wp-block-list\"><li>Syst\u00e8mes de filtrage de liquides de refroidissement \u00e9quip\u00e9s de moyens de filtrage permanents ou jetables avec des degr\u00e9s de filtrage de 1 \u00e0 500 \u00b5m. <ul><li>Pour les machines \u00e0 enlever les copeaux. <ul><li>Transferts, tours, fraiseuses, al\u00e9seuses, brocarts, perceuses, taraudeuses. <\/li><li>Machines de meulage, d&#8217;\u00e9pluchage, de rodage, de super-finissage. <\/li><li>Machines \u00e0 percer les canons, Mapal.  <\/li><\/ul><\/li><li>Pour les machines de d\u00e9formation plastique. <ul><li>Machines \u00e0 tr\u00e9filer, machines d&#8217;emboutissage en profondeur, laminoirs, presses.<\/li><\/ul><\/li><\/ul><\/li><li>Syst\u00e8mes de filtrage pour le nettoyage de liquides \u00e9quip\u00e9s d\u2019un m\u00e9dia filtrant permanent ou jetable avec des degr\u00e9s de filtrage de 1 \u00e0 500 \u00b5m. <ul><li>Pour les machines \u00e0 laver industrielles de pi\u00e8ces m\u00e9caniques.<\/li><li>Pour les machines \u00e0 laver les t\u00f4les industrielles  <\/li><\/ul><\/li><li>Syst\u00e8mes de convoyeurs \u00e0 copeaux.<ul><li>\u00e0 sec.<ul><li>Augers.<\/li><li>Convoyeurs \u00e0 raclettes.<\/li><li>Convoyeurs \u00e0 volet.<\/li><li>Convoyeurs \u00e0 courroie en caoutchouc.<\/li><li>Tiges de pouss\u00e9e.<ul><li>gratuit.<\/li><li>guid\u00e9.<\/li><li>contraint.<\/li><li>lignes droites.<\/li><li>courbes.<\/li><\/ul><\/li><\/ul><\/li><\/ul><ul><li>\u00e0 mouill\u00e9.<ul><li>Canaux d&#8217;eau.<\/li><li>Canaux d&#8217;eau m\u00e9caniques mixtes.<\/li><li>Pompage sous pression, cheveux libres, accumulation.<\/li><\/ul><\/li><\/ul><\/li><li>Des usines de traitement de copeaux et des \u00eelots \u00e9cologiques pour le d\u00e9shuilage du rasage.<ul><li>S\u00e9parateurs de bobines.<\/li><li>S\u00e9parateurs de pi\u00e8ces.<\/li><li>Distributeurs.<\/li><li>S\u00e9parateurs d&#8217;huile.<\/li><li>Centrifugeuses.<\/li><li>Concasseurs.<\/li><li>Silos.<\/li><li>Machines \u00e0 briquettes.<\/li><li>Machines \u00e0 laver.<\/li><li>S\u00e9choirs.<\/li><\/ul><\/li><li>Syst\u00e8mes hydrauliques pour l&#8217;enl\u00e8vement de mati\u00e8re jusqu&#8217;\u00e0 45 MPa.<ul><li>\u00c9bavureuses hydrauliques.<\/li><li>Machines de sablage hydrauliques.<\/li><li>Coupe hydraulique des t\u00f4les.<\/li><\/ul><\/li><li>Stations de pompage basse, moyenne et haute pression.<ul><li>avec pompes: centrifuge, multi-\u00e9tages, \u00e0 vis, \u00e0 piston.<\/li><\/ul><\/li><li>Vannes pour liquides \u00e0 faible viscosit\u00e9 ou eau pour pressions \u00e9lev\u00e9es jusqu&#8217;\u00e0 45 MPa et syst\u00e8mes connexes.<\/li><\/ul>\n","protected":false},"excerpt":{"rendered":"<p>Dans le domaine de l&#8217;usinage m\u00e9canique, W.M.T. a d\u00e9velopp\u00e9 une s\u00e9rie d&#8217;installations capables de r\u00e9soudre les probl\u00e8mes de production par enl\u00e8vement de copeaux et d\u00e9formation plastique, elles sont divis\u00e9es en: les installations de traitement des lubrifiants de refroidissement, les installations de traitement des d\u00e9chets produits par traitement, et enfin des installations pour le traitement de [&hellip;]<\/p>\n","protected":false},"author":1,"featured_media":1709,"parent":0,"menu_order":0,"comment_status":"closed","ping_status":"closed","template":"","meta":{"ngg_post_thumbnail":0,"footnotes":""},"class_list":["post-102","page","type-page","status-publish","has-post-thumbnail","hentry"],"yoast_head":"<!-- This site is optimized with the Yoast SEO plugin v27.4 - https:\/\/yoast.com\/product\/yoast-seo-wordpress\/ -->\n<title>M\u00e9canique &#8226; W.M.T. - Water and Mechanical Technology s.r.l.<\/title>\n<meta name=\"robots\" content=\"index, follow, max-snippet:-1, max-image-preview:large, max-video-preview:-1\" \/>\n<link rel=\"canonical\" href=\"http:\/\/www.wmt.it\/index.php\/fr\/mecanique\/\" \/>\n<meta property=\"og:locale\" content=\"it_IT\" \/>\n<meta property=\"og:type\" content=\"article\" \/>\n<meta property=\"og:title\" content=\"M\u00e9canique &#8226; W.M.T. - Water and Mechanical Technology s.r.l.\" \/>\n<meta property=\"og:description\" content=\"Dans le domaine de l&#8217;usinage m\u00e9canique, W.M.T. a d\u00e9velopp\u00e9 une s\u00e9rie d&#8217;installations capables de r\u00e9soudre les probl\u00e8mes de production par enl\u00e8vement de copeaux et d\u00e9formation plastique, elles sont divis\u00e9es en: les installations de traitement des lubrifiants de refroidissement, les installations de traitement des d\u00e9chets produits par traitement, et enfin des installations pour le traitement de [&hellip;]\" \/>\n<meta property=\"og:url\" content=\"http:\/\/www.wmt.it\/index.php\/fr\/mecanique\/\" \/>\n<meta property=\"og:site_name\" content=\"W.M.T. - Water and Mechanical Technology s.r.l.\" \/>\n<meta property=\"article:publisher\" content=\"https:\/\/www.facebook.com\/pages\/WMT\/523330841079249?eid=ARBCva1bxbHrIwpLi2jUbikM5NzJrQOywcEqrkgUjYQ_m59R20SghP76Um2Ffw8jsoHFxRwr_28Y5a6v\" \/>\n<meta property=\"article:modified_time\" content=\"2019-12-23T11:15:02+00:00\" \/>\n<meta property=\"og:image\" content=\"http:\/\/www.wmt.it\/wp-content\/uploads\/2019\/12\/MECCANICO-GRANDE-e1576658246872.jpg\" \/>\n\t<meta property=\"og:image:width\" content=\"1920\" \/>\n\t<meta property=\"og:image:height\" content=\"600\" \/>\n\t<meta property=\"og:image:type\" content=\"image\/jpeg\" \/>\n<meta name=\"twitter:card\" content=\"summary_large_image\" \/>\n<meta name=\"twitter:label1\" content=\"Tempo di lettura stimato\" \/>\n\t<meta name=\"twitter:data1\" content=\"2 minuti\" \/>\n<script type=\"application\/ld+json\" class=\"yoast-schema-graph\">{\"@context\":\"https:\\\/\\\/schema.org\",\"@graph\":[{\"@type\":\"WebPage\",\"@id\":\"http:\\\/\\\/www.wmt.it\\\/index.php\\\/fr\\\/mecanique\\\/\",\"url\":\"http:\\\/\\\/www.wmt.it\\\/index.php\\\/fr\\\/mecanique\\\/\",\"name\":\"M\u00e9canique &#8226; W.M.T. - Water and Mechanical Technology s.r.l.\",\"isPartOf\":{\"@id\":\"http:\\\/\\\/www.wmt.it\\\/#website\"},\"primaryImageOfPage\":{\"@id\":\"http:\\\/\\\/www.wmt.it\\\/index.php\\\/fr\\\/mecanique\\\/#primaryimage\"},\"image\":{\"@id\":\"http:\\\/\\\/www.wmt.it\\\/index.php\\\/fr\\\/mecanique\\\/#primaryimage\"},\"thumbnailUrl\":\"http:\\\/\\\/www.wmt.it\\\/wp-content\\\/uploads\\\/2019\\\/12\\\/MECCANICO-GRANDE-e1576658246872.jpg\",\"datePublished\":\"2019-11-22T16:11:09+00:00\",\"dateModified\":\"2019-12-23T11:15:02+00:00\",\"breadcrumb\":{\"@id\":\"http:\\\/\\\/www.wmt.it\\\/index.php\\\/fr\\\/mecanique\\\/#breadcrumb\"},\"inLanguage\":\"it-IT\",\"potentialAction\":[{\"@type\":\"ReadAction\",\"target\":[\"http:\\\/\\\/www.wmt.it\\\/index.php\\\/fr\\\/mecanique\\\/\"]}]},{\"@type\":\"ImageObject\",\"inLanguage\":\"it-IT\",\"@id\":\"http:\\\/\\\/www.wmt.it\\\/index.php\\\/fr\\\/mecanique\\\/#primaryimage\",\"url\":\"http:\\\/\\\/www.wmt.it\\\/wp-content\\\/uploads\\\/2019\\\/12\\\/MECCANICO-GRANDE-e1576658246872.jpg\",\"contentUrl\":\"http:\\\/\\\/www.wmt.it\\\/wp-content\\\/uploads\\\/2019\\\/12\\\/MECCANICO-GRANDE-e1576658246872.jpg\",\"width\":1920,\"height\":600},{\"@type\":\"BreadcrumbList\",\"@id\":\"http:\\\/\\\/www.wmt.it\\\/index.php\\\/fr\\\/mecanique\\\/#breadcrumb\",\"itemListElement\":[{\"@type\":\"ListItem\",\"position\":1,\"name\":\"Home\",\"item\":\"http:\\\/\\\/www.wmt.it\\\/index.php\\\/en\\\/wmt-home\\\/\"},{\"@type\":\"ListItem\",\"position\":2,\"name\":\"M\u00e9canique\"}]},{\"@type\":\"WebSite\",\"@id\":\"http:\\\/\\\/www.wmt.it\\\/#website\",\"url\":\"http:\\\/\\\/www.wmt.it\\\/\",\"name\":\"W.M.T. - Water and Mechanical Technology s.r.l.\",\"description\":\"ENGINEERING AND FILTERING SYSTEM, PURE WITH PROFIT\",\"publisher\":{\"@id\":\"http:\\\/\\\/www.wmt.it\\\/#organization\"},\"potentialAction\":[{\"@type\":\"SearchAction\",\"target\":{\"@type\":\"EntryPoint\",\"urlTemplate\":\"http:\\\/\\\/www.wmt.it\\\/?s={search_term_string}\"},\"query-input\":{\"@type\":\"PropertyValueSpecification\",\"valueRequired\":true,\"valueName\":\"search_term_string\"}}],\"inLanguage\":\"it-IT\"},{\"@type\":\"Organization\",\"@id\":\"http:\\\/\\\/www.wmt.it\\\/#organization\",\"name\":\"W.M.T. - Water and Mechanical Technology s.r.l.\",\"url\":\"http:\\\/\\\/www.wmt.it\\\/\",\"logo\":{\"@type\":\"ImageObject\",\"inLanguage\":\"it-IT\",\"@id\":\"http:\\\/\\\/www.wmt.it\\\/#\\\/schema\\\/logo\\\/image\\\/\",\"url\":\"http:\\\/\\\/www.wmt.it\\\/wp-content\\\/uploads\\\/2019\\\/12\\\/logo_wmt_blu_512x512.jpg\",\"contentUrl\":\"http:\\\/\\\/www.wmt.it\\\/wp-content\\\/uploads\\\/2019\\\/12\\\/logo_wmt_blu_512x512.jpg\",\"width\":512,\"height\":512,\"caption\":\"W.M.T. - Water and Mechanical Technology s.r.l.\"},\"image\":{\"@id\":\"http:\\\/\\\/www.wmt.it\\\/#\\\/schema\\\/logo\\\/image\\\/\"},\"sameAs\":[\"https:\\\/\\\/www.facebook.com\\\/pages\\\/WMT\\\/523330841079249?eid=ARBCva1bxbHrIwpLi2jUbikM5NzJrQOywcEqrkgUjYQ_m59R20SghP76Um2Ffw8jsoHFxRwr_28Y5a6v\",\"https:\\\/\\\/www.google.com\\\/maps\\\/place\\\/W.M.T.+-+Water+and+Mechanical+Technology+s.r.l.\\\/@45.538948,9.1806583,17z\\\/data=!3m1!4b1!4m5!3m4!1s0x4786bf60c912a84b:0xfc12749d2f8ea14a!8m2!3d45.538948!4d9.182847\",\"https:\\\/\\\/www.linkedin.com\\\/company\\\/2059941\"]}]}<\/script>\n<!-- \/ Yoast SEO plugin. -->","yoast_head_json":{"title":"M\u00e9canique &#8226; W.M.T. - Water and Mechanical Technology s.r.l.","robots":{"index":"index","follow":"follow","max-snippet":"max-snippet:-1","max-image-preview":"max-image-preview:large","max-video-preview":"max-video-preview:-1"},"canonical":"http:\/\/www.wmt.it\/index.php\/fr\/mecanique\/","og_locale":"it_IT","og_type":"article","og_title":"M\u00e9canique &#8226; W.M.T. - Water and Mechanical Technology s.r.l.","og_description":"Dans le domaine de l&#8217;usinage m\u00e9canique, W.M.T. a d\u00e9velopp\u00e9 une s\u00e9rie d&#8217;installations capables de r\u00e9soudre les probl\u00e8mes de production par enl\u00e8vement de copeaux et d\u00e9formation plastique, elles sont divis\u00e9es en: les installations de traitement des lubrifiants de refroidissement, les installations de traitement des d\u00e9chets produits par traitement, et enfin des installations pour le traitement de [&hellip;]","og_url":"http:\/\/www.wmt.it\/index.php\/fr\/mecanique\/","og_site_name":"W.M.T. - Water and Mechanical Technology s.r.l.","article_publisher":"https:\/\/www.facebook.com\/pages\/WMT\/523330841079249?eid=ARBCva1bxbHrIwpLi2jUbikM5NzJrQOywcEqrkgUjYQ_m59R20SghP76Um2Ffw8jsoHFxRwr_28Y5a6v","article_modified_time":"2019-12-23T11:15:02+00:00","og_image":[{"width":1920,"height":600,"url":"http:\/\/www.wmt.it\/wp-content\/uploads\/2019\/12\/MECCANICO-GRANDE-e1576658246872.jpg","type":"image\/jpeg"}],"twitter_card":"summary_large_image","twitter_misc":{"Tempo di lettura stimato":"2 minuti"},"schema":{"@context":"https:\/\/schema.org","@graph":[{"@type":"WebPage","@id":"http:\/\/www.wmt.it\/index.php\/fr\/mecanique\/","url":"http:\/\/www.wmt.it\/index.php\/fr\/mecanique\/","name":"M\u00e9canique &#8226; W.M.T. - Water and Mechanical Technology s.r.l.","isPartOf":{"@id":"http:\/\/www.wmt.it\/#website"},"primaryImageOfPage":{"@id":"http:\/\/www.wmt.it\/index.php\/fr\/mecanique\/#primaryimage"},"image":{"@id":"http:\/\/www.wmt.it\/index.php\/fr\/mecanique\/#primaryimage"},"thumbnailUrl":"http:\/\/www.wmt.it\/wp-content\/uploads\/2019\/12\/MECCANICO-GRANDE-e1576658246872.jpg","datePublished":"2019-11-22T16:11:09+00:00","dateModified":"2019-12-23T11:15:02+00:00","breadcrumb":{"@id":"http:\/\/www.wmt.it\/index.php\/fr\/mecanique\/#breadcrumb"},"inLanguage":"it-IT","potentialAction":[{"@type":"ReadAction","target":["http:\/\/www.wmt.it\/index.php\/fr\/mecanique\/"]}]},{"@type":"ImageObject","inLanguage":"it-IT","@id":"http:\/\/www.wmt.it\/index.php\/fr\/mecanique\/#primaryimage","url":"http:\/\/www.wmt.it\/wp-content\/uploads\/2019\/12\/MECCANICO-GRANDE-e1576658246872.jpg","contentUrl":"http:\/\/www.wmt.it\/wp-content\/uploads\/2019\/12\/MECCANICO-GRANDE-e1576658246872.jpg","width":1920,"height":600},{"@type":"BreadcrumbList","@id":"http:\/\/www.wmt.it\/index.php\/fr\/mecanique\/#breadcrumb","itemListElement":[{"@type":"ListItem","position":1,"name":"Home","item":"http:\/\/www.wmt.it\/index.php\/en\/wmt-home\/"},{"@type":"ListItem","position":2,"name":"M\u00e9canique"}]},{"@type":"WebSite","@id":"http:\/\/www.wmt.it\/#website","url":"http:\/\/www.wmt.it\/","name":"W.M.T. - Water and Mechanical Technology s.r.l.","description":"ENGINEERING AND FILTERING SYSTEM, PURE WITH PROFIT","publisher":{"@id":"http:\/\/www.wmt.it\/#organization"},"potentialAction":[{"@type":"SearchAction","target":{"@type":"EntryPoint","urlTemplate":"http:\/\/www.wmt.it\/?s={search_term_string}"},"query-input":{"@type":"PropertyValueSpecification","valueRequired":true,"valueName":"search_term_string"}}],"inLanguage":"it-IT"},{"@type":"Organization","@id":"http:\/\/www.wmt.it\/#organization","name":"W.M.T. - Water and Mechanical Technology s.r.l.","url":"http:\/\/www.wmt.it\/","logo":{"@type":"ImageObject","inLanguage":"it-IT","@id":"http:\/\/www.wmt.it\/#\/schema\/logo\/image\/","url":"http:\/\/www.wmt.it\/wp-content\/uploads\/2019\/12\/logo_wmt_blu_512x512.jpg","contentUrl":"http:\/\/www.wmt.it\/wp-content\/uploads\/2019\/12\/logo_wmt_blu_512x512.jpg","width":512,"height":512,"caption":"W.M.T. - Water and Mechanical Technology s.r.l."},"image":{"@id":"http:\/\/www.wmt.it\/#\/schema\/logo\/image\/"},"sameAs":["https:\/\/www.facebook.com\/pages\/WMT\/523330841079249?eid=ARBCva1bxbHrIwpLi2jUbikM5NzJrQOywcEqrkgUjYQ_m59R20SghP76Um2Ffw8jsoHFxRwr_28Y5a6v","https:\/\/www.google.com\/maps\/place\/W.M.T.+-+Water+and+Mechanical+Technology+s.r.l.\/@45.538948,9.1806583,17z\/data=!3m1!4b1!4m5!3m4!1s0x4786bf60c912a84b:0xfc12749d2f8ea14a!8m2!3d45.538948!4d9.182847","https:\/\/www.linkedin.com\/company\/2059941"]}]}},"_links":{"self":[{"href":"http:\/\/www.wmt.it\/index.php\/wp-json\/wp\/v2\/pages\/102","targetHints":{"allow":["GET"]}}],"collection":[{"href":"http:\/\/www.wmt.it\/index.php\/wp-json\/wp\/v2\/pages"}],"about":[{"href":"http:\/\/www.wmt.it\/index.php\/wp-json\/wp\/v2\/types\/page"}],"author":[{"embeddable":true,"href":"http:\/\/www.wmt.it\/index.php\/wp-json\/wp\/v2\/users\/1"}],"replies":[{"embeddable":true,"href":"http:\/\/www.wmt.it\/index.php\/wp-json\/wp\/v2\/comments?post=102"}],"version-history":[{"count":2,"href":"http:\/\/www.wmt.it\/index.php\/wp-json\/wp\/v2\/pages\/102\/revisions"}],"predecessor-version":[{"id":104,"href":"http:\/\/www.wmt.it\/index.php\/wp-json\/wp\/v2\/pages\/102\/revisions\/104"}],"wp:featuredmedia":[{"embeddable":true,"href":"http:\/\/www.wmt.it\/index.php\/wp-json\/wp\/v2\/media\/1709"}],"wp:attachment":[{"href":"http:\/\/www.wmt.it\/index.php\/wp-json\/wp\/v2\/media?parent=102"}],"curies":[{"name":"wp","href":"https:\/\/api.w.org\/{rel}","templated":true}]}}