{"id":122,"date":"2019-11-22T18:00:17","date_gmt":"2019-11-22T17:00:17","guid":{"rendered":"http:\/\/www2.wmt.it\/?page_id=122"},"modified":"2019-12-23T12:18:42","modified_gmt":"2019-12-23T11:18:42","slug":"industrie-petroliere","status":"publish","type":"page","link":"http:\/\/www.wmt.it\/index.php\/fr\/industrie-petroliere\/","title":{"rendered":"Industrie p\u00e9troli\u00e8re"},"content":{"rendered":"\n<p>Dans le domaine de filtration, W.M.T. a d\u00e9velopp\u00e9 pour ses clients une s\u00e9rie de filtres capables de r\u00e9soudre la probl\u00e9matique du filtrage en profondeur et du d\u00e9shuilage.<\/p>\n\n\n\n<p>Les applications ont ensuite \u00e9t\u00e9 \u00e9tendues \u00e0 diff\u00e9rents syst\u00e8mes et utilis\u00e9es pr\u00e8s de nos clients.<\/p>\n\n\n\n<p>Dans le domaine p\u00e9trolier, nous concevons et r\u00e9alisons par cons\u00e9quent:<\/p>\n\n\n\n<ul class=\"wp-block-list\"><li>Syst\u00e8mes d&#8217;injection d&#8217;eau pour la production de p\u00e9trole brut. <ul><li>Terrestres. <\/li><li>Marines, \u00e0 bord de plates-formes off-shore. <\/li><\/ul><\/li><li>Traitement des raffineries de p\u00e9trole par les eaux us\u00e9es. <ul><li>Pour le lavage des cuves.  <\/li><\/ul><\/li><li>Traitement des eaux de ballast des p\u00e9troliers. <\/li><li>S\u00e9parateurs biphasiques et triphasiques.<\/li><\/ul>\n","protected":false},"excerpt":{"rendered":"<p>Dans le domaine de filtration, W.M.T. a d\u00e9velopp\u00e9 pour ses clients une s\u00e9rie de filtres capables de r\u00e9soudre la probl\u00e9matique du filtrage en profondeur et du d\u00e9shuilage. Les applications ont ensuite \u00e9t\u00e9 \u00e9tendues \u00e0 diff\u00e9rents syst\u00e8mes et utilis\u00e9es pr\u00e8s de nos clients. Dans le domaine p\u00e9trolier, nous concevons et r\u00e9alisons par cons\u00e9quent: Syst\u00e8mes d&#8217;injection d&#8217;eau [&hellip;]<\/p>\n","protected":false},"author":1,"featured_media":1711,"parent":0,"menu_order":0,"comment_status":"closed","ping_status":"closed","template":"","meta":{"ngg_post_thumbnail":0,"footnotes":""},"class_list":["post-122","page","type-page","status-publish","has-post-thumbnail","hentry"],"yoast_head":"<!-- This site is optimized with the Yoast SEO plugin v27.3 - https:\/\/yoast.com\/product\/yoast-seo-wordpress\/ -->\n<title>Industrie p\u00e9troli\u00e8re &#8226; W.M.T. - Water and Mechanical Technology s.r.l.<\/title>\n<meta name=\"robots\" content=\"index, follow, max-snippet:-1, max-image-preview:large, max-video-preview:-1\" \/>\n<link rel=\"canonical\" href=\"http:\/\/www.wmt.it\/index.php\/fr\/industrie-petroliere\/\" \/>\n<meta property=\"og:locale\" content=\"it_IT\" \/>\n<meta property=\"og:type\" content=\"article\" \/>\n<meta property=\"og:title\" content=\"Industrie p\u00e9troli\u00e8re &#8226; W.M.T. - Water and Mechanical Technology s.r.l.\" \/>\n<meta property=\"og:description\" content=\"Dans le domaine de filtration, W.M.T. a d\u00e9velopp\u00e9 pour ses clients une s\u00e9rie de filtres capables de r\u00e9soudre la probl\u00e9matique du filtrage en profondeur et du d\u00e9shuilage. Les applications ont ensuite \u00e9t\u00e9 \u00e9tendues \u00e0 diff\u00e9rents syst\u00e8mes et utilis\u00e9es pr\u00e8s de nos clients. Dans le domaine p\u00e9trolier, nous concevons et r\u00e9alisons par cons\u00e9quent: Syst\u00e8mes d&#8217;injection d&#8217;eau [&hellip;]\" \/>\n<meta property=\"og:url\" content=\"http:\/\/www.wmt.it\/index.php\/fr\/industrie-petroliere\/\" \/>\n<meta property=\"og:site_name\" content=\"W.M.T. - Water and Mechanical Technology s.r.l.\" \/>\n<meta property=\"article:publisher\" content=\"https:\/\/www.facebook.com\/pages\/WMT\/523330841079249?eid=ARBCva1bxbHrIwpLi2jUbikM5NzJrQOywcEqrkgUjYQ_m59R20SghP76Um2Ffw8jsoHFxRwr_28Y5a6v\" \/>\n<meta property=\"article:modified_time\" content=\"2019-12-23T11:18:42+00:00\" \/>\n<meta property=\"og:image\" content=\"http:\/\/www.wmt.it\/wp-content\/uploads\/2019\/12\/PETROLIFERO-GRANDE-e1576658190342.jpg\" \/>\n\t<meta property=\"og:image:width\" content=\"1920\" \/>\n\t<meta property=\"og:image:height\" content=\"600\" \/>\n\t<meta property=\"og:image:type\" content=\"image\/jpeg\" \/>\n<meta name=\"twitter:card\" content=\"summary_large_image\" \/>\n<meta name=\"twitter:label1\" content=\"Tempo di lettura stimato\" \/>\n\t<meta name=\"twitter:data1\" content=\"1 minuto\" \/>\n<script type=\"application\/ld+json\" class=\"yoast-schema-graph\">{\"@context\":\"https:\\\/\\\/schema.org\",\"@graph\":[{\"@type\":\"WebPage\",\"@id\":\"http:\\\/\\\/www.wmt.it\\\/index.php\\\/fr\\\/industrie-petroliere\\\/\",\"url\":\"http:\\\/\\\/www.wmt.it\\\/index.php\\\/fr\\\/industrie-petroliere\\\/\",\"name\":\"Industrie p\u00e9troli\u00e8re &#8226; W.M.T. - Water and Mechanical Technology s.r.l.\",\"isPartOf\":{\"@id\":\"http:\\\/\\\/www.wmt.it\\\/#website\"},\"primaryImageOfPage\":{\"@id\":\"http:\\\/\\\/www.wmt.it\\\/index.php\\\/fr\\\/industrie-petroliere\\\/#primaryimage\"},\"image\":{\"@id\":\"http:\\\/\\\/www.wmt.it\\\/index.php\\\/fr\\\/industrie-petroliere\\\/#primaryimage\"},\"thumbnailUrl\":\"http:\\\/\\\/www.wmt.it\\\/wp-content\\\/uploads\\\/2019\\\/12\\\/PETROLIFERO-GRANDE-e1576658190342.jpg\",\"datePublished\":\"2019-11-22T17:00:17+00:00\",\"dateModified\":\"2019-12-23T11:18:42+00:00\",\"breadcrumb\":{\"@id\":\"http:\\\/\\\/www.wmt.it\\\/index.php\\\/fr\\\/industrie-petroliere\\\/#breadcrumb\"},\"inLanguage\":\"it-IT\",\"potentialAction\":[{\"@type\":\"ReadAction\",\"target\":[\"http:\\\/\\\/www.wmt.it\\\/index.php\\\/fr\\\/industrie-petroliere\\\/\"]}]},{\"@type\":\"ImageObject\",\"inLanguage\":\"it-IT\",\"@id\":\"http:\\\/\\\/www.wmt.it\\\/index.php\\\/fr\\\/industrie-petroliere\\\/#primaryimage\",\"url\":\"http:\\\/\\\/www.wmt.it\\\/wp-content\\\/uploads\\\/2019\\\/12\\\/PETROLIFERO-GRANDE-e1576658190342.jpg\",\"contentUrl\":\"http:\\\/\\\/www.wmt.it\\\/wp-content\\\/uploads\\\/2019\\\/12\\\/PETROLIFERO-GRANDE-e1576658190342.jpg\",\"width\":1920,\"height\":600},{\"@type\":\"BreadcrumbList\",\"@id\":\"http:\\\/\\\/www.wmt.it\\\/index.php\\\/fr\\\/industrie-petroliere\\\/#breadcrumb\",\"itemListElement\":[{\"@type\":\"ListItem\",\"position\":1,\"name\":\"Home\",\"item\":\"http:\\\/\\\/www.wmt.it\\\/index.php\\\/en\\\/wmt-home\\\/\"},{\"@type\":\"ListItem\",\"position\":2,\"name\":\"Industrie p\u00e9troli\u00e8re\"}]},{\"@type\":\"WebSite\",\"@id\":\"http:\\\/\\\/www.wmt.it\\\/#website\",\"url\":\"http:\\\/\\\/www.wmt.it\\\/\",\"name\":\"W.M.T. - Water and Mechanical Technology s.r.l.\",\"description\":\"ENGINEERING AND FILTERING SYSTEM, PURE WITH PROFIT\",\"publisher\":{\"@id\":\"http:\\\/\\\/www.wmt.it\\\/#organization\"},\"potentialAction\":[{\"@type\":\"SearchAction\",\"target\":{\"@type\":\"EntryPoint\",\"urlTemplate\":\"http:\\\/\\\/www.wmt.it\\\/?s={search_term_string}\"},\"query-input\":{\"@type\":\"PropertyValueSpecification\",\"valueRequired\":true,\"valueName\":\"search_term_string\"}}],\"inLanguage\":\"it-IT\"},{\"@type\":\"Organization\",\"@id\":\"http:\\\/\\\/www.wmt.it\\\/#organization\",\"name\":\"W.M.T. - Water and Mechanical Technology s.r.l.\",\"url\":\"http:\\\/\\\/www.wmt.it\\\/\",\"logo\":{\"@type\":\"ImageObject\",\"inLanguage\":\"it-IT\",\"@id\":\"http:\\\/\\\/www.wmt.it\\\/#\\\/schema\\\/logo\\\/image\\\/\",\"url\":\"http:\\\/\\\/www.wmt.it\\\/wp-content\\\/uploads\\\/2019\\\/12\\\/logo_wmt_blu_512x512.jpg\",\"contentUrl\":\"http:\\\/\\\/www.wmt.it\\\/wp-content\\\/uploads\\\/2019\\\/12\\\/logo_wmt_blu_512x512.jpg\",\"width\":512,\"height\":512,\"caption\":\"W.M.T. - Water and Mechanical Technology s.r.l.\"},\"image\":{\"@id\":\"http:\\\/\\\/www.wmt.it\\\/#\\\/schema\\\/logo\\\/image\\\/\"},\"sameAs\":[\"https:\\\/\\\/www.facebook.com\\\/pages\\\/WMT\\\/523330841079249?eid=ARBCva1bxbHrIwpLi2jUbikM5NzJrQOywcEqrkgUjYQ_m59R20SghP76Um2Ffw8jsoHFxRwr_28Y5a6v\",\"https:\\\/\\\/www.google.com\\\/maps\\\/place\\\/W.M.T.+-+Water+and+Mechanical+Technology+s.r.l.\\\/@45.538948,9.1806583,17z\\\/data=!3m1!4b1!4m5!3m4!1s0x4786bf60c912a84b:0xfc12749d2f8ea14a!8m2!3d45.538948!4d9.182847\",\"https:\\\/\\\/www.linkedin.com\\\/company\\\/2059941\"]}]}<\/script>\n<!-- \/ Yoast SEO plugin. -->","yoast_head_json":{"title":"Industrie p\u00e9troli\u00e8re &#8226; W.M.T. - Water and Mechanical Technology s.r.l.","robots":{"index":"index","follow":"follow","max-snippet":"max-snippet:-1","max-image-preview":"max-image-preview:large","max-video-preview":"max-video-preview:-1"},"canonical":"http:\/\/www.wmt.it\/index.php\/fr\/industrie-petroliere\/","og_locale":"it_IT","og_type":"article","og_title":"Industrie p\u00e9troli\u00e8re &#8226; W.M.T. - Water and Mechanical Technology s.r.l.","og_description":"Dans le domaine de filtration, W.M.T. a d\u00e9velopp\u00e9 pour ses clients une s\u00e9rie de filtres capables de r\u00e9soudre la probl\u00e9matique du filtrage en profondeur et du d\u00e9shuilage. Les applications ont ensuite \u00e9t\u00e9 \u00e9tendues \u00e0 diff\u00e9rents syst\u00e8mes et utilis\u00e9es pr\u00e8s de nos clients. Dans le domaine p\u00e9trolier, nous concevons et r\u00e9alisons par cons\u00e9quent: Syst\u00e8mes d&#8217;injection d&#8217;eau [&hellip;]","og_url":"http:\/\/www.wmt.it\/index.php\/fr\/industrie-petroliere\/","og_site_name":"W.M.T. - Water and Mechanical Technology s.r.l.","article_publisher":"https:\/\/www.facebook.com\/pages\/WMT\/523330841079249?eid=ARBCva1bxbHrIwpLi2jUbikM5NzJrQOywcEqrkgUjYQ_m59R20SghP76Um2Ffw8jsoHFxRwr_28Y5a6v","article_modified_time":"2019-12-23T11:18:42+00:00","og_image":[{"width":1920,"height":600,"url":"http:\/\/www.wmt.it\/wp-content\/uploads\/2019\/12\/PETROLIFERO-GRANDE-e1576658190342.jpg","type":"image\/jpeg"}],"twitter_card":"summary_large_image","twitter_misc":{"Tempo di lettura stimato":"1 minuto"},"schema":{"@context":"https:\/\/schema.org","@graph":[{"@type":"WebPage","@id":"http:\/\/www.wmt.it\/index.php\/fr\/industrie-petroliere\/","url":"http:\/\/www.wmt.it\/index.php\/fr\/industrie-petroliere\/","name":"Industrie p\u00e9troli\u00e8re &#8226; W.M.T. - Water and Mechanical Technology s.r.l.","isPartOf":{"@id":"http:\/\/www.wmt.it\/#website"},"primaryImageOfPage":{"@id":"http:\/\/www.wmt.it\/index.php\/fr\/industrie-petroliere\/#primaryimage"},"image":{"@id":"http:\/\/www.wmt.it\/index.php\/fr\/industrie-petroliere\/#primaryimage"},"thumbnailUrl":"http:\/\/www.wmt.it\/wp-content\/uploads\/2019\/12\/PETROLIFERO-GRANDE-e1576658190342.jpg","datePublished":"2019-11-22T17:00:17+00:00","dateModified":"2019-12-23T11:18:42+00:00","breadcrumb":{"@id":"http:\/\/www.wmt.it\/index.php\/fr\/industrie-petroliere\/#breadcrumb"},"inLanguage":"it-IT","potentialAction":[{"@type":"ReadAction","target":["http:\/\/www.wmt.it\/index.php\/fr\/industrie-petroliere\/"]}]},{"@type":"ImageObject","inLanguage":"it-IT","@id":"http:\/\/www.wmt.it\/index.php\/fr\/industrie-petroliere\/#primaryimage","url":"http:\/\/www.wmt.it\/wp-content\/uploads\/2019\/12\/PETROLIFERO-GRANDE-e1576658190342.jpg","contentUrl":"http:\/\/www.wmt.it\/wp-content\/uploads\/2019\/12\/PETROLIFERO-GRANDE-e1576658190342.jpg","width":1920,"height":600},{"@type":"BreadcrumbList","@id":"http:\/\/www.wmt.it\/index.php\/fr\/industrie-petroliere\/#breadcrumb","itemListElement":[{"@type":"ListItem","position":1,"name":"Home","item":"http:\/\/www.wmt.it\/index.php\/en\/wmt-home\/"},{"@type":"ListItem","position":2,"name":"Industrie p\u00e9troli\u00e8re"}]},{"@type":"WebSite","@id":"http:\/\/www.wmt.it\/#website","url":"http:\/\/www.wmt.it\/","name":"W.M.T. - Water and Mechanical Technology s.r.l.","description":"ENGINEERING AND FILTERING SYSTEM, PURE WITH PROFIT","publisher":{"@id":"http:\/\/www.wmt.it\/#organization"},"potentialAction":[{"@type":"SearchAction","target":{"@type":"EntryPoint","urlTemplate":"http:\/\/www.wmt.it\/?s={search_term_string}"},"query-input":{"@type":"PropertyValueSpecification","valueRequired":true,"valueName":"search_term_string"}}],"inLanguage":"it-IT"},{"@type":"Organization","@id":"http:\/\/www.wmt.it\/#organization","name":"W.M.T. - Water and Mechanical Technology s.r.l.","url":"http:\/\/www.wmt.it\/","logo":{"@type":"ImageObject","inLanguage":"it-IT","@id":"http:\/\/www.wmt.it\/#\/schema\/logo\/image\/","url":"http:\/\/www.wmt.it\/wp-content\/uploads\/2019\/12\/logo_wmt_blu_512x512.jpg","contentUrl":"http:\/\/www.wmt.it\/wp-content\/uploads\/2019\/12\/logo_wmt_blu_512x512.jpg","width":512,"height":512,"caption":"W.M.T. - Water and Mechanical Technology s.r.l."},"image":{"@id":"http:\/\/www.wmt.it\/#\/schema\/logo\/image\/"},"sameAs":["https:\/\/www.facebook.com\/pages\/WMT\/523330841079249?eid=ARBCva1bxbHrIwpLi2jUbikM5NzJrQOywcEqrkgUjYQ_m59R20SghP76Um2Ffw8jsoHFxRwr_28Y5a6v","https:\/\/www.google.com\/maps\/place\/W.M.T.+-+Water+and+Mechanical+Technology+s.r.l.\/@45.538948,9.1806583,17z\/data=!3m1!4b1!4m5!3m4!1s0x4786bf60c912a84b:0xfc12749d2f8ea14a!8m2!3d45.538948!4d9.182847","https:\/\/www.linkedin.com\/company\/2059941"]}]}},"_links":{"self":[{"href":"http:\/\/www.wmt.it\/index.php\/wp-json\/wp\/v2\/pages\/122","targetHints":{"allow":["GET"]}}],"collection":[{"href":"http:\/\/www.wmt.it\/index.php\/wp-json\/wp\/v2\/pages"}],"about":[{"href":"http:\/\/www.wmt.it\/index.php\/wp-json\/wp\/v2\/types\/page"}],"author":[{"embeddable":true,"href":"http:\/\/www.wmt.it\/index.php\/wp-json\/wp\/v2\/users\/1"}],"replies":[{"embeddable":true,"href":"http:\/\/www.wmt.it\/index.php\/wp-json\/wp\/v2\/comments?post=122"}],"version-history":[{"count":1,"href":"http:\/\/www.wmt.it\/index.php\/wp-json\/wp\/v2\/pages\/122\/revisions"}],"predecessor-version":[{"id":123,"href":"http:\/\/www.wmt.it\/index.php\/wp-json\/wp\/v2\/pages\/122\/revisions\/123"}],"wp:featuredmedia":[{"embeddable":true,"href":"http:\/\/www.wmt.it\/index.php\/wp-json\/wp\/v2\/media\/1711"}],"wp:attachment":[{"href":"http:\/\/www.wmt.it\/index.php\/wp-json\/wp\/v2\/media?parent=122"}],"curies":[{"name":"wp","href":"https:\/\/api.w.org\/{rel}","templated":true}]}}