{"id":1332,"date":"2019-12-10T10:35:18","date_gmt":"2019-12-10T09:35:18","guid":{"rendered":"http:\/\/www2.wmt.it\/?page_id=1332"},"modified":"2020-02-10T11:16:14","modified_gmt":"2020-02-10T10:16:14","slug":"pre-coat-3","status":"publish","type":"page","link":"http:\/\/www.wmt.it\/index.php\/fr\/pre-coat-3\/","title":{"rendered":"Pre-Coat"},"content":{"rendered":"\n<p><strong>Filtre de pr\u00e9-rev\u00eatement Pre-Coat<\/strong><\/p>\n\n\n\n<p><\/p>\n\n\n\n<p>Filtre de pression Pre-Coat<\/p>\n\n\n\n<ul class=\"wp-block-list\"><li>Plage de d\u00e9bit entre 600 et 7 000 l \/ min<\/li><li>Degr\u00e9 de filtrage selon la classe 00 \u00f7 3 de notre tableau ST-1584<\/li><li>Convient pour filtrer une huile pure stable avec une viscosit\u00e9 diff\u00e9rente<\/li><\/ul>\n\n\n\n<p> Le W.M.T. Le filtre de Pre-Coat est principalement un r\u00e9cipient sous pression cod\u00e9 contenant une multitude de tubes perfor\u00e9s recouverts de treillis. <\/p>\n\n\n\n<p>Les tubes sont des septums sur lesquels la poudre de terre de diatom\u00e9es est d\u00e9pos\u00e9e en une couche mince formant un g\u00e2teau de filtre qui permet l&#8217;\u00e9limination des particules de contaminants solides aussi petites que 0,5 \u00b5m.<\/p>\n\n\n\n<p>Le filtre de Pre-Coat est enti\u00e8rement automatique et fonctionnera sur des liquides de viscosit\u00e9 faible \u00e0 \u00e9lev\u00e9e de temp\u00e9ratures variables. Le filtre est disponible sous forme d&#8217;unit\u00e9 compl\u00e8te ou peut \u00eatre incorpor\u00e9 dans un syst\u00e8me de recirculation centralis\u00e9 con\u00e7u pour toutes les exigences de d\u00e9bit. Le filtre utilise un chargeur de lisier et un filtre de r\u00e9cup\u00e9ration secondaire \u00e0 vide liquide pour concentrer et \u00e9liminer la pr\u00e9-couche de poussi\u00e8re sale apr\u00e8s chaque cycle de filtration.<\/p>\n\n\n\n<p> <br>Des farines fossiles ou des mat\u00e9riaux poreux similaires recouvrent les bougies filtrantes en effectuant une filtration submicronique. <\/p>\n\n\n\n<p> <br>Ce lit filtrant tridimensionnel peut \u00eatre maintenu doux et poreux avec une action d&#8217;body-feed . <\/p>\n\n\n\n<p> <br>Les filtres  Liquid-Vacuum ou Flat-Bed  sont utilis\u00e9s pour le filtrage secondaire en fonction du degr\u00e9 d&#8217;humidit\u00e9 requis dans les farines fossiles us\u00e9es. <\/p>\n\n\n\n<p> <br>Les composants de base d&#8217;un syst\u00e8me de pr\u00e9-rev\u00eatement sont sch\u00e9matis\u00e9s sur le c\u00f4t\u00e9. Le syst\u00e8me se compose principalement du r\u00e9servoir de filtre Pre Coat, d&#8217;un r\u00e9servoir de m\u00e9lange, d&#8217;un filtre secondaire \u00e0  Liquid-Vacuum et d&#8217;un r\u00e9servoir principal. <\/p>\n\n\n\n<p> <br>Les applications typiques de ce produit sont utilis\u00e9es dans: <\/p>\n\n\n\n<ul class=\"wp-block-list\"><li> Syst\u00e8mes de traitement m\u00e9canique (un syst\u00e8me typique utilise un r\u00e9servoir de convoyeur comme r\u00e9servoir principal); <\/li><li>Syst\u00e8mes de laminoir (ce syst\u00e8me typique, install\u00e9 sur un laminoir \u00e0 quatre cages); <\/li><li>Syst\u00e8mes pour les salles d&#8217;essais d&#8217;huile chaude (le r\u00e9servoir de propret\u00e9 et de salet\u00e9 est g\u00e9n\u00e9ralement plac\u00e9 sous le sol avec les filtres sur le sol de l&#8217;atelier).<\/li><\/ul>\n\n\n\n<table style=\"width: 100%;\" cellspacing=\"0\" border=\"0\">\n<tbody>\n<tr><\/tr>\n<tr>\n<td style=\"width: 10%;\" align=\"center\"><\/td>\n<td style=\"width: 35%;\" align=\"center\"><div class=\"wp-block-button\"><a class=\"wp-block-button__link has-background has-vivid-cyan-blue-background-color\" href=\"http:\/\/www.wmt.it\/index.php\/pre-coat-foto\/\" target=\"_blank\" rel=\"noopener noreferrer\">Galerie d\u2019images<\/a><\/div><\/td>\n<td style=\"width: 10%;\" align=\"center\"><\/td>\n<td style=\"width: 35%;\" align=\"center\"><div class=\"wp-block-button\"><a class=\"wp-block-button__link has-background has-vivid-cyan-blue-background-color\" href=\"http:\/\/www.wmt.it\/wp-content\/uploads\/2020\/01\/07-English-Pre-Coat.pdf\" target=\"_blank\" rel=\"noopener noreferrer\">Voir la brochure [EN]<\/a><\/div><\/td>\n<td style=\"width: 10%;\" align=\"center\"><\/td>\n<\/tr>\n<\/tbody>\n<\/table>\n","protected":false},"excerpt":{"rendered":"<p>Filtre de pr\u00e9-rev\u00eatement Pre-Coat Filtre de pression Pre-Coat Plage de d\u00e9bit entre 600 et 7 000 l \/ min Degr\u00e9 de filtrage selon la classe 00 \u00f7 3 de notre tableau ST-1584 Convient pour filtrer une huile pure stable avec une viscosit\u00e9 diff\u00e9rente Le W.M.T. Le filtre de Pre-Coat est principalement un r\u00e9cipient sous pression [&hellip;]<\/p>\n","protected":false},"author":3,"featured_media":1754,"parent":0,"menu_order":0,"comment_status":"closed","ping_status":"closed","template":"","meta":{"ngg_post_thumbnail":0,"footnotes":""},"class_list":["post-1332","page","type-page","status-publish","has-post-thumbnail","hentry"],"yoast_head":"<!-- This site is optimized with the Yoast SEO plugin v27.3 - https:\/\/yoast.com\/product\/yoast-seo-wordpress\/ -->\n<title>Pre-Coat &#8226; W.M.T. - Water and Mechanical Technology s.r.l.<\/title>\n<meta name=\"description\" content=\"Le filtre Pre Coat de W.M.T. est un r\u00e9servoir sous pression contenant un nombre variable de tubes filtrants capables de filtrer les particules jusqu&#039;\u00e0 0,5 \u03bcm.\" \/>\n<meta name=\"robots\" content=\"index, follow, max-snippet:-1, max-image-preview:large, max-video-preview:-1\" \/>\n<link rel=\"canonical\" href=\"http:\/\/www.wmt.it\/index.php\/fr\/pre-coat-3\/\" \/>\n<meta property=\"og:locale\" content=\"it_IT\" \/>\n<meta property=\"og:type\" content=\"article\" \/>\n<meta property=\"og:title\" content=\"Pre-Coat &#8226; W.M.T. - Water and Mechanical Technology s.r.l.\" \/>\n<meta property=\"og:description\" content=\"Le filtre Pre Coat de W.M.T. est un r\u00e9servoir sous pression contenant un nombre variable de tubes filtrants capables de filtrer les particules jusqu&#039;\u00e0 0,5 \u03bcm.\" \/>\n<meta property=\"og:url\" content=\"http:\/\/www.wmt.it\/index.php\/fr\/pre-coat-3\/\" \/>\n<meta property=\"og:site_name\" content=\"W.M.T. - Water and Mechanical Technology s.r.l.\" \/>\n<meta property=\"article:publisher\" content=\"https:\/\/www.facebook.com\/pages\/WMT\/523330841079249?eid=ARBCva1bxbHrIwpLi2jUbikM5NzJrQOywcEqrkgUjYQ_m59R20SghP76Um2Ffw8jsoHFxRwr_28Y5a6v\" \/>\n<meta property=\"article:modified_time\" content=\"2020-02-10T10:16:14+00:00\" \/>\n<meta property=\"og:image\" content=\"http:\/\/www.wmt.it\/wp-content\/uploads\/2019\/12\/pre-coat-1-e1576745672479.jpg\" \/>\n\t<meta property=\"og:image:width\" content=\"1620\" \/>\n\t<meta property=\"og:image:height\" content=\"502\" \/>\n\t<meta property=\"og:image:type\" content=\"image\/jpeg\" \/>\n<meta name=\"twitter:card\" content=\"summary_large_image\" \/>\n<meta name=\"twitter:label1\" content=\"Tempo di lettura stimato\" \/>\n\t<meta name=\"twitter:data1\" content=\"2 minuti\" \/>\n<script type=\"application\/ld+json\" class=\"yoast-schema-graph\">{\"@context\":\"https:\\\/\\\/schema.org\",\"@graph\":[{\"@type\":\"WebPage\",\"@id\":\"http:\\\/\\\/www.wmt.it\\\/index.php\\\/fr\\\/pre-coat-3\\\/\",\"url\":\"http:\\\/\\\/www.wmt.it\\\/index.php\\\/fr\\\/pre-coat-3\\\/\",\"name\":\"Pre-Coat &#8226; W.M.T. - Water and Mechanical Technology s.r.l.\",\"isPartOf\":{\"@id\":\"http:\\\/\\\/www.wmt.it\\\/#website\"},\"primaryImageOfPage\":{\"@id\":\"http:\\\/\\\/www.wmt.it\\\/index.php\\\/fr\\\/pre-coat-3\\\/#primaryimage\"},\"image\":{\"@id\":\"http:\\\/\\\/www.wmt.it\\\/index.php\\\/fr\\\/pre-coat-3\\\/#primaryimage\"},\"thumbnailUrl\":\"http:\\\/\\\/www.wmt.it\\\/wp-content\\\/uploads\\\/2019\\\/12\\\/pre-coat-1-e1576745672479.jpg\",\"datePublished\":\"2019-12-10T09:35:18+00:00\",\"dateModified\":\"2020-02-10T10:16:14+00:00\",\"description\":\"Le filtre Pre Coat de W.M.T. est un r\u00e9servoir sous pression contenant un nombre variable de tubes filtrants capables de filtrer les particules jusqu'\u00e0 0,5 \u03bcm.\",\"breadcrumb\":{\"@id\":\"http:\\\/\\\/www.wmt.it\\\/index.php\\\/fr\\\/pre-coat-3\\\/#breadcrumb\"},\"inLanguage\":\"it-IT\",\"potentialAction\":[{\"@type\":\"ReadAction\",\"target\":[\"http:\\\/\\\/www.wmt.it\\\/index.php\\\/fr\\\/pre-coat-3\\\/\"]}]},{\"@type\":\"ImageObject\",\"inLanguage\":\"it-IT\",\"@id\":\"http:\\\/\\\/www.wmt.it\\\/index.php\\\/fr\\\/pre-coat-3\\\/#primaryimage\",\"url\":\"http:\\\/\\\/www.wmt.it\\\/wp-content\\\/uploads\\\/2019\\\/12\\\/pre-coat-1-e1576745672479.jpg\",\"contentUrl\":\"http:\\\/\\\/www.wmt.it\\\/wp-content\\\/uploads\\\/2019\\\/12\\\/pre-coat-1-e1576745672479.jpg\",\"width\":1620,\"height\":502},{\"@type\":\"BreadcrumbList\",\"@id\":\"http:\\\/\\\/www.wmt.it\\\/index.php\\\/fr\\\/pre-coat-3\\\/#breadcrumb\",\"itemListElement\":[{\"@type\":\"ListItem\",\"position\":1,\"name\":\"Home\",\"item\":\"http:\\\/\\\/www.wmt.it\\\/index.php\\\/en\\\/wmt-home\\\/\"},{\"@type\":\"ListItem\",\"position\":2,\"name\":\"Pre-Coat\"}]},{\"@type\":\"WebSite\",\"@id\":\"http:\\\/\\\/www.wmt.it\\\/#website\",\"url\":\"http:\\\/\\\/www.wmt.it\\\/\",\"name\":\"W.M.T. - Water and Mechanical Technology s.r.l.\",\"description\":\"ENGINEERING AND FILTERING SYSTEM, PURE WITH PROFIT\",\"publisher\":{\"@id\":\"http:\\\/\\\/www.wmt.it\\\/#organization\"},\"potentialAction\":[{\"@type\":\"SearchAction\",\"target\":{\"@type\":\"EntryPoint\",\"urlTemplate\":\"http:\\\/\\\/www.wmt.it\\\/?s={search_term_string}\"},\"query-input\":{\"@type\":\"PropertyValueSpecification\",\"valueRequired\":true,\"valueName\":\"search_term_string\"}}],\"inLanguage\":\"it-IT\"},{\"@type\":\"Organization\",\"@id\":\"http:\\\/\\\/www.wmt.it\\\/#organization\",\"name\":\"W.M.T. - Water and Mechanical Technology s.r.l.\",\"url\":\"http:\\\/\\\/www.wmt.it\\\/\",\"logo\":{\"@type\":\"ImageObject\",\"inLanguage\":\"it-IT\",\"@id\":\"http:\\\/\\\/www.wmt.it\\\/#\\\/schema\\\/logo\\\/image\\\/\",\"url\":\"http:\\\/\\\/www.wmt.it\\\/wp-content\\\/uploads\\\/2019\\\/12\\\/logo_wmt_blu_512x512.jpg\",\"contentUrl\":\"http:\\\/\\\/www.wmt.it\\\/wp-content\\\/uploads\\\/2019\\\/12\\\/logo_wmt_blu_512x512.jpg\",\"width\":512,\"height\":512,\"caption\":\"W.M.T. - Water and Mechanical Technology s.r.l.\"},\"image\":{\"@id\":\"http:\\\/\\\/www.wmt.it\\\/#\\\/schema\\\/logo\\\/image\\\/\"},\"sameAs\":[\"https:\\\/\\\/www.facebook.com\\\/pages\\\/WMT\\\/523330841079249?eid=ARBCva1bxbHrIwpLi2jUbikM5NzJrQOywcEqrkgUjYQ_m59R20SghP76Um2Ffw8jsoHFxRwr_28Y5a6v\",\"https:\\\/\\\/www.google.com\\\/maps\\\/place\\\/W.M.T.+-+Water+and+Mechanical+Technology+s.r.l.\\\/@45.538948,9.1806583,17z\\\/data=!3m1!4b1!4m5!3m4!1s0x4786bf60c912a84b:0xfc12749d2f8ea14a!8m2!3d45.538948!4d9.182847\",\"https:\\\/\\\/www.linkedin.com\\\/company\\\/2059941\"]}]}<\/script>\n<!-- \/ Yoast SEO plugin. -->","yoast_head_json":{"title":"Pre-Coat &#8226; W.M.T. - Water and Mechanical Technology s.r.l.","description":"Le filtre Pre Coat de W.M.T. est un r\u00e9servoir sous pression contenant un nombre variable de tubes filtrants capables de filtrer les particules jusqu'\u00e0 0,5 \u03bcm.","robots":{"index":"index","follow":"follow","max-snippet":"max-snippet:-1","max-image-preview":"max-image-preview:large","max-video-preview":"max-video-preview:-1"},"canonical":"http:\/\/www.wmt.it\/index.php\/fr\/pre-coat-3\/","og_locale":"it_IT","og_type":"article","og_title":"Pre-Coat &#8226; W.M.T. - Water and Mechanical Technology s.r.l.","og_description":"Le filtre Pre Coat de W.M.T. est un r\u00e9servoir sous pression contenant un nombre variable de tubes filtrants capables de filtrer les particules jusqu'\u00e0 0,5 \u03bcm.","og_url":"http:\/\/www.wmt.it\/index.php\/fr\/pre-coat-3\/","og_site_name":"W.M.T. - Water and Mechanical Technology s.r.l.","article_publisher":"https:\/\/www.facebook.com\/pages\/WMT\/523330841079249?eid=ARBCva1bxbHrIwpLi2jUbikM5NzJrQOywcEqrkgUjYQ_m59R20SghP76Um2Ffw8jsoHFxRwr_28Y5a6v","article_modified_time":"2020-02-10T10:16:14+00:00","og_image":[{"width":1620,"height":502,"url":"http:\/\/www.wmt.it\/wp-content\/uploads\/2019\/12\/pre-coat-1-e1576745672479.jpg","type":"image\/jpeg"}],"twitter_card":"summary_large_image","twitter_misc":{"Tempo di lettura stimato":"2 minuti"},"schema":{"@context":"https:\/\/schema.org","@graph":[{"@type":"WebPage","@id":"http:\/\/www.wmt.it\/index.php\/fr\/pre-coat-3\/","url":"http:\/\/www.wmt.it\/index.php\/fr\/pre-coat-3\/","name":"Pre-Coat &#8226; W.M.T. - Water and Mechanical Technology s.r.l.","isPartOf":{"@id":"http:\/\/www.wmt.it\/#website"},"primaryImageOfPage":{"@id":"http:\/\/www.wmt.it\/index.php\/fr\/pre-coat-3\/#primaryimage"},"image":{"@id":"http:\/\/www.wmt.it\/index.php\/fr\/pre-coat-3\/#primaryimage"},"thumbnailUrl":"http:\/\/www.wmt.it\/wp-content\/uploads\/2019\/12\/pre-coat-1-e1576745672479.jpg","datePublished":"2019-12-10T09:35:18+00:00","dateModified":"2020-02-10T10:16:14+00:00","description":"Le filtre Pre Coat de W.M.T. est un r\u00e9servoir sous pression contenant un nombre variable de tubes filtrants capables de filtrer les particules jusqu'\u00e0 0,5 \u03bcm.","breadcrumb":{"@id":"http:\/\/www.wmt.it\/index.php\/fr\/pre-coat-3\/#breadcrumb"},"inLanguage":"it-IT","potentialAction":[{"@type":"ReadAction","target":["http:\/\/www.wmt.it\/index.php\/fr\/pre-coat-3\/"]}]},{"@type":"ImageObject","inLanguage":"it-IT","@id":"http:\/\/www.wmt.it\/index.php\/fr\/pre-coat-3\/#primaryimage","url":"http:\/\/www.wmt.it\/wp-content\/uploads\/2019\/12\/pre-coat-1-e1576745672479.jpg","contentUrl":"http:\/\/www.wmt.it\/wp-content\/uploads\/2019\/12\/pre-coat-1-e1576745672479.jpg","width":1620,"height":502},{"@type":"BreadcrumbList","@id":"http:\/\/www.wmt.it\/index.php\/fr\/pre-coat-3\/#breadcrumb","itemListElement":[{"@type":"ListItem","position":1,"name":"Home","item":"http:\/\/www.wmt.it\/index.php\/en\/wmt-home\/"},{"@type":"ListItem","position":2,"name":"Pre-Coat"}]},{"@type":"WebSite","@id":"http:\/\/www.wmt.it\/#website","url":"http:\/\/www.wmt.it\/","name":"W.M.T. - Water and Mechanical Technology s.r.l.","description":"ENGINEERING AND FILTERING SYSTEM, PURE WITH PROFIT","publisher":{"@id":"http:\/\/www.wmt.it\/#organization"},"potentialAction":[{"@type":"SearchAction","target":{"@type":"EntryPoint","urlTemplate":"http:\/\/www.wmt.it\/?s={search_term_string}"},"query-input":{"@type":"PropertyValueSpecification","valueRequired":true,"valueName":"search_term_string"}}],"inLanguage":"it-IT"},{"@type":"Organization","@id":"http:\/\/www.wmt.it\/#organization","name":"W.M.T. - Water and Mechanical Technology s.r.l.","url":"http:\/\/www.wmt.it\/","logo":{"@type":"ImageObject","inLanguage":"it-IT","@id":"http:\/\/www.wmt.it\/#\/schema\/logo\/image\/","url":"http:\/\/www.wmt.it\/wp-content\/uploads\/2019\/12\/logo_wmt_blu_512x512.jpg","contentUrl":"http:\/\/www.wmt.it\/wp-content\/uploads\/2019\/12\/logo_wmt_blu_512x512.jpg","width":512,"height":512,"caption":"W.M.T. - Water and Mechanical Technology s.r.l."},"image":{"@id":"http:\/\/www.wmt.it\/#\/schema\/logo\/image\/"},"sameAs":["https:\/\/www.facebook.com\/pages\/WMT\/523330841079249?eid=ARBCva1bxbHrIwpLi2jUbikM5NzJrQOywcEqrkgUjYQ_m59R20SghP76Um2Ffw8jsoHFxRwr_28Y5a6v","https:\/\/www.google.com\/maps\/place\/W.M.T.+-+Water+and+Mechanical+Technology+s.r.l.\/@45.538948,9.1806583,17z\/data=!3m1!4b1!4m5!3m4!1s0x4786bf60c912a84b:0xfc12749d2f8ea14a!8m2!3d45.538948!4d9.182847","https:\/\/www.linkedin.com\/company\/2059941"]}]}},"_links":{"self":[{"href":"http:\/\/www.wmt.it\/index.php\/wp-json\/wp\/v2\/pages\/1332","targetHints":{"allow":["GET"]}}],"collection":[{"href":"http:\/\/www.wmt.it\/index.php\/wp-json\/wp\/v2\/pages"}],"about":[{"href":"http:\/\/www.wmt.it\/index.php\/wp-json\/wp\/v2\/types\/page"}],"author":[{"embeddable":true,"href":"http:\/\/www.wmt.it\/index.php\/wp-json\/wp\/v2\/users\/3"}],"replies":[{"embeddable":true,"href":"http:\/\/www.wmt.it\/index.php\/wp-json\/wp\/v2\/comments?post=1332"}],"version-history":[{"count":3,"href":"http:\/\/www.wmt.it\/index.php\/wp-json\/wp\/v2\/pages\/1332\/revisions"}],"predecessor-version":[{"id":2831,"href":"http:\/\/www.wmt.it\/index.php\/wp-json\/wp\/v2\/pages\/1332\/revisions\/2831"}],"wp:featuredmedia":[{"embeddable":true,"href":"http:\/\/www.wmt.it\/index.php\/wp-json\/wp\/v2\/media\/1754"}],"wp:attachment":[{"href":"http:\/\/www.wmt.it\/index.php\/wp-json\/wp\/v2\/media?parent=1332"}],"curies":[{"name":"wp","href":"https:\/\/api.w.org\/{rel}","templated":true}]}}