{"id":1342,"date":"2019-12-10T10:53:42","date_gmt":"2019-12-10T09:53:42","guid":{"rendered":"http:\/\/www2.wmt.it\/?page_id=1342"},"modified":"2020-02-13T11:17:16","modified_gmt":"2020-02-13T10:17:16","slug":"filtres-a-regime-capillaire","status":"publish","type":"page","link":"http:\/\/www.wmt.it\/index.php\/fr\/filtres-a-regime-capillaire\/","title":{"rendered":"Filtres \u00e0 r\u00e9gime capillaire"},"content":{"rendered":"\n<p><strong>Filtres \u00e0 r\u00e9gime capillaire<\/strong><\/p>\n\n\n\n<p>M\u00e9dia filtrant \u00e0 r\u00e9gime capillaire utilisable pour la filtration sous pression ou sous vide sous forme de panneau ou de cartouche, qui peut \u00eatre install\u00e9 dans diverses applications telles que: filtres \u00e0 vide liquide, cartouches d&#8217;aspiration immerg\u00e9es dans des r\u00e9servoirs de tirage, paniers ins\u00e9r\u00e9s dans des r\u00e9servoirs mont\u00e9s sur des tuyaux de refoulement , cartouches ins\u00e9r\u00e9es sur des plaques de fixation dans des filtres \u00e0 r\u00e9trolavage total ou sectoriel.<\/p>\n\n\n\n<p>Ce sont tous des m\u00e9dias filtrants de type permanent, ils diff\u00e8rent par leur degr\u00e9 de filtrage et leur utilisation pr\u00e9vue.<\/p>\n\n\n\n<p> MP \u2013 MULTIPLATE PANEL <\/p>\n\n\n\n<p>Panneau filtrant multicouche constitu\u00e9 d&#8217;une s\u00e9rie de mailles m\u00e9talliques press\u00e9es, fritt\u00e9es et fritt\u00e9es se chevauchant, capables d&#8217;offrir des degr\u00e9s de filtrage de l&#8217;ordre de 1 \u00f7 5 \u03bcm.<\/p>\n\n\n\n<p>R\u00e9g\u00e9n\u00e9rable par lavage \u00e0 contre-courant avec des pressions de 250 \u00f7 300 bar ou avec des lavages par ultrasons.<\/p>\n\n\n\n<p>Convient pour filtrer les liquides monophas\u00e9s avec diff\u00e9rents degr\u00e9s de viscosit\u00e9.<\/p>\n\n\n\n<p> SP \u2013 SANDWICH PANEL <\/p>\n\n\n\n<p>Panneau filtrant constitu\u00e9 d&#8217;un sandwich de mat\u00e9riaux compos\u00e9s de: mat\u00e9riaux d&#8217;usure et de glissement; mat\u00e9riau poreux compos\u00e9 de fibres m\u00e9talliques, animales, v\u00e9g\u00e9tales ou synth\u00e9tiques press\u00e9es, press\u00e9es et fritt\u00e9es; structure de confinement.<\/p>\n\n\n\n<p>R\u00e9g\u00e9n\u00e9rable par lavage \u00e0 contre-courant avec des pressions de 250 \u00f7 300 bar ou par d\u00e9montage et remplacement du mat\u00e9riau filtrant poreux.<\/p>\n\n\n\n<p>Convient pour filtrer des liquides monophas\u00e9s avec diff\u00e9rents degr\u00e9s de viscosit\u00e9, des \u00e9mulsions stables.<\/p>\n\n\n\n<p> CP \u2013 CHIPS PANEL <\/p>\n\n\n\n<p>Panneau filtrant constitu\u00e9 d&#8217;un sandwich de mat\u00e9riaux compos\u00e9s de: mat\u00e9riaux d&#8217;usure et de glissement; mat\u00e9riau poreux compos\u00e9 de copeaux m\u00e9talliques, v\u00e9g\u00e9taux ou synth\u00e9tiques press\u00e9s, press\u00e9s et fritt\u00e9s; structure de confinement.<\/p>\n\n\n\n<p>R\u00e9g\u00e9n\u00e9rable par lavage \u00e0 contre-courant avec des pressions de 250 \u00f7 300 bar ou par d\u00e9montage et remplacement du mat\u00e9riau filtrant poreux.<\/p>\n\n\n\n<p>Convient pour filtrer des liquides monophas\u00e9s avec diff\u00e9rents degr\u00e9s de viscosit\u00e9, des \u00e9mulsions stables.<\/p>\n\n\n\n<p> SI \u2013 SPHERICAL INSERT PANEL <\/p>\n\n\n\n<p>Panneau filtrant constitu\u00e9 d&#8217;un sandwich de mat\u00e9riaux compos\u00e9s de: mat\u00e9riaux d&#8217;usure et de glissement; mat\u00e9riau poreux compos\u00e9 de granul\u00e9s m\u00e9talliques, v\u00e9g\u00e9taux ou synth\u00e9tiques press\u00e9s, press\u00e9s et fritt\u00e9s; structure de confinement.<\/p>\n\n\n\n<p>R\u00e9g\u00e9n\u00e9rable par lavage \u00e0 contre-courant avec des pressions de 250 \u00f7 300 bar ou par d\u00e9montage et remplacement du mat\u00e9riau filtrant poreux.<\/p>\n\n\n\n<p>Convient pour filtrer des liquides monophas\u00e9s avec diff\u00e9rents degr\u00e9s de viscosit\u00e9, des \u00e9mulsions stables.<\/p>\n\n\n\n<p> HT \u2013 HIGHT TEMPERATURE PANEL <\/p>\n\n\n\n<p>Panneau filtrant compos\u00e9 d&#8217;une s\u00e9rie de mailles m\u00e9talliques en titane avec des inserts en c\u00e9ramique fritt\u00e9e press\u00e9e, fritt\u00e9e et capable de proposer des degr\u00e9s de filtrage de 1 \u00f7 5 \u03bcm.<\/p>\n\n\n\n<p>R\u00e9g\u00e9n\u00e9rable par lavage \u00e0 contre-courant avec des pressions de 250 \u00f7 300 bar ou avec des lavages par ultrasons.<\/p>\n\n\n\n<p>Convient pour filtrer les solides ou les liquides monophas\u00e9s avec des degr\u00e9s de viscosit\u00e9 \u00e9lev\u00e9s rendus fluides par l&#8217;augmentation de la temp\u00e9rature.<\/p>\n","protected":false},"excerpt":{"rendered":"<p>Filtres \u00e0 r\u00e9gime capillaire M\u00e9dia filtrant \u00e0 r\u00e9gime capillaire utilisable pour la filtration sous pression ou sous vide sous forme de panneau ou de cartouche, qui peut \u00eatre install\u00e9 dans diverses applications telles que: filtres \u00e0 vide liquide, cartouches d&#8217;aspiration immerg\u00e9es dans des r\u00e9servoirs de tirage, paniers ins\u00e9r\u00e9s dans des r\u00e9servoirs mont\u00e9s sur des tuyaux [&hellip;]<\/p>\n","protected":false},"author":3,"featured_media":1821,"parent":0,"menu_order":0,"comment_status":"closed","ping_status":"closed","template":"","meta":{"ngg_post_thumbnail":0,"footnotes":""},"class_list":["post-1342","page","type-page","status-publish","has-post-thumbnail","hentry"],"yoast_head":"<!-- This site is optimized with the Yoast SEO plugin v27.3 - https:\/\/yoast.com\/product\/yoast-seo-wordpress\/ -->\n<title>Filtres \u00e0 r\u00e9gime capillaire &#8226; W.M.T. - Water and Mechanical Technology s.r.l.<\/title>\n<meta name=\"description\" content=\"Filtres \u00e0 r\u00e9gime capillaire pouvant \u00eatre utilis\u00e9s pour la filtration sous pression ou sous vide qui peuvent \u00eatre install\u00e9s dans diverses applications.\" \/>\n<meta name=\"robots\" content=\"index, follow, max-snippet:-1, max-image-preview:large, max-video-preview:-1\" \/>\n<link rel=\"canonical\" href=\"http:\/\/www.wmt.it\/index.php\/fr\/filtres-a-regime-capillaire\/\" \/>\n<meta property=\"og:locale\" content=\"it_IT\" \/>\n<meta property=\"og:type\" content=\"article\" \/>\n<meta property=\"og:title\" content=\"Filtres \u00e0 r\u00e9gime capillaire &#8226; W.M.T. - Water and Mechanical Technology s.r.l.\" \/>\n<meta property=\"og:description\" content=\"Filtres \u00e0 r\u00e9gime capillaire pouvant \u00eatre utilis\u00e9s pour la filtration sous pression ou sous vide qui peuvent \u00eatre install\u00e9s dans diverses applications.\" \/>\n<meta property=\"og:url\" content=\"http:\/\/www.wmt.it\/index.php\/fr\/filtres-a-regime-capillaire\/\" \/>\n<meta property=\"og:site_name\" content=\"W.M.T. - Water and Mechanical Technology s.r.l.\" \/>\n<meta property=\"article:publisher\" content=\"https:\/\/www.facebook.com\/pages\/WMT\/523330841079249?eid=ARBCva1bxbHrIwpLi2jUbikM5NzJrQOywcEqrkgUjYQ_m59R20SghP76Um2Ffw8jsoHFxRwr_28Y5a6v\" \/>\n<meta property=\"article:modified_time\" content=\"2020-02-13T10:17:16+00:00\" \/>\n<meta property=\"og:image\" content=\"http:\/\/www.wmt.it\/wp-content\/uploads\/2019\/12\/pannello-ww-scaled-e1576836284101.jpg\" \/>\n\t<meta property=\"og:image:width\" content=\"1920\" \/>\n\t<meta property=\"og:image:height\" content=\"601\" \/>\n\t<meta property=\"og:image:type\" content=\"image\/jpeg\" \/>\n<meta name=\"twitter:card\" content=\"summary_large_image\" \/>\n<meta name=\"twitter:label1\" content=\"Tempo di lettura stimato\" \/>\n\t<meta name=\"twitter:data1\" content=\"3 minuti\" \/>\n<script type=\"application\/ld+json\" class=\"yoast-schema-graph\">{\"@context\":\"https:\\\/\\\/schema.org\",\"@graph\":[{\"@type\":\"WebPage\",\"@id\":\"http:\\\/\\\/www.wmt.it\\\/index.php\\\/fr\\\/filtres-a-regime-capillaire\\\/\",\"url\":\"http:\\\/\\\/www.wmt.it\\\/index.php\\\/fr\\\/filtres-a-regime-capillaire\\\/\",\"name\":\"Filtres \u00e0 r\u00e9gime capillaire &#8226; W.M.T. - Water and Mechanical Technology s.r.l.\",\"isPartOf\":{\"@id\":\"http:\\\/\\\/www.wmt.it\\\/#website\"},\"primaryImageOfPage\":{\"@id\":\"http:\\\/\\\/www.wmt.it\\\/index.php\\\/fr\\\/filtres-a-regime-capillaire\\\/#primaryimage\"},\"image\":{\"@id\":\"http:\\\/\\\/www.wmt.it\\\/index.php\\\/fr\\\/filtres-a-regime-capillaire\\\/#primaryimage\"},\"thumbnailUrl\":\"http:\\\/\\\/www.wmt.it\\\/wp-content\\\/uploads\\\/2019\\\/12\\\/pannello-ww-scaled-e1576836284101.jpg\",\"datePublished\":\"2019-12-10T09:53:42+00:00\",\"dateModified\":\"2020-02-13T10:17:16+00:00\",\"description\":\"Filtres \u00e0 r\u00e9gime capillaire pouvant \u00eatre utilis\u00e9s pour la filtration sous pression ou sous vide qui peuvent \u00eatre install\u00e9s dans diverses applications.\",\"breadcrumb\":{\"@id\":\"http:\\\/\\\/www.wmt.it\\\/index.php\\\/fr\\\/filtres-a-regime-capillaire\\\/#breadcrumb\"},\"inLanguage\":\"it-IT\",\"potentialAction\":[{\"@type\":\"ReadAction\",\"target\":[\"http:\\\/\\\/www.wmt.it\\\/index.php\\\/fr\\\/filtres-a-regime-capillaire\\\/\"]}]},{\"@type\":\"ImageObject\",\"inLanguage\":\"it-IT\",\"@id\":\"http:\\\/\\\/www.wmt.it\\\/index.php\\\/fr\\\/filtres-a-regime-capillaire\\\/#primaryimage\",\"url\":\"http:\\\/\\\/www.wmt.it\\\/wp-content\\\/uploads\\\/2019\\\/12\\\/pannello-ww-scaled-e1576836284101.jpg\",\"contentUrl\":\"http:\\\/\\\/www.wmt.it\\\/wp-content\\\/uploads\\\/2019\\\/12\\\/pannello-ww-scaled-e1576836284101.jpg\",\"width\":1920,\"height\":601},{\"@type\":\"BreadcrumbList\",\"@id\":\"http:\\\/\\\/www.wmt.it\\\/index.php\\\/fr\\\/filtres-a-regime-capillaire\\\/#breadcrumb\",\"itemListElement\":[{\"@type\":\"ListItem\",\"position\":1,\"name\":\"Home\",\"item\":\"http:\\\/\\\/www.wmt.it\\\/index.php\\\/en\\\/wmt-home\\\/\"},{\"@type\":\"ListItem\",\"position\":2,\"name\":\"Filtres \u00e0 r\u00e9gime capillaire\"}]},{\"@type\":\"WebSite\",\"@id\":\"http:\\\/\\\/www.wmt.it\\\/#website\",\"url\":\"http:\\\/\\\/www.wmt.it\\\/\",\"name\":\"W.M.T. - Water and Mechanical Technology s.r.l.\",\"description\":\"ENGINEERING AND FILTERING SYSTEM, PURE WITH PROFIT\",\"publisher\":{\"@id\":\"http:\\\/\\\/www.wmt.it\\\/#organization\"},\"potentialAction\":[{\"@type\":\"SearchAction\",\"target\":{\"@type\":\"EntryPoint\",\"urlTemplate\":\"http:\\\/\\\/www.wmt.it\\\/?s={search_term_string}\"},\"query-input\":{\"@type\":\"PropertyValueSpecification\",\"valueRequired\":true,\"valueName\":\"search_term_string\"}}],\"inLanguage\":\"it-IT\"},{\"@type\":\"Organization\",\"@id\":\"http:\\\/\\\/www.wmt.it\\\/#organization\",\"name\":\"W.M.T. - Water and Mechanical Technology s.r.l.\",\"url\":\"http:\\\/\\\/www.wmt.it\\\/\",\"logo\":{\"@type\":\"ImageObject\",\"inLanguage\":\"it-IT\",\"@id\":\"http:\\\/\\\/www.wmt.it\\\/#\\\/schema\\\/logo\\\/image\\\/\",\"url\":\"http:\\\/\\\/www.wmt.it\\\/wp-content\\\/uploads\\\/2019\\\/12\\\/logo_wmt_blu_512x512.jpg\",\"contentUrl\":\"http:\\\/\\\/www.wmt.it\\\/wp-content\\\/uploads\\\/2019\\\/12\\\/logo_wmt_blu_512x512.jpg\",\"width\":512,\"height\":512,\"caption\":\"W.M.T. - Water and Mechanical Technology s.r.l.\"},\"image\":{\"@id\":\"http:\\\/\\\/www.wmt.it\\\/#\\\/schema\\\/logo\\\/image\\\/\"},\"sameAs\":[\"https:\\\/\\\/www.facebook.com\\\/pages\\\/WMT\\\/523330841079249?eid=ARBCva1bxbHrIwpLi2jUbikM5NzJrQOywcEqrkgUjYQ_m59R20SghP76Um2Ffw8jsoHFxRwr_28Y5a6v\",\"https:\\\/\\\/www.google.com\\\/maps\\\/place\\\/W.M.T.+-+Water+and+Mechanical+Technology+s.r.l.\\\/@45.538948,9.1806583,17z\\\/data=!3m1!4b1!4m5!3m4!1s0x4786bf60c912a84b:0xfc12749d2f8ea14a!8m2!3d45.538948!4d9.182847\",\"https:\\\/\\\/www.linkedin.com\\\/company\\\/2059941\"]}]}<\/script>\n<!-- \/ Yoast SEO plugin. -->","yoast_head_json":{"title":"Filtres \u00e0 r\u00e9gime capillaire &#8226; W.M.T. - Water and Mechanical Technology s.r.l.","description":"Filtres \u00e0 r\u00e9gime capillaire pouvant \u00eatre utilis\u00e9s pour la filtration sous pression ou sous vide qui peuvent \u00eatre install\u00e9s dans diverses applications.","robots":{"index":"index","follow":"follow","max-snippet":"max-snippet:-1","max-image-preview":"max-image-preview:large","max-video-preview":"max-video-preview:-1"},"canonical":"http:\/\/www.wmt.it\/index.php\/fr\/filtres-a-regime-capillaire\/","og_locale":"it_IT","og_type":"article","og_title":"Filtres \u00e0 r\u00e9gime capillaire &#8226; W.M.T. - Water and Mechanical Technology s.r.l.","og_description":"Filtres \u00e0 r\u00e9gime capillaire pouvant \u00eatre utilis\u00e9s pour la filtration sous pression ou sous vide qui peuvent \u00eatre install\u00e9s dans diverses applications.","og_url":"http:\/\/www.wmt.it\/index.php\/fr\/filtres-a-regime-capillaire\/","og_site_name":"W.M.T. - Water and Mechanical Technology s.r.l.","article_publisher":"https:\/\/www.facebook.com\/pages\/WMT\/523330841079249?eid=ARBCva1bxbHrIwpLi2jUbikM5NzJrQOywcEqrkgUjYQ_m59R20SghP76Um2Ffw8jsoHFxRwr_28Y5a6v","article_modified_time":"2020-02-13T10:17:16+00:00","og_image":[{"width":1920,"height":601,"url":"http:\/\/www.wmt.it\/wp-content\/uploads\/2019\/12\/pannello-ww-scaled-e1576836284101.jpg","type":"image\/jpeg"}],"twitter_card":"summary_large_image","twitter_misc":{"Tempo di lettura stimato":"3 minuti"},"schema":{"@context":"https:\/\/schema.org","@graph":[{"@type":"WebPage","@id":"http:\/\/www.wmt.it\/index.php\/fr\/filtres-a-regime-capillaire\/","url":"http:\/\/www.wmt.it\/index.php\/fr\/filtres-a-regime-capillaire\/","name":"Filtres \u00e0 r\u00e9gime capillaire &#8226; W.M.T. - Water and Mechanical Technology s.r.l.","isPartOf":{"@id":"http:\/\/www.wmt.it\/#website"},"primaryImageOfPage":{"@id":"http:\/\/www.wmt.it\/index.php\/fr\/filtres-a-regime-capillaire\/#primaryimage"},"image":{"@id":"http:\/\/www.wmt.it\/index.php\/fr\/filtres-a-regime-capillaire\/#primaryimage"},"thumbnailUrl":"http:\/\/www.wmt.it\/wp-content\/uploads\/2019\/12\/pannello-ww-scaled-e1576836284101.jpg","datePublished":"2019-12-10T09:53:42+00:00","dateModified":"2020-02-13T10:17:16+00:00","description":"Filtres \u00e0 r\u00e9gime capillaire pouvant \u00eatre utilis\u00e9s pour la filtration sous pression ou sous vide qui peuvent \u00eatre install\u00e9s dans diverses applications.","breadcrumb":{"@id":"http:\/\/www.wmt.it\/index.php\/fr\/filtres-a-regime-capillaire\/#breadcrumb"},"inLanguage":"it-IT","potentialAction":[{"@type":"ReadAction","target":["http:\/\/www.wmt.it\/index.php\/fr\/filtres-a-regime-capillaire\/"]}]},{"@type":"ImageObject","inLanguage":"it-IT","@id":"http:\/\/www.wmt.it\/index.php\/fr\/filtres-a-regime-capillaire\/#primaryimage","url":"http:\/\/www.wmt.it\/wp-content\/uploads\/2019\/12\/pannello-ww-scaled-e1576836284101.jpg","contentUrl":"http:\/\/www.wmt.it\/wp-content\/uploads\/2019\/12\/pannello-ww-scaled-e1576836284101.jpg","width":1920,"height":601},{"@type":"BreadcrumbList","@id":"http:\/\/www.wmt.it\/index.php\/fr\/filtres-a-regime-capillaire\/#breadcrumb","itemListElement":[{"@type":"ListItem","position":1,"name":"Home","item":"http:\/\/www.wmt.it\/index.php\/en\/wmt-home\/"},{"@type":"ListItem","position":2,"name":"Filtres \u00e0 r\u00e9gime capillaire"}]},{"@type":"WebSite","@id":"http:\/\/www.wmt.it\/#website","url":"http:\/\/www.wmt.it\/","name":"W.M.T. - Water and Mechanical Technology s.r.l.","description":"ENGINEERING AND FILTERING SYSTEM, PURE WITH PROFIT","publisher":{"@id":"http:\/\/www.wmt.it\/#organization"},"potentialAction":[{"@type":"SearchAction","target":{"@type":"EntryPoint","urlTemplate":"http:\/\/www.wmt.it\/?s={search_term_string}"},"query-input":{"@type":"PropertyValueSpecification","valueRequired":true,"valueName":"search_term_string"}}],"inLanguage":"it-IT"},{"@type":"Organization","@id":"http:\/\/www.wmt.it\/#organization","name":"W.M.T. - Water and Mechanical Technology s.r.l.","url":"http:\/\/www.wmt.it\/","logo":{"@type":"ImageObject","inLanguage":"it-IT","@id":"http:\/\/www.wmt.it\/#\/schema\/logo\/image\/","url":"http:\/\/www.wmt.it\/wp-content\/uploads\/2019\/12\/logo_wmt_blu_512x512.jpg","contentUrl":"http:\/\/www.wmt.it\/wp-content\/uploads\/2019\/12\/logo_wmt_blu_512x512.jpg","width":512,"height":512,"caption":"W.M.T. - Water and Mechanical Technology s.r.l."},"image":{"@id":"http:\/\/www.wmt.it\/#\/schema\/logo\/image\/"},"sameAs":["https:\/\/www.facebook.com\/pages\/WMT\/523330841079249?eid=ARBCva1bxbHrIwpLi2jUbikM5NzJrQOywcEqrkgUjYQ_m59R20SghP76Um2Ffw8jsoHFxRwr_28Y5a6v","https:\/\/www.google.com\/maps\/place\/W.M.T.+-+Water+and+Mechanical+Technology+s.r.l.\/@45.538948,9.1806583,17z\/data=!3m1!4b1!4m5!3m4!1s0x4786bf60c912a84b:0xfc12749d2f8ea14a!8m2!3d45.538948!4d9.182847","https:\/\/www.linkedin.com\/company\/2059941"]}]}},"_links":{"self":[{"href":"http:\/\/www.wmt.it\/index.php\/wp-json\/wp\/v2\/pages\/1342","targetHints":{"allow":["GET"]}}],"collection":[{"href":"http:\/\/www.wmt.it\/index.php\/wp-json\/wp\/v2\/pages"}],"about":[{"href":"http:\/\/www.wmt.it\/index.php\/wp-json\/wp\/v2\/types\/page"}],"author":[{"embeddable":true,"href":"http:\/\/www.wmt.it\/index.php\/wp-json\/wp\/v2\/users\/3"}],"replies":[{"embeddable":true,"href":"http:\/\/www.wmt.it\/index.php\/wp-json\/wp\/v2\/comments?post=1342"}],"version-history":[{"count":1,"href":"http:\/\/www.wmt.it\/index.php\/wp-json\/wp\/v2\/pages\/1342\/revisions"}],"predecessor-version":[{"id":1343,"href":"http:\/\/www.wmt.it\/index.php\/wp-json\/wp\/v2\/pages\/1342\/revisions\/1343"}],"wp:featuredmedia":[{"embeddable":true,"href":"http:\/\/www.wmt.it\/index.php\/wp-json\/wp\/v2\/media\/1821"}],"wp:attachment":[{"href":"http:\/\/www.wmt.it\/index.php\/wp-json\/wp\/v2\/media?parent=1342"}],"curies":[{"name":"wp","href":"https:\/\/api.w.org\/{rel}","templated":true}]}}