{"id":1344,"date":"2019-12-10T10:56:10","date_gmt":"2019-12-10T09:56:10","guid":{"rendered":"http:\/\/www2.wmt.it\/?page_id=1344"},"modified":"2019-12-23T15:42:53","modified_gmt":"2019-12-23T14:42:53","slug":"filtres-a-lit-profond","status":"publish","type":"page","link":"http:\/\/www.wmt.it\/index.php\/fr\/filtres-a-lit-profond\/","title":{"rendered":"Filtres \u00e0 lit profond"},"content":{"rendered":"\n<p><strong>Filtres \u00e0 lit profond<\/strong><\/p>\n\n\n\n<p>Dans les filtres \u00e0 lit profond, le m\u00e9dia filtrant est compos\u00e9 d&#8217;un granulat poreux de dimensions appropri\u00e9es contenu dans un r\u00e9servoir sous pression.<\/p>\n\n\n\n<p>Le liquide est introduit dans la partie sup\u00e9rieure du r\u00e9servoir et est uniform\u00e9ment r\u00e9parti sur toute la section de passage \u00e0 travers un diffuseur sp\u00e9cial qui, en traversant la masse granulaire formant le lit filtrant, lib\u00e8re les particules polluantes retenues par la masse granulaire et est finalement collect\u00e9, une face purifi\u00e9, par des dispositifs de collecte sp\u00e9ciaux.<\/p>\n\n\n\n<p>Nos filtres pour lit profond diff\u00e8rent par:<\/p>\n\n\n\n<ul class=\"wp-block-list\"><li>type de m\u00e9dia filtrant, qui peut \u00eatre:<ul><li> sable<\/li><li> granul\u00e9s de l\u00e9gumes<\/li><li> granules de plastique<\/li><\/ul><\/li><li> syst\u00e8me de lavage \u00e0 contre-courant du m\u00e9dia filtrant, qui peut \u00eatre:<ul><li> dilatation du lit filtrant, o\u00f9 tout le volume de m\u00e9dia filtrant est dilat\u00e9 par agitation \u00e0 contre-courant et la masse enti\u00e8re du lit filtrant reste \u00e0 l&#8217;int\u00e9rieur du r\u00e9servoir constituant le filtre; dans ce cas les particules polluantes sont partiellement expuls\u00e9es par le filtre,<\/li><li> en passant \u00e0 travers un \u00e9purateur hydro-cyclonique, o\u00f9 tout le volume du m\u00e9dia filtrant est agit\u00e9 et pomp\u00e9 dans l&#8217;\u00e9purateur hydro-cyclone permettant le nettoyage complet des granules formant le milieu filtrant par les effets du battement et de la force centrifuge; dans ce cas, les particules polluantes sont compl\u00e8tement expuls\u00e9es du filtre.<\/li><\/ul><\/li><\/ul>\n\n\n\n<p><br> et sont repr\u00e9sent\u00e9s par les deux mod\u00e8les:<\/p>\n\n\n\n<ul class=\"wp-block-list\"><li><a href=\"http:\/\/www.wmt.it\/index.php\/fr\/filtre-a-sable\/\">Filtre \u00e0 sable<\/a><\/li><li><a href=\"http:\/\/www.wmt.it\/index.php\/fr\/deep-bed-3\/\">Filtre Deep-Bed<\/a><\/li><\/ul>\n","protected":false},"excerpt":{"rendered":"<p>Filtres \u00e0 lit profond Dans les filtres \u00e0 lit profond, le m\u00e9dia filtrant est compos\u00e9 d&#8217;un granulat poreux de dimensions appropri\u00e9es contenu dans un r\u00e9servoir sous pression. Le liquide est introduit dans la partie sup\u00e9rieure du r\u00e9servoir et est uniform\u00e9ment r\u00e9parti sur toute la section de passage \u00e0 travers un diffuseur sp\u00e9cial qui, en traversant [&hellip;]<\/p>\n","protected":false},"author":3,"featured_media":1758,"parent":0,"menu_order":0,"comment_status":"closed","ping_status":"closed","template":"","meta":{"ngg_post_thumbnail":0,"footnotes":""},"class_list":["post-1344","page","type-page","status-publish","has-post-thumbnail","hentry"],"yoast_head":"<!-- This site is optimized with the Yoast SEO plugin v27.3 - https:\/\/yoast.com\/product\/yoast-seo-wordpress\/ -->\n<title>Filtres \u00e0 lit profond &#8226; W.M.T. - Water and Mechanical Technology s.r.l.<\/title>\n<meta name=\"robots\" content=\"index, follow, max-snippet:-1, max-image-preview:large, max-video-preview:-1\" \/>\n<link rel=\"canonical\" href=\"http:\/\/www.wmt.it\/index.php\/fr\/filtres-a-lit-profond\/\" \/>\n<meta property=\"og:locale\" content=\"it_IT\" \/>\n<meta property=\"og:type\" content=\"article\" \/>\n<meta property=\"og:title\" content=\"Filtres \u00e0 lit profond &#8226; W.M.T. - Water and Mechanical Technology s.r.l.\" \/>\n<meta property=\"og:description\" content=\"Filtres \u00e0 lit profond Dans les filtres \u00e0 lit profond, le m\u00e9dia filtrant est compos\u00e9 d&#8217;un granulat poreux de dimensions appropri\u00e9es contenu dans un r\u00e9servoir sous pression. Le liquide est introduit dans la partie sup\u00e9rieure du r\u00e9servoir et est uniform\u00e9ment r\u00e9parti sur toute la section de passage \u00e0 travers un diffuseur sp\u00e9cial qui, en traversant [&hellip;]\" \/>\n<meta property=\"og:url\" content=\"http:\/\/www.wmt.it\/index.php\/fr\/filtres-a-lit-profond\/\" \/>\n<meta property=\"og:site_name\" content=\"W.M.T. - Water and Mechanical Technology s.r.l.\" \/>\n<meta property=\"article:publisher\" content=\"https:\/\/www.facebook.com\/pages\/WMT\/523330841079249?eid=ARBCva1bxbHrIwpLi2jUbikM5NzJrQOywcEqrkgUjYQ_m59R20SghP76Um2Ffw8jsoHFxRwr_28Y5a6v\" \/>\n<meta property=\"article:modified_time\" content=\"2019-12-23T14:42:53+00:00\" \/>\n<meta property=\"og:image\" content=\"http:\/\/www.wmt.it\/wp-content\/uploads\/2019\/12\/water-nature-snow-winter-droplet-drop-984984-pxhere.com_-e1576747001641.jpg\" \/>\n\t<meta property=\"og:image:width\" content=\"1630\" \/>\n\t<meta property=\"og:image:height\" content=\"509\" \/>\n\t<meta property=\"og:image:type\" content=\"image\/jpeg\" \/>\n<meta name=\"twitter:card\" content=\"summary_large_image\" \/>\n<meta name=\"twitter:label1\" content=\"Tempo di lettura stimato\" \/>\n\t<meta name=\"twitter:data1\" content=\"1 minuto\" \/>\n<script type=\"application\/ld+json\" class=\"yoast-schema-graph\">{\"@context\":\"https:\\\/\\\/schema.org\",\"@graph\":[{\"@type\":\"WebPage\",\"@id\":\"http:\\\/\\\/www.wmt.it\\\/index.php\\\/fr\\\/filtres-a-lit-profond\\\/\",\"url\":\"http:\\\/\\\/www.wmt.it\\\/index.php\\\/fr\\\/filtres-a-lit-profond\\\/\",\"name\":\"Filtres \u00e0 lit profond &#8226; W.M.T. - Water and Mechanical Technology s.r.l.\",\"isPartOf\":{\"@id\":\"http:\\\/\\\/www.wmt.it\\\/#website\"},\"primaryImageOfPage\":{\"@id\":\"http:\\\/\\\/www.wmt.it\\\/index.php\\\/fr\\\/filtres-a-lit-profond\\\/#primaryimage\"},\"image\":{\"@id\":\"http:\\\/\\\/www.wmt.it\\\/index.php\\\/fr\\\/filtres-a-lit-profond\\\/#primaryimage\"},\"thumbnailUrl\":\"http:\\\/\\\/www.wmt.it\\\/wp-content\\\/uploads\\\/2019\\\/12\\\/water-nature-snow-winter-droplet-drop-984984-pxhere.com_-e1576747001641.jpg\",\"datePublished\":\"2019-12-10T09:56:10+00:00\",\"dateModified\":\"2019-12-23T14:42:53+00:00\",\"breadcrumb\":{\"@id\":\"http:\\\/\\\/www.wmt.it\\\/index.php\\\/fr\\\/filtres-a-lit-profond\\\/#breadcrumb\"},\"inLanguage\":\"it-IT\",\"potentialAction\":[{\"@type\":\"ReadAction\",\"target\":[\"http:\\\/\\\/www.wmt.it\\\/index.php\\\/fr\\\/filtres-a-lit-profond\\\/\"]}]},{\"@type\":\"ImageObject\",\"inLanguage\":\"it-IT\",\"@id\":\"http:\\\/\\\/www.wmt.it\\\/index.php\\\/fr\\\/filtres-a-lit-profond\\\/#primaryimage\",\"url\":\"http:\\\/\\\/www.wmt.it\\\/wp-content\\\/uploads\\\/2019\\\/12\\\/water-nature-snow-winter-droplet-drop-984984-pxhere.com_-e1576747001641.jpg\",\"contentUrl\":\"http:\\\/\\\/www.wmt.it\\\/wp-content\\\/uploads\\\/2019\\\/12\\\/water-nature-snow-winter-droplet-drop-984984-pxhere.com_-e1576747001641.jpg\",\"width\":1630,\"height\":509,\"caption\":\"w.m.t. - water and mechanical technology\"},{\"@type\":\"BreadcrumbList\",\"@id\":\"http:\\\/\\\/www.wmt.it\\\/index.php\\\/fr\\\/filtres-a-lit-profond\\\/#breadcrumb\",\"itemListElement\":[{\"@type\":\"ListItem\",\"position\":1,\"name\":\"Home\",\"item\":\"http:\\\/\\\/www.wmt.it\\\/index.php\\\/en\\\/wmt-home\\\/\"},{\"@type\":\"ListItem\",\"position\":2,\"name\":\"Filtres \u00e0 lit profond\"}]},{\"@type\":\"WebSite\",\"@id\":\"http:\\\/\\\/www.wmt.it\\\/#website\",\"url\":\"http:\\\/\\\/www.wmt.it\\\/\",\"name\":\"W.M.T. - Water and Mechanical Technology s.r.l.\",\"description\":\"ENGINEERING AND FILTERING SYSTEM, PURE WITH PROFIT\",\"publisher\":{\"@id\":\"http:\\\/\\\/www.wmt.it\\\/#organization\"},\"potentialAction\":[{\"@type\":\"SearchAction\",\"target\":{\"@type\":\"EntryPoint\",\"urlTemplate\":\"http:\\\/\\\/www.wmt.it\\\/?s={search_term_string}\"},\"query-input\":{\"@type\":\"PropertyValueSpecification\",\"valueRequired\":true,\"valueName\":\"search_term_string\"}}],\"inLanguage\":\"it-IT\"},{\"@type\":\"Organization\",\"@id\":\"http:\\\/\\\/www.wmt.it\\\/#organization\",\"name\":\"W.M.T. - Water and Mechanical Technology s.r.l.\",\"url\":\"http:\\\/\\\/www.wmt.it\\\/\",\"logo\":{\"@type\":\"ImageObject\",\"inLanguage\":\"it-IT\",\"@id\":\"http:\\\/\\\/www.wmt.it\\\/#\\\/schema\\\/logo\\\/image\\\/\",\"url\":\"http:\\\/\\\/www.wmt.it\\\/wp-content\\\/uploads\\\/2019\\\/12\\\/logo_wmt_blu_512x512.jpg\",\"contentUrl\":\"http:\\\/\\\/www.wmt.it\\\/wp-content\\\/uploads\\\/2019\\\/12\\\/logo_wmt_blu_512x512.jpg\",\"width\":512,\"height\":512,\"caption\":\"W.M.T. - Water and Mechanical Technology s.r.l.\"},\"image\":{\"@id\":\"http:\\\/\\\/www.wmt.it\\\/#\\\/schema\\\/logo\\\/image\\\/\"},\"sameAs\":[\"https:\\\/\\\/www.facebook.com\\\/pages\\\/WMT\\\/523330841079249?eid=ARBCva1bxbHrIwpLi2jUbikM5NzJrQOywcEqrkgUjYQ_m59R20SghP76Um2Ffw8jsoHFxRwr_28Y5a6v\",\"https:\\\/\\\/www.google.com\\\/maps\\\/place\\\/W.M.T.+-+Water+and+Mechanical+Technology+s.r.l.\\\/@45.538948,9.1806583,17z\\\/data=!3m1!4b1!4m5!3m4!1s0x4786bf60c912a84b:0xfc12749d2f8ea14a!8m2!3d45.538948!4d9.182847\",\"https:\\\/\\\/www.linkedin.com\\\/company\\\/2059941\"]}]}<\/script>\n<!-- \/ Yoast SEO plugin. -->","yoast_head_json":{"title":"Filtres \u00e0 lit profond &#8226; W.M.T. - Water and Mechanical Technology s.r.l.","robots":{"index":"index","follow":"follow","max-snippet":"max-snippet:-1","max-image-preview":"max-image-preview:large","max-video-preview":"max-video-preview:-1"},"canonical":"http:\/\/www.wmt.it\/index.php\/fr\/filtres-a-lit-profond\/","og_locale":"it_IT","og_type":"article","og_title":"Filtres \u00e0 lit profond &#8226; W.M.T. - Water and Mechanical Technology s.r.l.","og_description":"Filtres \u00e0 lit profond Dans les filtres \u00e0 lit profond, le m\u00e9dia filtrant est compos\u00e9 d&#8217;un granulat poreux de dimensions appropri\u00e9es contenu dans un r\u00e9servoir sous pression. Le liquide est introduit dans la partie sup\u00e9rieure du r\u00e9servoir et est uniform\u00e9ment r\u00e9parti sur toute la section de passage \u00e0 travers un diffuseur sp\u00e9cial qui, en traversant [&hellip;]","og_url":"http:\/\/www.wmt.it\/index.php\/fr\/filtres-a-lit-profond\/","og_site_name":"W.M.T. - Water and Mechanical Technology s.r.l.","article_publisher":"https:\/\/www.facebook.com\/pages\/WMT\/523330841079249?eid=ARBCva1bxbHrIwpLi2jUbikM5NzJrQOywcEqrkgUjYQ_m59R20SghP76Um2Ffw8jsoHFxRwr_28Y5a6v","article_modified_time":"2019-12-23T14:42:53+00:00","og_image":[{"width":1630,"height":509,"url":"http:\/\/www.wmt.it\/wp-content\/uploads\/2019\/12\/water-nature-snow-winter-droplet-drop-984984-pxhere.com_-e1576747001641.jpg","type":"image\/jpeg"}],"twitter_card":"summary_large_image","twitter_misc":{"Tempo di lettura stimato":"1 minuto"},"schema":{"@context":"https:\/\/schema.org","@graph":[{"@type":"WebPage","@id":"http:\/\/www.wmt.it\/index.php\/fr\/filtres-a-lit-profond\/","url":"http:\/\/www.wmt.it\/index.php\/fr\/filtres-a-lit-profond\/","name":"Filtres \u00e0 lit profond &#8226; W.M.T. - Water and Mechanical Technology s.r.l.","isPartOf":{"@id":"http:\/\/www.wmt.it\/#website"},"primaryImageOfPage":{"@id":"http:\/\/www.wmt.it\/index.php\/fr\/filtres-a-lit-profond\/#primaryimage"},"image":{"@id":"http:\/\/www.wmt.it\/index.php\/fr\/filtres-a-lit-profond\/#primaryimage"},"thumbnailUrl":"http:\/\/www.wmt.it\/wp-content\/uploads\/2019\/12\/water-nature-snow-winter-droplet-drop-984984-pxhere.com_-e1576747001641.jpg","datePublished":"2019-12-10T09:56:10+00:00","dateModified":"2019-12-23T14:42:53+00:00","breadcrumb":{"@id":"http:\/\/www.wmt.it\/index.php\/fr\/filtres-a-lit-profond\/#breadcrumb"},"inLanguage":"it-IT","potentialAction":[{"@type":"ReadAction","target":["http:\/\/www.wmt.it\/index.php\/fr\/filtres-a-lit-profond\/"]}]},{"@type":"ImageObject","inLanguage":"it-IT","@id":"http:\/\/www.wmt.it\/index.php\/fr\/filtres-a-lit-profond\/#primaryimage","url":"http:\/\/www.wmt.it\/wp-content\/uploads\/2019\/12\/water-nature-snow-winter-droplet-drop-984984-pxhere.com_-e1576747001641.jpg","contentUrl":"http:\/\/www.wmt.it\/wp-content\/uploads\/2019\/12\/water-nature-snow-winter-droplet-drop-984984-pxhere.com_-e1576747001641.jpg","width":1630,"height":509,"caption":"w.m.t. - water and mechanical technology"},{"@type":"BreadcrumbList","@id":"http:\/\/www.wmt.it\/index.php\/fr\/filtres-a-lit-profond\/#breadcrumb","itemListElement":[{"@type":"ListItem","position":1,"name":"Home","item":"http:\/\/www.wmt.it\/index.php\/en\/wmt-home\/"},{"@type":"ListItem","position":2,"name":"Filtres \u00e0 lit profond"}]},{"@type":"WebSite","@id":"http:\/\/www.wmt.it\/#website","url":"http:\/\/www.wmt.it\/","name":"W.M.T. - Water and Mechanical Technology s.r.l.","description":"ENGINEERING AND FILTERING SYSTEM, PURE WITH PROFIT","publisher":{"@id":"http:\/\/www.wmt.it\/#organization"},"potentialAction":[{"@type":"SearchAction","target":{"@type":"EntryPoint","urlTemplate":"http:\/\/www.wmt.it\/?s={search_term_string}"},"query-input":{"@type":"PropertyValueSpecification","valueRequired":true,"valueName":"search_term_string"}}],"inLanguage":"it-IT"},{"@type":"Organization","@id":"http:\/\/www.wmt.it\/#organization","name":"W.M.T. - Water and Mechanical Technology s.r.l.","url":"http:\/\/www.wmt.it\/","logo":{"@type":"ImageObject","inLanguage":"it-IT","@id":"http:\/\/www.wmt.it\/#\/schema\/logo\/image\/","url":"http:\/\/www.wmt.it\/wp-content\/uploads\/2019\/12\/logo_wmt_blu_512x512.jpg","contentUrl":"http:\/\/www.wmt.it\/wp-content\/uploads\/2019\/12\/logo_wmt_blu_512x512.jpg","width":512,"height":512,"caption":"W.M.T. - Water and Mechanical Technology s.r.l."},"image":{"@id":"http:\/\/www.wmt.it\/#\/schema\/logo\/image\/"},"sameAs":["https:\/\/www.facebook.com\/pages\/WMT\/523330841079249?eid=ARBCva1bxbHrIwpLi2jUbikM5NzJrQOywcEqrkgUjYQ_m59R20SghP76Um2Ffw8jsoHFxRwr_28Y5a6v","https:\/\/www.google.com\/maps\/place\/W.M.T.+-+Water+and+Mechanical+Technology+s.r.l.\/@45.538948,9.1806583,17z\/data=!3m1!4b1!4m5!3m4!1s0x4786bf60c912a84b:0xfc12749d2f8ea14a!8m2!3d45.538948!4d9.182847","https:\/\/www.linkedin.com\/company\/2059941"]}]}},"_links":{"self":[{"href":"http:\/\/www.wmt.it\/index.php\/wp-json\/wp\/v2\/pages\/1344","targetHints":{"allow":["GET"]}}],"collection":[{"href":"http:\/\/www.wmt.it\/index.php\/wp-json\/wp\/v2\/pages"}],"about":[{"href":"http:\/\/www.wmt.it\/index.php\/wp-json\/wp\/v2\/types\/page"}],"author":[{"embeddable":true,"href":"http:\/\/www.wmt.it\/index.php\/wp-json\/wp\/v2\/users\/3"}],"replies":[{"embeddable":true,"href":"http:\/\/www.wmt.it\/index.php\/wp-json\/wp\/v2\/comments?post=1344"}],"version-history":[{"count":3,"href":"http:\/\/www.wmt.it\/index.php\/wp-json\/wp\/v2\/pages\/1344\/revisions"}],"predecessor-version":[{"id":1940,"href":"http:\/\/www.wmt.it\/index.php\/wp-json\/wp\/v2\/pages\/1344\/revisions\/1940"}],"wp:featuredmedia":[{"embeddable":true,"href":"http:\/\/www.wmt.it\/index.php\/wp-json\/wp\/v2\/media\/1758"}],"wp:attachment":[{"href":"http:\/\/www.wmt.it\/index.php\/wp-json\/wp\/v2\/media?parent=1344"}],"curies":[{"name":"wp","href":"https:\/\/api.w.org\/{rel}","templated":true}]}}