{"id":1357,"date":"2019-12-10T11:15:49","date_gmt":"2019-12-10T10:15:49","guid":{"rendered":"http:\/\/www2.wmt.it\/?page_id=1357"},"modified":"2020-02-11T10:39:20","modified_gmt":"2020-02-11T09:39:20","slug":"filtre-a-gravite","status":"publish","type":"page","link":"http:\/\/www.wmt.it\/index.php\/fr\/filtre-a-gravite\/","title":{"rendered":"Filtre \u00e0 gravit\u00e9"},"content":{"rendered":"\n<p>Filtrage \u00e9conomique avec de faibles co\u00fbts d&#8217;investissement.<\/p>\n\n\n\n<ul class=\"wp-block-list\"><li>D\u00e9bits de 45 \u00e0 4500 l\/min.<\/li><li>Degr\u00e9 de filtrage jusqu&#8217;\u00e0 10 \u00b5m.<\/li><li>Construction simple.<\/li><li>Traite les r\u00e9frig\u00e9rants liquides.<\/li><\/ul>\n\n\n\n<p>Le filtre \u00e0 gravit\u00e9 est utilis\u00e9 dans presque toutes les industries.<\/p>\n\n\n\n<p>Il est particuli\u00e8rement utilis\u00e9 dans les industries m\u00e9caniques pour les petits d\u00e9bits.<\/p>\n\n\n\n<p>Le degr\u00e9 de filtrage est fonction du m\u00e9dia filtrant perdu utilis\u00e9.<\/p>\n\n\n\n<table style=\"width: 100%;\" cellspacing=\"0\" border=\"0\">\n<tbody>\n<tr><\/tr>\n<tr>\n<td style=\"width: 10%;\" align=\"center\"><\/td>\n<td style=\"width: 35%;\" align=\"center\"><div class=\"wp-block-button\"><a class=\"wp-block-button__link has-background has-vivid-cyan-blue-background-color\" href=\"http:\/\/www.wmt.it\/index.php\/en\/gravity-filter-images-gallery\/\" target=\"_blank\" rel=\"noopener noreferrer\">Galerie d\u2019images<\/a><\/div><\/td>\n<td style=\"width: 10%;\" align=\"center\"><\/td>\n<td style=\"width: 35%;\" align=\"center\"><\/td>\n<td style=\"width: 10%;\" align=\"center\"><\/td>\n<\/tr>\n<\/tbody>\n<\/table>\n","protected":false},"excerpt":{"rendered":"<p>Filtrage \u00e9conomique avec de faibles co\u00fbts d&#8217;investissement. D\u00e9bits de 45 \u00e0 4500 l\/min. Degr\u00e9 de filtrage jusqu&#8217;\u00e0 10 \u00b5m. Construction simple. Traite les r\u00e9frig\u00e9rants liquides. Le filtre \u00e0 gravit\u00e9 est utilis\u00e9 dans presque toutes les industries. Il est particuli\u00e8rement utilis\u00e9 dans les industries m\u00e9caniques pour les petits d\u00e9bits. Le degr\u00e9 de filtrage est fonction du [&hellip;]<\/p>\n","protected":false},"author":3,"featured_media":1822,"parent":0,"menu_order":0,"comment_status":"closed","ping_status":"closed","template":"","meta":{"ngg_post_thumbnail":0,"footnotes":""},"class_list":["post-1357","page","type-page","status-publish","has-post-thumbnail","hentry"],"yoast_head":"<!-- This site is optimized with the Yoast SEO plugin v27.3 - https:\/\/yoast.com\/product\/yoast-seo-wordpress\/ -->\n<title>Filtre \u00e0 gravit\u00e9 &#8226; W.M.T. - Water and Mechanical Technology s.r.l.<\/title>\n<meta name=\"robots\" content=\"index, follow, max-snippet:-1, max-image-preview:large, max-video-preview:-1\" \/>\n<link rel=\"canonical\" href=\"http:\/\/www.wmt.it\/index.php\/fr\/filtre-a-gravite\/\" \/>\n<meta property=\"og:locale\" content=\"it_IT\" \/>\n<meta property=\"og:type\" content=\"article\" \/>\n<meta property=\"og:title\" content=\"Filtre \u00e0 gravit\u00e9 &#8226; W.M.T. - Water and Mechanical Technology s.r.l.\" \/>\n<meta property=\"og:description\" content=\"Filtrage \u00e9conomique avec de faibles co\u00fbts d&#8217;investissement. D\u00e9bits de 45 \u00e0 4500 l\/min. Degr\u00e9 de filtrage jusqu&#8217;\u00e0 10 \u00b5m. Construction simple. Traite les r\u00e9frig\u00e9rants liquides. Le filtre \u00e0 gravit\u00e9 est utilis\u00e9 dans presque toutes les industries. Il est particuli\u00e8rement utilis\u00e9 dans les industries m\u00e9caniques pour les petits d\u00e9bits. Le degr\u00e9 de filtrage est fonction du [&hellip;]\" \/>\n<meta property=\"og:url\" content=\"http:\/\/www.wmt.it\/index.php\/fr\/filtre-a-gravite\/\" \/>\n<meta property=\"og:site_name\" content=\"W.M.T. - Water and Mechanical Technology s.r.l.\" \/>\n<meta property=\"article:publisher\" content=\"https:\/\/www.facebook.com\/pages\/WMT\/523330841079249?eid=ARBCva1bxbHrIwpLi2jUbikM5NzJrQOywcEqrkgUjYQ_m59R20SghP76Um2Ffw8jsoHFxRwr_28Y5a6v\" \/>\n<meta property=\"article:modified_time\" content=\"2020-02-11T09:39:20+00:00\" \/>\n<meta property=\"og:image\" content=\"http:\/\/www.wmt.it\/wp-content\/uploads\/2019\/12\/mezzo-filtrante-scaled-e1576836712531.jpg\" \/>\n\t<meta property=\"og:image:width\" content=\"1920\" \/>\n\t<meta property=\"og:image:height\" content=\"601\" \/>\n\t<meta property=\"og:image:type\" content=\"image\/jpeg\" \/>\n<meta name=\"twitter:card\" content=\"summary_large_image\" \/>\n<script type=\"application\/ld+json\" class=\"yoast-schema-graph\">{\"@context\":\"https:\\\/\\\/schema.org\",\"@graph\":[{\"@type\":\"WebPage\",\"@id\":\"http:\\\/\\\/www.wmt.it\\\/index.php\\\/fr\\\/filtre-a-gravite\\\/\",\"url\":\"http:\\\/\\\/www.wmt.it\\\/index.php\\\/fr\\\/filtre-a-gravite\\\/\",\"name\":\"Filtre \u00e0 gravit\u00e9 &#8226; W.M.T. - Water and Mechanical Technology s.r.l.\",\"isPartOf\":{\"@id\":\"http:\\\/\\\/www.wmt.it\\\/#website\"},\"primaryImageOfPage\":{\"@id\":\"http:\\\/\\\/www.wmt.it\\\/index.php\\\/fr\\\/filtre-a-gravite\\\/#primaryimage\"},\"image\":{\"@id\":\"http:\\\/\\\/www.wmt.it\\\/index.php\\\/fr\\\/filtre-a-gravite\\\/#primaryimage\"},\"thumbnailUrl\":\"http:\\\/\\\/www.wmt.it\\\/wp-content\\\/uploads\\\/2019\\\/12\\\/mezzo-filtrante-scaled-e1576836712531.jpg\",\"datePublished\":\"2019-12-10T10:15:49+00:00\",\"dateModified\":\"2020-02-11T09:39:20+00:00\",\"breadcrumb\":{\"@id\":\"http:\\\/\\\/www.wmt.it\\\/index.php\\\/fr\\\/filtre-a-gravite\\\/#breadcrumb\"},\"inLanguage\":\"it-IT\",\"potentialAction\":[{\"@type\":\"ReadAction\",\"target\":[\"http:\\\/\\\/www.wmt.it\\\/index.php\\\/fr\\\/filtre-a-gravite\\\/\"]}]},{\"@type\":\"ImageObject\",\"inLanguage\":\"it-IT\",\"@id\":\"http:\\\/\\\/www.wmt.it\\\/index.php\\\/fr\\\/filtre-a-gravite\\\/#primaryimage\",\"url\":\"http:\\\/\\\/www.wmt.it\\\/wp-content\\\/uploads\\\/2019\\\/12\\\/mezzo-filtrante-scaled-e1576836712531.jpg\",\"contentUrl\":\"http:\\\/\\\/www.wmt.it\\\/wp-content\\\/uploads\\\/2019\\\/12\\\/mezzo-filtrante-scaled-e1576836712531.jpg\",\"width\":1920,\"height\":601},{\"@type\":\"BreadcrumbList\",\"@id\":\"http:\\\/\\\/www.wmt.it\\\/index.php\\\/fr\\\/filtre-a-gravite\\\/#breadcrumb\",\"itemListElement\":[{\"@type\":\"ListItem\",\"position\":1,\"name\":\"Home\",\"item\":\"http:\\\/\\\/www.wmt.it\\\/index.php\\\/en\\\/wmt-home\\\/\"},{\"@type\":\"ListItem\",\"position\":2,\"name\":\"Filtre \u00e0 gravit\u00e9\"}]},{\"@type\":\"WebSite\",\"@id\":\"http:\\\/\\\/www.wmt.it\\\/#website\",\"url\":\"http:\\\/\\\/www.wmt.it\\\/\",\"name\":\"W.M.T. - Water and Mechanical Technology s.r.l.\",\"description\":\"ENGINEERING AND FILTERING SYSTEM, PURE WITH PROFIT\",\"publisher\":{\"@id\":\"http:\\\/\\\/www.wmt.it\\\/#organization\"},\"potentialAction\":[{\"@type\":\"SearchAction\",\"target\":{\"@type\":\"EntryPoint\",\"urlTemplate\":\"http:\\\/\\\/www.wmt.it\\\/?s={search_term_string}\"},\"query-input\":{\"@type\":\"PropertyValueSpecification\",\"valueRequired\":true,\"valueName\":\"search_term_string\"}}],\"inLanguage\":\"it-IT\"},{\"@type\":\"Organization\",\"@id\":\"http:\\\/\\\/www.wmt.it\\\/#organization\",\"name\":\"W.M.T. - Water and Mechanical Technology s.r.l.\",\"url\":\"http:\\\/\\\/www.wmt.it\\\/\",\"logo\":{\"@type\":\"ImageObject\",\"inLanguage\":\"it-IT\",\"@id\":\"http:\\\/\\\/www.wmt.it\\\/#\\\/schema\\\/logo\\\/image\\\/\",\"url\":\"http:\\\/\\\/www.wmt.it\\\/wp-content\\\/uploads\\\/2019\\\/12\\\/logo_wmt_blu_512x512.jpg\",\"contentUrl\":\"http:\\\/\\\/www.wmt.it\\\/wp-content\\\/uploads\\\/2019\\\/12\\\/logo_wmt_blu_512x512.jpg\",\"width\":512,\"height\":512,\"caption\":\"W.M.T. - Water and Mechanical Technology s.r.l.\"},\"image\":{\"@id\":\"http:\\\/\\\/www.wmt.it\\\/#\\\/schema\\\/logo\\\/image\\\/\"},\"sameAs\":[\"https:\\\/\\\/www.facebook.com\\\/pages\\\/WMT\\\/523330841079249?eid=ARBCva1bxbHrIwpLi2jUbikM5NzJrQOywcEqrkgUjYQ_m59R20SghP76Um2Ffw8jsoHFxRwr_28Y5a6v\",\"https:\\\/\\\/www.google.com\\\/maps\\\/place\\\/W.M.T.+-+Water+and+Mechanical+Technology+s.r.l.\\\/@45.538948,9.1806583,17z\\\/data=!3m1!4b1!4m5!3m4!1s0x4786bf60c912a84b:0xfc12749d2f8ea14a!8m2!3d45.538948!4d9.182847\",\"https:\\\/\\\/www.linkedin.com\\\/company\\\/2059941\"]}]}<\/script>\n<!-- \/ Yoast SEO plugin. -->","yoast_head_json":{"title":"Filtre \u00e0 gravit\u00e9 &#8226; W.M.T. - Water and Mechanical Technology s.r.l.","robots":{"index":"index","follow":"follow","max-snippet":"max-snippet:-1","max-image-preview":"max-image-preview:large","max-video-preview":"max-video-preview:-1"},"canonical":"http:\/\/www.wmt.it\/index.php\/fr\/filtre-a-gravite\/","og_locale":"it_IT","og_type":"article","og_title":"Filtre \u00e0 gravit\u00e9 &#8226; W.M.T. - Water and Mechanical Technology s.r.l.","og_description":"Filtrage \u00e9conomique avec de faibles co\u00fbts d&#8217;investissement. D\u00e9bits de 45 \u00e0 4500 l\/min. Degr\u00e9 de filtrage jusqu&#8217;\u00e0 10 \u00b5m. Construction simple. Traite les r\u00e9frig\u00e9rants liquides. Le filtre \u00e0 gravit\u00e9 est utilis\u00e9 dans presque toutes les industries. Il est particuli\u00e8rement utilis\u00e9 dans les industries m\u00e9caniques pour les petits d\u00e9bits. Le degr\u00e9 de filtrage est fonction du [&hellip;]","og_url":"http:\/\/www.wmt.it\/index.php\/fr\/filtre-a-gravite\/","og_site_name":"W.M.T. - Water and Mechanical Technology s.r.l.","article_publisher":"https:\/\/www.facebook.com\/pages\/WMT\/523330841079249?eid=ARBCva1bxbHrIwpLi2jUbikM5NzJrQOywcEqrkgUjYQ_m59R20SghP76Um2Ffw8jsoHFxRwr_28Y5a6v","article_modified_time":"2020-02-11T09:39:20+00:00","og_image":[{"width":1920,"height":601,"url":"http:\/\/www.wmt.it\/wp-content\/uploads\/2019\/12\/mezzo-filtrante-scaled-e1576836712531.jpg","type":"image\/jpeg"}],"twitter_card":"summary_large_image","schema":{"@context":"https:\/\/schema.org","@graph":[{"@type":"WebPage","@id":"http:\/\/www.wmt.it\/index.php\/fr\/filtre-a-gravite\/","url":"http:\/\/www.wmt.it\/index.php\/fr\/filtre-a-gravite\/","name":"Filtre \u00e0 gravit\u00e9 &#8226; W.M.T. - Water and Mechanical Technology s.r.l.","isPartOf":{"@id":"http:\/\/www.wmt.it\/#website"},"primaryImageOfPage":{"@id":"http:\/\/www.wmt.it\/index.php\/fr\/filtre-a-gravite\/#primaryimage"},"image":{"@id":"http:\/\/www.wmt.it\/index.php\/fr\/filtre-a-gravite\/#primaryimage"},"thumbnailUrl":"http:\/\/www.wmt.it\/wp-content\/uploads\/2019\/12\/mezzo-filtrante-scaled-e1576836712531.jpg","datePublished":"2019-12-10T10:15:49+00:00","dateModified":"2020-02-11T09:39:20+00:00","breadcrumb":{"@id":"http:\/\/www.wmt.it\/index.php\/fr\/filtre-a-gravite\/#breadcrumb"},"inLanguage":"it-IT","potentialAction":[{"@type":"ReadAction","target":["http:\/\/www.wmt.it\/index.php\/fr\/filtre-a-gravite\/"]}]},{"@type":"ImageObject","inLanguage":"it-IT","@id":"http:\/\/www.wmt.it\/index.php\/fr\/filtre-a-gravite\/#primaryimage","url":"http:\/\/www.wmt.it\/wp-content\/uploads\/2019\/12\/mezzo-filtrante-scaled-e1576836712531.jpg","contentUrl":"http:\/\/www.wmt.it\/wp-content\/uploads\/2019\/12\/mezzo-filtrante-scaled-e1576836712531.jpg","width":1920,"height":601},{"@type":"BreadcrumbList","@id":"http:\/\/www.wmt.it\/index.php\/fr\/filtre-a-gravite\/#breadcrumb","itemListElement":[{"@type":"ListItem","position":1,"name":"Home","item":"http:\/\/www.wmt.it\/index.php\/en\/wmt-home\/"},{"@type":"ListItem","position":2,"name":"Filtre \u00e0 gravit\u00e9"}]},{"@type":"WebSite","@id":"http:\/\/www.wmt.it\/#website","url":"http:\/\/www.wmt.it\/","name":"W.M.T. - Water and Mechanical Technology s.r.l.","description":"ENGINEERING AND FILTERING SYSTEM, PURE WITH PROFIT","publisher":{"@id":"http:\/\/www.wmt.it\/#organization"},"potentialAction":[{"@type":"SearchAction","target":{"@type":"EntryPoint","urlTemplate":"http:\/\/www.wmt.it\/?s={search_term_string}"},"query-input":{"@type":"PropertyValueSpecification","valueRequired":true,"valueName":"search_term_string"}}],"inLanguage":"it-IT"},{"@type":"Organization","@id":"http:\/\/www.wmt.it\/#organization","name":"W.M.T. - Water and Mechanical Technology s.r.l.","url":"http:\/\/www.wmt.it\/","logo":{"@type":"ImageObject","inLanguage":"it-IT","@id":"http:\/\/www.wmt.it\/#\/schema\/logo\/image\/","url":"http:\/\/www.wmt.it\/wp-content\/uploads\/2019\/12\/logo_wmt_blu_512x512.jpg","contentUrl":"http:\/\/www.wmt.it\/wp-content\/uploads\/2019\/12\/logo_wmt_blu_512x512.jpg","width":512,"height":512,"caption":"W.M.T. - Water and Mechanical Technology s.r.l."},"image":{"@id":"http:\/\/www.wmt.it\/#\/schema\/logo\/image\/"},"sameAs":["https:\/\/www.facebook.com\/pages\/WMT\/523330841079249?eid=ARBCva1bxbHrIwpLi2jUbikM5NzJrQOywcEqrkgUjYQ_m59R20SghP76Um2Ffw8jsoHFxRwr_28Y5a6v","https:\/\/www.google.com\/maps\/place\/W.M.T.+-+Water+and+Mechanical+Technology+s.r.l.\/@45.538948,9.1806583,17z\/data=!3m1!4b1!4m5!3m4!1s0x4786bf60c912a84b:0xfc12749d2f8ea14a!8m2!3d45.538948!4d9.182847","https:\/\/www.linkedin.com\/company\/2059941"]}]}},"_links":{"self":[{"href":"http:\/\/www.wmt.it\/index.php\/wp-json\/wp\/v2\/pages\/1357","targetHints":{"allow":["GET"]}}],"collection":[{"href":"http:\/\/www.wmt.it\/index.php\/wp-json\/wp\/v2\/pages"}],"about":[{"href":"http:\/\/www.wmt.it\/index.php\/wp-json\/wp\/v2\/types\/page"}],"author":[{"embeddable":true,"href":"http:\/\/www.wmt.it\/index.php\/wp-json\/wp\/v2\/users\/3"}],"replies":[{"embeddable":true,"href":"http:\/\/www.wmt.it\/index.php\/wp-json\/wp\/v2\/comments?post=1357"}],"version-history":[{"count":7,"href":"http:\/\/www.wmt.it\/index.php\/wp-json\/wp\/v2\/pages\/1357\/revisions"}],"predecessor-version":[{"id":2842,"href":"http:\/\/www.wmt.it\/index.php\/wp-json\/wp\/v2\/pages\/1357\/revisions\/2842"}],"wp:featuredmedia":[{"embeddable":true,"href":"http:\/\/www.wmt.it\/index.php\/wp-json\/wp\/v2\/media\/1822"}],"wp:attachment":[{"href":"http:\/\/www.wmt.it\/index.php\/wp-json\/wp\/v2\/media?parent=1357"}],"curies":[{"name":"wp","href":"https:\/\/api.w.org\/{rel}","templated":true}]}}