{"id":1360,"date":"2019-12-10T11:17:49","date_gmt":"2019-12-10T10:17:49","guid":{"rendered":"http:\/\/www2.wmt.it\/?page_id=1360"},"modified":"2019-12-23T16:08:17","modified_gmt":"2019-12-23T15:08:17","slug":"filtres-a-panier","status":"publish","type":"page","link":"http:\/\/www.wmt.it\/index.php\/fr\/filtres-a-panier\/","title":{"rendered":"Filtres \u00e0 panier"},"content":{"rendered":"\n<p><strong>Filtres \u00e0 panier<\/strong><\/p>\n\n\n\n<p><\/p>\n\n\n\n<p>Les filtres \u00e0 panier sont une alternative \u00e9conomique aux syst\u00e8mes de filtration traditionnels.<\/p>\n\n\n\n<p>Ce sont des filtres con\u00e7us pour des applications o\u00f9 le d\u00e9bit ne peut pas \u00eatre interrompu.<\/p>\n\n\n\n<p>Ils peuvent \u00eatre install\u00e9s dans la configuration suivante: simple ou double, manuel ou automatique, avec lavage \u00e0 contre-courant intermittent ou continu.<\/p>\n\n\n\n<p>Les paniers peuvent \u00eatre configur\u00e9s en fonction des diff\u00e9rents degr\u00e9s de filtrage requis et vont des grilles Wedge-Wire normales aux plus sophistiqu\u00e9s <a href=\"http:\/\/www.wmt.it\/index.php\/fr\/filtres-a-regime-capillaire\/\">filtres \u00e0 r\u00e9gime capillaire<\/a>.<\/p>\n\n\n\n<p>Le panier de filtrage et les interconnexions de processus peuvent \u00eatre r\u00e9alis\u00e9s selon diff\u00e9rentes sp\u00e9cifications: ISO, UNI, DIN, ANSI, ASA; couvrant diff\u00e9rentes classes de pression.<\/p>\n\n\n\n<p>Les mat\u00e9riaux de construction du panier et de l&#8217;enveloppe peuvent \u00eatre r\u00e9alis\u00e9s dans les mat\u00e9riaux les plus divers pour s&#8217;adapter au mieux aux caract\u00e9ristiques du liquide trait\u00e9.<\/p>\n","protected":false},"excerpt":{"rendered":"<p>Filtres \u00e0 panier Les filtres \u00e0 panier sont une alternative \u00e9conomique aux syst\u00e8mes de filtration traditionnels. Ce sont des filtres con\u00e7us pour des applications o\u00f9 le d\u00e9bit ne peut pas \u00eatre interrompu. Ils peuvent \u00eatre install\u00e9s dans la configuration suivante: simple ou double, manuel ou automatique, avec lavage \u00e0 contre-courant intermittent ou continu. Les paniers [&hellip;]<\/p>\n","protected":false},"author":3,"featured_media":1821,"parent":0,"menu_order":0,"comment_status":"closed","ping_status":"closed","template":"","meta":{"ngg_post_thumbnail":0,"footnotes":""},"class_list":["post-1360","page","type-page","status-publish","has-post-thumbnail","hentry"],"yoast_head":"<!-- This site is optimized with the Yoast SEO plugin v27.3 - https:\/\/yoast.com\/product\/yoast-seo-wordpress\/ -->\n<title>Filtres \u00e0 panier &#8226; W.M.T. - Water and Mechanical Technology s.r.l.<\/title>\n<meta name=\"robots\" content=\"index, follow, max-snippet:-1, max-image-preview:large, max-video-preview:-1\" \/>\n<link rel=\"canonical\" href=\"http:\/\/www.wmt.it\/index.php\/fr\/filtres-a-panier\/\" \/>\n<meta property=\"og:locale\" content=\"it_IT\" \/>\n<meta property=\"og:type\" content=\"article\" \/>\n<meta property=\"og:title\" content=\"Filtres \u00e0 panier &#8226; W.M.T. - Water and Mechanical Technology s.r.l.\" \/>\n<meta property=\"og:description\" content=\"Filtres \u00e0 panier Les filtres \u00e0 panier sont une alternative \u00e9conomique aux syst\u00e8mes de filtration traditionnels. Ce sont des filtres con\u00e7us pour des applications o\u00f9 le d\u00e9bit ne peut pas \u00eatre interrompu. Ils peuvent \u00eatre install\u00e9s dans la configuration suivante: simple ou double, manuel ou automatique, avec lavage \u00e0 contre-courant intermittent ou continu. Les paniers [&hellip;]\" \/>\n<meta property=\"og:url\" content=\"http:\/\/www.wmt.it\/index.php\/fr\/filtres-a-panier\/\" \/>\n<meta property=\"og:site_name\" content=\"W.M.T. - Water and Mechanical Technology s.r.l.\" \/>\n<meta property=\"article:publisher\" content=\"https:\/\/www.facebook.com\/pages\/WMT\/523330841079249?eid=ARBCva1bxbHrIwpLi2jUbikM5NzJrQOywcEqrkgUjYQ_m59R20SghP76Um2Ffw8jsoHFxRwr_28Y5a6v\" \/>\n<meta property=\"article:modified_time\" content=\"2019-12-23T15:08:17+00:00\" \/>\n<meta property=\"og:image\" content=\"http:\/\/www.wmt.it\/wp-content\/uploads\/2019\/12\/pannello-ww-scaled-e1576836284101.jpg\" \/>\n\t<meta property=\"og:image:width\" content=\"1920\" \/>\n\t<meta property=\"og:image:height\" content=\"601\" \/>\n\t<meta property=\"og:image:type\" content=\"image\/jpeg\" \/>\n<meta name=\"twitter:card\" content=\"summary_large_image\" \/>\n<meta name=\"twitter:label1\" content=\"Tempo di lettura stimato\" \/>\n\t<meta name=\"twitter:data1\" content=\"1 minuto\" \/>\n<script type=\"application\/ld+json\" class=\"yoast-schema-graph\">{\"@context\":\"https:\\\/\\\/schema.org\",\"@graph\":[{\"@type\":\"WebPage\",\"@id\":\"http:\\\/\\\/www.wmt.it\\\/index.php\\\/fr\\\/filtres-a-panier\\\/\",\"url\":\"http:\\\/\\\/www.wmt.it\\\/index.php\\\/fr\\\/filtres-a-panier\\\/\",\"name\":\"Filtres \u00e0 panier &#8226; W.M.T. - Water and Mechanical Technology s.r.l.\",\"isPartOf\":{\"@id\":\"http:\\\/\\\/www.wmt.it\\\/#website\"},\"primaryImageOfPage\":{\"@id\":\"http:\\\/\\\/www.wmt.it\\\/index.php\\\/fr\\\/filtres-a-panier\\\/#primaryimage\"},\"image\":{\"@id\":\"http:\\\/\\\/www.wmt.it\\\/index.php\\\/fr\\\/filtres-a-panier\\\/#primaryimage\"},\"thumbnailUrl\":\"http:\\\/\\\/www.wmt.it\\\/wp-content\\\/uploads\\\/2019\\\/12\\\/pannello-ww-scaled-e1576836284101.jpg\",\"datePublished\":\"2019-12-10T10:17:49+00:00\",\"dateModified\":\"2019-12-23T15:08:17+00:00\",\"breadcrumb\":{\"@id\":\"http:\\\/\\\/www.wmt.it\\\/index.php\\\/fr\\\/filtres-a-panier\\\/#breadcrumb\"},\"inLanguage\":\"it-IT\",\"potentialAction\":[{\"@type\":\"ReadAction\",\"target\":[\"http:\\\/\\\/www.wmt.it\\\/index.php\\\/fr\\\/filtres-a-panier\\\/\"]}]},{\"@type\":\"ImageObject\",\"inLanguage\":\"it-IT\",\"@id\":\"http:\\\/\\\/www.wmt.it\\\/index.php\\\/fr\\\/filtres-a-panier\\\/#primaryimage\",\"url\":\"http:\\\/\\\/www.wmt.it\\\/wp-content\\\/uploads\\\/2019\\\/12\\\/pannello-ww-scaled-e1576836284101.jpg\",\"contentUrl\":\"http:\\\/\\\/www.wmt.it\\\/wp-content\\\/uploads\\\/2019\\\/12\\\/pannello-ww-scaled-e1576836284101.jpg\",\"width\":1920,\"height\":601},{\"@type\":\"BreadcrumbList\",\"@id\":\"http:\\\/\\\/www.wmt.it\\\/index.php\\\/fr\\\/filtres-a-panier\\\/#breadcrumb\",\"itemListElement\":[{\"@type\":\"ListItem\",\"position\":1,\"name\":\"Home\",\"item\":\"http:\\\/\\\/www.wmt.it\\\/index.php\\\/en\\\/wmt-home\\\/\"},{\"@type\":\"ListItem\",\"position\":2,\"name\":\"Filtres \u00e0 panier\"}]},{\"@type\":\"WebSite\",\"@id\":\"http:\\\/\\\/www.wmt.it\\\/#website\",\"url\":\"http:\\\/\\\/www.wmt.it\\\/\",\"name\":\"W.M.T. - Water and Mechanical Technology s.r.l.\",\"description\":\"ENGINEERING AND FILTERING SYSTEM, PURE WITH PROFIT\",\"publisher\":{\"@id\":\"http:\\\/\\\/www.wmt.it\\\/#organization\"},\"potentialAction\":[{\"@type\":\"SearchAction\",\"target\":{\"@type\":\"EntryPoint\",\"urlTemplate\":\"http:\\\/\\\/www.wmt.it\\\/?s={search_term_string}\"},\"query-input\":{\"@type\":\"PropertyValueSpecification\",\"valueRequired\":true,\"valueName\":\"search_term_string\"}}],\"inLanguage\":\"it-IT\"},{\"@type\":\"Organization\",\"@id\":\"http:\\\/\\\/www.wmt.it\\\/#organization\",\"name\":\"W.M.T. - Water and Mechanical Technology s.r.l.\",\"url\":\"http:\\\/\\\/www.wmt.it\\\/\",\"logo\":{\"@type\":\"ImageObject\",\"inLanguage\":\"it-IT\",\"@id\":\"http:\\\/\\\/www.wmt.it\\\/#\\\/schema\\\/logo\\\/image\\\/\",\"url\":\"http:\\\/\\\/www.wmt.it\\\/wp-content\\\/uploads\\\/2019\\\/12\\\/logo_wmt_blu_512x512.jpg\",\"contentUrl\":\"http:\\\/\\\/www.wmt.it\\\/wp-content\\\/uploads\\\/2019\\\/12\\\/logo_wmt_blu_512x512.jpg\",\"width\":512,\"height\":512,\"caption\":\"W.M.T. - Water and Mechanical Technology s.r.l.\"},\"image\":{\"@id\":\"http:\\\/\\\/www.wmt.it\\\/#\\\/schema\\\/logo\\\/image\\\/\"},\"sameAs\":[\"https:\\\/\\\/www.facebook.com\\\/pages\\\/WMT\\\/523330841079249?eid=ARBCva1bxbHrIwpLi2jUbikM5NzJrQOywcEqrkgUjYQ_m59R20SghP76Um2Ffw8jsoHFxRwr_28Y5a6v\",\"https:\\\/\\\/www.google.com\\\/maps\\\/place\\\/W.M.T.+-+Water+and+Mechanical+Technology+s.r.l.\\\/@45.538948,9.1806583,17z\\\/data=!3m1!4b1!4m5!3m4!1s0x4786bf60c912a84b:0xfc12749d2f8ea14a!8m2!3d45.538948!4d9.182847\",\"https:\\\/\\\/www.linkedin.com\\\/company\\\/2059941\"]}]}<\/script>\n<!-- \/ Yoast SEO plugin. -->","yoast_head_json":{"title":"Filtres \u00e0 panier &#8226; W.M.T. - Water and Mechanical Technology s.r.l.","robots":{"index":"index","follow":"follow","max-snippet":"max-snippet:-1","max-image-preview":"max-image-preview:large","max-video-preview":"max-video-preview:-1"},"canonical":"http:\/\/www.wmt.it\/index.php\/fr\/filtres-a-panier\/","og_locale":"it_IT","og_type":"article","og_title":"Filtres \u00e0 panier &#8226; W.M.T. - Water and Mechanical Technology s.r.l.","og_description":"Filtres \u00e0 panier Les filtres \u00e0 panier sont une alternative \u00e9conomique aux syst\u00e8mes de filtration traditionnels. Ce sont des filtres con\u00e7us pour des applications o\u00f9 le d\u00e9bit ne peut pas \u00eatre interrompu. Ils peuvent \u00eatre install\u00e9s dans la configuration suivante: simple ou double, manuel ou automatique, avec lavage \u00e0 contre-courant intermittent ou continu. Les paniers [&hellip;]","og_url":"http:\/\/www.wmt.it\/index.php\/fr\/filtres-a-panier\/","og_site_name":"W.M.T. - Water and Mechanical Technology s.r.l.","article_publisher":"https:\/\/www.facebook.com\/pages\/WMT\/523330841079249?eid=ARBCva1bxbHrIwpLi2jUbikM5NzJrQOywcEqrkgUjYQ_m59R20SghP76Um2Ffw8jsoHFxRwr_28Y5a6v","article_modified_time":"2019-12-23T15:08:17+00:00","og_image":[{"width":1920,"height":601,"url":"http:\/\/www.wmt.it\/wp-content\/uploads\/2019\/12\/pannello-ww-scaled-e1576836284101.jpg","type":"image\/jpeg"}],"twitter_card":"summary_large_image","twitter_misc":{"Tempo di lettura stimato":"1 minuto"},"schema":{"@context":"https:\/\/schema.org","@graph":[{"@type":"WebPage","@id":"http:\/\/www.wmt.it\/index.php\/fr\/filtres-a-panier\/","url":"http:\/\/www.wmt.it\/index.php\/fr\/filtres-a-panier\/","name":"Filtres \u00e0 panier &#8226; W.M.T. - Water and Mechanical Technology s.r.l.","isPartOf":{"@id":"http:\/\/www.wmt.it\/#website"},"primaryImageOfPage":{"@id":"http:\/\/www.wmt.it\/index.php\/fr\/filtres-a-panier\/#primaryimage"},"image":{"@id":"http:\/\/www.wmt.it\/index.php\/fr\/filtres-a-panier\/#primaryimage"},"thumbnailUrl":"http:\/\/www.wmt.it\/wp-content\/uploads\/2019\/12\/pannello-ww-scaled-e1576836284101.jpg","datePublished":"2019-12-10T10:17:49+00:00","dateModified":"2019-12-23T15:08:17+00:00","breadcrumb":{"@id":"http:\/\/www.wmt.it\/index.php\/fr\/filtres-a-panier\/#breadcrumb"},"inLanguage":"it-IT","potentialAction":[{"@type":"ReadAction","target":["http:\/\/www.wmt.it\/index.php\/fr\/filtres-a-panier\/"]}]},{"@type":"ImageObject","inLanguage":"it-IT","@id":"http:\/\/www.wmt.it\/index.php\/fr\/filtres-a-panier\/#primaryimage","url":"http:\/\/www.wmt.it\/wp-content\/uploads\/2019\/12\/pannello-ww-scaled-e1576836284101.jpg","contentUrl":"http:\/\/www.wmt.it\/wp-content\/uploads\/2019\/12\/pannello-ww-scaled-e1576836284101.jpg","width":1920,"height":601},{"@type":"BreadcrumbList","@id":"http:\/\/www.wmt.it\/index.php\/fr\/filtres-a-panier\/#breadcrumb","itemListElement":[{"@type":"ListItem","position":1,"name":"Home","item":"http:\/\/www.wmt.it\/index.php\/en\/wmt-home\/"},{"@type":"ListItem","position":2,"name":"Filtres \u00e0 panier"}]},{"@type":"WebSite","@id":"http:\/\/www.wmt.it\/#website","url":"http:\/\/www.wmt.it\/","name":"W.M.T. - Water and Mechanical Technology s.r.l.","description":"ENGINEERING AND FILTERING SYSTEM, PURE WITH PROFIT","publisher":{"@id":"http:\/\/www.wmt.it\/#organization"},"potentialAction":[{"@type":"SearchAction","target":{"@type":"EntryPoint","urlTemplate":"http:\/\/www.wmt.it\/?s={search_term_string}"},"query-input":{"@type":"PropertyValueSpecification","valueRequired":true,"valueName":"search_term_string"}}],"inLanguage":"it-IT"},{"@type":"Organization","@id":"http:\/\/www.wmt.it\/#organization","name":"W.M.T. - Water and Mechanical Technology s.r.l.","url":"http:\/\/www.wmt.it\/","logo":{"@type":"ImageObject","inLanguage":"it-IT","@id":"http:\/\/www.wmt.it\/#\/schema\/logo\/image\/","url":"http:\/\/www.wmt.it\/wp-content\/uploads\/2019\/12\/logo_wmt_blu_512x512.jpg","contentUrl":"http:\/\/www.wmt.it\/wp-content\/uploads\/2019\/12\/logo_wmt_blu_512x512.jpg","width":512,"height":512,"caption":"W.M.T. - Water and Mechanical Technology s.r.l."},"image":{"@id":"http:\/\/www.wmt.it\/#\/schema\/logo\/image\/"},"sameAs":["https:\/\/www.facebook.com\/pages\/WMT\/523330841079249?eid=ARBCva1bxbHrIwpLi2jUbikM5NzJrQOywcEqrkgUjYQ_m59R20SghP76Um2Ffw8jsoHFxRwr_28Y5a6v","https:\/\/www.google.com\/maps\/place\/W.M.T.+-+Water+and+Mechanical+Technology+s.r.l.\/@45.538948,9.1806583,17z\/data=!3m1!4b1!4m5!3m4!1s0x4786bf60c912a84b:0xfc12749d2f8ea14a!8m2!3d45.538948!4d9.182847","https:\/\/www.linkedin.com\/company\/2059941"]}]}},"_links":{"self":[{"href":"http:\/\/www.wmt.it\/index.php\/wp-json\/wp\/v2\/pages\/1360","targetHints":{"allow":["GET"]}}],"collection":[{"href":"http:\/\/www.wmt.it\/index.php\/wp-json\/wp\/v2\/pages"}],"about":[{"href":"http:\/\/www.wmt.it\/index.php\/wp-json\/wp\/v2\/types\/page"}],"author":[{"embeddable":true,"href":"http:\/\/www.wmt.it\/index.php\/wp-json\/wp\/v2\/users\/3"}],"replies":[{"embeddable":true,"href":"http:\/\/www.wmt.it\/index.php\/wp-json\/wp\/v2\/comments?post=1360"}],"version-history":[{"count":3,"href":"http:\/\/www.wmt.it\/index.php\/wp-json\/wp\/v2\/pages\/1360\/revisions"}],"predecessor-version":[{"id":1954,"href":"http:\/\/www.wmt.it\/index.php\/wp-json\/wp\/v2\/pages\/1360\/revisions\/1954"}],"wp:featuredmedia":[{"embeddable":true,"href":"http:\/\/www.wmt.it\/index.php\/wp-json\/wp\/v2\/media\/1821"}],"wp:attachment":[{"href":"http:\/\/www.wmt.it\/index.php\/wp-json\/wp\/v2\/media?parent=1360"}],"curies":[{"name":"wp","href":"https:\/\/api.w.org\/{rel}","templated":true}]}}