{"id":1375,"date":"2019-12-10T11:36:02","date_gmt":"2019-12-10T10:36:02","guid":{"rendered":"http:\/\/www2.wmt.it\/?page_id=1375"},"modified":"2020-03-03T17:49:59","modified_gmt":"2020-03-03T16:49:59","slug":"reduction-et-purification-des-fumees","status":"publish","type":"page","link":"http:\/\/www.wmt.it\/index.php\/fr\/reduction-et-purification-des-fumees\/","title":{"rendered":"R\u00e9duction et purification des fum\u00e9es"},"content":{"rendered":"\n<p><br>En tant que concepteurs et d\u00e9veloppeurs experts de plantes \u00e9cologiques, nous avons d\u00e9ploy\u00e9 nos efforts dans l&#8217;\u00e9tude des syst\u00e8mes de r\u00e9duction et purification des fum\u00e9es des poussi\u00e8res fines, PM 10, PM 2,5, et l&#8217;\u00e9limination simultan\u00e9e des compos\u00e9s chimiques, produits par: les syst\u00e8mes de chauffage civils et industriels, les incin\u00e9rateurs et les usines de valorisation \u00e9nerg\u00e9tique, les installations industrielles telles que fonderies, forges, forges, hauts fourneaux, etc. etc. qui utilisent des combustibles solides, liquides et gazeux.<\/p>\n\n\n\n<p>Les syst\u00e8mes de chauffage, les usines de traitement des d\u00e9chets, les installations industrielles et les activit\u00e9s artisanales sont les principaux producteurs de polluants atmosph\u00e9riques, les polluants \u00e9mis par ces usines sont les plus vari\u00e9s et d\u00e9pendent: du type de combustible, de l&#8217;\u00e9tat d&#8217;entretien des \u00e0 partir du traitement effectu\u00e9.<\/p>\n\n\n\n<h4 class=\"wp-block-heading\">NOTES SUR LA CLASSIFICATION DES POLLUANTS DE L&#8217;AIR<\/h4>\n\n\n\n<p>Compte tenu de la grande vari\u00e9t\u00e9 de substances pr\u00e9sentes dans l&#8217;atmosph\u00e8re, de nombreuses m\u00e9thodes de classification des polluants atmosph\u00e9riques ont \u00e9t\u00e9 propos\u00e9es: tout d&#8217;abord il peut \u00eatre class\u00e9 selon la composition chimique, pour laquelle on parle principalement de compos\u00e9s contenant du soufre, des compos\u00e9s contenant de l&#8217;azote, qui contiennent des compos\u00e9s de carbone et d&#8217;halog\u00e8ne. Deuxi\u00e8mement, il peut \u00eatre class\u00e9 en fonction de son \u00e9tat physique: gazeux, liquide ou solide; enfin, il peut \u00eatre divis\u00e9 en fonction du degr\u00e9 de r\u00e9activit\u00e9 dans l&#8217;atmosph\u00e8re, en substances primaires ou secondaires.<\/p>\n\n\n\n<p>Les polluants primaires peuvent \u00eatre de type gazeux ou particulaire et sont regroup\u00e9s en:<\/p>\n\n\n\n<ul class=\"wp-block-list\"><li>COMPOS\u00c9S DE SOUFRE &#8211; Les principaux compos\u00e9s contenant du soufre dans l&#8217;atmosph\u00e8re sont: dioxyde de soufre (SO2), sulfure de carbonyle (COS), sulfure de carbone (CS2), sulfure d&#8217;hydrog\u00e8ne (H2S), sulfate de dim\u00e9thyle (CH3 ) 2SO4.<\/li><li>COMPOS\u00c9S D&#8217;AZOTE &#8211; Les principaux compos\u00e9s contenant de l&#8217;azote sont: N2O, NO, NO2, NH3, HNO3, HONO, N2O5 et les sels de NO3, NO2, NH4. En revanche, le monoxyde et le dioxyde d&#8217;azote (NO et NO2) sont consid\u00e9r\u00e9s comme des polluants.<\/li><li>COMPOS\u00c9S DE CARBONE &#8211; Dans cette cat\u00e9gorie, les principaux compos\u00e9s inorganiques sont le monoxyde de carbone (CO) et le dioxyde ou le dioxyde de carbone (CO2). Cette cat\u00e9gorie comprend de nombreux compos\u00e9s class\u00e9s en grandes classes dont les principaux sont: les hydrocarbures (subdivis\u00e9s \u00e0 leur tour en alcanes comme le m\u00e9thane, les alc\u00e8nes comme l&#8217;\u00e9th\u00e8ne, les alcynes comme l&#8217;ac\u00e9tyl\u00e8ne), les aromatiques comme le benz\u00e8ne, les ald\u00e9hydes comme le formald\u00e9hyde, les c\u00e9tones comme les ac\u00e9tones.<\/li><li>IPA &#8211; HYDROCARBURES POLYCYCLIQUES AROMATIQUES &#8211; Une large gamme de substances produites par la combustion du bois, du naphta et du gazole, la norme la plus importante et unique est le Benzo (a) Pirene, consid\u00e9r\u00e9 comme un canc\u00e9rig\u00e8ne puissant.<\/li><li>COMPOS\u00c9S HALOG\u00c9N\u00c9S &#8211; Acide chlorhydrique HCl, acide fluorhydrique HF, acide bromhydrique HBr, halog\u00e9nures d&#8217;alkyle HCFC.<\/li><li>RADICAUX &#8211; Les radicaux les plus int\u00e9ressants, car ils r\u00e9agissent avec la plupart des compos\u00e9s organiques et inorganiques, sont le radical hydroxyle (OH) et l&#8217;hydroperoxyde (HO2) pendant la journ\u00e9e et le radical nitrate (NO3) la nuit.<\/li><li>Alors que le PARTICULAIRE est class\u00e9 en fonction du diam\u00e8tre des particules; ceux dont le diam\u00e8tre est sup\u00e9rieur \u00e0 2,5 \u00b5m sont consid\u00e9r\u00e9s comme grossiers et ceux dont le diam\u00e8tre est inf\u00e9rieur \u00e0 2,5 \u00b5m sont fins. Les particules d&#8217;un diam\u00e8tre inf\u00e9rieur \u00e0 10 \u00b5m (PM10) sont \u00e9galement distingu\u00e9es comme inhalables.<\/li><li> <\/li><\/ul>\n\n\n\n<p>Les principaux polluants secondaires de type gazeux sont:<\/p>\n\n\n\n<ul class=\"wp-block-list\"><li>Dioxyde d&#8217;azote NO2 form\u00e9 \u00e0 partir de NO primaire;<\/li><li>L&#8217;ozone O3 s&#8217;est form\u00e9 photochimiquement.<\/li><\/ul>\n\n\n\n<p>Les particules secondaires peuvent provenir de r\u00e9actions chimiques et physico-chimiques impliquant \u00e0 la fois des polluants gazeux primaires et secondaires. Les plus connus sont:<\/p>\n\n\n\n<ul class=\"wp-block-list\"><li>la transformation du dioxyde de soufre SO2 en sulfates SO4;<\/li><li>la transformation du dioxyde d&#8217;azote NO2 en nitrates NO3;<\/li><li>la transformation de compos\u00e9s organiques en particules organiques.<\/li><\/ul>\n\n\n\n<p>De plus amples informations sur l&#8217;\u00e9tat de la qualit\u00e9 de l&#8217;air peuvent \u00eatre t\u00e9l\u00e9charg\u00e9es sur le site Web de l&#8217;<strong><a href=\"https:\/\/www.eea.europa.eu\/fr\" target=\"_blank\" rel=\"noreferrer noopener\" aria-label=\"Agence europ\u00e9enne pour l'environnement (apre in una nuova scheda)\">Agence europ\u00e9enne pour l&#8217;environnement<\/a><\/strong> au lien suivant: <a rel=\"noreferrer noopener\" href=\"https:\/\/www.eea.europa.eu\/publications\/air-quality-in-europe-2019\" target=\"_blank\"><strong>Air quality in Europe &#8211; 2019 report [EN]<\/strong><\/a>.<\/p>\n\n\n\n<h4 class=\"wp-block-heading\"><br>PRINCIPAUX PROBL\u00c8MES DES SYST\u00c8MES INDUSTRIELS DE R\u00c9DUCTION ET DE PURIFICATION DES FUM\u00c9ES<\/h4>\n\n\n\n<p>Les plantes prises en consid\u00e9ration, lorsqu&#8217;elles sont aliment\u00e9es en combustibles fossiles, produisent: de la vapeur d&#8217;eau, du dioxyde de carbone (CO2), des particules telles que PM10 et inf\u00e9rieures, des hydrocarbures (HC), des oxydes d&#8217;azote (NOx) et du dioxyde de soufre (SO2), des solvants, brouillards acides, m\u00e9taux, poussi\u00e8res et plus encore.<\/p>\n\n\n\n<p>Les principaux traitements \u00e0 r\u00e9aliser par les fum\u00e9es issues de ces proc\u00e9d\u00e9s de production concernent: le d\u00e9poussi\u00e9rage, la d\u00e9sacidification et la d\u00e9nitrification.<\/p>\n\n\n\n<h4 class=\"wp-block-heading\">SYST\u00c8MES DE R\u00c9DUCTION ET DE PURIFICATION DES FUM\u00c9ES PROPOS\u00c9ES<\/h4>\n\n\n\n<p>Les syst\u00e8mes de r\u00e9duction et de purification des fum\u00e9es con\u00e7us r\u00e9pondent aux crit\u00e8res suivants: polyvalence et large plage d&#8217;utilisation, fiabilit\u00e9 et durabilit\u00e9, tr\u00e8s faible maintenance.<\/p>\n\n\n\n<p>L&#8217;\u00e9quipement, mis en \u00e9vidence dans notre <a href=\"http:\/\/www.wmt.it\/wp-content\/uploads\/2020\/01\/WIEP-12445.0_EN_A1.png\" target=\"_blank\" rel=\"noreferrer noopener\" aria-label=\"sch\u00e9ma fonctionnel WIEP-12445 (apre in una nuova scheda)\">sch\u00e9ma fonctionnel WIEP-12445<\/a>, est principalement compos\u00e9 d&#8217;une cellule de refroidissement rapide de type brouillard dans le but de transf\u00e9rer les cendres et les compos\u00e9s chimiques pr\u00e9sents dans les fum\u00e9es dans la masse liquide, pour ensuite r\u00e9cup\u00e9rer la chaleur transf\u00e9r\u00e9e, la purifier , neutralisez-le et filtrez-le, avant de le remettre en circulation.<\/p>\n\n\n\n<div class=\"wp-block-group\"><div class=\"wp-block-group__inner-container is-layout-flow wp-block-group-is-layout-flow\">\n<figure class=\"wp-block-image size-large\"><a href=\"http:\/\/www.wmt.it\/wp-content\/uploads\/2020\/01\/WIEP-12445.0_EN_A1-1.png\" target=\"_blank\" rel=\"noreferrer noopener\"><img fetchpriority=\"high\" decoding=\"async\" width=\"3179\" height=\"2246\" src=\"http:\/\/www.wmt.it\/wp-content\/uploads\/2020\/01\/WIEP-12445.0_EN_A1-1.png\" alt=\"\" class=\"wp-image-2105\" srcset=\"http:\/\/www.wmt.it\/wp-content\/uploads\/2020\/01\/WIEP-12445.0_EN_A1-1.png 3179w, http:\/\/www.wmt.it\/wp-content\/uploads\/2020\/01\/WIEP-12445.0_EN_A1-1-300x212.png 300w, http:\/\/www.wmt.it\/wp-content\/uploads\/2020\/01\/WIEP-12445.0_EN_A1-1-700x495.png 700w, http:\/\/www.wmt.it\/wp-content\/uploads\/2020\/01\/WIEP-12445.0_EN_A1-1-768x543.png 768w, http:\/\/www.wmt.it\/wp-content\/uploads\/2020\/01\/WIEP-12445.0_EN_A1-1-1536x1085.png 1536w, http:\/\/www.wmt.it\/wp-content\/uploads\/2020\/01\/WIEP-12445.0_EN_A1-1-2048x1447.png 2048w\" sizes=\"(max-width: 3179px) 100vw, 3179px\" \/><\/a><\/figure>\n<\/div><\/div>\n\n\n\n<p>Les fum\u00e9es provenant du processus de production ou de la chemin\u00e9e d&#8217;\u00e9vacuation sont achemin\u00e9es vers l&#8217;\u00e9purateur et introduites, au moyen d&#8217;un ou plusieurs tubes venturi, dans la chambre de lavage. Dans ce chemin, ils entrent en contact avec un jet d&#8217;eau projet\u00e9 \u00e0 travers la buse du moteur du tube de venturi. En raison de l&#8217;\u00e9norme surface de contact entre les fum\u00e9es et le liquide, donn\u00e9e par le nombre \u00e9norme de minuscules particules d&#8217;eau cr\u00e9\u00e9es par la buse sp\u00e9ciale du n\u00e9buliseur, une forte absorption est obtenue &#8211; gr\u00e2ce \u00e0 la diff\u00e9rence de tension de surface entre la fum\u00e9e et le brouillard. des particules liquides des particules solides. Les particules solides alourdies par l&#8217;absorption du liquide, s\u00e9par\u00e9es du flux de fluide et pr\u00e9cipitent dans la cuve de collecte pour \u00eatre ensuite envoy\u00e9es pour traitement.<\/p>\n\n\n\n<p>Les fum\u00e9es ainsi purifi\u00e9es, mais avec un riche pourcentage d&#8217;humidit\u00e9, passent \u00e0 travers un s\u00e9parateur de gouttelettes et un condenseur afin de recirculer tout le liquide utilis\u00e9 pour laver les fum\u00e9es et \u00e9viter les fum\u00e9es sortant de l&#8217;expulsion d&#8217;\u00e9chappement dans l&#8217;atmosph\u00e8re.<\/p>\n\n\n\n<p>Des sorties suppl\u00e9mentaires telles que des r\u00e9cup\u00e9rateurs de chaleur et d&#8217;autres filtres m\u00e9caniques ou biologiques peuvent \u00eatre install\u00e9es sur le conduit des fum\u00e9es d&#8217;\u00e9chappement.<\/p>\n\n\n\n<p>Le liquide de lavage vient dans l&#8217;ordre:<\/p>\n\n\n\n<ul class=\"wp-block-list\"><li>REFROIDI, r\u00e9cup\u00e9rant la chaleur \u00e9vacu\u00e9e des fum\u00e9es et utilis\u00e9e pour le chauffage ou la production d&#8217;eau chaude;<\/li><li> DISOLEED, pour la s\u00e9paration du liquide de lavage de toute huile ou hydrocarbure condens\u00e9;<\/li><li> PAR CONS\u00c9QUENT, IL CONTINUE UN PROCESSUS DE TRAITEMENT PHYSIQUE \/ CHIMIQUE, par: acidification, neutralisation, floculation et pr\u00e9cipitation, les compos\u00e9s chimiques accumul\u00e9s dans le liquide sont \u00e9limin\u00e9s pendant la phase de lavage;<\/li><li> PRESEPARATO, gr\u00e2ce \u00e0 un dispositif con\u00e7u pour augmenter la s\u00e9paration des substances solides pr\u00e9sentes dans le liquide de lavage;<\/li><li> FILTR\u00c9, \u00e0 travers un <a href=\"http:\/\/www.wmt.it\/index.php\/fr\/deep-bed-3\/\" target=\"_blank\" rel=\"noreferrer noopener\" aria-label=\"filtre clarificateur \u00e0 lit profond (apre in una nuova scheda)\">filtre clarificateur \u00e0 lit profond<\/a>, \u00e0 degr\u00e9 de filtration submicronique, autonettoyant avec r\u00e9g\u00e9n\u00e9ration du milieu filtrant par translation totale dans un laveur hydrocyclonique annex\u00e9;<\/li><li> SOUMET ENFIN LE TRAITEMENT FINAL par passage dans des colonnes de charbon actif et \/ ou de r\u00e9sines \u00e9changeuses d&#8217;ions: pour permettre l&#8217;\u00e9limination des r\u00e9sidus de micropolluants organiques et inorganiques et restaurer les param\u00e8tres chimiques corrects du fluide de lavage.<\/li><\/ul>\n\n\n\n<p>L&#8217;huile, les liquides contenant les polluants s\u00e9par\u00e9s et les boues provenant des diff\u00e9rents processus de s\u00e9paration sont \u00e9paissis par le biais de divers syst\u00e8mes pour une \u00e9limination ult\u00e9rieure.<\/p>\n\n\n\n<p>Pour toute information et configuration du syst\u00e8me selon vos besoins sp\u00e9cifiques, veuillez contacter notre <a href=\"mailto:dip@wmt.it?subject=Demande%20de%20clarification%20pour%20une%20usine%20de%20traitement%20des%20fum\u00e9es.\">service technique<\/a>.<\/p>\n","protected":false},"excerpt":{"rendered":"<p>En tant que concepteurs et d\u00e9veloppeurs experts de plantes \u00e9cologiques, nous avons d\u00e9ploy\u00e9 nos efforts dans l&#8217;\u00e9tude des syst\u00e8mes de r\u00e9duction et purification des fum\u00e9es des poussi\u00e8res fines, PM 10, PM 2,5, et l&#8217;\u00e9limination simultan\u00e9e des compos\u00e9s chimiques, produits par: les syst\u00e8mes de chauffage civils et industriels, les incin\u00e9rateurs et les usines de valorisation \u00e9nerg\u00e9tique, [&hellip;]<\/p>\n","protected":false},"author":3,"featured_media":1718,"parent":0,"menu_order":0,"comment_status":"closed","ping_status":"closed","template":"","meta":{"ngg_post_thumbnail":0,"footnotes":""},"class_list":["post-1375","page","type-page","status-publish","has-post-thumbnail","hentry"],"yoast_head":"<!-- This site is optimized with the Yoast SEO plugin v27.3 - https:\/\/yoast.com\/product\/yoast-seo-wordpress\/ -->\n<title>R\u00e9duction et purification des fum\u00e9es &#8226; W.M.T. - Water and Mechanical Technology s.r.l.<\/title>\n<meta name=\"description\" content=\"syst\u00e8mes pour la r\u00e9duction des fum\u00e9es et des poussi\u00e8res fines PM 10 PM 2.5 et la purification simultan\u00e9e \u00e0 partir de compos\u00e9s chimiques\" \/>\n<meta name=\"robots\" content=\"index, follow, max-snippet:-1, max-image-preview:large, max-video-preview:-1\" \/>\n<link rel=\"canonical\" href=\"http:\/\/www.wmt.it\/index.php\/fr\/reduction-et-purification-des-fumees\/\" \/>\n<meta property=\"og:locale\" content=\"it_IT\" \/>\n<meta property=\"og:type\" content=\"article\" \/>\n<meta property=\"og:title\" content=\"R\u00e9duction et purification des fum\u00e9es &#8226; W.M.T. - Water and Mechanical Technology s.r.l.\" \/>\n<meta property=\"og:description\" content=\"syst\u00e8mes pour la r\u00e9duction des fum\u00e9es et des poussi\u00e8res fines PM 10 PM 2.5 et la purification simultan\u00e9e \u00e0 partir de compos\u00e9s chimiques\" \/>\n<meta property=\"og:url\" content=\"http:\/\/www.wmt.it\/index.php\/fr\/reduction-et-purification-des-fumees\/\" \/>\n<meta property=\"og:site_name\" content=\"W.M.T. - Water and Mechanical Technology s.r.l.\" \/>\n<meta property=\"article:publisher\" content=\"https:\/\/www.facebook.com\/pages\/WMT\/523330841079249?eid=ARBCva1bxbHrIwpLi2jUbikM5NzJrQOywcEqrkgUjYQ_m59R20SghP76Um2Ffw8jsoHFxRwr_28Y5a6v\" \/>\n<meta property=\"article:modified_time\" content=\"2020-03-03T16:49:59+00:00\" \/>\n<meta property=\"og:image\" content=\"http:\/\/www.wmt.it\/wp-content\/uploads\/2019\/12\/Depurazione-fumi-e1576660787323.jpg\" \/>\n\t<meta property=\"og:image:width\" content=\"1920\" \/>\n\t<meta property=\"og:image:height\" content=\"600\" \/>\n\t<meta property=\"og:image:type\" content=\"image\/jpeg\" \/>\n<meta name=\"twitter:card\" content=\"summary_large_image\" \/>\n<meta name=\"twitter:label1\" content=\"Tempo di lettura stimato\" \/>\n\t<meta name=\"twitter:data1\" content=\"7 minuti\" \/>\n<script type=\"application\/ld+json\" class=\"yoast-schema-graph\">{\"@context\":\"https:\\\/\\\/schema.org\",\"@graph\":[{\"@type\":\"WebPage\",\"@id\":\"http:\\\/\\\/www.wmt.it\\\/index.php\\\/fr\\\/reduction-et-purification-des-fumees\\\/\",\"url\":\"http:\\\/\\\/www.wmt.it\\\/index.php\\\/fr\\\/reduction-et-purification-des-fumees\\\/\",\"name\":\"R\u00e9duction et purification des fum\u00e9es &#8226; W.M.T. - Water and Mechanical Technology s.r.l.\",\"isPartOf\":{\"@id\":\"http:\\\/\\\/www.wmt.it\\\/#website\"},\"primaryImageOfPage\":{\"@id\":\"http:\\\/\\\/www.wmt.it\\\/index.php\\\/fr\\\/reduction-et-purification-des-fumees\\\/#primaryimage\"},\"image\":{\"@id\":\"http:\\\/\\\/www.wmt.it\\\/index.php\\\/fr\\\/reduction-et-purification-des-fumees\\\/#primaryimage\"},\"thumbnailUrl\":\"http:\\\/\\\/www.wmt.it\\\/wp-content\\\/uploads\\\/2019\\\/12\\\/Depurazione-fumi-e1576660787323.jpg\",\"datePublished\":\"2019-12-10T10:36:02+00:00\",\"dateModified\":\"2020-03-03T16:49:59+00:00\",\"description\":\"syst\u00e8mes pour la r\u00e9duction des fum\u00e9es et des poussi\u00e8res fines PM 10 PM 2.5 et la purification simultan\u00e9e \u00e0 partir de compos\u00e9s chimiques\",\"breadcrumb\":{\"@id\":\"http:\\\/\\\/www.wmt.it\\\/index.php\\\/fr\\\/reduction-et-purification-des-fumees\\\/#breadcrumb\"},\"inLanguage\":\"it-IT\",\"potentialAction\":[{\"@type\":\"ReadAction\",\"target\":[\"http:\\\/\\\/www.wmt.it\\\/index.php\\\/fr\\\/reduction-et-purification-des-fumees\\\/\"]}]},{\"@type\":\"ImageObject\",\"inLanguage\":\"it-IT\",\"@id\":\"http:\\\/\\\/www.wmt.it\\\/index.php\\\/fr\\\/reduction-et-purification-des-fumees\\\/#primaryimage\",\"url\":\"http:\\\/\\\/www.wmt.it\\\/wp-content\\\/uploads\\\/2019\\\/12\\\/Depurazione-fumi-e1576660787323.jpg\",\"contentUrl\":\"http:\\\/\\\/www.wmt.it\\\/wp-content\\\/uploads\\\/2019\\\/12\\\/Depurazione-fumi-e1576660787323.jpg\",\"width\":1920,\"height\":600},{\"@type\":\"BreadcrumbList\",\"@id\":\"http:\\\/\\\/www.wmt.it\\\/index.php\\\/fr\\\/reduction-et-purification-des-fumees\\\/#breadcrumb\",\"itemListElement\":[{\"@type\":\"ListItem\",\"position\":1,\"name\":\"Home\",\"item\":\"http:\\\/\\\/www.wmt.it\\\/index.php\\\/en\\\/wmt-home\\\/\"},{\"@type\":\"ListItem\",\"position\":2,\"name\":\"R\u00e9duction et purification des fum\u00e9es\"}]},{\"@type\":\"WebSite\",\"@id\":\"http:\\\/\\\/www.wmt.it\\\/#website\",\"url\":\"http:\\\/\\\/www.wmt.it\\\/\",\"name\":\"W.M.T. - Water and Mechanical Technology s.r.l.\",\"description\":\"ENGINEERING AND FILTERING SYSTEM, PURE WITH PROFIT\",\"publisher\":{\"@id\":\"http:\\\/\\\/www.wmt.it\\\/#organization\"},\"potentialAction\":[{\"@type\":\"SearchAction\",\"target\":{\"@type\":\"EntryPoint\",\"urlTemplate\":\"http:\\\/\\\/www.wmt.it\\\/?s={search_term_string}\"},\"query-input\":{\"@type\":\"PropertyValueSpecification\",\"valueRequired\":true,\"valueName\":\"search_term_string\"}}],\"inLanguage\":\"it-IT\"},{\"@type\":\"Organization\",\"@id\":\"http:\\\/\\\/www.wmt.it\\\/#organization\",\"name\":\"W.M.T. - Water and Mechanical Technology s.r.l.\",\"url\":\"http:\\\/\\\/www.wmt.it\\\/\",\"logo\":{\"@type\":\"ImageObject\",\"inLanguage\":\"it-IT\",\"@id\":\"http:\\\/\\\/www.wmt.it\\\/#\\\/schema\\\/logo\\\/image\\\/\",\"url\":\"http:\\\/\\\/www.wmt.it\\\/wp-content\\\/uploads\\\/2019\\\/12\\\/logo_wmt_blu_512x512.jpg\",\"contentUrl\":\"http:\\\/\\\/www.wmt.it\\\/wp-content\\\/uploads\\\/2019\\\/12\\\/logo_wmt_blu_512x512.jpg\",\"width\":512,\"height\":512,\"caption\":\"W.M.T. - Water and Mechanical Technology s.r.l.\"},\"image\":{\"@id\":\"http:\\\/\\\/www.wmt.it\\\/#\\\/schema\\\/logo\\\/image\\\/\"},\"sameAs\":[\"https:\\\/\\\/www.facebook.com\\\/pages\\\/WMT\\\/523330841079249?eid=ARBCva1bxbHrIwpLi2jUbikM5NzJrQOywcEqrkgUjYQ_m59R20SghP76Um2Ffw8jsoHFxRwr_28Y5a6v\",\"https:\\\/\\\/www.google.com\\\/maps\\\/place\\\/W.M.T.+-+Water+and+Mechanical+Technology+s.r.l.\\\/@45.538948,9.1806583,17z\\\/data=!3m1!4b1!4m5!3m4!1s0x4786bf60c912a84b:0xfc12749d2f8ea14a!8m2!3d45.538948!4d9.182847\",\"https:\\\/\\\/www.linkedin.com\\\/company\\\/2059941\"]}]}<\/script>\n<!-- \/ Yoast SEO plugin. -->","yoast_head_json":{"title":"R\u00e9duction et purification des fum\u00e9es &#8226; W.M.T. - Water and Mechanical Technology s.r.l.","description":"syst\u00e8mes pour la r\u00e9duction des fum\u00e9es et des poussi\u00e8res fines PM 10 PM 2.5 et la purification simultan\u00e9e \u00e0 partir de compos\u00e9s chimiques","robots":{"index":"index","follow":"follow","max-snippet":"max-snippet:-1","max-image-preview":"max-image-preview:large","max-video-preview":"max-video-preview:-1"},"canonical":"http:\/\/www.wmt.it\/index.php\/fr\/reduction-et-purification-des-fumees\/","og_locale":"it_IT","og_type":"article","og_title":"R\u00e9duction et purification des fum\u00e9es &#8226; W.M.T. - Water and Mechanical Technology s.r.l.","og_description":"syst\u00e8mes pour la r\u00e9duction des fum\u00e9es et des poussi\u00e8res fines PM 10 PM 2.5 et la purification simultan\u00e9e \u00e0 partir de compos\u00e9s chimiques","og_url":"http:\/\/www.wmt.it\/index.php\/fr\/reduction-et-purification-des-fumees\/","og_site_name":"W.M.T. - Water and Mechanical Technology s.r.l.","article_publisher":"https:\/\/www.facebook.com\/pages\/WMT\/523330841079249?eid=ARBCva1bxbHrIwpLi2jUbikM5NzJrQOywcEqrkgUjYQ_m59R20SghP76Um2Ffw8jsoHFxRwr_28Y5a6v","article_modified_time":"2020-03-03T16:49:59+00:00","og_image":[{"width":1920,"height":600,"url":"http:\/\/www.wmt.it\/wp-content\/uploads\/2019\/12\/Depurazione-fumi-e1576660787323.jpg","type":"image\/jpeg"}],"twitter_card":"summary_large_image","twitter_misc":{"Tempo di lettura stimato":"7 minuti"},"schema":{"@context":"https:\/\/schema.org","@graph":[{"@type":"WebPage","@id":"http:\/\/www.wmt.it\/index.php\/fr\/reduction-et-purification-des-fumees\/","url":"http:\/\/www.wmt.it\/index.php\/fr\/reduction-et-purification-des-fumees\/","name":"R\u00e9duction et purification des fum\u00e9es &#8226; W.M.T. - Water and Mechanical Technology s.r.l.","isPartOf":{"@id":"http:\/\/www.wmt.it\/#website"},"primaryImageOfPage":{"@id":"http:\/\/www.wmt.it\/index.php\/fr\/reduction-et-purification-des-fumees\/#primaryimage"},"image":{"@id":"http:\/\/www.wmt.it\/index.php\/fr\/reduction-et-purification-des-fumees\/#primaryimage"},"thumbnailUrl":"http:\/\/www.wmt.it\/wp-content\/uploads\/2019\/12\/Depurazione-fumi-e1576660787323.jpg","datePublished":"2019-12-10T10:36:02+00:00","dateModified":"2020-03-03T16:49:59+00:00","description":"syst\u00e8mes pour la r\u00e9duction des fum\u00e9es et des poussi\u00e8res fines PM 10 PM 2.5 et la purification simultan\u00e9e \u00e0 partir de compos\u00e9s chimiques","breadcrumb":{"@id":"http:\/\/www.wmt.it\/index.php\/fr\/reduction-et-purification-des-fumees\/#breadcrumb"},"inLanguage":"it-IT","potentialAction":[{"@type":"ReadAction","target":["http:\/\/www.wmt.it\/index.php\/fr\/reduction-et-purification-des-fumees\/"]}]},{"@type":"ImageObject","inLanguage":"it-IT","@id":"http:\/\/www.wmt.it\/index.php\/fr\/reduction-et-purification-des-fumees\/#primaryimage","url":"http:\/\/www.wmt.it\/wp-content\/uploads\/2019\/12\/Depurazione-fumi-e1576660787323.jpg","contentUrl":"http:\/\/www.wmt.it\/wp-content\/uploads\/2019\/12\/Depurazione-fumi-e1576660787323.jpg","width":1920,"height":600},{"@type":"BreadcrumbList","@id":"http:\/\/www.wmt.it\/index.php\/fr\/reduction-et-purification-des-fumees\/#breadcrumb","itemListElement":[{"@type":"ListItem","position":1,"name":"Home","item":"http:\/\/www.wmt.it\/index.php\/en\/wmt-home\/"},{"@type":"ListItem","position":2,"name":"R\u00e9duction et purification des fum\u00e9es"}]},{"@type":"WebSite","@id":"http:\/\/www.wmt.it\/#website","url":"http:\/\/www.wmt.it\/","name":"W.M.T. - Water and Mechanical Technology s.r.l.","description":"ENGINEERING AND FILTERING SYSTEM, PURE WITH PROFIT","publisher":{"@id":"http:\/\/www.wmt.it\/#organization"},"potentialAction":[{"@type":"SearchAction","target":{"@type":"EntryPoint","urlTemplate":"http:\/\/www.wmt.it\/?s={search_term_string}"},"query-input":{"@type":"PropertyValueSpecification","valueRequired":true,"valueName":"search_term_string"}}],"inLanguage":"it-IT"},{"@type":"Organization","@id":"http:\/\/www.wmt.it\/#organization","name":"W.M.T. - Water and Mechanical Technology s.r.l.","url":"http:\/\/www.wmt.it\/","logo":{"@type":"ImageObject","inLanguage":"it-IT","@id":"http:\/\/www.wmt.it\/#\/schema\/logo\/image\/","url":"http:\/\/www.wmt.it\/wp-content\/uploads\/2019\/12\/logo_wmt_blu_512x512.jpg","contentUrl":"http:\/\/www.wmt.it\/wp-content\/uploads\/2019\/12\/logo_wmt_blu_512x512.jpg","width":512,"height":512,"caption":"W.M.T. - Water and Mechanical Technology s.r.l."},"image":{"@id":"http:\/\/www.wmt.it\/#\/schema\/logo\/image\/"},"sameAs":["https:\/\/www.facebook.com\/pages\/WMT\/523330841079249?eid=ARBCva1bxbHrIwpLi2jUbikM5NzJrQOywcEqrkgUjYQ_m59R20SghP76Um2Ffw8jsoHFxRwr_28Y5a6v","https:\/\/www.google.com\/maps\/place\/W.M.T.+-+Water+and+Mechanical+Technology+s.r.l.\/@45.538948,9.1806583,17z\/data=!3m1!4b1!4m5!3m4!1s0x4786bf60c912a84b:0xfc12749d2f8ea14a!8m2!3d45.538948!4d9.182847","https:\/\/www.linkedin.com\/company\/2059941"]}]}},"_links":{"self":[{"href":"http:\/\/www.wmt.it\/index.php\/wp-json\/wp\/v2\/pages\/1375","targetHints":{"allow":["GET"]}}],"collection":[{"href":"http:\/\/www.wmt.it\/index.php\/wp-json\/wp\/v2\/pages"}],"about":[{"href":"http:\/\/www.wmt.it\/index.php\/wp-json\/wp\/v2\/types\/page"}],"author":[{"embeddable":true,"href":"http:\/\/www.wmt.it\/index.php\/wp-json\/wp\/v2\/users\/3"}],"replies":[{"embeddable":true,"href":"http:\/\/www.wmt.it\/index.php\/wp-json\/wp\/v2\/comments?post=1375"}],"version-history":[{"count":11,"href":"http:\/\/www.wmt.it\/index.php\/wp-json\/wp\/v2\/pages\/1375\/revisions"}],"predecessor-version":[{"id":2870,"href":"http:\/\/www.wmt.it\/index.php\/wp-json\/wp\/v2\/pages\/1375\/revisions\/2870"}],"wp:featuredmedia":[{"embeddable":true,"href":"http:\/\/www.wmt.it\/index.php\/wp-json\/wp\/v2\/media\/1718"}],"wp:attachment":[{"href":"http:\/\/www.wmt.it\/index.php\/wp-json\/wp\/v2\/media?parent=1375"}],"curies":[{"name":"wp","href":"https:\/\/api.w.org\/{rel}","templated":true}]}}