{"id":1481,"date":"2019-12-11T11:54:27","date_gmt":"2019-12-11T10:54:27","guid":{"rendered":"http:\/\/www2.wmt.it\/?page_id=1481"},"modified":"2020-02-13T11:50:03","modified_gmt":"2020-02-13T10:50:03","slug":"separateurs-magnetiques","status":"publish","type":"page","link":"http:\/\/www.wmt.it\/index.php\/fr\/separateurs-magnetiques\/","title":{"rendered":"S\u00e9parateurs magn\u00e9tiques"},"content":{"rendered":"\n<p> <br>L&#8217;un des moyens les moins co\u00fbteux de s\u00e9parer les particules magn\u00e9tiques pr\u00e9sentes dans le lubrifiant de refroidissement ou l&#8217;eau de traitement dans les industries m\u00e9caniques et sid\u00e9rurgiques et en g\u00e9n\u00e9ral dans un plan d&#8217;eau, est l&#8217;utilisation de s\u00e9parateurs magn\u00e9tiques. La pr\u00e9sence de particules m\u00e9talliques est s\u00e9par\u00e9e par diff\u00e9rentes forces magn\u00e9tiques en fonction des diff\u00e9rentes concentrations polluantes. <\/p>\n\n\n\n<p>Certaines particules magn\u00e9tiques peuvent \u00eatre facilement s\u00e9par\u00e9es avec un s\u00e9parateur qui a un champ magn\u00e9tique de faible intensit\u00e9 de 40 \u00e0 60 mT (milliTesla). Les particules paramagn\u00e9tiques (faiblement magn\u00e9tiques) n\u00e9cessitent un champ magn\u00e9tique d&#8217;intensit\u00e9 plus \u00e9lev\u00e9e, g\u00e9n\u00e9ralement de 0,6 \u00e0 2 T (Tesla).<\/p>\n\n\n\n<p>Les s\u00e9parateurs magn\u00e9tiques WMT conviennent \u00e0 la s\u00e9paration magn\u00e9tique humide de copeaux ou de mat\u00e9riaux granulaires. Ils sont principalement de deux types, \u00e0 disques rotatifs ou \u00e0 tubes immerg\u00e9s entra\u00een\u00e9s par une paire de cha\u00eenes.<\/p>\n\n\n\n<p>Les copeaux ou grains captur\u00e9s par les \u00e9l\u00e9ments magn\u00e9tiques du s\u00e9parateur sont retir\u00e9s par une lame racleuse et envoy\u00e9s dans la bo\u00eete de collecte.<\/p>\n\n\n\n<p>Le mat\u00e9riau magn\u00e9tique utilis\u00e9 est la ferrite ou le n\u00e9odyme (NdFeB) selon les applications requises.<\/p>\n\n\n\n<p>Le choix du type de s\u00e9parateur d\u00e9pend du d\u00e9bit du fluide, de la quantit\u00e9 de copeaux ou de particules magn\u00e9tiques pr\u00e9sentes dans le plan d&#8217;eau et de la taille des grains.<\/p>\n\n\n\n<p> <br>Ils peuvent \u00eatre install\u00e9s dans des r\u00e9servoirs existants ou sp\u00e9ciaux en acier simple ou en acier au carbone pour augmenter leur effet magn\u00e9tique. <\/p>\n\n\n\n<table style=\"width: 100%;\" cellspacing=\"0\" border=\"0\">\n<tbody>\n<tr><\/tr>\n<tr>\n<td style=\"width: 10%;\" align=\"center\"><\/td>\n<td style=\"width: 35%;\" align=\"center\"><div class=\"wp-block-button\"><a class=\"wp-block-button__link has-background has-vivid-cyan-blue-background-color\" href=\"http:\/\/www.wmt.it\/index.php\/separatori-magnetici-foto\/\" target=\"_blank\" rel=\"noopener noreferrer\">Galerie d\u2019images<\/a><\/div><\/td>\n<td style=\"width: 10%;\" align=\"center\"><\/td>\n<td style=\"width: 35%;\" align=\"center\"><div class=\"wp-block-button\"><a class=\"wp-block-button__link has-background has-vivid-cyan-blue-background-color\" href=\"http:\/\/www.wmt.it\/wp-content\/uploads\/2020\/01\/17-e-magnetic-separator.pdf\" target=\"_blank\" rel=\"noopener noreferrer\">Voir la brochure [EN]<\/a><\/div><\/td>\n<td style=\"width: 10%;\" align=\"center\"><\/td>\n<\/tr>\n<\/tbody>\n<\/table>\n","protected":false},"excerpt":{"rendered":"<p>L&#8217;un des moyens les moins co\u00fbteux de s\u00e9parer les particules magn\u00e9tiques pr\u00e9sentes dans le lubrifiant de refroidissement ou l&#8217;eau de traitement dans les industries m\u00e9caniques et sid\u00e9rurgiques et en g\u00e9n\u00e9ral dans un plan d&#8217;eau, est l&#8217;utilisation de s\u00e9parateurs magn\u00e9tiques. La pr\u00e9sence de particules m\u00e9talliques est s\u00e9par\u00e9e par diff\u00e9rentes forces magn\u00e9tiques en fonction des diff\u00e9rentes concentrations [&hellip;]<\/p>\n","protected":false},"author":3,"featured_media":1723,"parent":0,"menu_order":0,"comment_status":"closed","ping_status":"closed","template":"","meta":{"ngg_post_thumbnail":0,"footnotes":""},"class_list":["post-1481","page","type-page","status-publish","has-post-thumbnail","hentry"],"yoast_head":"<!-- This site is optimized with the Yoast SEO plugin v27.4 - https:\/\/yoast.com\/product\/yoast-seo-wordpress\/ -->\n<title>S\u00e9parateurs magn\u00e9tiques &#8226; W.M.T. - Water and Mechanical Technology s.r.l.<\/title>\n<meta name=\"description\" content=\"L&#039;un des moyens les moins co\u00fbteux de s\u00e9parer les particules dans le lubrifiant de refroidissement ou dans l&#039;eau est l&#039;utilisation de s\u00e9parateurs magn\u00e9tiques.\" \/>\n<meta name=\"robots\" content=\"index, follow, max-snippet:-1, max-image-preview:large, max-video-preview:-1\" \/>\n<link rel=\"canonical\" href=\"http:\/\/www.wmt.it\/index.php\/fr\/separateurs-magnetiques\/\" \/>\n<meta property=\"og:locale\" content=\"it_IT\" \/>\n<meta property=\"og:type\" content=\"article\" \/>\n<meta property=\"og:title\" content=\"S\u00e9parateurs magn\u00e9tiques &#8226; W.M.T. - Water and Mechanical Technology s.r.l.\" \/>\n<meta property=\"og:description\" content=\"L&#039;un des moyens les moins co\u00fbteux de s\u00e9parer les particules dans le lubrifiant de refroidissement ou dans l&#039;eau est l&#039;utilisation de s\u00e9parateurs magn\u00e9tiques.\" \/>\n<meta property=\"og:url\" content=\"http:\/\/www.wmt.it\/index.php\/fr\/separateurs-magnetiques\/\" \/>\n<meta property=\"og:site_name\" content=\"W.M.T. - Water and Mechanical Technology s.r.l.\" \/>\n<meta property=\"article:publisher\" content=\"https:\/\/www.facebook.com\/pages\/WMT\/523330841079249?eid=ARBCva1bxbHrIwpLi2jUbikM5NzJrQOywcEqrkgUjYQ_m59R20SghP76Um2Ffw8jsoHFxRwr_28Y5a6v\" \/>\n<meta property=\"article:modified_time\" content=\"2020-02-13T10:50:03+00:00\" \/>\n<meta property=\"og:image\" content=\"http:\/\/www.wmt.it\/wp-content\/uploads\/2019\/12\/separatori-magnetici-e1576660700160.jpg\" \/>\n\t<meta property=\"og:image:width\" content=\"1920\" \/>\n\t<meta property=\"og:image:height\" content=\"600\" \/>\n\t<meta property=\"og:image:type\" content=\"image\/jpeg\" \/>\n<meta name=\"twitter:card\" content=\"summary_large_image\" \/>\n<meta name=\"twitter:label1\" content=\"Tempo di lettura stimato\" \/>\n\t<meta name=\"twitter:data1\" content=\"1 minuto\" \/>\n<script type=\"application\/ld+json\" class=\"yoast-schema-graph\">{\"@context\":\"https:\\\/\\\/schema.org\",\"@graph\":[{\"@type\":\"WebPage\",\"@id\":\"http:\\\/\\\/www.wmt.it\\\/index.php\\\/fr\\\/separateurs-magnetiques\\\/\",\"url\":\"http:\\\/\\\/www.wmt.it\\\/index.php\\\/fr\\\/separateurs-magnetiques\\\/\",\"name\":\"S\u00e9parateurs magn\u00e9tiques &#8226; W.M.T. - Water and Mechanical Technology s.r.l.\",\"isPartOf\":{\"@id\":\"http:\\\/\\\/www.wmt.it\\\/#website\"},\"primaryImageOfPage\":{\"@id\":\"http:\\\/\\\/www.wmt.it\\\/index.php\\\/fr\\\/separateurs-magnetiques\\\/#primaryimage\"},\"image\":{\"@id\":\"http:\\\/\\\/www.wmt.it\\\/index.php\\\/fr\\\/separateurs-magnetiques\\\/#primaryimage\"},\"thumbnailUrl\":\"http:\\\/\\\/www.wmt.it\\\/wp-content\\\/uploads\\\/2019\\\/12\\\/separatori-magnetici-e1576660700160.jpg\",\"datePublished\":\"2019-12-11T10:54:27+00:00\",\"dateModified\":\"2020-02-13T10:50:03+00:00\",\"description\":\"L'un des moyens les moins co\u00fbteux de s\u00e9parer les particules dans le lubrifiant de refroidissement ou dans l'eau est l'utilisation de s\u00e9parateurs magn\u00e9tiques.\",\"breadcrumb\":{\"@id\":\"http:\\\/\\\/www.wmt.it\\\/index.php\\\/fr\\\/separateurs-magnetiques\\\/#breadcrumb\"},\"inLanguage\":\"it-IT\",\"potentialAction\":[{\"@type\":\"ReadAction\",\"target\":[\"http:\\\/\\\/www.wmt.it\\\/index.php\\\/fr\\\/separateurs-magnetiques\\\/\"]}]},{\"@type\":\"ImageObject\",\"inLanguage\":\"it-IT\",\"@id\":\"http:\\\/\\\/www.wmt.it\\\/index.php\\\/fr\\\/separateurs-magnetiques\\\/#primaryimage\",\"url\":\"http:\\\/\\\/www.wmt.it\\\/wp-content\\\/uploads\\\/2019\\\/12\\\/separatori-magnetici-e1576660700160.jpg\",\"contentUrl\":\"http:\\\/\\\/www.wmt.it\\\/wp-content\\\/uploads\\\/2019\\\/12\\\/separatori-magnetici-e1576660700160.jpg\",\"width\":1920,\"height\":600},{\"@type\":\"BreadcrumbList\",\"@id\":\"http:\\\/\\\/www.wmt.it\\\/index.php\\\/fr\\\/separateurs-magnetiques\\\/#breadcrumb\",\"itemListElement\":[{\"@type\":\"ListItem\",\"position\":1,\"name\":\"Home\",\"item\":\"http:\\\/\\\/www.wmt.it\\\/index.php\\\/en\\\/wmt-home\\\/\"},{\"@type\":\"ListItem\",\"position\":2,\"name\":\"S\u00e9parateurs magn\u00e9tiques\"}]},{\"@type\":\"WebSite\",\"@id\":\"http:\\\/\\\/www.wmt.it\\\/#website\",\"url\":\"http:\\\/\\\/www.wmt.it\\\/\",\"name\":\"W.M.T. - Water and Mechanical Technology s.r.l.\",\"description\":\"ENGINEERING AND FILTERING SYSTEM, PURE WITH PROFIT\",\"publisher\":{\"@id\":\"http:\\\/\\\/www.wmt.it\\\/#organization\"},\"potentialAction\":[{\"@type\":\"SearchAction\",\"target\":{\"@type\":\"EntryPoint\",\"urlTemplate\":\"http:\\\/\\\/www.wmt.it\\\/?s={search_term_string}\"},\"query-input\":{\"@type\":\"PropertyValueSpecification\",\"valueRequired\":true,\"valueName\":\"search_term_string\"}}],\"inLanguage\":\"it-IT\"},{\"@type\":\"Organization\",\"@id\":\"http:\\\/\\\/www.wmt.it\\\/#organization\",\"name\":\"W.M.T. - Water and Mechanical Technology s.r.l.\",\"url\":\"http:\\\/\\\/www.wmt.it\\\/\",\"logo\":{\"@type\":\"ImageObject\",\"inLanguage\":\"it-IT\",\"@id\":\"http:\\\/\\\/www.wmt.it\\\/#\\\/schema\\\/logo\\\/image\\\/\",\"url\":\"http:\\\/\\\/www.wmt.it\\\/wp-content\\\/uploads\\\/2019\\\/12\\\/logo_wmt_blu_512x512.jpg\",\"contentUrl\":\"http:\\\/\\\/www.wmt.it\\\/wp-content\\\/uploads\\\/2019\\\/12\\\/logo_wmt_blu_512x512.jpg\",\"width\":512,\"height\":512,\"caption\":\"W.M.T. - Water and Mechanical Technology s.r.l.\"},\"image\":{\"@id\":\"http:\\\/\\\/www.wmt.it\\\/#\\\/schema\\\/logo\\\/image\\\/\"},\"sameAs\":[\"https:\\\/\\\/www.facebook.com\\\/pages\\\/WMT\\\/523330841079249?eid=ARBCva1bxbHrIwpLi2jUbikM5NzJrQOywcEqrkgUjYQ_m59R20SghP76Um2Ffw8jsoHFxRwr_28Y5a6v\",\"https:\\\/\\\/www.google.com\\\/maps\\\/place\\\/W.M.T.+-+Water+and+Mechanical+Technology+s.r.l.\\\/@45.538948,9.1806583,17z\\\/data=!3m1!4b1!4m5!3m4!1s0x4786bf60c912a84b:0xfc12749d2f8ea14a!8m2!3d45.538948!4d9.182847\",\"https:\\\/\\\/www.linkedin.com\\\/company\\\/2059941\"]}]}<\/script>\n<!-- \/ Yoast SEO plugin. -->","yoast_head_json":{"title":"S\u00e9parateurs magn\u00e9tiques &#8226; W.M.T. - Water and Mechanical Technology s.r.l.","description":"L'un des moyens les moins co\u00fbteux de s\u00e9parer les particules dans le lubrifiant de refroidissement ou dans l'eau est l'utilisation de s\u00e9parateurs magn\u00e9tiques.","robots":{"index":"index","follow":"follow","max-snippet":"max-snippet:-1","max-image-preview":"max-image-preview:large","max-video-preview":"max-video-preview:-1"},"canonical":"http:\/\/www.wmt.it\/index.php\/fr\/separateurs-magnetiques\/","og_locale":"it_IT","og_type":"article","og_title":"S\u00e9parateurs magn\u00e9tiques &#8226; W.M.T. - Water and Mechanical Technology s.r.l.","og_description":"L'un des moyens les moins co\u00fbteux de s\u00e9parer les particules dans le lubrifiant de refroidissement ou dans l'eau est l'utilisation de s\u00e9parateurs magn\u00e9tiques.","og_url":"http:\/\/www.wmt.it\/index.php\/fr\/separateurs-magnetiques\/","og_site_name":"W.M.T. - Water and Mechanical Technology s.r.l.","article_publisher":"https:\/\/www.facebook.com\/pages\/WMT\/523330841079249?eid=ARBCva1bxbHrIwpLi2jUbikM5NzJrQOywcEqrkgUjYQ_m59R20SghP76Um2Ffw8jsoHFxRwr_28Y5a6v","article_modified_time":"2020-02-13T10:50:03+00:00","og_image":[{"width":1920,"height":600,"url":"http:\/\/www.wmt.it\/wp-content\/uploads\/2019\/12\/separatori-magnetici-e1576660700160.jpg","type":"image\/jpeg"}],"twitter_card":"summary_large_image","twitter_misc":{"Tempo di lettura stimato":"1 minuto"},"schema":{"@context":"https:\/\/schema.org","@graph":[{"@type":"WebPage","@id":"http:\/\/www.wmt.it\/index.php\/fr\/separateurs-magnetiques\/","url":"http:\/\/www.wmt.it\/index.php\/fr\/separateurs-magnetiques\/","name":"S\u00e9parateurs magn\u00e9tiques &#8226; W.M.T. - Water and Mechanical Technology s.r.l.","isPartOf":{"@id":"http:\/\/www.wmt.it\/#website"},"primaryImageOfPage":{"@id":"http:\/\/www.wmt.it\/index.php\/fr\/separateurs-magnetiques\/#primaryimage"},"image":{"@id":"http:\/\/www.wmt.it\/index.php\/fr\/separateurs-magnetiques\/#primaryimage"},"thumbnailUrl":"http:\/\/www.wmt.it\/wp-content\/uploads\/2019\/12\/separatori-magnetici-e1576660700160.jpg","datePublished":"2019-12-11T10:54:27+00:00","dateModified":"2020-02-13T10:50:03+00:00","description":"L'un des moyens les moins co\u00fbteux de s\u00e9parer les particules dans le lubrifiant de refroidissement ou dans l'eau est l'utilisation de s\u00e9parateurs magn\u00e9tiques.","breadcrumb":{"@id":"http:\/\/www.wmt.it\/index.php\/fr\/separateurs-magnetiques\/#breadcrumb"},"inLanguage":"it-IT","potentialAction":[{"@type":"ReadAction","target":["http:\/\/www.wmt.it\/index.php\/fr\/separateurs-magnetiques\/"]}]},{"@type":"ImageObject","inLanguage":"it-IT","@id":"http:\/\/www.wmt.it\/index.php\/fr\/separateurs-magnetiques\/#primaryimage","url":"http:\/\/www.wmt.it\/wp-content\/uploads\/2019\/12\/separatori-magnetici-e1576660700160.jpg","contentUrl":"http:\/\/www.wmt.it\/wp-content\/uploads\/2019\/12\/separatori-magnetici-e1576660700160.jpg","width":1920,"height":600},{"@type":"BreadcrumbList","@id":"http:\/\/www.wmt.it\/index.php\/fr\/separateurs-magnetiques\/#breadcrumb","itemListElement":[{"@type":"ListItem","position":1,"name":"Home","item":"http:\/\/www.wmt.it\/index.php\/en\/wmt-home\/"},{"@type":"ListItem","position":2,"name":"S\u00e9parateurs magn\u00e9tiques"}]},{"@type":"WebSite","@id":"http:\/\/www.wmt.it\/#website","url":"http:\/\/www.wmt.it\/","name":"W.M.T. - Water and Mechanical Technology s.r.l.","description":"ENGINEERING AND FILTERING SYSTEM, PURE WITH PROFIT","publisher":{"@id":"http:\/\/www.wmt.it\/#organization"},"potentialAction":[{"@type":"SearchAction","target":{"@type":"EntryPoint","urlTemplate":"http:\/\/www.wmt.it\/?s={search_term_string}"},"query-input":{"@type":"PropertyValueSpecification","valueRequired":true,"valueName":"search_term_string"}}],"inLanguage":"it-IT"},{"@type":"Organization","@id":"http:\/\/www.wmt.it\/#organization","name":"W.M.T. - Water and Mechanical Technology s.r.l.","url":"http:\/\/www.wmt.it\/","logo":{"@type":"ImageObject","inLanguage":"it-IT","@id":"http:\/\/www.wmt.it\/#\/schema\/logo\/image\/","url":"http:\/\/www.wmt.it\/wp-content\/uploads\/2019\/12\/logo_wmt_blu_512x512.jpg","contentUrl":"http:\/\/www.wmt.it\/wp-content\/uploads\/2019\/12\/logo_wmt_blu_512x512.jpg","width":512,"height":512,"caption":"W.M.T. - Water and Mechanical Technology s.r.l."},"image":{"@id":"http:\/\/www.wmt.it\/#\/schema\/logo\/image\/"},"sameAs":["https:\/\/www.facebook.com\/pages\/WMT\/523330841079249?eid=ARBCva1bxbHrIwpLi2jUbikM5NzJrQOywcEqrkgUjYQ_m59R20SghP76Um2Ffw8jsoHFxRwr_28Y5a6v","https:\/\/www.google.com\/maps\/place\/W.M.T.+-+Water+and+Mechanical+Technology+s.r.l.\/@45.538948,9.1806583,17z\/data=!3m1!4b1!4m5!3m4!1s0x4786bf60c912a84b:0xfc12749d2f8ea14a!8m2!3d45.538948!4d9.182847","https:\/\/www.linkedin.com\/company\/2059941"]}]}},"_links":{"self":[{"href":"http:\/\/www.wmt.it\/index.php\/wp-json\/wp\/v2\/pages\/1481","targetHints":{"allow":["GET"]}}],"collection":[{"href":"http:\/\/www.wmt.it\/index.php\/wp-json\/wp\/v2\/pages"}],"about":[{"href":"http:\/\/www.wmt.it\/index.php\/wp-json\/wp\/v2\/types\/page"}],"author":[{"embeddable":true,"href":"http:\/\/www.wmt.it\/index.php\/wp-json\/wp\/v2\/users\/3"}],"replies":[{"embeddable":true,"href":"http:\/\/www.wmt.it\/index.php\/wp-json\/wp\/v2\/comments?post=1481"}],"version-history":[{"count":4,"href":"http:\/\/www.wmt.it\/index.php\/wp-json\/wp\/v2\/pages\/1481\/revisions"}],"predecessor-version":[{"id":2862,"href":"http:\/\/www.wmt.it\/index.php\/wp-json\/wp\/v2\/pages\/1481\/revisions\/2862"}],"wp:featuredmedia":[{"embeddable":true,"href":"http:\/\/www.wmt.it\/index.php\/wp-json\/wp\/v2\/media\/1723"}],"wp:attachment":[{"href":"http:\/\/www.wmt.it\/index.php\/wp-json\/wp\/v2\/media?parent=1481"}],"curies":[{"name":"wp","href":"https:\/\/api.w.org\/{rel}","templated":true}]}}