{"id":1696,"date":"2019-12-18T08:52:33","date_gmt":"2019-12-18T07:52:33","guid":{"rendered":"http:\/\/www2.wmt.it\/?page_id=1696"},"modified":"2019-12-23T12:13:30","modified_gmt":"2019-12-23T11:13:30","slug":"ecologique","status":"publish","type":"page","link":"http:\/\/www.wmt.it\/index.php\/fr\/ecologique\/","title":{"rendered":"Ecologique"},"content":{"rendered":"\n<p>Dans le domaine de l&#8217;\u00e9cologie, W.M.T. a d\u00e9velopp\u00e9 une s\u00e9rie\nd&#8217;installations capables de r\u00e9soudre les probl\u00e8mes de purification\nde l&#8217;eau et de traitement des eaux us\u00e9es, elles sont divis\u00e9es en:<\/p>\n\n\n\n<ul class=\"wp-block-list\"><li>&nbsp;Installations de traitement\n\tet de purification de l&#8217;eau: \n\t\n\t<ul><li>\u00e0 usage domestique avec un\n\t\tpotentiel de 85 \u00e0 125 l\/jour. \n\t\t\n\t\t<\/li><li>pour les caravanes et les\n\t\tcampeurs avec un potentiel de 100 l\/jour. \n\t\t\n\t<\/li><\/ul>\n\t<\/li><li>Installations de dessalement et de\n\tpurification d&#8217;eau: \n\t\n\t<ul><li>pour les petits bateaux avec un\n\t\tpotentiel de 100 l\/jour. \n\t\t\n\t<\/li><\/ul>\n\t<\/li><li>Installations de traitement des\n\teaux us\u00e9es industrielles contenant: \n\t\n\t<ul><li>m\u00e9taux nobles et leur\n\t\tr\u00e9cup\u00e9ration; \n\t\t\n\t\t<\/li><li>m\u00e9taux pr\u00e9cieux et leur\n\t\tr\u00e9cup\u00e9ration; \n\t\t\n\t\t<\/li><li>liquides fluorescents. \n\t\t\n\t<\/li><\/ul>\n\t<\/li><li>Syst\u00e8mes de ultrafiltration. \n\t\n\t<\/li><li>Syst\u00e8mes d&#8217;osmose inverse. \n\t\n\t<\/li><li>Installations de d\u00e9shuilage de\n\tl&#8217;eau avec syst\u00e8mes: \n\t\n\t<ul><li>\u00e0 coalescence; \n\t\t\n\t\t<\/li><li>\u00e0 macro-liaison.; \n\t\t\n\t\t<\/li><li>\u00e0 micro-liaison. \n\t\t\n\t<\/li><\/ul>\n\t<\/li><li>Installations de traitement des\n\teaux us\u00e9es civiles avec syst\u00e8mes biologiques d\u2019oxydation totale.\n\t\t\n\t<\/li><li>Installations de traitement des\n\teaux us\u00e9es avec syst\u00e8me chimique\/physique. \n\t\n\t<\/li><li>Syst\u00e8me de purification de fum\u00e9e.\n<\/li><\/ul>\n","protected":false},"excerpt":{"rendered":"<p>Dans le domaine de l&#8217;\u00e9cologie, W.M.T. a d\u00e9velopp\u00e9 une s\u00e9rie d&#8217;installations capables de r\u00e9soudre les probl\u00e8mes de purification de l&#8217;eau et de traitement des eaux us\u00e9es, elles sont divis\u00e9es en: &nbsp;Installations de traitement et de purification de l&#8217;eau: \u00e0 usage domestique avec un potentiel de 85 \u00e0 125 l\/jour. pour les caravanes et les campeurs [&hellip;]<\/p>\n","protected":false},"author":3,"featured_media":1707,"parent":0,"menu_order":0,"comment_status":"closed","ping_status":"closed","template":"","meta":{"ngg_post_thumbnail":0,"footnotes":""},"class_list":["post-1696","page","type-page","status-publish","has-post-thumbnail","hentry"],"yoast_head":"<!-- This site is optimized with the Yoast SEO plugin v27.4 - https:\/\/yoast.com\/product\/yoast-seo-wordpress\/ -->\n<title>Ecologique &#8226; W.M.T. - Water and Mechanical Technology s.r.l.<\/title>\n<meta name=\"robots\" content=\"index, follow, max-snippet:-1, max-image-preview:large, max-video-preview:-1\" \/>\n<link rel=\"canonical\" href=\"http:\/\/www.wmt.it\/index.php\/fr\/ecologique\/\" \/>\n<meta property=\"og:locale\" content=\"it_IT\" \/>\n<meta property=\"og:type\" content=\"article\" \/>\n<meta property=\"og:title\" content=\"Ecologique &#8226; W.M.T. - Water and Mechanical Technology s.r.l.\" \/>\n<meta property=\"og:description\" content=\"Dans le domaine de l&#8217;\u00e9cologie, W.M.T. a d\u00e9velopp\u00e9 une s\u00e9rie d&#8217;installations capables de r\u00e9soudre les probl\u00e8mes de purification de l&#8217;eau et de traitement des eaux us\u00e9es, elles sont divis\u00e9es en: &nbsp;Installations de traitement et de purification de l&#8217;eau: \u00e0 usage domestique avec un potentiel de 85 \u00e0 125 l\/jour. pour les caravanes et les campeurs [&hellip;]\" \/>\n<meta property=\"og:url\" content=\"http:\/\/www.wmt.it\/index.php\/fr\/ecologique\/\" \/>\n<meta property=\"og:site_name\" content=\"W.M.T. - Water and Mechanical Technology s.r.l.\" \/>\n<meta property=\"article:publisher\" content=\"https:\/\/www.facebook.com\/pages\/WMT\/523330841079249?eid=ARBCva1bxbHrIwpLi2jUbikM5NzJrQOywcEqrkgUjYQ_m59R20SghP76Um2Ffw8jsoHFxRwr_28Y5a6v\" \/>\n<meta property=\"article:modified_time\" content=\"2019-12-23T11:13:30+00:00\" \/>\n<meta property=\"og:image\" content=\"http:\/\/www.wmt.it\/wp-content\/uploads\/2019\/12\/ECOLOGICO-GRANDE-e1576658356673.jpg\" \/>\n\t<meta property=\"og:image:width\" content=\"1280\" \/>\n\t<meta property=\"og:image:height\" content=\"400\" \/>\n\t<meta property=\"og:image:type\" content=\"image\/jpeg\" \/>\n<meta name=\"twitter:card\" content=\"summary_large_image\" \/>\n<meta name=\"twitter:label1\" content=\"Tempo di lettura stimato\" \/>\n\t<meta name=\"twitter:data1\" content=\"1 minuto\" \/>\n<script type=\"application\/ld+json\" class=\"yoast-schema-graph\">{\"@context\":\"https:\\\/\\\/schema.org\",\"@graph\":[{\"@type\":\"WebPage\",\"@id\":\"http:\\\/\\\/www.wmt.it\\\/index.php\\\/fr\\\/ecologique\\\/\",\"url\":\"http:\\\/\\\/www.wmt.it\\\/index.php\\\/fr\\\/ecologique\\\/\",\"name\":\"Ecologique &#8226; W.M.T. - Water and Mechanical Technology s.r.l.\",\"isPartOf\":{\"@id\":\"http:\\\/\\\/www.wmt.it\\\/#website\"},\"primaryImageOfPage\":{\"@id\":\"http:\\\/\\\/www.wmt.it\\\/index.php\\\/fr\\\/ecologique\\\/#primaryimage\"},\"image\":{\"@id\":\"http:\\\/\\\/www.wmt.it\\\/index.php\\\/fr\\\/ecologique\\\/#primaryimage\"},\"thumbnailUrl\":\"http:\\\/\\\/www.wmt.it\\\/wp-content\\\/uploads\\\/2019\\\/12\\\/ECOLOGICO-GRANDE-e1576658356673.jpg\",\"datePublished\":\"2019-12-18T07:52:33+00:00\",\"dateModified\":\"2019-12-23T11:13:30+00:00\",\"breadcrumb\":{\"@id\":\"http:\\\/\\\/www.wmt.it\\\/index.php\\\/fr\\\/ecologique\\\/#breadcrumb\"},\"inLanguage\":\"it-IT\",\"potentialAction\":[{\"@type\":\"ReadAction\",\"target\":[\"http:\\\/\\\/www.wmt.it\\\/index.php\\\/fr\\\/ecologique\\\/\"]}]},{\"@type\":\"ImageObject\",\"inLanguage\":\"it-IT\",\"@id\":\"http:\\\/\\\/www.wmt.it\\\/index.php\\\/fr\\\/ecologique\\\/#primaryimage\",\"url\":\"http:\\\/\\\/www.wmt.it\\\/wp-content\\\/uploads\\\/2019\\\/12\\\/ECOLOGICO-GRANDE-e1576658356673.jpg\",\"contentUrl\":\"http:\\\/\\\/www.wmt.it\\\/wp-content\\\/uploads\\\/2019\\\/12\\\/ECOLOGICO-GRANDE-e1576658356673.jpg\",\"width\":1280,\"height\":400},{\"@type\":\"BreadcrumbList\",\"@id\":\"http:\\\/\\\/www.wmt.it\\\/index.php\\\/fr\\\/ecologique\\\/#breadcrumb\",\"itemListElement\":[{\"@type\":\"ListItem\",\"position\":1,\"name\":\"Home\",\"item\":\"http:\\\/\\\/www.wmt.it\\\/index.php\\\/en\\\/wmt-home\\\/\"},{\"@type\":\"ListItem\",\"position\":2,\"name\":\"Ecologique\"}]},{\"@type\":\"WebSite\",\"@id\":\"http:\\\/\\\/www.wmt.it\\\/#website\",\"url\":\"http:\\\/\\\/www.wmt.it\\\/\",\"name\":\"W.M.T. - Water and Mechanical Technology s.r.l.\",\"description\":\"ENGINEERING AND FILTERING SYSTEM, PURE WITH PROFIT\",\"publisher\":{\"@id\":\"http:\\\/\\\/www.wmt.it\\\/#organization\"},\"potentialAction\":[{\"@type\":\"SearchAction\",\"target\":{\"@type\":\"EntryPoint\",\"urlTemplate\":\"http:\\\/\\\/www.wmt.it\\\/?s={search_term_string}\"},\"query-input\":{\"@type\":\"PropertyValueSpecification\",\"valueRequired\":true,\"valueName\":\"search_term_string\"}}],\"inLanguage\":\"it-IT\"},{\"@type\":\"Organization\",\"@id\":\"http:\\\/\\\/www.wmt.it\\\/#organization\",\"name\":\"W.M.T. - Water and Mechanical Technology s.r.l.\",\"url\":\"http:\\\/\\\/www.wmt.it\\\/\",\"logo\":{\"@type\":\"ImageObject\",\"inLanguage\":\"it-IT\",\"@id\":\"http:\\\/\\\/www.wmt.it\\\/#\\\/schema\\\/logo\\\/image\\\/\",\"url\":\"http:\\\/\\\/www.wmt.it\\\/wp-content\\\/uploads\\\/2019\\\/12\\\/logo_wmt_blu_512x512.jpg\",\"contentUrl\":\"http:\\\/\\\/www.wmt.it\\\/wp-content\\\/uploads\\\/2019\\\/12\\\/logo_wmt_blu_512x512.jpg\",\"width\":512,\"height\":512,\"caption\":\"W.M.T. - Water and Mechanical Technology s.r.l.\"},\"image\":{\"@id\":\"http:\\\/\\\/www.wmt.it\\\/#\\\/schema\\\/logo\\\/image\\\/\"},\"sameAs\":[\"https:\\\/\\\/www.facebook.com\\\/pages\\\/WMT\\\/523330841079249?eid=ARBCva1bxbHrIwpLi2jUbikM5NzJrQOywcEqrkgUjYQ_m59R20SghP76Um2Ffw8jsoHFxRwr_28Y5a6v\",\"https:\\\/\\\/www.google.com\\\/maps\\\/place\\\/W.M.T.+-+Water+and+Mechanical+Technology+s.r.l.\\\/@45.538948,9.1806583,17z\\\/data=!3m1!4b1!4m5!3m4!1s0x4786bf60c912a84b:0xfc12749d2f8ea14a!8m2!3d45.538948!4d9.182847\",\"https:\\\/\\\/www.linkedin.com\\\/company\\\/2059941\"]}]}<\/script>\n<!-- \/ Yoast SEO plugin. -->","yoast_head_json":{"title":"Ecologique &#8226; W.M.T. - Water and Mechanical Technology s.r.l.","robots":{"index":"index","follow":"follow","max-snippet":"max-snippet:-1","max-image-preview":"max-image-preview:large","max-video-preview":"max-video-preview:-1"},"canonical":"http:\/\/www.wmt.it\/index.php\/fr\/ecologique\/","og_locale":"it_IT","og_type":"article","og_title":"Ecologique &#8226; W.M.T. - Water and Mechanical Technology s.r.l.","og_description":"Dans le domaine de l&#8217;\u00e9cologie, W.M.T. a d\u00e9velopp\u00e9 une s\u00e9rie d&#8217;installations capables de r\u00e9soudre les probl\u00e8mes de purification de l&#8217;eau et de traitement des eaux us\u00e9es, elles sont divis\u00e9es en: &nbsp;Installations de traitement et de purification de l&#8217;eau: \u00e0 usage domestique avec un potentiel de 85 \u00e0 125 l\/jour. pour les caravanes et les campeurs [&hellip;]","og_url":"http:\/\/www.wmt.it\/index.php\/fr\/ecologique\/","og_site_name":"W.M.T. - Water and Mechanical Technology s.r.l.","article_publisher":"https:\/\/www.facebook.com\/pages\/WMT\/523330841079249?eid=ARBCva1bxbHrIwpLi2jUbikM5NzJrQOywcEqrkgUjYQ_m59R20SghP76Um2Ffw8jsoHFxRwr_28Y5a6v","article_modified_time":"2019-12-23T11:13:30+00:00","og_image":[{"width":1280,"height":400,"url":"http:\/\/www.wmt.it\/wp-content\/uploads\/2019\/12\/ECOLOGICO-GRANDE-e1576658356673.jpg","type":"image\/jpeg"}],"twitter_card":"summary_large_image","twitter_misc":{"Tempo di lettura stimato":"1 minuto"},"schema":{"@context":"https:\/\/schema.org","@graph":[{"@type":"WebPage","@id":"http:\/\/www.wmt.it\/index.php\/fr\/ecologique\/","url":"http:\/\/www.wmt.it\/index.php\/fr\/ecologique\/","name":"Ecologique &#8226; W.M.T. - Water and Mechanical Technology s.r.l.","isPartOf":{"@id":"http:\/\/www.wmt.it\/#website"},"primaryImageOfPage":{"@id":"http:\/\/www.wmt.it\/index.php\/fr\/ecologique\/#primaryimage"},"image":{"@id":"http:\/\/www.wmt.it\/index.php\/fr\/ecologique\/#primaryimage"},"thumbnailUrl":"http:\/\/www.wmt.it\/wp-content\/uploads\/2019\/12\/ECOLOGICO-GRANDE-e1576658356673.jpg","datePublished":"2019-12-18T07:52:33+00:00","dateModified":"2019-12-23T11:13:30+00:00","breadcrumb":{"@id":"http:\/\/www.wmt.it\/index.php\/fr\/ecologique\/#breadcrumb"},"inLanguage":"it-IT","potentialAction":[{"@type":"ReadAction","target":["http:\/\/www.wmt.it\/index.php\/fr\/ecologique\/"]}]},{"@type":"ImageObject","inLanguage":"it-IT","@id":"http:\/\/www.wmt.it\/index.php\/fr\/ecologique\/#primaryimage","url":"http:\/\/www.wmt.it\/wp-content\/uploads\/2019\/12\/ECOLOGICO-GRANDE-e1576658356673.jpg","contentUrl":"http:\/\/www.wmt.it\/wp-content\/uploads\/2019\/12\/ECOLOGICO-GRANDE-e1576658356673.jpg","width":1280,"height":400},{"@type":"BreadcrumbList","@id":"http:\/\/www.wmt.it\/index.php\/fr\/ecologique\/#breadcrumb","itemListElement":[{"@type":"ListItem","position":1,"name":"Home","item":"http:\/\/www.wmt.it\/index.php\/en\/wmt-home\/"},{"@type":"ListItem","position":2,"name":"Ecologique"}]},{"@type":"WebSite","@id":"http:\/\/www.wmt.it\/#website","url":"http:\/\/www.wmt.it\/","name":"W.M.T. - Water and Mechanical Technology s.r.l.","description":"ENGINEERING AND FILTERING SYSTEM, PURE WITH PROFIT","publisher":{"@id":"http:\/\/www.wmt.it\/#organization"},"potentialAction":[{"@type":"SearchAction","target":{"@type":"EntryPoint","urlTemplate":"http:\/\/www.wmt.it\/?s={search_term_string}"},"query-input":{"@type":"PropertyValueSpecification","valueRequired":true,"valueName":"search_term_string"}}],"inLanguage":"it-IT"},{"@type":"Organization","@id":"http:\/\/www.wmt.it\/#organization","name":"W.M.T. - Water and Mechanical Technology s.r.l.","url":"http:\/\/www.wmt.it\/","logo":{"@type":"ImageObject","inLanguage":"it-IT","@id":"http:\/\/www.wmt.it\/#\/schema\/logo\/image\/","url":"http:\/\/www.wmt.it\/wp-content\/uploads\/2019\/12\/logo_wmt_blu_512x512.jpg","contentUrl":"http:\/\/www.wmt.it\/wp-content\/uploads\/2019\/12\/logo_wmt_blu_512x512.jpg","width":512,"height":512,"caption":"W.M.T. - Water and Mechanical Technology s.r.l."},"image":{"@id":"http:\/\/www.wmt.it\/#\/schema\/logo\/image\/"},"sameAs":["https:\/\/www.facebook.com\/pages\/WMT\/523330841079249?eid=ARBCva1bxbHrIwpLi2jUbikM5NzJrQOywcEqrkgUjYQ_m59R20SghP76Um2Ffw8jsoHFxRwr_28Y5a6v","https:\/\/www.google.com\/maps\/place\/W.M.T.+-+Water+and+Mechanical+Technology+s.r.l.\/@45.538948,9.1806583,17z\/data=!3m1!4b1!4m5!3m4!1s0x4786bf60c912a84b:0xfc12749d2f8ea14a!8m2!3d45.538948!4d9.182847","https:\/\/www.linkedin.com\/company\/2059941"]}]}},"_links":{"self":[{"href":"http:\/\/www.wmt.it\/index.php\/wp-json\/wp\/v2\/pages\/1696","targetHints":{"allow":["GET"]}}],"collection":[{"href":"http:\/\/www.wmt.it\/index.php\/wp-json\/wp\/v2\/pages"}],"about":[{"href":"http:\/\/www.wmt.it\/index.php\/wp-json\/wp\/v2\/types\/page"}],"author":[{"embeddable":true,"href":"http:\/\/www.wmt.it\/index.php\/wp-json\/wp\/v2\/users\/3"}],"replies":[{"embeddable":true,"href":"http:\/\/www.wmt.it\/index.php\/wp-json\/wp\/v2\/comments?post=1696"}],"version-history":[{"count":1,"href":"http:\/\/www.wmt.it\/index.php\/wp-json\/wp\/v2\/pages\/1696\/revisions"}],"predecessor-version":[{"id":1697,"href":"http:\/\/www.wmt.it\/index.php\/wp-json\/wp\/v2\/pages\/1696\/revisions\/1697"}],"wp:featuredmedia":[{"embeddable":true,"href":"http:\/\/www.wmt.it\/index.php\/wp-json\/wp\/v2\/media\/1707"}],"wp:attachment":[{"href":"http:\/\/www.wmt.it\/index.php\/wp-json\/wp\/v2\/media?parent=1696"}],"curies":[{"name":"wp","href":"https:\/\/api.w.org\/{rel}","templated":true}]}}