{"id":178,"date":"2019-11-26T17:46:12","date_gmt":"2019-11-26T16:46:12","guid":{"rendered":"http:\/\/www2.wmt.it\/?page_id=178"},"modified":"2022-09-22T16:37:37","modified_gmt":"2022-09-22T14:37:37","slug":"contacts-2","status":"publish","type":"page","link":"http:\/\/www.wmt.it\/index.php\/fr\/contacts-2\/","title":{"rendered":"Contacts"},"content":{"rendered":"<p><\/p>\n\n\n<figure class=\"wp-block-table\"><table><tbody><tr><td>Informations sur la soci\u00e9t\u00e9 et comment nous contacter<\/td><\/tr><tr><td>Soci\u00e9t\u00e9:<\/td><td>W.M.T. &#8211; Water and Mechanical Technology s.r.l.<\/td><td>&nbsp;<\/td><\/tr><tr><td>Adresse:<\/td><td>Rue Giacomo Brodolini, 33 \/ I &#8211; 20032 Cormano MI<\/td><td>&nbsp;<\/td><\/tr><tr><td>T\u00e9l\u00e9phone:<\/td><td>+39 02 610 1342 r.a.<\/td><td>&nbsp;<\/td><\/tr><tr><td>Fax:<\/td><td>+39 02 610 2518<\/td><td>&nbsp;<\/td><\/tr><tr><td>e-mail:<\/td><td>G\u00e9n\u00e9rique:<\/td><td><a href=\"mailto:wmt@wmt.it\">wmt@wmt.it<\/a><\/td><\/tr><tr><td>&nbsp;<\/td><td>Infos:<\/td><td><a href=\"mailto:info@wmt.it\">info@wmt.it<\/a><\/td><\/tr><tr><td>&nbsp;<\/td><td>Direction g\u00e9n\u00e9rale:<\/td><td><a href=\"mailto:dig@wmt.it\">dig@wmt.it<\/a><\/td><\/tr><tr><td>&nbsp;<\/td><td>Direction commercial:<\/td><td><a href=\"mailto:dic@wmt.it\">dic@wmt.it<\/a><\/td><\/tr><tr><td>&nbsp;<\/td><td>Direction de production:<\/td><td><a href=\"mailto:dip@wmt.it\">dip@wmt.it<\/a><\/td><\/tr><tr><td>&nbsp;<\/td><td>Qualit\u00e9:<\/td><td><a href=\"mailto:raq@wmt.it\">raq@wmt.it<\/a><\/td><\/tr><tr><td>&nbsp;<\/td><td>Technologies:<\/td><td><a href=\"mailto:tec@wmt.it\">tec@wmt.it<\/a><\/td><\/tr><tr><td>&nbsp;<\/td><td>Production:<\/td><td><a href=\"mailto:pro@wmt.it\">pro@wmt.it<\/a><\/td><\/tr><tr><td>&nbsp;<\/td><td>Assistance:<\/td><td><a href=\"mailto:ass@wmt.it\">ass@wmt.it<\/a><\/td><\/tr><tr><td>&nbsp;<\/td><td>Test:<\/td><td><a href=\"mailto:col@wmt.it\">col@wmt.it<\/a><\/td><\/tr><tr><td>&nbsp;<\/td><td>Administration et personnel:<\/td><td><a href=\"mailto:amm@wmt.it\">amm@wmt.it<\/a><\/td><\/tr><tr><td>&nbsp;<\/td><td>Secr\u00e9tariat:<\/td><td><a href=\"mailto:seg@wmt.it\">seg@wmt.it<\/a><\/td><\/tr><tr><td>&nbsp;<\/td><td>Opportunit\u00e9s d&#8217;emploi:<\/td><td><a href=\"mailto:job@wmt.it\">job@wmt.it<\/a><\/td><\/tr><tr><td>&nbsp;<\/td><td>P.E.C.:<\/td><td><a href=\"mailto:wmt@mypec.eu\">wmt@mypec.eu<\/a><\/td><\/tr><tr><td>&nbsp;<\/td><td>Webmaster:<\/td><td><a href=\"mailto:webmaster@wmt.it\">webmaster@wmt.it<\/a><\/td><\/tr><tr><td>Code et num\u00e9ro de TVA: &nbsp;<\/td><td>03671760159<\/td><td>&nbsp;<\/td><\/tr><\/tbody><\/table><\/figure>\n","protected":false},"excerpt":{"rendered":"<p>Informations sur la soci\u00e9t\u00e9 et comment nous contacter Soci\u00e9t\u00e9: W.M.T. &#8211; Water and Mechanical Technology s.r.l. &nbsp; Adresse: Rue Giacomo Brodolini, 33 \/ I &#8211; 20032 Cormano MI &nbsp; T\u00e9l\u00e9phone: +39 02 610 1342 r.a. &nbsp; Fax: +39 02 610 2518 &nbsp; e-mail: G\u00e9n\u00e9rique: wmt@wmt.it &nbsp; Infos: info@wmt.it &nbsp; Direction g\u00e9n\u00e9rale: dig@wmt.it &nbsp; Direction commercial: [&hellip;]<\/p>\n","protected":false},"author":1,"featured_media":1728,"parent":0,"menu_order":0,"comment_status":"closed","ping_status":"closed","template":"","meta":{"ngg_post_thumbnail":0,"footnotes":""},"class_list":["post-178","page","type-page","status-publish","has-post-thumbnail","hentry"],"yoast_head":"<!-- This site is optimized with the Yoast SEO plugin v27.3 - https:\/\/yoast.com\/product\/yoast-seo-wordpress\/ -->\n<title>Contacts &#8226; W.M.T. - Water and Mechanical Technology s.r.l.<\/title>\n<meta name=\"robots\" content=\"index, follow, max-snippet:-1, max-image-preview:large, max-video-preview:-1\" \/>\n<link rel=\"canonical\" href=\"http:\/\/www.wmt.it\/index.php\/fr\/contacts-2\/\" \/>\n<meta property=\"og:locale\" content=\"it_IT\" \/>\n<meta property=\"og:type\" content=\"article\" \/>\n<meta property=\"og:title\" content=\"Contacts &#8226; W.M.T. - Water and Mechanical Technology s.r.l.\" \/>\n<meta property=\"og:description\" content=\"Informations sur la soci\u00e9t\u00e9 et comment nous contacter Soci\u00e9t\u00e9: W.M.T. &#8211; Water and Mechanical Technology s.r.l. &nbsp; Adresse: Rue Giacomo Brodolini, 33 \/ I &#8211; 20032 Cormano MI &nbsp; T\u00e9l\u00e9phone: +39 02 610 1342 r.a. &nbsp; Fax: +39 02 610 2518 &nbsp; e-mail: G\u00e9n\u00e9rique: wmt@wmt.it &nbsp; Infos: info@wmt.it &nbsp; Direction g\u00e9n\u00e9rale: dig@wmt.it &nbsp; Direction commercial: [&hellip;]\" \/>\n<meta property=\"og:url\" content=\"http:\/\/www.wmt.it\/index.php\/fr\/contacts-2\/\" \/>\n<meta property=\"og:site_name\" content=\"W.M.T. - Water and Mechanical Technology s.r.l.\" \/>\n<meta property=\"article:publisher\" content=\"https:\/\/www.facebook.com\/pages\/WMT\/523330841079249?eid=ARBCva1bxbHrIwpLi2jUbikM5NzJrQOywcEqrkgUjYQ_m59R20SghP76Um2Ffw8jsoHFxRwr_28Y5a6v\" \/>\n<meta property=\"article:modified_time\" content=\"2022-09-22T14:37:37+00:00\" \/>\n<meta property=\"og:image\" content=\"http:\/\/www.wmt.it\/wp-content\/uploads\/2019\/12\/Contatti.1-e1576661536686.jpg\" \/>\n\t<meta property=\"og:image:width\" content=\"2560\" \/>\n\t<meta property=\"og:image:height\" content=\"800\" \/>\n\t<meta property=\"og:image:type\" content=\"image\/jpeg\" \/>\n<meta name=\"twitter:card\" content=\"summary_large_image\" \/>\n<meta name=\"twitter:label1\" content=\"Tempo di lettura stimato\" \/>\n\t<meta name=\"twitter:data1\" content=\"1 minuto\" \/>\n<script type=\"application\/ld+json\" class=\"yoast-schema-graph\">{\"@context\":\"https:\\\/\\\/schema.org\",\"@graph\":[{\"@type\":\"WebPage\",\"@id\":\"http:\\\/\\\/www.wmt.it\\\/index.php\\\/fr\\\/contacts-2\\\/\",\"url\":\"http:\\\/\\\/www.wmt.it\\\/index.php\\\/fr\\\/contacts-2\\\/\",\"name\":\"Contacts &#8226; W.M.T. - Water and Mechanical Technology s.r.l.\",\"isPartOf\":{\"@id\":\"http:\\\/\\\/www.wmt.it\\\/#website\"},\"primaryImageOfPage\":{\"@id\":\"http:\\\/\\\/www.wmt.it\\\/index.php\\\/fr\\\/contacts-2\\\/#primaryimage\"},\"image\":{\"@id\":\"http:\\\/\\\/www.wmt.it\\\/index.php\\\/fr\\\/contacts-2\\\/#primaryimage\"},\"thumbnailUrl\":\"http:\\\/\\\/www.wmt.it\\\/wp-content\\\/uploads\\\/2019\\\/12\\\/Contatti.1-e1576661536686.jpg\",\"datePublished\":\"2019-11-26T16:46:12+00:00\",\"dateModified\":\"2022-09-22T14:37:37+00:00\",\"breadcrumb\":{\"@id\":\"http:\\\/\\\/www.wmt.it\\\/index.php\\\/fr\\\/contacts-2\\\/#breadcrumb\"},\"inLanguage\":\"it-IT\",\"potentialAction\":[{\"@type\":\"ReadAction\",\"target\":[\"http:\\\/\\\/www.wmt.it\\\/index.php\\\/fr\\\/contacts-2\\\/\"]}]},{\"@type\":\"ImageObject\",\"inLanguage\":\"it-IT\",\"@id\":\"http:\\\/\\\/www.wmt.it\\\/index.php\\\/fr\\\/contacts-2\\\/#primaryimage\",\"url\":\"http:\\\/\\\/www.wmt.it\\\/wp-content\\\/uploads\\\/2019\\\/12\\\/Contatti.1-e1576661536686.jpg\",\"contentUrl\":\"http:\\\/\\\/www.wmt.it\\\/wp-content\\\/uploads\\\/2019\\\/12\\\/Contatti.1-e1576661536686.jpg\",\"width\":2560,\"height\":800},{\"@type\":\"BreadcrumbList\",\"@id\":\"http:\\\/\\\/www.wmt.it\\\/index.php\\\/fr\\\/contacts-2\\\/#breadcrumb\",\"itemListElement\":[{\"@type\":\"ListItem\",\"position\":1,\"name\":\"Home\",\"item\":\"http:\\\/\\\/www.wmt.it\\\/index.php\\\/en\\\/wmt-home\\\/\"},{\"@type\":\"ListItem\",\"position\":2,\"name\":\"Contacts\"}]},{\"@type\":\"WebSite\",\"@id\":\"http:\\\/\\\/www.wmt.it\\\/#website\",\"url\":\"http:\\\/\\\/www.wmt.it\\\/\",\"name\":\"W.M.T. - Water and Mechanical Technology s.r.l.\",\"description\":\"ENGINEERING AND FILTERING SYSTEM, PURE WITH PROFIT\",\"publisher\":{\"@id\":\"http:\\\/\\\/www.wmt.it\\\/#organization\"},\"potentialAction\":[{\"@type\":\"SearchAction\",\"target\":{\"@type\":\"EntryPoint\",\"urlTemplate\":\"http:\\\/\\\/www.wmt.it\\\/?s={search_term_string}\"},\"query-input\":{\"@type\":\"PropertyValueSpecification\",\"valueRequired\":true,\"valueName\":\"search_term_string\"}}],\"inLanguage\":\"it-IT\"},{\"@type\":\"Organization\",\"@id\":\"http:\\\/\\\/www.wmt.it\\\/#organization\",\"name\":\"W.M.T. - Water and Mechanical Technology s.r.l.\",\"url\":\"http:\\\/\\\/www.wmt.it\\\/\",\"logo\":{\"@type\":\"ImageObject\",\"inLanguage\":\"it-IT\",\"@id\":\"http:\\\/\\\/www.wmt.it\\\/#\\\/schema\\\/logo\\\/image\\\/\",\"url\":\"http:\\\/\\\/www.wmt.it\\\/wp-content\\\/uploads\\\/2019\\\/12\\\/logo_wmt_blu_512x512.jpg\",\"contentUrl\":\"http:\\\/\\\/www.wmt.it\\\/wp-content\\\/uploads\\\/2019\\\/12\\\/logo_wmt_blu_512x512.jpg\",\"width\":512,\"height\":512,\"caption\":\"W.M.T. - Water and Mechanical Technology s.r.l.\"},\"image\":{\"@id\":\"http:\\\/\\\/www.wmt.it\\\/#\\\/schema\\\/logo\\\/image\\\/\"},\"sameAs\":[\"https:\\\/\\\/www.facebook.com\\\/pages\\\/WMT\\\/523330841079249?eid=ARBCva1bxbHrIwpLi2jUbikM5NzJrQOywcEqrkgUjYQ_m59R20SghP76Um2Ffw8jsoHFxRwr_28Y5a6v\",\"https:\\\/\\\/www.google.com\\\/maps\\\/place\\\/W.M.T.+-+Water+and+Mechanical+Technology+s.r.l.\\\/@45.538948,9.1806583,17z\\\/data=!3m1!4b1!4m5!3m4!1s0x4786bf60c912a84b:0xfc12749d2f8ea14a!8m2!3d45.538948!4d9.182847\",\"https:\\\/\\\/www.linkedin.com\\\/company\\\/2059941\"]}]}<\/script>\n<!-- \/ Yoast SEO plugin. -->","yoast_head_json":{"title":"Contacts &#8226; W.M.T. - Water and Mechanical Technology s.r.l.","robots":{"index":"index","follow":"follow","max-snippet":"max-snippet:-1","max-image-preview":"max-image-preview:large","max-video-preview":"max-video-preview:-1"},"canonical":"http:\/\/www.wmt.it\/index.php\/fr\/contacts-2\/","og_locale":"it_IT","og_type":"article","og_title":"Contacts &#8226; W.M.T. - Water and Mechanical Technology s.r.l.","og_description":"Informations sur la soci\u00e9t\u00e9 et comment nous contacter Soci\u00e9t\u00e9: W.M.T. &#8211; Water and Mechanical Technology s.r.l. &nbsp; Adresse: Rue Giacomo Brodolini, 33 \/ I &#8211; 20032 Cormano MI &nbsp; T\u00e9l\u00e9phone: +39 02 610 1342 r.a. &nbsp; Fax: +39 02 610 2518 &nbsp; e-mail: G\u00e9n\u00e9rique: wmt@wmt.it &nbsp; Infos: info@wmt.it &nbsp; Direction g\u00e9n\u00e9rale: dig@wmt.it &nbsp; Direction commercial: [&hellip;]","og_url":"http:\/\/www.wmt.it\/index.php\/fr\/contacts-2\/","og_site_name":"W.M.T. - Water and Mechanical Technology s.r.l.","article_publisher":"https:\/\/www.facebook.com\/pages\/WMT\/523330841079249?eid=ARBCva1bxbHrIwpLi2jUbikM5NzJrQOywcEqrkgUjYQ_m59R20SghP76Um2Ffw8jsoHFxRwr_28Y5a6v","article_modified_time":"2022-09-22T14:37:37+00:00","og_image":[{"width":2560,"height":800,"url":"http:\/\/www.wmt.it\/wp-content\/uploads\/2019\/12\/Contatti.1-e1576661536686.jpg","type":"image\/jpeg"}],"twitter_card":"summary_large_image","twitter_misc":{"Tempo di lettura stimato":"1 minuto"},"schema":{"@context":"https:\/\/schema.org","@graph":[{"@type":"WebPage","@id":"http:\/\/www.wmt.it\/index.php\/fr\/contacts-2\/","url":"http:\/\/www.wmt.it\/index.php\/fr\/contacts-2\/","name":"Contacts &#8226; W.M.T. - Water and Mechanical Technology s.r.l.","isPartOf":{"@id":"http:\/\/www.wmt.it\/#website"},"primaryImageOfPage":{"@id":"http:\/\/www.wmt.it\/index.php\/fr\/contacts-2\/#primaryimage"},"image":{"@id":"http:\/\/www.wmt.it\/index.php\/fr\/contacts-2\/#primaryimage"},"thumbnailUrl":"http:\/\/www.wmt.it\/wp-content\/uploads\/2019\/12\/Contatti.1-e1576661536686.jpg","datePublished":"2019-11-26T16:46:12+00:00","dateModified":"2022-09-22T14:37:37+00:00","breadcrumb":{"@id":"http:\/\/www.wmt.it\/index.php\/fr\/contacts-2\/#breadcrumb"},"inLanguage":"it-IT","potentialAction":[{"@type":"ReadAction","target":["http:\/\/www.wmt.it\/index.php\/fr\/contacts-2\/"]}]},{"@type":"ImageObject","inLanguage":"it-IT","@id":"http:\/\/www.wmt.it\/index.php\/fr\/contacts-2\/#primaryimage","url":"http:\/\/www.wmt.it\/wp-content\/uploads\/2019\/12\/Contatti.1-e1576661536686.jpg","contentUrl":"http:\/\/www.wmt.it\/wp-content\/uploads\/2019\/12\/Contatti.1-e1576661536686.jpg","width":2560,"height":800},{"@type":"BreadcrumbList","@id":"http:\/\/www.wmt.it\/index.php\/fr\/contacts-2\/#breadcrumb","itemListElement":[{"@type":"ListItem","position":1,"name":"Home","item":"http:\/\/www.wmt.it\/index.php\/en\/wmt-home\/"},{"@type":"ListItem","position":2,"name":"Contacts"}]},{"@type":"WebSite","@id":"http:\/\/www.wmt.it\/#website","url":"http:\/\/www.wmt.it\/","name":"W.M.T. - Water and Mechanical Technology s.r.l.","description":"ENGINEERING AND FILTERING SYSTEM, PURE WITH PROFIT","publisher":{"@id":"http:\/\/www.wmt.it\/#organization"},"potentialAction":[{"@type":"SearchAction","target":{"@type":"EntryPoint","urlTemplate":"http:\/\/www.wmt.it\/?s={search_term_string}"},"query-input":{"@type":"PropertyValueSpecification","valueRequired":true,"valueName":"search_term_string"}}],"inLanguage":"it-IT"},{"@type":"Organization","@id":"http:\/\/www.wmt.it\/#organization","name":"W.M.T. - Water and Mechanical Technology s.r.l.","url":"http:\/\/www.wmt.it\/","logo":{"@type":"ImageObject","inLanguage":"it-IT","@id":"http:\/\/www.wmt.it\/#\/schema\/logo\/image\/","url":"http:\/\/www.wmt.it\/wp-content\/uploads\/2019\/12\/logo_wmt_blu_512x512.jpg","contentUrl":"http:\/\/www.wmt.it\/wp-content\/uploads\/2019\/12\/logo_wmt_blu_512x512.jpg","width":512,"height":512,"caption":"W.M.T. - Water and Mechanical Technology s.r.l."},"image":{"@id":"http:\/\/www.wmt.it\/#\/schema\/logo\/image\/"},"sameAs":["https:\/\/www.facebook.com\/pages\/WMT\/523330841079249?eid=ARBCva1bxbHrIwpLi2jUbikM5NzJrQOywcEqrkgUjYQ_m59R20SghP76Um2Ffw8jsoHFxRwr_28Y5a6v","https:\/\/www.google.com\/maps\/place\/W.M.T.+-+Water+and+Mechanical+Technology+s.r.l.\/@45.538948,9.1806583,17z\/data=!3m1!4b1!4m5!3m4!1s0x4786bf60c912a84b:0xfc12749d2f8ea14a!8m2!3d45.538948!4d9.182847","https:\/\/www.linkedin.com\/company\/2059941"]}]}},"_links":{"self":[{"href":"http:\/\/www.wmt.it\/index.php\/wp-json\/wp\/v2\/pages\/178","targetHints":{"allow":["GET"]}}],"collection":[{"href":"http:\/\/www.wmt.it\/index.php\/wp-json\/wp\/v2\/pages"}],"about":[{"href":"http:\/\/www.wmt.it\/index.php\/wp-json\/wp\/v2\/types\/page"}],"author":[{"embeddable":true,"href":"http:\/\/www.wmt.it\/index.php\/wp-json\/wp\/v2\/users\/1"}],"replies":[{"embeddable":true,"href":"http:\/\/www.wmt.it\/index.php\/wp-json\/wp\/v2\/comments?post=178"}],"version-history":[{"count":4,"href":"http:\/\/www.wmt.it\/index.php\/wp-json\/wp\/v2\/pages\/178\/revisions"}],"predecessor-version":[{"id":3185,"href":"http:\/\/www.wmt.it\/index.php\/wp-json\/wp\/v2\/pages\/178\/revisions\/3185"}],"wp:featuredmedia":[{"embeddable":true,"href":"http:\/\/www.wmt.it\/index.php\/wp-json\/wp\/v2\/media\/1728"}],"wp:attachment":[{"href":"http:\/\/www.wmt.it\/index.php\/wp-json\/wp\/v2\/media?parent=178"}],"curies":[{"name":"wp","href":"https:\/\/api.w.org\/{rel}","templated":true}]}}