{"id":1856,"date":"2019-12-20T14:26:53","date_gmt":"2019-12-20T13:26:53","guid":{"rendered":"http:\/\/www2.wmt.it\/?page_id=1856"},"modified":"2020-02-13T11:38:26","modified_gmt":"2020-02-13T10:38:26","slug":"laboratoire-de-recherche-et-developpement-chimique-physique","status":"publish","type":"page","link":"http:\/\/www.wmt.it\/index.php\/fr\/laboratoire-de-recherche-et-developpement-chimique-physique\/","title":{"rendered":"Laboratoire chimique physique de recherche et d\u00e9veloppement"},"content":{"rendered":"\n<p> <br>Notre structure utilise un laboratoire chimique physique pour l&#8217;\u00e9tude des liquides de d\u00e9rivation industrielle afin d&#8217;offrir au client un service visant \u00e0 r\u00e9soudre tout probl\u00e8me rencontr\u00e9. De plus, l&#8217;\u00e9tude d&#8217;\u00e9chantillons individuels pr\u00e9lev\u00e9s sur le terrain nous aide dans le d\u00e9veloppement et la mise \u00e0 jour de nos produits dans le but de satisfaire m\u00eame les demandes les plus exigeantes de machines industrielles. Gr\u00e2ce \u00e0 l&#8217;\u00e9tude cibl\u00e9e sur le liquide unique, nous serons en mesure de trouver la meilleure solution au probl\u00e8me unique. Nos <a href=\"http:\/\/www.wmt.it\/index.php\/en\/publications-2\/\">publications<\/a> sont le fruit de notre laboratoire. <\/p>\n\n\n\n<p>Nous effectuons les principales analyses sur les eaux et sur les liquides industriels:<\/p>\n\n\n\n<ul class=\"wp-block-list\"><li>Contenu des polluants chimiques\n\t<\/li><li>Contenu des polluants bact\u00e9riologiques\n\t<\/li><li>Contenu gravim\u00e9trique et granulom\u00e9trique des particules\n\tsolides\n<\/li><\/ul>\n\n\n\n<p>Nous r\u00e9alisons des tests de filtration et de s\u00e9paration sur les eaux et sur les liquides industriels afin de concevoir le meilleur syst\u00e8me de traitement requis en simulant les processus de:<\/p>\n\n\n\n<ul class=\"wp-block-list\"><li>S\u00e9paration par flottation naturelle <\/li><li>S\u00e9paration par flottation acc\u00e9l\u00e9r\u00e9e avec des syst\u00e8mes de macro et de micro flottabilit\u00e9 <\/li><li>S\u00e9paration par flottation fractionn\u00e9e avec s\u00e9parateurs de sol coalescents <\/li><li>S\u00e9paration par s\u00e9dimentation naturelle <\/li><li>S\u00e9paration par s\u00e9dimentation acc\u00e9l\u00e9r\u00e9e avec des centrifugeuses <\/li><li>S\u00e9paration par s\u00e9dimentation fractionn\u00e9e avec s\u00e9parateurs de sol coalescents <\/li><li>Filtration sous pression <\/li><li>Filtration par d\u00e9pression <\/li><li>Filtration a pr\u00e9-rev\u00eatement <\/li><li>Filtration sur lits profonds<\/li><li>S\u00e9paration avec des processus physico-chimiques <\/li><li>S\u00e9paration avec des processus biologiques <\/li><li>Purification par adsorption <\/li><\/ul>\n\n\n\n<p>Notre laboratoire chimique physique utilise les \u00e9quipements suivants:<\/p>\n\n\n\n<ul class=\"wp-block-list\"><li>Arbre m\u00e9canique et agitateurs \u00e9lectromagn\u00e9tiques\n\t<\/li><li>Hottes aspirantes\n\t<\/li><li>Bains thermostatiques\n\t<\/li><li>Bains \u00e0 ultrasons\n\t<\/li><li>Balance analytique\n\t<\/li><li>Microscopes\n\t<\/li><li>Fours \u00e0 moufle max 1600 \u00baC\n\t<\/li><li>Fours \u00e0 induction max 400 \u00baC\n\t<\/li><li>Salles thermostatiques\n\t<\/li><li>pH-m\u00e8tres\n\t<\/li><li>Conductivim\u00e8tres\n\t<\/li><li>Turbidim\u00e8tres\n\t<\/li><li>Spectrom\u00e8tres\n\t<\/li><li>Spectrophotom\u00e8tre\n\t<\/li><li>B.O.D. 5 &#8211; Oxyg\u00e8ne biologique n\u00e9cessaire\n\t<\/li><li>C.O.D. &#8211; Oxyg\u00e8ne chimique requis\n\t<\/li><li>Oxyg\u00e8ne dissous\n\t<\/li><li>R\u00e9fractom\u00e8tres\n\t<\/li><li>Granulom\u00e8tre laser\n\t<\/li><li>Pompes \u00e0 vide\n\t<\/li><li>Pompes doseuses\n\t<\/li><li>Pompes p\u00e9ristaltiques\n<\/li><\/ul>\n\n\n\n<ul class=\"wp-block-list\"><li>Mat\u00e9riel de tamisage et de s\u00e9paration\n\t<\/li><li>S\u00e9paration et distillation d&#8217;objets en verre\n<\/li><\/ul>\n\n\n\n<ul class=\"wp-block-list\"><li>Jauges d&#8217;\u00e9paisseur\n\t<\/li><li>Sonom\u00e8tres\n\t<\/li><li>Volm\u00e8tres \u00e9lectrostatiques\n\t<\/li><li>Amp\u00e8rom\u00e8tres\n<\/li><\/ul>\n\n\n\n<p> <br>Pour toutes exigences concernant vos proc\u00e9d\u00e9s: nettoyage, s\u00e9paration, s\u00e9dimentation, \u00e9limination d&#8217;huile, filtration et purification vous pouvez contacter notre <a href=\"mailto:wmt@wmt.it?subject=Demande%20d'analyse%20en%20laboratoire.\">laboratoire<\/a> avec vos demandes sp\u00e9cifiques. <\/p>\n\n\n\n<p>Nous vous aiderons \u00e0 trouver la meilleure solution \u00e0 votre\nprobl\u00e8me.<\/p>\n","protected":false},"excerpt":{"rendered":"<p>Notre structure utilise un laboratoire chimique physique pour l&#8217;\u00e9tude des liquides de d\u00e9rivation industrielle afin d&#8217;offrir au client un service visant \u00e0 r\u00e9soudre tout probl\u00e8me rencontr\u00e9. De plus, l&#8217;\u00e9tude d&#8217;\u00e9chantillons individuels pr\u00e9lev\u00e9s sur le terrain nous aide dans le d\u00e9veloppement et la mise \u00e0 jour de nos produits dans le but de satisfaire m\u00eame les [&hellip;]<\/p>\n","protected":false},"author":1,"featured_media":1894,"parent":0,"menu_order":0,"comment_status":"closed","ping_status":"closed","template":"","meta":{"ngg_post_thumbnail":0,"footnotes":""},"class_list":["post-1856","page","type-page","status-publish","has-post-thumbnail","hentry"],"yoast_head":"<!-- This site is optimized with the Yoast SEO plugin v27.3 - https:\/\/yoast.com\/product\/yoast-seo-wordpress\/ -->\n<title>Laboratoire chimique physique de recherche et d\u00e9veloppement &#8226; W.M.T. - Water and Mechanical Technology s.r.l.<\/title>\n<meta name=\"description\" content=\"Notre structure utilise un laboratoire chimique \/ physique pour l&#039;\u00e9tude des liquides d\u00e9riv\u00e9s industriels afin d&#039;offrir un meilleur service.\" \/>\n<meta name=\"robots\" content=\"index, follow, max-snippet:-1, max-image-preview:large, max-video-preview:-1\" \/>\n<link rel=\"canonical\" href=\"http:\/\/www.wmt.it\/index.php\/fr\/laboratoire-de-recherche-et-developpement-chimique-physique\/\" \/>\n<meta property=\"og:locale\" content=\"it_IT\" \/>\n<meta property=\"og:type\" content=\"article\" \/>\n<meta property=\"og:title\" content=\"Laboratoire chimique physique de recherche et d\u00e9veloppement &#8226; W.M.T. - Water and Mechanical Technology s.r.l.\" \/>\n<meta property=\"og:description\" content=\"Notre structure utilise un laboratoire chimique \/ physique pour l&#039;\u00e9tude des liquides d\u00e9riv\u00e9s industriels afin d&#039;offrir un meilleur service.\" \/>\n<meta property=\"og:url\" content=\"http:\/\/www.wmt.it\/index.php\/fr\/laboratoire-de-recherche-et-developpement-chimique-physique\/\" \/>\n<meta property=\"og:site_name\" content=\"W.M.T. - Water and Mechanical Technology s.r.l.\" \/>\n<meta property=\"article:publisher\" content=\"https:\/\/www.facebook.com\/pages\/WMT\/523330841079249?eid=ARBCva1bxbHrIwpLi2jUbikM5NzJrQOywcEqrkgUjYQ_m59R20SghP76Um2Ffw8jsoHFxRwr_28Y5a6v\" \/>\n<meta property=\"article:modified_time\" content=\"2020-02-13T10:38:26+00:00\" \/>\n<meta property=\"og:image\" content=\"http:\/\/www.wmt.it\/wp-content\/uploads\/2019\/12\/lab_laboratorio-1.jpg\" \/>\n\t<meta property=\"og:image:width\" content=\"1240\" \/>\n\t<meta property=\"og:image:height\" content=\"472\" \/>\n\t<meta property=\"og:image:type\" content=\"image\/jpeg\" \/>\n<meta name=\"twitter:card\" content=\"summary_large_image\" \/>\n<meta name=\"twitter:label1\" content=\"Tempo di lettura stimato\" \/>\n\t<meta name=\"twitter:data1\" content=\"2 minuti\" \/>\n<script type=\"application\/ld+json\" class=\"yoast-schema-graph\">{\"@context\":\"https:\\\/\\\/schema.org\",\"@graph\":[{\"@type\":\"WebPage\",\"@id\":\"http:\\\/\\\/www.wmt.it\\\/index.php\\\/fr\\\/laboratoire-de-recherche-et-developpement-chimique-physique\\\/\",\"url\":\"http:\\\/\\\/www.wmt.it\\\/index.php\\\/fr\\\/laboratoire-de-recherche-et-developpement-chimique-physique\\\/\",\"name\":\"Laboratoire chimique physique de recherche et d\u00e9veloppement &#8226; W.M.T. - Water and Mechanical Technology s.r.l.\",\"isPartOf\":{\"@id\":\"http:\\\/\\\/www.wmt.it\\\/#website\"},\"primaryImageOfPage\":{\"@id\":\"http:\\\/\\\/www.wmt.it\\\/index.php\\\/fr\\\/laboratoire-de-recherche-et-developpement-chimique-physique\\\/#primaryimage\"},\"image\":{\"@id\":\"http:\\\/\\\/www.wmt.it\\\/index.php\\\/fr\\\/laboratoire-de-recherche-et-developpement-chimique-physique\\\/#primaryimage\"},\"thumbnailUrl\":\"http:\\\/\\\/www.wmt.it\\\/wp-content\\\/uploads\\\/2019\\\/12\\\/lab_laboratorio-1.jpg\",\"datePublished\":\"2019-12-20T13:26:53+00:00\",\"dateModified\":\"2020-02-13T10:38:26+00:00\",\"description\":\"Notre structure utilise un laboratoire chimique \\\/ physique pour l'\u00e9tude des liquides d\u00e9riv\u00e9s industriels afin d'offrir un meilleur service.\",\"breadcrumb\":{\"@id\":\"http:\\\/\\\/www.wmt.it\\\/index.php\\\/fr\\\/laboratoire-de-recherche-et-developpement-chimique-physique\\\/#breadcrumb\"},\"inLanguage\":\"it-IT\",\"potentialAction\":[{\"@type\":\"ReadAction\",\"target\":[\"http:\\\/\\\/www.wmt.it\\\/index.php\\\/fr\\\/laboratoire-de-recherche-et-developpement-chimique-physique\\\/\"]}]},{\"@type\":\"ImageObject\",\"inLanguage\":\"it-IT\",\"@id\":\"http:\\\/\\\/www.wmt.it\\\/index.php\\\/fr\\\/laboratoire-de-recherche-et-developpement-chimique-physique\\\/#primaryimage\",\"url\":\"http:\\\/\\\/www.wmt.it\\\/wp-content\\\/uploads\\\/2019\\\/12\\\/lab_laboratorio-1.jpg\",\"contentUrl\":\"http:\\\/\\\/www.wmt.it\\\/wp-content\\\/uploads\\\/2019\\\/12\\\/lab_laboratorio-1.jpg\",\"width\":1240,\"height\":472},{\"@type\":\"BreadcrumbList\",\"@id\":\"http:\\\/\\\/www.wmt.it\\\/index.php\\\/fr\\\/laboratoire-de-recherche-et-developpement-chimique-physique\\\/#breadcrumb\",\"itemListElement\":[{\"@type\":\"ListItem\",\"position\":1,\"name\":\"Home\",\"item\":\"http:\\\/\\\/www.wmt.it\\\/index.php\\\/en\\\/wmt-home\\\/\"},{\"@type\":\"ListItem\",\"position\":2,\"name\":\"Laboratoire chimique physique de recherche et d\u00e9veloppement\"}]},{\"@type\":\"WebSite\",\"@id\":\"http:\\\/\\\/www.wmt.it\\\/#website\",\"url\":\"http:\\\/\\\/www.wmt.it\\\/\",\"name\":\"W.M.T. - Water and Mechanical Technology s.r.l.\",\"description\":\"ENGINEERING AND FILTERING SYSTEM, PURE WITH PROFIT\",\"publisher\":{\"@id\":\"http:\\\/\\\/www.wmt.it\\\/#organization\"},\"potentialAction\":[{\"@type\":\"SearchAction\",\"target\":{\"@type\":\"EntryPoint\",\"urlTemplate\":\"http:\\\/\\\/www.wmt.it\\\/?s={search_term_string}\"},\"query-input\":{\"@type\":\"PropertyValueSpecification\",\"valueRequired\":true,\"valueName\":\"search_term_string\"}}],\"inLanguage\":\"it-IT\"},{\"@type\":\"Organization\",\"@id\":\"http:\\\/\\\/www.wmt.it\\\/#organization\",\"name\":\"W.M.T. - Water and Mechanical Technology s.r.l.\",\"url\":\"http:\\\/\\\/www.wmt.it\\\/\",\"logo\":{\"@type\":\"ImageObject\",\"inLanguage\":\"it-IT\",\"@id\":\"http:\\\/\\\/www.wmt.it\\\/#\\\/schema\\\/logo\\\/image\\\/\",\"url\":\"http:\\\/\\\/www.wmt.it\\\/wp-content\\\/uploads\\\/2019\\\/12\\\/logo_wmt_blu_512x512.jpg\",\"contentUrl\":\"http:\\\/\\\/www.wmt.it\\\/wp-content\\\/uploads\\\/2019\\\/12\\\/logo_wmt_blu_512x512.jpg\",\"width\":512,\"height\":512,\"caption\":\"W.M.T. - Water and Mechanical Technology s.r.l.\"},\"image\":{\"@id\":\"http:\\\/\\\/www.wmt.it\\\/#\\\/schema\\\/logo\\\/image\\\/\"},\"sameAs\":[\"https:\\\/\\\/www.facebook.com\\\/pages\\\/WMT\\\/523330841079249?eid=ARBCva1bxbHrIwpLi2jUbikM5NzJrQOywcEqrkgUjYQ_m59R20SghP76Um2Ffw8jsoHFxRwr_28Y5a6v\",\"https:\\\/\\\/www.google.com\\\/maps\\\/place\\\/W.M.T.+-+Water+and+Mechanical+Technology+s.r.l.\\\/@45.538948,9.1806583,17z\\\/data=!3m1!4b1!4m5!3m4!1s0x4786bf60c912a84b:0xfc12749d2f8ea14a!8m2!3d45.538948!4d9.182847\",\"https:\\\/\\\/www.linkedin.com\\\/company\\\/2059941\"]}]}<\/script>\n<!-- \/ Yoast SEO plugin. -->","yoast_head_json":{"title":"Laboratoire chimique physique de recherche et d\u00e9veloppement &#8226; W.M.T. - Water and Mechanical Technology s.r.l.","description":"Notre structure utilise un laboratoire chimique \/ physique pour l'\u00e9tude des liquides d\u00e9riv\u00e9s industriels afin d'offrir un meilleur service.","robots":{"index":"index","follow":"follow","max-snippet":"max-snippet:-1","max-image-preview":"max-image-preview:large","max-video-preview":"max-video-preview:-1"},"canonical":"http:\/\/www.wmt.it\/index.php\/fr\/laboratoire-de-recherche-et-developpement-chimique-physique\/","og_locale":"it_IT","og_type":"article","og_title":"Laboratoire chimique physique de recherche et d\u00e9veloppement &#8226; W.M.T. - Water and Mechanical Technology s.r.l.","og_description":"Notre structure utilise un laboratoire chimique \/ physique pour l'\u00e9tude des liquides d\u00e9riv\u00e9s industriels afin d'offrir un meilleur service.","og_url":"http:\/\/www.wmt.it\/index.php\/fr\/laboratoire-de-recherche-et-developpement-chimique-physique\/","og_site_name":"W.M.T. - Water and Mechanical Technology s.r.l.","article_publisher":"https:\/\/www.facebook.com\/pages\/WMT\/523330841079249?eid=ARBCva1bxbHrIwpLi2jUbikM5NzJrQOywcEqrkgUjYQ_m59R20SghP76Um2Ffw8jsoHFxRwr_28Y5a6v","article_modified_time":"2020-02-13T10:38:26+00:00","og_image":[{"width":1240,"height":472,"url":"http:\/\/www.wmt.it\/wp-content\/uploads\/2019\/12\/lab_laboratorio-1.jpg","type":"image\/jpeg"}],"twitter_card":"summary_large_image","twitter_misc":{"Tempo di lettura stimato":"2 minuti"},"schema":{"@context":"https:\/\/schema.org","@graph":[{"@type":"WebPage","@id":"http:\/\/www.wmt.it\/index.php\/fr\/laboratoire-de-recherche-et-developpement-chimique-physique\/","url":"http:\/\/www.wmt.it\/index.php\/fr\/laboratoire-de-recherche-et-developpement-chimique-physique\/","name":"Laboratoire chimique physique de recherche et d\u00e9veloppement &#8226; W.M.T. - Water and Mechanical Technology s.r.l.","isPartOf":{"@id":"http:\/\/www.wmt.it\/#website"},"primaryImageOfPage":{"@id":"http:\/\/www.wmt.it\/index.php\/fr\/laboratoire-de-recherche-et-developpement-chimique-physique\/#primaryimage"},"image":{"@id":"http:\/\/www.wmt.it\/index.php\/fr\/laboratoire-de-recherche-et-developpement-chimique-physique\/#primaryimage"},"thumbnailUrl":"http:\/\/www.wmt.it\/wp-content\/uploads\/2019\/12\/lab_laboratorio-1.jpg","datePublished":"2019-12-20T13:26:53+00:00","dateModified":"2020-02-13T10:38:26+00:00","description":"Notre structure utilise un laboratoire chimique \/ physique pour l'\u00e9tude des liquides d\u00e9riv\u00e9s industriels afin d'offrir un meilleur service.","breadcrumb":{"@id":"http:\/\/www.wmt.it\/index.php\/fr\/laboratoire-de-recherche-et-developpement-chimique-physique\/#breadcrumb"},"inLanguage":"it-IT","potentialAction":[{"@type":"ReadAction","target":["http:\/\/www.wmt.it\/index.php\/fr\/laboratoire-de-recherche-et-developpement-chimique-physique\/"]}]},{"@type":"ImageObject","inLanguage":"it-IT","@id":"http:\/\/www.wmt.it\/index.php\/fr\/laboratoire-de-recherche-et-developpement-chimique-physique\/#primaryimage","url":"http:\/\/www.wmt.it\/wp-content\/uploads\/2019\/12\/lab_laboratorio-1.jpg","contentUrl":"http:\/\/www.wmt.it\/wp-content\/uploads\/2019\/12\/lab_laboratorio-1.jpg","width":1240,"height":472},{"@type":"BreadcrumbList","@id":"http:\/\/www.wmt.it\/index.php\/fr\/laboratoire-de-recherche-et-developpement-chimique-physique\/#breadcrumb","itemListElement":[{"@type":"ListItem","position":1,"name":"Home","item":"http:\/\/www.wmt.it\/index.php\/en\/wmt-home\/"},{"@type":"ListItem","position":2,"name":"Laboratoire chimique physique de recherche et d\u00e9veloppement"}]},{"@type":"WebSite","@id":"http:\/\/www.wmt.it\/#website","url":"http:\/\/www.wmt.it\/","name":"W.M.T. - Water and Mechanical Technology s.r.l.","description":"ENGINEERING AND FILTERING SYSTEM, PURE WITH PROFIT","publisher":{"@id":"http:\/\/www.wmt.it\/#organization"},"potentialAction":[{"@type":"SearchAction","target":{"@type":"EntryPoint","urlTemplate":"http:\/\/www.wmt.it\/?s={search_term_string}"},"query-input":{"@type":"PropertyValueSpecification","valueRequired":true,"valueName":"search_term_string"}}],"inLanguage":"it-IT"},{"@type":"Organization","@id":"http:\/\/www.wmt.it\/#organization","name":"W.M.T. - Water and Mechanical Technology s.r.l.","url":"http:\/\/www.wmt.it\/","logo":{"@type":"ImageObject","inLanguage":"it-IT","@id":"http:\/\/www.wmt.it\/#\/schema\/logo\/image\/","url":"http:\/\/www.wmt.it\/wp-content\/uploads\/2019\/12\/logo_wmt_blu_512x512.jpg","contentUrl":"http:\/\/www.wmt.it\/wp-content\/uploads\/2019\/12\/logo_wmt_blu_512x512.jpg","width":512,"height":512,"caption":"W.M.T. - Water and Mechanical Technology s.r.l."},"image":{"@id":"http:\/\/www.wmt.it\/#\/schema\/logo\/image\/"},"sameAs":["https:\/\/www.facebook.com\/pages\/WMT\/523330841079249?eid=ARBCva1bxbHrIwpLi2jUbikM5NzJrQOywcEqrkgUjYQ_m59R20SghP76Um2Ffw8jsoHFxRwr_28Y5a6v","https:\/\/www.google.com\/maps\/place\/W.M.T.+-+Water+and+Mechanical+Technology+s.r.l.\/@45.538948,9.1806583,17z\/data=!3m1!4b1!4m5!3m4!1s0x4786bf60c912a84b:0xfc12749d2f8ea14a!8m2!3d45.538948!4d9.182847","https:\/\/www.linkedin.com\/company\/2059941"]}]}},"_links":{"self":[{"href":"http:\/\/www.wmt.it\/index.php\/wp-json\/wp\/v2\/pages\/1856","targetHints":{"allow":["GET"]}}],"collection":[{"href":"http:\/\/www.wmt.it\/index.php\/wp-json\/wp\/v2\/pages"}],"about":[{"href":"http:\/\/www.wmt.it\/index.php\/wp-json\/wp\/v2\/types\/page"}],"author":[{"embeddable":true,"href":"http:\/\/www.wmt.it\/index.php\/wp-json\/wp\/v2\/users\/1"}],"replies":[{"embeddable":true,"href":"http:\/\/www.wmt.it\/index.php\/wp-json\/wp\/v2\/comments?post=1856"}],"version-history":[{"count":6,"href":"http:\/\/www.wmt.it\/index.php\/wp-json\/wp\/v2\/pages\/1856\/revisions"}],"predecessor-version":[{"id":2858,"href":"http:\/\/www.wmt.it\/index.php\/wp-json\/wp\/v2\/pages\/1856\/revisions\/2858"}],"wp:featuredmedia":[{"embeddable":true,"href":"http:\/\/www.wmt.it\/index.php\/wp-json\/wp\/v2\/media\/1894"}],"wp:attachment":[{"href":"http:\/\/www.wmt.it\/index.php\/wp-json\/wp\/v2\/media?parent=1856"}],"curies":[{"name":"wp","href":"https:\/\/api.w.org\/{rel}","templated":true}]}}