{"id":1981,"date":"2019-12-23T17:08:58","date_gmt":"2019-12-23T16:08:58","guid":{"rendered":"http:\/\/www.wmt.it\/?page_id=1981"},"modified":"2020-01-28T11:31:58","modified_gmt":"2020-01-28T10:31:58","slug":"genesis-lvsp-liquid-vacuum-sandwich-panel","status":"publish","type":"page","link":"http:\/\/www.wmt.it\/index.php\/fr\/genesis-lvsp-liquid-vacuum-sandwich-panel\/","title":{"rendered":"Gen\u00e8se du filtre LVSP &#8211; Liquid Vacuum Sandwich Panel"},"content":{"rendered":"\n<p>Dans cette section, vous trouverez les raisons qui nous ont amen\u00e9s \u00e0 cr\u00e9er le nouveau filtre<\/p>\n\n\n\n<p class=\"has-text-color has-text-align-center has-medium-font-size has-vivid-red-color\"><strong>LIQUID VACUUM SANDWICH PANEL<\/strong><br><strong>(BREVETS n\u00b0 01273048 et n\u00b0 01254551).<\/strong><\/p>\n\n\n\n<p>Il s&#8217;agit d&#8217;une revue de l&#8217;\u00e9volution historique des syst\u00e8mes de filtration sous vide liquide, visant \u00e0 mettre en \u00e9vidence les c\u00f4t\u00e9s positifs et n\u00e9gatifs de chaque aspect, ce qui a conduit \u00e0 l&#8217;application de la th\u00e9orie de la filtration capillaire &#8211; d\u00e9j\u00e0 utilis\u00e9e et consolid\u00e9e dans les syst\u00e8mes a pr\u00e9-rev\u00eatement et dans les syst\u00e8mes de filtration en lit profond &#8211; \u00e0 ce type de syst\u00e8mes de filtration.<\/p>\n\n\n\n<table style=\"width: 100%;\" cellspacing=\"0\" border=\"0\">\n<tbody>\n<tr><\/tr>\n<tr>\n<td style=\"width: 10%;\" align=\"center\"><\/td>\n<td style=\"width: 80%;\" align=\"center\"><div class=\"wp-block-button\"><a class=\"wp-block-button__link has-background has-vivid-cyan-blue-background-color\" href=\"http:\/\/www.wmt.it\/wp-content\/uploads\/2020\/01\/wmt_lvsp_genesis_rev-a_en_a4.pdf\" target=\"_blank\" rel=\"noopener noreferrer\">Voir la documentation &#8220;Gen\u00e8se du filtre LVSP &#8211; Liquid Vacuum Sandwich Panel&#8221; [EN]<\/a><\/div><\/td>\n<td style=\"width: 10%;\" align=\"center\"><\/td>\n<\/tr>\n<\/tbody>\n<\/table>\n\n\n\n<p>Pour plus d&#8217;informations, nous vous invitons \u00e0 contacter notre <a href=\"mailto:dip@wmt.it?subject=Clarification%20environ%20la%20gen\u00e8se%20du%20fltre%20LVSP%20-%20Liquid%20Vacuum%20Sandwich%20Panel.\"><b>Bureau Technique<\/b><\/a>.<\/p>\n","protected":false},"excerpt":{"rendered":"<p>Dans cette section, vous trouverez les raisons qui nous ont amen\u00e9s \u00e0 cr\u00e9er le nouveau filtre LIQUID VACUUM SANDWICH PANEL(BREVETS n\u00b0 01273048 et n\u00b0 01254551). Il s&#8217;agit d&#8217;une revue de l&#8217;\u00e9volution historique des syst\u00e8mes de filtration sous vide liquide, visant \u00e0 mettre en \u00e9vidence les c\u00f4t\u00e9s positifs et n\u00e9gatifs de chaque aspect, ce qui a [&hellip;]<\/p>\n","protected":false},"author":1,"featured_media":0,"parent":0,"menu_order":0,"comment_status":"closed","ping_status":"closed","template":"","meta":{"ngg_post_thumbnail":0,"footnotes":""},"class_list":["post-1981","page","type-page","status-publish","hentry"],"yoast_head":"<!-- This site is optimized with the Yoast SEO plugin v27.6 - https:\/\/yoast.com\/product\/yoast-seo-wordpress\/ -->\n<title>Gen\u00e8se du filtre LVSP - Liquid Vacuum Sandwich Panel &#8226; W.M.T. - Water and Mechanical Technology s.r.l.<\/title>\n<meta name=\"robots\" content=\"index, follow, max-snippet:-1, max-image-preview:large, max-video-preview:-1\" \/>\n<link rel=\"canonical\" href=\"http:\/\/www.wmt.it\/index.php\/fr\/genesis-lvsp-liquid-vacuum-sandwich-panel\/\" \/>\n<meta property=\"og:locale\" content=\"it_IT\" \/>\n<meta property=\"og:type\" content=\"article\" \/>\n<meta property=\"og:title\" content=\"Gen\u00e8se du filtre LVSP - Liquid Vacuum Sandwich Panel &#8226; W.M.T. - Water and Mechanical Technology s.r.l.\" \/>\n<meta property=\"og:description\" content=\"Dans cette section, vous trouverez les raisons qui nous ont amen\u00e9s \u00e0 cr\u00e9er le nouveau filtre LIQUID VACUUM SANDWICH PANEL(BREVETS n\u00b0 01273048 et n\u00b0 01254551). Il s&#8217;agit d&#8217;une revue de l&#8217;\u00e9volution historique des syst\u00e8mes de filtration sous vide liquide, visant \u00e0 mettre en \u00e9vidence les c\u00f4t\u00e9s positifs et n\u00e9gatifs de chaque aspect, ce qui a [&hellip;]\" \/>\n<meta property=\"og:url\" content=\"http:\/\/www.wmt.it\/index.php\/fr\/genesis-lvsp-liquid-vacuum-sandwich-panel\/\" \/>\n<meta property=\"og:site_name\" content=\"W.M.T. - Water and Mechanical Technology s.r.l.\" \/>\n<meta property=\"article:publisher\" content=\"https:\/\/www.facebook.com\/pages\/WMT\/523330841079249?eid=ARBCva1bxbHrIwpLi2jUbikM5NzJrQOywcEqrkgUjYQ_m59R20SghP76Um2Ffw8jsoHFxRwr_28Y5a6v\" \/>\n<meta property=\"article:modified_time\" content=\"2020-01-28T10:31:58+00:00\" \/>\n<meta name=\"twitter:card\" content=\"summary_large_image\" \/>\n<meta name=\"twitter:label1\" content=\"Tempo di lettura stimato\" \/>\n\t<meta name=\"twitter:data1\" content=\"1 minuto\" \/>\n<script type=\"application\/ld+json\" class=\"yoast-schema-graph\">{\"@context\":\"https:\\\/\\\/schema.org\",\"@graph\":[{\"@type\":\"WebPage\",\"@id\":\"http:\\\/\\\/www.wmt.it\\\/index.php\\\/fr\\\/genesis-lvsp-liquid-vacuum-sandwich-panel\\\/\",\"url\":\"http:\\\/\\\/www.wmt.it\\\/index.php\\\/fr\\\/genesis-lvsp-liquid-vacuum-sandwich-panel\\\/\",\"name\":\"Gen\u00e8se du filtre LVSP - Liquid Vacuum Sandwich Panel &#8226; W.M.T. - Water and Mechanical Technology s.r.l.\",\"isPartOf\":{\"@id\":\"http:\\\/\\\/www.wmt.it\\\/#website\"},\"datePublished\":\"2019-12-23T16:08:58+00:00\",\"dateModified\":\"2020-01-28T10:31:58+00:00\",\"breadcrumb\":{\"@id\":\"http:\\\/\\\/www.wmt.it\\\/index.php\\\/fr\\\/genesis-lvsp-liquid-vacuum-sandwich-panel\\\/#breadcrumb\"},\"inLanguage\":\"it-IT\",\"potentialAction\":[{\"@type\":\"ReadAction\",\"target\":[\"http:\\\/\\\/www.wmt.it\\\/index.php\\\/fr\\\/genesis-lvsp-liquid-vacuum-sandwich-panel\\\/\"]}]},{\"@type\":\"BreadcrumbList\",\"@id\":\"http:\\\/\\\/www.wmt.it\\\/index.php\\\/fr\\\/genesis-lvsp-liquid-vacuum-sandwich-panel\\\/#breadcrumb\",\"itemListElement\":[{\"@type\":\"ListItem\",\"position\":1,\"name\":\"Home\",\"item\":\"http:\\\/\\\/www.wmt.it\\\/index.php\\\/en\\\/wmt-home\\\/\"},{\"@type\":\"ListItem\",\"position\":2,\"name\":\"Gen\u00e8se du filtre LVSP &#8211; Liquid Vacuum Sandwich Panel\"}]},{\"@type\":\"WebSite\",\"@id\":\"http:\\\/\\\/www.wmt.it\\\/#website\",\"url\":\"http:\\\/\\\/www.wmt.it\\\/\",\"name\":\"W.M.T. - Water and Mechanical Technology s.r.l.\",\"description\":\"ENGINEERING AND FILTERING SYSTEM, PURE WITH PROFIT\",\"publisher\":{\"@id\":\"http:\\\/\\\/www.wmt.it\\\/#organization\"},\"potentialAction\":[{\"@type\":\"SearchAction\",\"target\":{\"@type\":\"EntryPoint\",\"urlTemplate\":\"http:\\\/\\\/www.wmt.it\\\/?s={search_term_string}\"},\"query-input\":{\"@type\":\"PropertyValueSpecification\",\"valueRequired\":true,\"valueName\":\"search_term_string\"}}],\"inLanguage\":\"it-IT\"},{\"@type\":\"Organization\",\"@id\":\"http:\\\/\\\/www.wmt.it\\\/#organization\",\"name\":\"W.M.T. - Water and Mechanical Technology s.r.l.\",\"url\":\"http:\\\/\\\/www.wmt.it\\\/\",\"logo\":{\"@type\":\"ImageObject\",\"inLanguage\":\"it-IT\",\"@id\":\"http:\\\/\\\/www.wmt.it\\\/#\\\/schema\\\/logo\\\/image\\\/\",\"url\":\"http:\\\/\\\/www.wmt.it\\\/wp-content\\\/uploads\\\/2019\\\/12\\\/logo_wmt_blu_512x512.jpg\",\"contentUrl\":\"http:\\\/\\\/www.wmt.it\\\/wp-content\\\/uploads\\\/2019\\\/12\\\/logo_wmt_blu_512x512.jpg\",\"width\":512,\"height\":512,\"caption\":\"W.M.T. - Water and Mechanical Technology s.r.l.\"},\"image\":{\"@id\":\"http:\\\/\\\/www.wmt.it\\\/#\\\/schema\\\/logo\\\/image\\\/\"},\"sameAs\":[\"https:\\\/\\\/www.facebook.com\\\/pages\\\/WMT\\\/523330841079249?eid=ARBCva1bxbHrIwpLi2jUbikM5NzJrQOywcEqrkgUjYQ_m59R20SghP76Um2Ffw8jsoHFxRwr_28Y5a6v\",\"https:\\\/\\\/www.google.com\\\/maps\\\/place\\\/W.M.T.+-+Water+and+Mechanical+Technology+s.r.l.\\\/@45.538948,9.1806583,17z\\\/data=!3m1!4b1!4m5!3m4!1s0x4786bf60c912a84b:0xfc12749d2f8ea14a!8m2!3d45.538948!4d9.182847\",\"https:\\\/\\\/www.linkedin.com\\\/company\\\/2059941\"]}]}<\/script>\n<!-- \/ Yoast SEO plugin. -->","yoast_head_json":{"title":"Gen\u00e8se du filtre LVSP - Liquid Vacuum Sandwich Panel &#8226; W.M.T. - Water and Mechanical Technology s.r.l.","robots":{"index":"index","follow":"follow","max-snippet":"max-snippet:-1","max-image-preview":"max-image-preview:large","max-video-preview":"max-video-preview:-1"},"canonical":"http:\/\/www.wmt.it\/index.php\/fr\/genesis-lvsp-liquid-vacuum-sandwich-panel\/","og_locale":"it_IT","og_type":"article","og_title":"Gen\u00e8se du filtre LVSP - Liquid Vacuum Sandwich Panel &#8226; W.M.T. - Water and Mechanical Technology s.r.l.","og_description":"Dans cette section, vous trouverez les raisons qui nous ont amen\u00e9s \u00e0 cr\u00e9er le nouveau filtre LIQUID VACUUM SANDWICH PANEL(BREVETS n\u00b0 01273048 et n\u00b0 01254551). Il s&#8217;agit d&#8217;une revue de l&#8217;\u00e9volution historique des syst\u00e8mes de filtration sous vide liquide, visant \u00e0 mettre en \u00e9vidence les c\u00f4t\u00e9s positifs et n\u00e9gatifs de chaque aspect, ce qui a [&hellip;]","og_url":"http:\/\/www.wmt.it\/index.php\/fr\/genesis-lvsp-liquid-vacuum-sandwich-panel\/","og_site_name":"W.M.T. - Water and Mechanical Technology s.r.l.","article_publisher":"https:\/\/www.facebook.com\/pages\/WMT\/523330841079249?eid=ARBCva1bxbHrIwpLi2jUbikM5NzJrQOywcEqrkgUjYQ_m59R20SghP76Um2Ffw8jsoHFxRwr_28Y5a6v","article_modified_time":"2020-01-28T10:31:58+00:00","twitter_card":"summary_large_image","twitter_misc":{"Tempo di lettura stimato":"1 minuto"},"schema":{"@context":"https:\/\/schema.org","@graph":[{"@type":"WebPage","@id":"http:\/\/www.wmt.it\/index.php\/fr\/genesis-lvsp-liquid-vacuum-sandwich-panel\/","url":"http:\/\/www.wmt.it\/index.php\/fr\/genesis-lvsp-liquid-vacuum-sandwich-panel\/","name":"Gen\u00e8se du filtre LVSP - Liquid Vacuum Sandwich Panel &#8226; W.M.T. - Water and Mechanical Technology s.r.l.","isPartOf":{"@id":"http:\/\/www.wmt.it\/#website"},"datePublished":"2019-12-23T16:08:58+00:00","dateModified":"2020-01-28T10:31:58+00:00","breadcrumb":{"@id":"http:\/\/www.wmt.it\/index.php\/fr\/genesis-lvsp-liquid-vacuum-sandwich-panel\/#breadcrumb"},"inLanguage":"it-IT","potentialAction":[{"@type":"ReadAction","target":["http:\/\/www.wmt.it\/index.php\/fr\/genesis-lvsp-liquid-vacuum-sandwich-panel\/"]}]},{"@type":"BreadcrumbList","@id":"http:\/\/www.wmt.it\/index.php\/fr\/genesis-lvsp-liquid-vacuum-sandwich-panel\/#breadcrumb","itemListElement":[{"@type":"ListItem","position":1,"name":"Home","item":"http:\/\/www.wmt.it\/index.php\/en\/wmt-home\/"},{"@type":"ListItem","position":2,"name":"Gen\u00e8se du filtre LVSP &#8211; Liquid Vacuum Sandwich Panel"}]},{"@type":"WebSite","@id":"http:\/\/www.wmt.it\/#website","url":"http:\/\/www.wmt.it\/","name":"W.M.T. - Water and Mechanical Technology s.r.l.","description":"ENGINEERING AND FILTERING SYSTEM, PURE WITH PROFIT","publisher":{"@id":"http:\/\/www.wmt.it\/#organization"},"potentialAction":[{"@type":"SearchAction","target":{"@type":"EntryPoint","urlTemplate":"http:\/\/www.wmt.it\/?s={search_term_string}"},"query-input":{"@type":"PropertyValueSpecification","valueRequired":true,"valueName":"search_term_string"}}],"inLanguage":"it-IT"},{"@type":"Organization","@id":"http:\/\/www.wmt.it\/#organization","name":"W.M.T. - Water and Mechanical Technology s.r.l.","url":"http:\/\/www.wmt.it\/","logo":{"@type":"ImageObject","inLanguage":"it-IT","@id":"http:\/\/www.wmt.it\/#\/schema\/logo\/image\/","url":"http:\/\/www.wmt.it\/wp-content\/uploads\/2019\/12\/logo_wmt_blu_512x512.jpg","contentUrl":"http:\/\/www.wmt.it\/wp-content\/uploads\/2019\/12\/logo_wmt_blu_512x512.jpg","width":512,"height":512,"caption":"W.M.T. - Water and Mechanical Technology s.r.l."},"image":{"@id":"http:\/\/www.wmt.it\/#\/schema\/logo\/image\/"},"sameAs":["https:\/\/www.facebook.com\/pages\/WMT\/523330841079249?eid=ARBCva1bxbHrIwpLi2jUbikM5NzJrQOywcEqrkgUjYQ_m59R20SghP76Um2Ffw8jsoHFxRwr_28Y5a6v","https:\/\/www.google.com\/maps\/place\/W.M.T.+-+Water+and+Mechanical+Technology+s.r.l.\/@45.538948,9.1806583,17z\/data=!3m1!4b1!4m5!3m4!1s0x4786bf60c912a84b:0xfc12749d2f8ea14a!8m2!3d45.538948!4d9.182847","https:\/\/www.linkedin.com\/company\/2059941"]}]}},"_links":{"self":[{"href":"http:\/\/www.wmt.it\/index.php\/wp-json\/wp\/v2\/pages\/1981","targetHints":{"allow":["GET"]}}],"collection":[{"href":"http:\/\/www.wmt.it\/index.php\/wp-json\/wp\/v2\/pages"}],"about":[{"href":"http:\/\/www.wmt.it\/index.php\/wp-json\/wp\/v2\/types\/page"}],"author":[{"embeddable":true,"href":"http:\/\/www.wmt.it\/index.php\/wp-json\/wp\/v2\/users\/1"}],"replies":[{"embeddable":true,"href":"http:\/\/www.wmt.it\/index.php\/wp-json\/wp\/v2\/comments?post=1981"}],"version-history":[{"count":11,"href":"http:\/\/www.wmt.it\/index.php\/wp-json\/wp\/v2\/pages\/1981\/revisions"}],"predecessor-version":[{"id":2736,"href":"http:\/\/www.wmt.it\/index.php\/wp-json\/wp\/v2\/pages\/1981\/revisions\/2736"}],"wp:attachment":[{"href":"http:\/\/www.wmt.it\/index.php\/wp-json\/wp\/v2\/media?parent=1981"}],"curies":[{"name":"wp","href":"https:\/\/api.w.org\/{rel}","templated":true}]}}