{"id":1983,"date":"2019-12-23T17:11:16","date_gmt":"2019-12-23T16:11:16","guid":{"rendered":"http:\/\/www.wmt.it\/?page_id=1983"},"modified":"2020-01-28T11:35:36","modified_gmt":"2020-01-28T10:35:36","slug":"publications","status":"publish","type":"page","link":"http:\/\/www.wmt.it\/index.php\/fr\/publications\/","title":{"rendered":"Publications"},"content":{"rendered":"\n<p><br>Dans cette section et dans les pages suivantes, vous trouverez des pistes de r\u00e9flexion int\u00e9ressantes concernant la filtration en g\u00e9n\u00e9ral.<\/p>\n\n\n\n<table style=\"width: 100%;\" cellspacing=\"0\" border=\"0\">\n<tbody>\n<tr>\n<td style=\"width: 30%;\" align=\"center\"><figure class=\"wp-block-image size-large\"><a href=\"http:\/\/www.wmt.it\/index.php\/fr\/analyses-gravimetriques-et-granulometriques\/\"><img decoding=\"async\" src=\"http:\/\/www.wmt.it\/wp-content\/uploads\/2020\/01\/wmt_cilas_analisys.png\"><\/a><\/figure><\/td>\n<td style=\"width: 5%;\" align=\"center\"><\/td>\n<td style=\"width: 30%;\" align=\"center\"><figure class=\"wp-block-image size-large\"><a href=\"http:\/\/www.wmt.it\/index.php\/fr\/classes-de-filtrage\/\"><img decoding=\"async\" src=\"http:\/\/www.wmt.it\/wp-content\/uploads\/2020\/01\/ST-1584_A_en_a4.png\"><\/a><\/figure><\/td>\n<td style=\"width: 5%;\" align=\"center\"><\/td>\n<td style=\"width: 30%;\" align=\"center\"><figure class=\"wp-block-image size-large\"><a href=\"http:\/\/www.wmt.it\/index.php\/fr\/genesis-lvsp-liquid-vacuum-sandwich-panel\/\"><img decoding=\"async\" src=\"http:\/\/www.wmt.it\/wp-content\/uploads\/2020\/01\/wmt_lvsp_genesis_rev-a_en_a4.png\"><\/a><\/figure><\/td>\n<\/tr>\n<tr>\n<td style=\"width: 30%;\" align=\"center\"><a href=\"http:\/\/www.wmt.it\/index.php\/fr\/analyses-gravimetriques-et-granulometriques\/\"><b>Analyses gravim\u00e9triques et granulom\u00e9triques<\/b><\/a><\/td>\n<td style=\"width: 5%;\" align=\"center\"><\/td>\n<td style=\"width: 30%;\" align=\"center\"><a href=\"http:\/\/www.wmt.it\/index.php\/fr\/classes-de-filtrage\/\"><b>Classes de filtrage<\/b><\/a><\/td>\n<td style=\"width: 5%;\" align=\"center\"><\/td>\n<td style=\"width: 30%;\" align=\"center\"><a href=\"http:\/\/www.wmt.it\/index.php\/fr\/genesis-lvsp-liquid-vacuum-sandwich-panel\/\"><b>Gen\u00e8se du LVSP \u2013 Liquid Vacuum Sandwich Panel<\/b><\/a><\/td>\n<\/tr>\n<\/tbody>\n<\/table>\n\n\n\n<p>Nous vous invitons \u00e0 les lire attentivement et \u00e0 <a href=\"mailto:wmt@wmt.it?subject=Demande%20d'informations%20compl\u00e9mentaires%20sur%20vos%20publications.\"><b>nous contacter<\/b><\/a> pour toute les informations compl\u00e9mentaire dont vous pourriez avoir besoin.<\/p>\n","protected":false},"excerpt":{"rendered":"<p>Dans cette section et dans les pages suivantes, vous trouverez des pistes de r\u00e9flexion int\u00e9ressantes concernant la filtration en g\u00e9n\u00e9ral. Analyses gravim\u00e9triques et granulom\u00e9triques Classes de filtrage Gen\u00e8se du LVSP \u2013 Liquid Vacuum Sandwich Panel Nous vous invitons \u00e0 les lire attentivement et \u00e0 nous contacter pour toute les informations compl\u00e9mentaire dont vous pourriez avoir [&hellip;]<\/p>\n","protected":false},"author":1,"featured_media":1727,"parent":0,"menu_order":0,"comment_status":"closed","ping_status":"closed","template":"","meta":{"ngg_post_thumbnail":0,"footnotes":""},"class_list":["post-1983","page","type-page","status-publish","has-post-thumbnail","hentry"],"yoast_head":"<!-- This site is optimized with the Yoast SEO plugin v27.3 - https:\/\/yoast.com\/product\/yoast-seo-wordpress\/ -->\n<title>Publications &#8226; W.M.T. - Water and Mechanical Technology s.r.l.<\/title>\n<meta name=\"robots\" content=\"index, follow, max-snippet:-1, max-image-preview:large, max-video-preview:-1\" \/>\n<link rel=\"canonical\" href=\"http:\/\/www.wmt.it\/index.php\/fr\/publications\/\" \/>\n<meta property=\"og:locale\" content=\"it_IT\" \/>\n<meta property=\"og:type\" content=\"article\" \/>\n<meta property=\"og:title\" content=\"Publications &#8226; W.M.T. - Water and Mechanical Technology s.r.l.\" \/>\n<meta property=\"og:description\" content=\"Dans cette section et dans les pages suivantes, vous trouverez des pistes de r\u00e9flexion int\u00e9ressantes concernant la filtration en g\u00e9n\u00e9ral. Analyses gravim\u00e9triques et granulom\u00e9triques Classes de filtrage Gen\u00e8se du LVSP \u2013 Liquid Vacuum Sandwich Panel Nous vous invitons \u00e0 les lire attentivement et \u00e0 nous contacter pour toute les informations compl\u00e9mentaire dont vous pourriez avoir [&hellip;]\" \/>\n<meta property=\"og:url\" content=\"http:\/\/www.wmt.it\/index.php\/fr\/publications\/\" \/>\n<meta property=\"og:site_name\" content=\"W.M.T. - Water and Mechanical Technology s.r.l.\" \/>\n<meta property=\"article:publisher\" content=\"https:\/\/www.facebook.com\/pages\/WMT\/523330841079249?eid=ARBCva1bxbHrIwpLi2jUbikM5NzJrQOywcEqrkgUjYQ_m59R20SghP76Um2Ffw8jsoHFxRwr_28Y5a6v\" \/>\n<meta property=\"article:modified_time\" content=\"2020-01-28T10:35:36+00:00\" \/>\n<meta property=\"og:image\" content=\"http:\/\/www.wmt.it\/wp-content\/uploads\/2019\/12\/Brochure-e1576661478284.jpg\" \/>\n\t<meta property=\"og:image:width\" content=\"1920\" \/>\n\t<meta property=\"og:image:height\" content=\"600\" \/>\n\t<meta property=\"og:image:type\" content=\"image\/jpeg\" \/>\n<meta name=\"twitter:card\" content=\"summary_large_image\" \/>\n<script type=\"application\/ld+json\" class=\"yoast-schema-graph\">{\"@context\":\"https:\\\/\\\/schema.org\",\"@graph\":[{\"@type\":\"WebPage\",\"@id\":\"http:\\\/\\\/www.wmt.it\\\/index.php\\\/fr\\\/publications\\\/\",\"url\":\"http:\\\/\\\/www.wmt.it\\\/index.php\\\/fr\\\/publications\\\/\",\"name\":\"Publications &#8226; W.M.T. - Water and Mechanical Technology s.r.l.\",\"isPartOf\":{\"@id\":\"http:\\\/\\\/www.wmt.it\\\/#website\"},\"primaryImageOfPage\":{\"@id\":\"http:\\\/\\\/www.wmt.it\\\/index.php\\\/fr\\\/publications\\\/#primaryimage\"},\"image\":{\"@id\":\"http:\\\/\\\/www.wmt.it\\\/index.php\\\/fr\\\/publications\\\/#primaryimage\"},\"thumbnailUrl\":\"http:\\\/\\\/www.wmt.it\\\/wp-content\\\/uploads\\\/2019\\\/12\\\/Brochure-e1576661478284.jpg\",\"datePublished\":\"2019-12-23T16:11:16+00:00\",\"dateModified\":\"2020-01-28T10:35:36+00:00\",\"breadcrumb\":{\"@id\":\"http:\\\/\\\/www.wmt.it\\\/index.php\\\/fr\\\/publications\\\/#breadcrumb\"},\"inLanguage\":\"it-IT\",\"potentialAction\":[{\"@type\":\"ReadAction\",\"target\":[\"http:\\\/\\\/www.wmt.it\\\/index.php\\\/fr\\\/publications\\\/\"]}]},{\"@type\":\"ImageObject\",\"inLanguage\":\"it-IT\",\"@id\":\"http:\\\/\\\/www.wmt.it\\\/index.php\\\/fr\\\/publications\\\/#primaryimage\",\"url\":\"http:\\\/\\\/www.wmt.it\\\/wp-content\\\/uploads\\\/2019\\\/12\\\/Brochure-e1576661478284.jpg\",\"contentUrl\":\"http:\\\/\\\/www.wmt.it\\\/wp-content\\\/uploads\\\/2019\\\/12\\\/Brochure-e1576661478284.jpg\",\"width\":1920,\"height\":600},{\"@type\":\"BreadcrumbList\",\"@id\":\"http:\\\/\\\/www.wmt.it\\\/index.php\\\/fr\\\/publications\\\/#breadcrumb\",\"itemListElement\":[{\"@type\":\"ListItem\",\"position\":1,\"name\":\"Home\",\"item\":\"http:\\\/\\\/www.wmt.it\\\/index.php\\\/en\\\/wmt-home\\\/\"},{\"@type\":\"ListItem\",\"position\":2,\"name\":\"Publications\"}]},{\"@type\":\"WebSite\",\"@id\":\"http:\\\/\\\/www.wmt.it\\\/#website\",\"url\":\"http:\\\/\\\/www.wmt.it\\\/\",\"name\":\"W.M.T. - Water and Mechanical Technology s.r.l.\",\"description\":\"ENGINEERING AND FILTERING SYSTEM, PURE WITH PROFIT\",\"publisher\":{\"@id\":\"http:\\\/\\\/www.wmt.it\\\/#organization\"},\"potentialAction\":[{\"@type\":\"SearchAction\",\"target\":{\"@type\":\"EntryPoint\",\"urlTemplate\":\"http:\\\/\\\/www.wmt.it\\\/?s={search_term_string}\"},\"query-input\":{\"@type\":\"PropertyValueSpecification\",\"valueRequired\":true,\"valueName\":\"search_term_string\"}}],\"inLanguage\":\"it-IT\"},{\"@type\":\"Organization\",\"@id\":\"http:\\\/\\\/www.wmt.it\\\/#organization\",\"name\":\"W.M.T. - Water and Mechanical Technology s.r.l.\",\"url\":\"http:\\\/\\\/www.wmt.it\\\/\",\"logo\":{\"@type\":\"ImageObject\",\"inLanguage\":\"it-IT\",\"@id\":\"http:\\\/\\\/www.wmt.it\\\/#\\\/schema\\\/logo\\\/image\\\/\",\"url\":\"http:\\\/\\\/www.wmt.it\\\/wp-content\\\/uploads\\\/2019\\\/12\\\/logo_wmt_blu_512x512.jpg\",\"contentUrl\":\"http:\\\/\\\/www.wmt.it\\\/wp-content\\\/uploads\\\/2019\\\/12\\\/logo_wmt_blu_512x512.jpg\",\"width\":512,\"height\":512,\"caption\":\"W.M.T. - Water and Mechanical Technology s.r.l.\"},\"image\":{\"@id\":\"http:\\\/\\\/www.wmt.it\\\/#\\\/schema\\\/logo\\\/image\\\/\"},\"sameAs\":[\"https:\\\/\\\/www.facebook.com\\\/pages\\\/WMT\\\/523330841079249?eid=ARBCva1bxbHrIwpLi2jUbikM5NzJrQOywcEqrkgUjYQ_m59R20SghP76Um2Ffw8jsoHFxRwr_28Y5a6v\",\"https:\\\/\\\/www.google.com\\\/maps\\\/place\\\/W.M.T.+-+Water+and+Mechanical+Technology+s.r.l.\\\/@45.538948,9.1806583,17z\\\/data=!3m1!4b1!4m5!3m4!1s0x4786bf60c912a84b:0xfc12749d2f8ea14a!8m2!3d45.538948!4d9.182847\",\"https:\\\/\\\/www.linkedin.com\\\/company\\\/2059941\"]}]}<\/script>\n<!-- \/ Yoast SEO plugin. -->","yoast_head_json":{"title":"Publications &#8226; W.M.T. - Water and Mechanical Technology s.r.l.","robots":{"index":"index","follow":"follow","max-snippet":"max-snippet:-1","max-image-preview":"max-image-preview:large","max-video-preview":"max-video-preview:-1"},"canonical":"http:\/\/www.wmt.it\/index.php\/fr\/publications\/","og_locale":"it_IT","og_type":"article","og_title":"Publications &#8226; W.M.T. - Water and Mechanical Technology s.r.l.","og_description":"Dans cette section et dans les pages suivantes, vous trouverez des pistes de r\u00e9flexion int\u00e9ressantes concernant la filtration en g\u00e9n\u00e9ral. Analyses gravim\u00e9triques et granulom\u00e9triques Classes de filtrage Gen\u00e8se du LVSP \u2013 Liquid Vacuum Sandwich Panel Nous vous invitons \u00e0 les lire attentivement et \u00e0 nous contacter pour toute les informations compl\u00e9mentaire dont vous pourriez avoir [&hellip;]","og_url":"http:\/\/www.wmt.it\/index.php\/fr\/publications\/","og_site_name":"W.M.T. - Water and Mechanical Technology s.r.l.","article_publisher":"https:\/\/www.facebook.com\/pages\/WMT\/523330841079249?eid=ARBCva1bxbHrIwpLi2jUbikM5NzJrQOywcEqrkgUjYQ_m59R20SghP76Um2Ffw8jsoHFxRwr_28Y5a6v","article_modified_time":"2020-01-28T10:35:36+00:00","og_image":[{"width":1920,"height":600,"url":"http:\/\/www.wmt.it\/wp-content\/uploads\/2019\/12\/Brochure-e1576661478284.jpg","type":"image\/jpeg"}],"twitter_card":"summary_large_image","schema":{"@context":"https:\/\/schema.org","@graph":[{"@type":"WebPage","@id":"http:\/\/www.wmt.it\/index.php\/fr\/publications\/","url":"http:\/\/www.wmt.it\/index.php\/fr\/publications\/","name":"Publications &#8226; W.M.T. - Water and Mechanical Technology s.r.l.","isPartOf":{"@id":"http:\/\/www.wmt.it\/#website"},"primaryImageOfPage":{"@id":"http:\/\/www.wmt.it\/index.php\/fr\/publications\/#primaryimage"},"image":{"@id":"http:\/\/www.wmt.it\/index.php\/fr\/publications\/#primaryimage"},"thumbnailUrl":"http:\/\/www.wmt.it\/wp-content\/uploads\/2019\/12\/Brochure-e1576661478284.jpg","datePublished":"2019-12-23T16:11:16+00:00","dateModified":"2020-01-28T10:35:36+00:00","breadcrumb":{"@id":"http:\/\/www.wmt.it\/index.php\/fr\/publications\/#breadcrumb"},"inLanguage":"it-IT","potentialAction":[{"@type":"ReadAction","target":["http:\/\/www.wmt.it\/index.php\/fr\/publications\/"]}]},{"@type":"ImageObject","inLanguage":"it-IT","@id":"http:\/\/www.wmt.it\/index.php\/fr\/publications\/#primaryimage","url":"http:\/\/www.wmt.it\/wp-content\/uploads\/2019\/12\/Brochure-e1576661478284.jpg","contentUrl":"http:\/\/www.wmt.it\/wp-content\/uploads\/2019\/12\/Brochure-e1576661478284.jpg","width":1920,"height":600},{"@type":"BreadcrumbList","@id":"http:\/\/www.wmt.it\/index.php\/fr\/publications\/#breadcrumb","itemListElement":[{"@type":"ListItem","position":1,"name":"Home","item":"http:\/\/www.wmt.it\/index.php\/en\/wmt-home\/"},{"@type":"ListItem","position":2,"name":"Publications"}]},{"@type":"WebSite","@id":"http:\/\/www.wmt.it\/#website","url":"http:\/\/www.wmt.it\/","name":"W.M.T. - Water and Mechanical Technology s.r.l.","description":"ENGINEERING AND FILTERING SYSTEM, PURE WITH PROFIT","publisher":{"@id":"http:\/\/www.wmt.it\/#organization"},"potentialAction":[{"@type":"SearchAction","target":{"@type":"EntryPoint","urlTemplate":"http:\/\/www.wmt.it\/?s={search_term_string}"},"query-input":{"@type":"PropertyValueSpecification","valueRequired":true,"valueName":"search_term_string"}}],"inLanguage":"it-IT"},{"@type":"Organization","@id":"http:\/\/www.wmt.it\/#organization","name":"W.M.T. - Water and Mechanical Technology s.r.l.","url":"http:\/\/www.wmt.it\/","logo":{"@type":"ImageObject","inLanguage":"it-IT","@id":"http:\/\/www.wmt.it\/#\/schema\/logo\/image\/","url":"http:\/\/www.wmt.it\/wp-content\/uploads\/2019\/12\/logo_wmt_blu_512x512.jpg","contentUrl":"http:\/\/www.wmt.it\/wp-content\/uploads\/2019\/12\/logo_wmt_blu_512x512.jpg","width":512,"height":512,"caption":"W.M.T. - Water and Mechanical Technology s.r.l."},"image":{"@id":"http:\/\/www.wmt.it\/#\/schema\/logo\/image\/"},"sameAs":["https:\/\/www.facebook.com\/pages\/WMT\/523330841079249?eid=ARBCva1bxbHrIwpLi2jUbikM5NzJrQOywcEqrkgUjYQ_m59R20SghP76Um2Ffw8jsoHFxRwr_28Y5a6v","https:\/\/www.google.com\/maps\/place\/W.M.T.+-+Water+and+Mechanical+Technology+s.r.l.\/@45.538948,9.1806583,17z\/data=!3m1!4b1!4m5!3m4!1s0x4786bf60c912a84b:0xfc12749d2f8ea14a!8m2!3d45.538948!4d9.182847","https:\/\/www.linkedin.com\/company\/2059941"]}]}},"_links":{"self":[{"href":"http:\/\/www.wmt.it\/index.php\/wp-json\/wp\/v2\/pages\/1983","targetHints":{"allow":["GET"]}}],"collection":[{"href":"http:\/\/www.wmt.it\/index.php\/wp-json\/wp\/v2\/pages"}],"about":[{"href":"http:\/\/www.wmt.it\/index.php\/wp-json\/wp\/v2\/types\/page"}],"author":[{"embeddable":true,"href":"http:\/\/www.wmt.it\/index.php\/wp-json\/wp\/v2\/users\/1"}],"replies":[{"embeddable":true,"href":"http:\/\/www.wmt.it\/index.php\/wp-json\/wp\/v2\/comments?post=1983"}],"version-history":[{"count":10,"href":"http:\/\/www.wmt.it\/index.php\/wp-json\/wp\/v2\/pages\/1983\/revisions"}],"predecessor-version":[{"id":2741,"href":"http:\/\/www.wmt.it\/index.php\/wp-json\/wp\/v2\/pages\/1983\/revisions\/2741"}],"wp:featuredmedia":[{"embeddable":true,"href":"http:\/\/www.wmt.it\/index.php\/wp-json\/wp\/v2\/media\/1727"}],"wp:attachment":[{"href":"http:\/\/www.wmt.it\/index.php\/wp-json\/wp\/v2\/media?parent=1983"}],"curies":[{"name":"wp","href":"https:\/\/api.w.org\/{rel}","templated":true}]}}