{"id":2901,"date":"2020-06-18T17:50:54","date_gmt":"2020-06-18T15:50:54","guid":{"rendered":"http:\/\/www.wmt.it\/?page_id=2901"},"modified":"2020-07-14T14:59:57","modified_gmt":"2020-07-14T12:59:57","slug":"wmt-c-sol","status":"publish","type":"page","link":"http:\/\/www.wmt.it\/index.php\/wmt-c-sol\/","title":{"rendered":"WMT C-SOL"},"content":{"rendered":"\n<br><h2>C-WATERSOL C-OILSOL<\/h2>\n\n\n\n<h3 class=\"wp-block-heading\">Prodotto<\/h3>\n\n\n\n<p class=\"has-text-align-left\">WMT C-SOL<\/p>\n\n\n\n<h3 class=\"wp-block-heading\">Nomi commerciali<\/h3>\n\n\n\n<p class=\"has-text-align-left\">C-WATERSOL, C-OILSOL.<\/p>\n\n\n\n<h3 class=\"wp-block-heading\">Tipo di prodotto<\/h3>\n\n\n\n<p class=\"has-text-align-left\">Composto di sostanze allotropiche del carbonio disperse in una fase continua liquida formata da acqua bidistillata o olio intero.<\/p>\n\n\n\n<h3 class=\"wp-block-heading\">Componenti<\/h3>\n\n\n\n<p>Nanoparticelle di: <a href=\"https:\/\/www.google.com\/search?client=firefox-b-d&amp;q=grafene\" target=\"_blank\" aria-label=\"undefined (apri in una nuova scheda)\" rel=\"noreferrer noopener\">Grafene<\/a>, <a href=\"https:\/\/www.google.com\/search?client=firefox-b-d&amp;q=fullerene\" target=\"_blank\" aria-label=\"undefined (apri in una nuova scheda)\" rel=\"noreferrer noopener\">Fullereni<\/a>, <a href=\"https:\/\/www.google.com\/search?client=firefox-b-d&amp;q=nanotubi+di+carbonio\" target=\"_blank\" aria-label=\"undefined (apri in una nuova scheda)\" rel=\"noreferrer noopener\">Nanotubi di carbonio<\/a>.<br>Microparticelle di: <a href=\"https:\/\/www.google.com\/search?client=firefox-b-d&amp;q=grafite\" target=\"_blank\" aria-label=\"undefined (apri in una nuova scheda)\" rel=\"noreferrer noopener\">Grafite<\/a>, <a href=\"https:\/\/www.google.com\/search?client=firefox-b-d&amp;q=carboni+attivi\" target=\"_blank\" aria-label=\"undefined (apri in una nuova scheda)\" rel=\"noreferrer noopener\">Carboni attivi di originale minerale e vegetale<\/a>.<br>Eccipienti sospensivanti.<br>Acqua bidistillata per utilizzo in aeriformi, liquidi emulsivi a base acquosa.<br>Olio intero per utilizzo in oli lubrificanti.<\/p>\n\n\n\n<h3 class=\"wp-block-heading\">Classi granulometriche<\/h3>\n\n\n\n<p>Nanoparticelle comprese tra 10<small><sup>-9<\/sup><\/small> m e 10<small><sup>-6<\/sup><\/small> m<br>Microparticelle comprese tra 10<small><sup>-6<\/sup><\/small> m e 10<small><sup>-3<\/sup><\/small> m<br>Ampio spettro comprese tra 10<small><sup>-9<\/sup><\/small> m e 10<small><sup>-3<\/sup><\/small> m ottenute dalla miscelazione delle due classi precedenti.<\/p>\n\n\n\n<h3 class=\"wp-block-heading\">Fornitura del prodotto<\/h3>\n\n\n\n<p><a href=\"https:\/\/www.google.com\/search?client=firefox-b-d&amp;q=sol+chimica\" target=\"_blank\" aria-label=\"undefined (apri in una nuova scheda)\" rel=\"noreferrer noopener\">SOL<\/a> diluito pronto all\u2019uso.<br><a href=\"https:\/\/www.google.com\/search?client=firefox-b-d&amp;q=sol+chimica\" target=\"_blank\" aria-label=\"undefined (apri in una nuova scheda)\" rel=\"noreferrer noopener\">SOL<\/a> concentrato da diluire nel prodotto finale.<\/p>\n\n\n\n<h3 class=\"wp-block-heading\">Metodo d\u2019applicazione<\/h3>\n\n\n\n<p><a href=\"https:\/\/www.google.com\/search?client=firefox-b-d&amp;q=sol+chimica\">SOL<\/a> in forma liquida.<br><a href=\"https:\/\/www.google.com\/search?client=firefox-b-d&amp;q=aerosol\" target=\"_blank\" aria-label=\"undefined (apri in una nuova scheda)\" rel=\"noreferrer noopener\">AEREOSOL<\/a> veicolato tramite un aeriforme.<\/p>\n\n\n\n<h3 class=\"wp-block-heading\">Potenziali applicazioni di C-SOL<\/h3>\n\n\n\n<h4 class=\"wp-block-heading\">Lubrificanti e\/o protettivi<\/h4>\n\n\n\n<p>Utilizzabile durante le fasi di lavorazione attraverso la miscelazione e dispersione nel corpo fluido al fine di ridurre gli attriti generati durante le fasi di lavorazione dei metalli e, contemporaneamente, proteggendo le superfici lavorate:<\/p>\n\n\n\n<ul class=\"wp-block-list\"><li>siano essi processi di deformazione plastica quali: estrusione, trafilatura, imbutitura, stampaggio, laminazione, ecc. ecc.;<\/li><li>siano essi processi di asportazione materiale quali: foratura, fresatura, barenatura, tornitura, rettifica, lappatura, ecc. ecc.<\/li><\/ul>\n\n\n\n<h4 class=\"wp-block-heading\">Addensanti\/coagulanti e\/o impregnanti<\/h4>\n\n\n\n<p>Utilizzabile come aiuto alla filtrazione e\/o separazione dei liquidi e degli aeriformi attraverso le seguenti tecniche:<\/p>\n\n\n\n<ul class=\"wp-block-list\"><li>miscelazione e dispersione nel corpo fluido da trattare prima del processo di filtrazione e\/o separazione al fine di ottenere l\u2019assorbimento\/coagulazione delle particelle inquinanti per poi procedere al successivo trattamento con i convenzionali sistemi di rimozione in commercio;<\/li><li>rivestimento\/impregnazione dei mezzi filtranti utilizzati negli attuali filtri in commercio al fine di aumentare la capacit\u00e0 d\u2019assorbimento delle particelle inquinanti e trattenerne una maggiore quantit\u00e0.<\/li><\/ul>\n\n\n\n<div class=\"wp-block-group\"><div class=\"wp-block-group__inner-container is-layout-flow wp-block-group-is-layout-flow\">\n<table style=\"width: 100%;\" cellspacing=\"0\" border=\"0\">\n<tbody>\n  <tr>\n  <td style=\"width: 48%;\" align=\"center\"><figure class=\"wp-block-image size-large\"><img decoding=\"async\" src=\"http:\/\/www.wmt.it\/wp-content\/uploads\/2020\/06\/Analisi_filtrato_con_C-WATERSOL_IT.png\" alt=\"Analisi filtrato con C-WATERSOL IT\" class=\"wp-image-2066\"><\/figure><\/td>\n  <td style=\"width: 4%;\" align=\"center\"><\/td>\n  <td style=\"width: 48%;\" align=\"center\"><figure class=\"wp-block-image size-large\"><img decoding=\"async\" src=\"http:\/\/www.wmt.it\/wp-content\/uploads\/2020\/06\/Variazioni_filtrato_con_C-WATERSOL_IT.png\" alt=\"Variazioni filtrato con C-WATERSOL IT\" class=\"wp-image-2066\"><\/figure><\/td>\n  <\/tr>\n<\/tbody>\n<\/table>\n<\/div><\/div>\n\n\n\n<p><span class=\"has-inline-color has-vivid-cyan-blue-color\"><em>Dall\u2019analisi dei dati riportati nei grafici si evince la riduzione delle particelle nello spettro compreso tra gli 0,30 \u03bcm ed i 12,00 \u03bcm ed il contemporaneo aumento delle particelle nello spettro compreso tra i 15,00 \u03bcm ed i 100,00 \u03bcm.<br>Tale fenomeno \u00e8 dovuto alle propriet\u00e0 addensanti e coagulanti delle sostanze allotrope del carbonio, utilizzate singolarmente o miscelate fra loro.<br>Questa propriet\u00e0 viene quindi vantaggiosamente utilizzata per incrementare il grado di filtrazione\/separazione di dette particelle presenti nel corpo fluido da trattare.<\/em><\/span><\/p>\n\n\n\n<h3 class=\"wp-block-heading\">Tecnica nota<\/h3>\n\n\n\n<h4 class=\"wp-block-heading\">Utilizzo come lubrificanti e\/o protettivi<\/h4>\n\n\n\n<p>Tra le sostanze allotropiche del carbonio prese in considerazione: grafite, grafene, fullereni (buckyball), fullereni (buckytube) nanotubi di carbonio e carbonio amorfo, gi\u00e0 da tempo la grafite in polvere viene utilizzata come lubrificante a secco o combinata con altri elementi quali: grassi e\/o oli (esempio grafitatura di molle a balestra), colle e\/o vernici (esempio rivestimento di superfici di contatto e\/o d\u2019usura).<\/p>\n\n\n\n<p>Anche se si potrebbe pensare che questa propriet\u00e0 industrialmente importante sia interamente dovuta alla sfaldatura dei microstrati della struttura, in realt\u00e0 la grafite ha propriet\u00e0 lubrificanti grazie all\u2019assorbimento di aria e\/o acqua e\/o olio tra uno strato e l\u2019altro dei piani lamellari di cui essa \u00e8 composta.<\/p>\n\n\n\n<p>Analogo discorso, in scala ridotta, vale per le nanostrutture lamellari formate dal grafene, e quelle sferoidali formate dai fullereni (buckyball).<\/p>\n\n\n\n<h4 class=\"wp-block-heading\">Utilizzo come addensanti\/coagulanti e\/o impegnanti<\/h4>\n\n\n\n<p>Il carbonio amorfo presenta invece una struttura altamente porosa ed elevata area specifica o, pi\u00f9 propriamente, presenta un\u2019elevata area superficiale per unit\u00e0 di volume.<\/p>\n\n\n\n<p>Grazie a questa conformazione \u00e8 in grado di trattenere al proprio interno molte molecole di altre sostanze, potendo accomodare le stesse molecole sulla propria estesa area<br>superficiale interna presentando elevate capacit\u00e0 adsorbenti.<\/p>\n\n\n\n<p>Analogo discorso, in scala ridotta, vale per le nanostrutture formate da fullereni (buckytube) nanotubi di carbonio.<\/p>\n\n\n\n<table style=\"width: 100%;\" cellspacing=\"0\" border=\"0\">\n<tbody>\n  <tr>\n  <td style=\"width: 48%;\" align=\"left\"><span class=\"has-inline-color has-vivid-cyan-blue-color\"><b>C-WATERSOL CONCENTRATO 5:1\/0,10<\/b><\/span><\/td>\n  <td style=\"width: 4%;\" align=\"center\"><\/td>\n  <td style=\"width: 48%;\" align=\"left\"><span class=\"has-inline-color has-vivid-cyan-blue-color\"><b>C-WATERSOL DILUITO, PRONTO ALL\u2019USO 5:1\/0,10<\/b><\/span><\/td>\n  <\/tr>\n  <tr>\n  <td style=\"width: 48%;\" align=\"center\"><figure class=\"wp-block-image size-large\"><img decoding=\"async\" src=\"http:\/\/www.wmt.it\/wp-content\/uploads\/2020\/06\/c-watersol-concentrato-BN.jpg\" alt=\"C-WATERSOL CONCENTRATO\" class=\"wp-image-2066\"><\/figure><\/td>\n  <td style=\"width: 4%;\" align=\"center\"><\/td>\n  <td style=\"width: 48%;\" align=\"center\"><figure class=\"wp-block-image size-large\"><img decoding=\"async\" src=\"http:\/\/www.wmt.it\/wp-content\/uploads\/2020\/06\/c-watersol-diluito-BN.jpg\" alt=\"C-WATERSOL DILUITO\" class=\"wp-image-2066\"><\/figure><\/td>\n  <\/tr>\n<\/tbody>\n<\/table>\n\n\n\n<table style=\"width: 100%;\" cellspacing=\"0\" border=\"0\">\n<tbody>\n  <tr>\n  <td style=\"width: 30%;\" align=\"center\"><figure class=\"wp-block-image size-large\"><img decoding=\"async\" src=\"http:\/\/www.wmt.it\/wp-content\/uploads\/2020\/06\/grafene.png\" alt=\"GRAFENE\" class=\"wp-image-2066\"><\/figure><\/td>\n  <td style=\"width: 5%;\" align=\"center\"><\/td>\n  <td style=\"width: 30%;\" align=\"center\"><figure class=\"wp-block-image size-large\"><img decoding=\"async\" src=\"http:\/\/www.wmt.it\/wp-content\/uploads\/2020\/06\/grafite.png\" alt=\"GRAFITE\" class=\"wp-image-2066\"><\/figure><\/td>\n  <td style=\"width: 5%;\" align=\"center\"><\/td>\n  <td style=\"width: 30%;\" align=\"center\"><figure class=\"wp-block-image size-large\"><img decoding=\"async\" src=\"http:\/\/www.wmt.it\/wp-content\/uploads\/2020\/06\/nanotubi.png\" alt=\"NANOTUBI DI CARBNOIO\" class=\"wp-image-2066\"><\/figure><\/td>\n  <\/tr>\n  <tr>\n  <td style=\"width: 30%;\" align=\"left\"><span class=\"has-inline-color has-vivid-cyan-blue-color\"><b>GRAFENE<\/b><br><small><i>VISTA STRATO PROTETTIVO SU MATERIALE<\/i><\/small><\/span><\/td>\n  <td style=\"width: 5%;\" align=\"center\"><\/td>\n  <td style=\"width: 30%;\" align=\"left\"><span class=\"has-inline-color has-vivid-cyan-blue-color\"><b>GRAFITE<\/b><br><small><i>VISTA PIANI LAMELLARI COME LUBRIFICANTE<\/i><\/small><\/span><\/td>\n  <td style=\"width: 5%;\" align=\"center\"><\/td>\n  <td style=\"width: 30%;\" align=\"left\"><span class=\"has-inline-color has-vivid-cyan-blue-color\"><b>NANOTUBI DI CARBONIO<\/b><br><small><i>VISTA PROPRIET\u00c0 ADDENSANTI DELLE PARTICELLE INQUINANTI<\/i><\/small><\/span><\/td>\n  <\/tr>\n<\/tbody>\n<\/table>\n\n\n\n<h3 class=\"wp-block-heading\">Configurabilit\u00e0<\/h3>\n\n\n\n<p>I prodotti C-SOL risultano altamente configurabili in base alle specifiche applicazioni richieste dai nostri clienti e dai loro processi produttivi.<\/p>\n\n\n\n<p>Essi possono essere appositamente formulati per raggiungere e soddisfare: una, due o pi\u00f9, oppure tutte le potenziali applicazioni contemporaneamente.<\/p>\n\n\n\n<p>Possono essere forniti: pronti all\u2019uso o concentrati al fine di risparmiare su: costi di trasporto, spazi di stoccaggio, manovrabilt\u00e0 e gestione operativa.<\/p>\n\n\n\n<p>La corretta formulazione del prodotto C-SOL viene realizzata tramite processi coadiuvati da simulazioni e prove di laboratorio eseguite dalla nostra sezione di Ricerca &amp; Sviluppo.<\/p>\n\n\n\n<p>Tale sezione \u00e8 in grado di seguire il cliente durante tutto il periodo di applicazione del prodotto ed adattalo in corso d\u2019opera al fine di rispettare al meglio le caratteristiche produttivo-tecologiche del cliente.<\/p>\n\n\n\n<table style=\"width: 100%;\" cellspacing=\"0\" border=\"0\">\n<tbody>\n<tr><\/tr>\n<tr>\n<td style=\"width: 10%;\" align=\"center\"><\/td>\n<td style=\"width: 80%;\" align=\"center\"><div class=\"wp-block-button\"><a class=\"wp-block-button__link has-background has-vivid-cyan-blue-background-color\" href=\"http:\/\/www.wmt.it\/wp-content\/uploads\/2020\/06\/Presentazione_wmt_c-sol_it.pdf\" target=\"_blank\" rel=\"noopener noreferrer\">Visualizza la brochure<\/a><\/div><\/td>\n<td style=\"width: 10%;\" align=\"center\"><\/td>\n<\/tr>\n<tr><\/tr>\n<\/tbody>\n<\/table>\n\n\n\n<p class=\"has-text-color has-text-align-center has-medium-font-size has-vivid-cyan-blue-color\"><a href=\"http:\/\/wmt.it\/index.php\/contatti\/\" target=\"_blank\" aria-label=\"undefined (apri in una nuova scheda)\" rel=\"noreferrer noopener\">PER APPROFONDIMENTI, APPLICAZIONI E CONFIGURAZIONI DEL PRODOTTO, POTETE CONTATTARE I NOSTRI UFFICI<\/a>!<\/p>\n","protected":false},"excerpt":{"rendered":"<p>C-WATERSOL C-OILSOL Prodotto WMT C-SOL Nomi commerciali C-WATERSOL, C-OILSOL. Tipo di prodotto Composto di sostanze allotropiche del carbonio disperse in una fase continua liquida formata da acqua bidistillata o olio intero. Componenti Nanoparticelle di: Grafene, Fullereni, Nanotubi di carbonio.Microparticelle di: Grafite, Carboni attivi di originale minerale e vegetale.Eccipienti sospensivanti.Acqua bidistillata per utilizzo in aeriformi, liquidi [&hellip;]<\/p>\n","protected":false},"author":1,"featured_media":2963,"parent":0,"menu_order":0,"comment_status":"closed","ping_status":"closed","template":"","meta":{"ngg_post_thumbnail":0,"footnotes":""},"class_list":["post-2901","page","type-page","status-publish","has-post-thumbnail","hentry"],"yoast_head":"<!-- This site is optimized with the Yoast SEO plugin v27.3 - https:\/\/yoast.com\/product\/yoast-seo-wordpress\/ -->\n<title>WMT C-SOL &#8226; W.M.T. - Water and Mechanical Technology s.r.l.<\/title>\n<meta name=\"description\" content=\"WMT C-sol \u00e8 un composto di sostanze allotropiche del carbonio disperse in una fase continua liquida che viene diluita per adattarsi alle vostre esigenze.\" \/>\n<meta name=\"robots\" content=\"index, follow, max-snippet:-1, max-image-preview:large, max-video-preview:-1\" \/>\n<link rel=\"canonical\" href=\"http:\/\/www.wmt.it\/index.php\/wmt-c-sol\/\" \/>\n<meta property=\"og:locale\" content=\"it_IT\" \/>\n<meta property=\"og:type\" content=\"article\" \/>\n<meta property=\"og:title\" content=\"WMT C-SOL &#8226; W.M.T. - Water and Mechanical Technology s.r.l.\" \/>\n<meta property=\"og:description\" content=\"WMT C-sol \u00e8 un composto di sostanze allotropiche del carbonio disperse in una fase continua liquida che viene diluita per adattarsi alle vostre esigenze.\" \/>\n<meta property=\"og:url\" content=\"http:\/\/www.wmt.it\/index.php\/wmt-c-sol\/\" \/>\n<meta property=\"og:site_name\" content=\"W.M.T. - Water and Mechanical Technology s.r.l.\" \/>\n<meta property=\"article:publisher\" content=\"https:\/\/www.facebook.com\/pages\/WMT\/523330841079249?eid=ARBCva1bxbHrIwpLi2jUbikM5NzJrQOywcEqrkgUjYQ_m59R20SghP76Um2Ffw8jsoHFxRwr_28Y5a6v\" \/>\n<meta property=\"article:modified_time\" content=\"2020-07-14T12:59:57+00:00\" \/>\n<meta property=\"og:image\" content=\"http:\/\/www.wmt.it\/wp-content\/uploads\/2020\/06\/C-SOL-1.png\" \/>\n\t<meta property=\"og:image:width\" content=\"1920\" \/>\n\t<meta property=\"og:image:height\" content=\"1030\" \/>\n\t<meta property=\"og:image:type\" content=\"image\/png\" \/>\n<meta name=\"twitter:card\" content=\"summary_large_image\" \/>\n<meta name=\"twitter:label1\" content=\"Tempo di lettura stimato\" \/>\n\t<meta name=\"twitter:data1\" content=\"4 minuti\" \/>\n<script type=\"application\/ld+json\" class=\"yoast-schema-graph\">{\"@context\":\"https:\\\/\\\/schema.org\",\"@graph\":[{\"@type\":\"WebPage\",\"@id\":\"http:\\\/\\\/www.wmt.it\\\/index.php\\\/wmt-c-sol\\\/\",\"url\":\"http:\\\/\\\/www.wmt.it\\\/index.php\\\/wmt-c-sol\\\/\",\"name\":\"WMT C-SOL &#8226; W.M.T. - Water and Mechanical Technology s.r.l.\",\"isPartOf\":{\"@id\":\"http:\\\/\\\/www.wmt.it\\\/#website\"},\"primaryImageOfPage\":{\"@id\":\"http:\\\/\\\/www.wmt.it\\\/index.php\\\/wmt-c-sol\\\/#primaryimage\"},\"image\":{\"@id\":\"http:\\\/\\\/www.wmt.it\\\/index.php\\\/wmt-c-sol\\\/#primaryimage\"},\"thumbnailUrl\":\"http:\\\/\\\/www.wmt.it\\\/wp-content\\\/uploads\\\/2020\\\/06\\\/C-SOL-1.png\",\"datePublished\":\"2020-06-18T15:50:54+00:00\",\"dateModified\":\"2020-07-14T12:59:57+00:00\",\"description\":\"WMT C-sol \u00e8 un composto di sostanze allotropiche del carbonio disperse in una fase continua liquida che viene diluita per adattarsi alle vostre esigenze.\",\"breadcrumb\":{\"@id\":\"http:\\\/\\\/www.wmt.it\\\/index.php\\\/wmt-c-sol\\\/#breadcrumb\"},\"inLanguage\":\"it-IT\",\"potentialAction\":[{\"@type\":\"ReadAction\",\"target\":[\"http:\\\/\\\/www.wmt.it\\\/index.php\\\/wmt-c-sol\\\/\"]}]},{\"@type\":\"ImageObject\",\"inLanguage\":\"it-IT\",\"@id\":\"http:\\\/\\\/www.wmt.it\\\/index.php\\\/wmt-c-sol\\\/#primaryimage\",\"url\":\"http:\\\/\\\/www.wmt.it\\\/wp-content\\\/uploads\\\/2020\\\/06\\\/C-SOL-1.png\",\"contentUrl\":\"http:\\\/\\\/www.wmt.it\\\/wp-content\\\/uploads\\\/2020\\\/06\\\/C-SOL-1.png\",\"width\":1920,\"height\":1030,\"caption\":\"WMT C-SOL\"},{\"@type\":\"BreadcrumbList\",\"@id\":\"http:\\\/\\\/www.wmt.it\\\/index.php\\\/wmt-c-sol\\\/#breadcrumb\",\"itemListElement\":[{\"@type\":\"ListItem\",\"position\":1,\"name\":\"Home\",\"item\":\"http:\\\/\\\/www.wmt.it\\\/index.php\\\/en\\\/wmt-home\\\/\"},{\"@type\":\"ListItem\",\"position\":2,\"name\":\"WMT C-SOL\"}]},{\"@type\":\"WebSite\",\"@id\":\"http:\\\/\\\/www.wmt.it\\\/#website\",\"url\":\"http:\\\/\\\/www.wmt.it\\\/\",\"name\":\"W.M.T. - Water and Mechanical Technology s.r.l.\",\"description\":\"ENGINEERING AND FILTERING SYSTEM, PURE WITH PROFIT\",\"publisher\":{\"@id\":\"http:\\\/\\\/www.wmt.it\\\/#organization\"},\"potentialAction\":[{\"@type\":\"SearchAction\",\"target\":{\"@type\":\"EntryPoint\",\"urlTemplate\":\"http:\\\/\\\/www.wmt.it\\\/?s={search_term_string}\"},\"query-input\":{\"@type\":\"PropertyValueSpecification\",\"valueRequired\":true,\"valueName\":\"search_term_string\"}}],\"inLanguage\":\"it-IT\"},{\"@type\":\"Organization\",\"@id\":\"http:\\\/\\\/www.wmt.it\\\/#organization\",\"name\":\"W.M.T. - Water and Mechanical Technology s.r.l.\",\"url\":\"http:\\\/\\\/www.wmt.it\\\/\",\"logo\":{\"@type\":\"ImageObject\",\"inLanguage\":\"it-IT\",\"@id\":\"http:\\\/\\\/www.wmt.it\\\/#\\\/schema\\\/logo\\\/image\\\/\",\"url\":\"http:\\\/\\\/www.wmt.it\\\/wp-content\\\/uploads\\\/2019\\\/12\\\/logo_wmt_blu_512x512.jpg\",\"contentUrl\":\"http:\\\/\\\/www.wmt.it\\\/wp-content\\\/uploads\\\/2019\\\/12\\\/logo_wmt_blu_512x512.jpg\",\"width\":512,\"height\":512,\"caption\":\"W.M.T. - Water and Mechanical Technology s.r.l.\"},\"image\":{\"@id\":\"http:\\\/\\\/www.wmt.it\\\/#\\\/schema\\\/logo\\\/image\\\/\"},\"sameAs\":[\"https:\\\/\\\/www.facebook.com\\\/pages\\\/WMT\\\/523330841079249?eid=ARBCva1bxbHrIwpLi2jUbikM5NzJrQOywcEqrkgUjYQ_m59R20SghP76Um2Ffw8jsoHFxRwr_28Y5a6v\",\"https:\\\/\\\/www.google.com\\\/maps\\\/place\\\/W.M.T.+-+Water+and+Mechanical+Technology+s.r.l.\\\/@45.538948,9.1806583,17z\\\/data=!3m1!4b1!4m5!3m4!1s0x4786bf60c912a84b:0xfc12749d2f8ea14a!8m2!3d45.538948!4d9.182847\",\"https:\\\/\\\/www.linkedin.com\\\/company\\\/2059941\"]}]}<\/script>\n<!-- \/ Yoast SEO plugin. -->","yoast_head_json":{"title":"WMT C-SOL &#8226; W.M.T. - Water and Mechanical Technology s.r.l.","description":"WMT C-sol \u00e8 un composto di sostanze allotropiche del carbonio disperse in una fase continua liquida che viene diluita per adattarsi alle vostre esigenze.","robots":{"index":"index","follow":"follow","max-snippet":"max-snippet:-1","max-image-preview":"max-image-preview:large","max-video-preview":"max-video-preview:-1"},"canonical":"http:\/\/www.wmt.it\/index.php\/wmt-c-sol\/","og_locale":"it_IT","og_type":"article","og_title":"WMT C-SOL &#8226; W.M.T. - Water and Mechanical Technology s.r.l.","og_description":"WMT C-sol \u00e8 un composto di sostanze allotropiche del carbonio disperse in una fase continua liquida che viene diluita per adattarsi alle vostre esigenze.","og_url":"http:\/\/www.wmt.it\/index.php\/wmt-c-sol\/","og_site_name":"W.M.T. - Water and Mechanical Technology s.r.l.","article_publisher":"https:\/\/www.facebook.com\/pages\/WMT\/523330841079249?eid=ARBCva1bxbHrIwpLi2jUbikM5NzJrQOywcEqrkgUjYQ_m59R20SghP76Um2Ffw8jsoHFxRwr_28Y5a6v","article_modified_time":"2020-07-14T12:59:57+00:00","og_image":[{"width":1920,"height":1030,"url":"http:\/\/www.wmt.it\/wp-content\/uploads\/2020\/06\/C-SOL-1.png","type":"image\/png"}],"twitter_card":"summary_large_image","twitter_misc":{"Tempo di lettura stimato":"4 minuti"},"schema":{"@context":"https:\/\/schema.org","@graph":[{"@type":"WebPage","@id":"http:\/\/www.wmt.it\/index.php\/wmt-c-sol\/","url":"http:\/\/www.wmt.it\/index.php\/wmt-c-sol\/","name":"WMT C-SOL &#8226; W.M.T. - Water and Mechanical Technology s.r.l.","isPartOf":{"@id":"http:\/\/www.wmt.it\/#website"},"primaryImageOfPage":{"@id":"http:\/\/www.wmt.it\/index.php\/wmt-c-sol\/#primaryimage"},"image":{"@id":"http:\/\/www.wmt.it\/index.php\/wmt-c-sol\/#primaryimage"},"thumbnailUrl":"http:\/\/www.wmt.it\/wp-content\/uploads\/2020\/06\/C-SOL-1.png","datePublished":"2020-06-18T15:50:54+00:00","dateModified":"2020-07-14T12:59:57+00:00","description":"WMT C-sol \u00e8 un composto di sostanze allotropiche del carbonio disperse in una fase continua liquida che viene diluita per adattarsi alle vostre esigenze.","breadcrumb":{"@id":"http:\/\/www.wmt.it\/index.php\/wmt-c-sol\/#breadcrumb"},"inLanguage":"it-IT","potentialAction":[{"@type":"ReadAction","target":["http:\/\/www.wmt.it\/index.php\/wmt-c-sol\/"]}]},{"@type":"ImageObject","inLanguage":"it-IT","@id":"http:\/\/www.wmt.it\/index.php\/wmt-c-sol\/#primaryimage","url":"http:\/\/www.wmt.it\/wp-content\/uploads\/2020\/06\/C-SOL-1.png","contentUrl":"http:\/\/www.wmt.it\/wp-content\/uploads\/2020\/06\/C-SOL-1.png","width":1920,"height":1030,"caption":"WMT C-SOL"},{"@type":"BreadcrumbList","@id":"http:\/\/www.wmt.it\/index.php\/wmt-c-sol\/#breadcrumb","itemListElement":[{"@type":"ListItem","position":1,"name":"Home","item":"http:\/\/www.wmt.it\/index.php\/en\/wmt-home\/"},{"@type":"ListItem","position":2,"name":"WMT C-SOL"}]},{"@type":"WebSite","@id":"http:\/\/www.wmt.it\/#website","url":"http:\/\/www.wmt.it\/","name":"W.M.T. - Water and Mechanical Technology s.r.l.","description":"ENGINEERING AND FILTERING SYSTEM, PURE WITH PROFIT","publisher":{"@id":"http:\/\/www.wmt.it\/#organization"},"potentialAction":[{"@type":"SearchAction","target":{"@type":"EntryPoint","urlTemplate":"http:\/\/www.wmt.it\/?s={search_term_string}"},"query-input":{"@type":"PropertyValueSpecification","valueRequired":true,"valueName":"search_term_string"}}],"inLanguage":"it-IT"},{"@type":"Organization","@id":"http:\/\/www.wmt.it\/#organization","name":"W.M.T. - Water and Mechanical Technology s.r.l.","url":"http:\/\/www.wmt.it\/","logo":{"@type":"ImageObject","inLanguage":"it-IT","@id":"http:\/\/www.wmt.it\/#\/schema\/logo\/image\/","url":"http:\/\/www.wmt.it\/wp-content\/uploads\/2019\/12\/logo_wmt_blu_512x512.jpg","contentUrl":"http:\/\/www.wmt.it\/wp-content\/uploads\/2019\/12\/logo_wmt_blu_512x512.jpg","width":512,"height":512,"caption":"W.M.T. - Water and Mechanical Technology s.r.l."},"image":{"@id":"http:\/\/www.wmt.it\/#\/schema\/logo\/image\/"},"sameAs":["https:\/\/www.facebook.com\/pages\/WMT\/523330841079249?eid=ARBCva1bxbHrIwpLi2jUbikM5NzJrQOywcEqrkgUjYQ_m59R20SghP76Um2Ffw8jsoHFxRwr_28Y5a6v","https:\/\/www.google.com\/maps\/place\/W.M.T.+-+Water+and+Mechanical+Technology+s.r.l.\/@45.538948,9.1806583,17z\/data=!3m1!4b1!4m5!3m4!1s0x4786bf60c912a84b:0xfc12749d2f8ea14a!8m2!3d45.538948!4d9.182847","https:\/\/www.linkedin.com\/company\/2059941"]}]}},"_links":{"self":[{"href":"http:\/\/www.wmt.it\/index.php\/wp-json\/wp\/v2\/pages\/2901","targetHints":{"allow":["GET"]}}],"collection":[{"href":"http:\/\/www.wmt.it\/index.php\/wp-json\/wp\/v2\/pages"}],"about":[{"href":"http:\/\/www.wmt.it\/index.php\/wp-json\/wp\/v2\/types\/page"}],"author":[{"embeddable":true,"href":"http:\/\/www.wmt.it\/index.php\/wp-json\/wp\/v2\/users\/1"}],"replies":[{"embeddable":true,"href":"http:\/\/www.wmt.it\/index.php\/wp-json\/wp\/v2\/comments?post=2901"}],"version-history":[{"count":40,"href":"http:\/\/www.wmt.it\/index.php\/wp-json\/wp\/v2\/pages\/2901\/revisions"}],"predecessor-version":[{"id":3072,"href":"http:\/\/www.wmt.it\/index.php\/wp-json\/wp\/v2\/pages\/2901\/revisions\/3072"}],"wp:featuredmedia":[{"embeddable":true,"href":"http:\/\/www.wmt.it\/index.php\/wp-json\/wp\/v2\/media\/2963"}],"wp:attachment":[{"href":"http:\/\/www.wmt.it\/index.php\/wp-json\/wp\/v2\/media?parent=2901"}],"curies":[{"name":"wp","href":"https:\/\/api.w.org\/{rel}","templated":true}]}}