{"id":3270,"date":"2024-05-29T15:32:04","date_gmt":"2024-05-29T13:32:04","guid":{"rendered":"http:\/\/www.wmt.it\/?page_id=3270"},"modified":"2025-03-05T10:15:49","modified_gmt":"2025-03-05T09:15:49","slug":"cicloni-e-idrocicloni-ciclone-cicloni-idrociclone-idrocicloni","status":"publish","type":"page","link":"http:\/\/www.wmt.it\/index.php\/cicloni-e-idrocicloni-ciclone-cicloni-idrociclone-idrocicloni\/","title":{"rendered":"Cicloni e Idrocicloni"},"content":{"rendered":"<div class=\"wp-block-image\">\n<figure class=\"alignleft is-resized\"><img decoding=\"async\" src=\"http:\/\/www.wmt.it\/wp-content\/uploads\/2024\/05\/WMT_Hydrocyclone_DN300_3D.png\" alt=\"Questa immagine ha l'attributo alt vuoto; il nome del file \u00e8 WMT_Hydrocyclone_DN300_3D.png\" style=\"width:186px;height:auto\"\/><\/figure>\n<\/div>\n\n\n<p><strong>Cicloni<\/strong><\/p>\n\n\n\n<p>I cicloni industriali sono dei separatori statici che sulla base di differenze di massa volumica separano le varie componenti presenti in un corpo fluido bifasico.<\/p>\n\n\n\n<p><strong>Idrocicloni<\/strong><\/p>\n\n\n\n<p>A differenza dei cicloni a secco o a polvere, che separano i solidi o i liquidi dai gas, gli idrocicloni separano solidi da fluidi oppure fluidi di diversa natura contenuti nel corpo liquido da trattare.<\/p>\n\n\n\n<p><strong>Componenti<\/strong><\/p>\n\n\n\n<p>Un idrociclone comprende una parte di alimentazione di forma cilindrica con ingresso tangenziale; una uscita a troppopieno con generatore di vortice; una parte conica con un apice di scarico dei reflui o del separato ed eventualmente una parte di raccolta di questi ultimi.<\/p>\n\n\n<div class=\"wp-block-image\">\n<figure class=\"alignright size-full is-resized\"><img fetchpriority=\"high\" decoding=\"async\" width=\"218\" height=\"515\" src=\"http:\/\/www.wmt.it\/wp-content\/uploads\/2024\/05\/WMT_Hydrocyclones_diagram_IT.png\" alt=\"\" class=\"wp-image-3271\" style=\"width:187px;height:auto\" srcset=\"http:\/\/www.wmt.it\/wp-content\/uploads\/2024\/05\/WMT_Hydrocyclones_diagram_IT.png 218w, http:\/\/www.wmt.it\/wp-content\/uploads\/2024\/05\/WMT_Hydrocyclones_diagram_IT-127x300.png 127w\" sizes=\"(max-width: 218px) 100vw, 218px\" \/><\/figure>\n<\/div>\n\n\n<p><strong>Principio di funzionamento<\/strong><\/p>\n\n\n\n<p>Il prodotto viene immesso tangenzialmente nell&#8217;idrociclone a una pressione e a una velocit\u00e0 data dal sistema di alimentazione.<br>L\u2019immissione della fase fluida crea un movimento centrifugo spingendo la componente pi\u00f9 pesante verso l&#8217;esterno e verso il basso lungo la parete della parte conica.<br>Il diametro decrescente nella parte conica aumenta la velocit\u00e0 e quindi migliora la separazione tra i componenti desiderati.<br>Infine, la parte con massa volumica maggiore, concentrata, viene scaricata attraverso l&#8217;apice di scarico.<br>Il creatore di vortice nella parte d\u2019uscita genera un movimento a spirale verso l&#8217;alto con rapida rotazione del fluido al centro dell&#8217;alloggiamento a forma conica.<br>Il fluido con massa volumica minore viene scaricato, separato, attraverso l&#8217;uscita del troppopieno.<\/p>\n\n\n\n<p><strong>Parametri del ciclone<\/strong><\/p>\n\n\n\n<p>I seguenti parametri sono decisivi per il buon funzionamento del ciclone:<br>&#8211; il design,<br>&#8211; la differenza di peso specifico tra le due fasi del prodotto da separare,<br>&#8211; la forma del prodotto da separare,<br>&#8211; la velocit\u00e0 di avanzamento del fluido,<br>&#8211; la densit\u00e0 dei componenti le due fasi,<br>&#8211; la viscosit\u00e0 del prodotto da trattare,<br>&#8211; le pressione di alimentazione e le contropressioni necessarie all\u2019uscita del troppopieno e all&#8217;apice di scarico.<\/p>\n\n\n\n<p><strong>Aree d\u2019applicazione<\/strong><\/p>\n\n\n\n<p>I principali ambiti di applicazione degli idrocicloni sono:<br><strong>Processi di separazione industriale<\/strong><br>Gli idrocicloni sono spesso utilizzati nell&#8217;industria per la separazione delle particelle presenti in un corpo fluido.<br><strong>Industria della lavorazione di minerali<\/strong><br>Gli idrocicloni sono spesso utilizzati nell&#8217;industria metallurgica e della lavorazione dei minerali per la classificazione delle particelle fini e la disidratazione dei fanghi.<br><strong>Separazione e classificazione della sabbia<\/strong><br>Idrocicloni utilizzati per la separazione e classificazione della sabbia e come separatore della sabbia dall&#8217;acqua o dai fanghi.<br><strong>Separazione petrolio-acqua<\/strong><br>Separazione di petrolio e acqua, tra l&#8217;altro, nel settore offshore.<br><strong>Disidratazione<\/strong><br>Concentrazione di liquami e fanghi di disidratazione per lo smaltimento.<br><strong>Separazione microplastiche<\/strong><br>Rimozione della microplastica dalle acque reflue.<\/p>\n\n\n\n<p><strong>Principali dati caratteristici dei nostri idrocicloni<\/strong><\/p>\n\n\n\n<p>Portate: da 4,60 a 140.000 l\/min.<br>Diametri d\u2019ingresso e d\u2019uscita: da 1\/8&#8243; a DN 1000.<br>Classe di separazione in funzione dei fluidi trattati.<\/p>\n\n\n\n<p><strong>Versioni<\/strong><\/p>\n\n\n\n<p>Disponibili secondo gli standard ISO, ANSI e JIS.<br>Esecuzioni chiuse o ispezionabili.<br>Materiali: acciai al carbonio, acciai al silicio, acciai al manganese, acciai inossidabili, <a href=\"https:\/\/it.wikipedia.org\/wiki\/Monel\" target=\"_blank\" rel=\"noreferrer noopener\">Monel<\/a>, <a href=\"https:\/\/www.metalstripsolutions.com\/it\/hastelloy-alloys\/\">Hastello<\/a><a href=\"https:\/\/www.metalstripsolutions.com\/it\/hastelloy-alloys\/\" target=\"_blank\" rel=\"noreferrer noopener\">y<\/a>.<\/p>\n\n\n\n<p><strong>Accessori<\/strong><\/p>\n\n\n\n<p>Diaframmi calibrati per regolazione fine delle portate.<br>Valvole di intercettazione: ingresso, uscita e by-pass.<br>Scarico: continuo o temporizzato con serbatoio d\u2019accumulo.<br>Sistema di lavaggio serbatoio d\u2019accumulo.<\/p>\n\n\n\n<table style=\"width: 100%;\" cellspacing=\"0\" border=\"0\">\n\t<tbody>\n\t\t<tr>\n\t\t\t<td style=\"width: 10%;\" align=\"center\"><\/td>\n\t\t\t<td style=\"width: 35%;\" align=\"center\"><div class=\"wp-block-button\"><a class=\"wp-block-button__link has-background has-vivid-cyan-blue-background-color\" href=\"http:\/\/www.wmt.it\/index.php\/cicloni-e-idrocicloni-galleria-immagini\/\" target=\"_blank\" rel=\"noopener noreferrer\">Galleria immagini<\/a><\/div><\/td>\n\t\t\t<td style=\"width: 10%;\" align=\"center\"><\/td>\n\t\t\t<td style=\"width: 35%;\" align=\"center\"><div class=\"wp-block-button\"><a class=\"wp-block-button__link has-background has-vivid-cyan-blue-background-color\" href=\"http:\/\/www.wmt.it\/wp-content\/uploads\/2024\/05\/WMT_22_Hydrocyclones_IT_2024.pdf\" target=\"_blank\" rel=\"noopener noreferrer\">Scarica la brochure<\/a><\/div><\/td>\n\t\t\t<td style=\"width: 10%;\" align=\"center\"><\/td>\n\t\t<\/tr>\n\t<\/tbody>\n<\/table>\n\n\n\n<p>Per qualsiasi informazione e configurazione riguardante cicloni e idrocicloni in grado di soddisfare le vostre specifiche esigenze siete pregati di contattare il nostro\u00a0<a href=\"mailto:dip@wmt.it?subject=Richiesta%20di%20chiarimenti%20per%20cicloni%20e%20idrocicloni.\">ufficio tecnico<\/a>.<\/p>\n","protected":false},"excerpt":{"rendered":"<p>Cicloni I cicloni industriali sono dei separatori statici che sulla base di differenze di massa volumica separano le varie componenti presenti in un corpo fluido bifasico. Idrocicloni A differenza dei cicloni a secco o a polvere, che separano i solidi o i liquidi dai gas, gli idrocicloni separano solidi da fluidi oppure fluidi di diversa [&hellip;]<\/p>\n","protected":false},"author":1,"featured_media":0,"parent":0,"menu_order":0,"comment_status":"closed","ping_status":"closed","template":"","meta":{"ngg_post_thumbnail":0,"footnotes":""},"class_list":["post-3270","page","type-page","status-publish","hentry"],"yoast_head":"<!-- This site is optimized with the Yoast SEO plugin v27.3 - https:\/\/yoast.com\/product\/yoast-seo-wordpress\/ -->\n<title>Cicloni e Idrocicloni &#8226; W.M.T. - Water and Mechanical Technology s.r.l.<\/title>\n<meta name=\"description\" content=\"ciclone, cicloni, idrociclone, idrocicloni, filtro statico, filtri statici, separatore statico,\" \/>\n<meta name=\"robots\" content=\"index, follow, max-snippet:-1, max-image-preview:large, max-video-preview:-1\" \/>\n<link rel=\"canonical\" href=\"http:\/\/www.wmt.it\/index.php\/cicloni-e-idrocicloni-ciclone-cicloni-idrociclone-idrocicloni\/\" \/>\n<meta property=\"og:locale\" content=\"it_IT\" \/>\n<meta property=\"og:type\" content=\"article\" \/>\n<meta property=\"og:title\" content=\"Cicolni e Idrocicloni\" \/>\n<meta property=\"og:description\" content=\"I cicloni industriali sono dei separatori statici che sulla base di differenze di massa volumica separano le varie componenti presenti in un corpo fluido bifasico. A differenza dei cicloni a secco o a polvere, che separano i solidi o i liquidi dai gas, gli idrocicloni separano solidi da fluidi oppure fluidi di diversa natura contenuti nel corpo liquido da trattare.\" \/>\n<meta property=\"og:url\" content=\"http:\/\/www.wmt.it\/index.php\/cicloni-e-idrocicloni-ciclone-cicloni-idrociclone-idrocicloni\/\" \/>\n<meta property=\"og:site_name\" content=\"W.M.T. - Water and Mechanical Technology s.r.l.\" \/>\n<meta property=\"article:publisher\" content=\"https:\/\/www.facebook.com\/pages\/WMT\/523330841079249?eid=ARBCva1bxbHrIwpLi2jUbikM5NzJrQOywcEqrkgUjYQ_m59R20SghP76Um2Ffw8jsoHFxRwr_28Y5a6v\" \/>\n<meta property=\"article:modified_time\" content=\"2025-03-05T09:15:49+00:00\" \/>\n<meta property=\"og:image\" content=\"http:\/\/www.wmt.it\/wp-content\/uploads\/2024\/05\/WMT_Hydrocyclone_DN300_3D.png\" \/>\n\t<meta property=\"og:image:width\" content=\"489\" \/>\n\t<meta property=\"og:image:height\" content=\"761\" \/>\n\t<meta property=\"og:image:type\" content=\"image\/png\" \/>\n<meta name=\"twitter:card\" content=\"summary_large_image\" \/>\n<meta name=\"twitter:label1\" content=\"Tempo di lettura stimato\" \/>\n\t<meta name=\"twitter:data1\" content=\"4 minuti\" \/>\n<script type=\"application\/ld+json\" class=\"yoast-schema-graph\">{\"@context\":\"https:\\\/\\\/schema.org\",\"@graph\":[{\"@type\":\"WebPage\",\"@id\":\"http:\\\/\\\/www.wmt.it\\\/index.php\\\/cicloni-e-idrocicloni-ciclone-cicloni-idrociclone-idrocicloni\\\/\",\"url\":\"http:\\\/\\\/www.wmt.it\\\/index.php\\\/cicloni-e-idrocicloni-ciclone-cicloni-idrociclone-idrocicloni\\\/\",\"name\":\"Cicloni e Idrocicloni &#8226; W.M.T. - Water and Mechanical Technology s.r.l.\",\"isPartOf\":{\"@id\":\"http:\\\/\\\/www.wmt.it\\\/#website\"},\"primaryImageOfPage\":{\"@id\":\"http:\\\/\\\/www.wmt.it\\\/index.php\\\/cicloni-e-idrocicloni-ciclone-cicloni-idrociclone-idrocicloni\\\/#primaryimage\"},\"image\":{\"@id\":\"http:\\\/\\\/www.wmt.it\\\/index.php\\\/cicloni-e-idrocicloni-ciclone-cicloni-idrociclone-idrocicloni\\\/#primaryimage\"},\"thumbnailUrl\":\"http:\\\/\\\/www.wmt.it\\\/wp-content\\\/uploads\\\/2024\\\/05\\\/WMT_Hydrocyclone_DN300_3D.png\",\"datePublished\":\"2024-05-29T13:32:04+00:00\",\"dateModified\":\"2025-03-05T09:15:49+00:00\",\"description\":\"ciclone, cicloni, idrociclone, idrocicloni, filtro statico, filtri statici, separatore statico,\",\"breadcrumb\":{\"@id\":\"http:\\\/\\\/www.wmt.it\\\/index.php\\\/cicloni-e-idrocicloni-ciclone-cicloni-idrociclone-idrocicloni\\\/#breadcrumb\"},\"inLanguage\":\"it-IT\",\"potentialAction\":[{\"@type\":\"ReadAction\",\"target\":[\"http:\\\/\\\/www.wmt.it\\\/index.php\\\/cicloni-e-idrocicloni-ciclone-cicloni-idrociclone-idrocicloni\\\/\"]}]},{\"@type\":\"ImageObject\",\"inLanguage\":\"it-IT\",\"@id\":\"http:\\\/\\\/www.wmt.it\\\/index.php\\\/cicloni-e-idrocicloni-ciclone-cicloni-idrociclone-idrocicloni\\\/#primaryimage\",\"url\":\"http:\\\/\\\/www.wmt.it\\\/wp-content\\\/uploads\\\/2024\\\/05\\\/WMT_Hydrocyclone_DN300_3D.png\",\"contentUrl\":\"http:\\\/\\\/www.wmt.it\\\/wp-content\\\/uploads\\\/2024\\\/05\\\/WMT_Hydrocyclone_DN300_3D.png\",\"width\":489,\"height\":761},{\"@type\":\"BreadcrumbList\",\"@id\":\"http:\\\/\\\/www.wmt.it\\\/index.php\\\/cicloni-e-idrocicloni-ciclone-cicloni-idrociclone-idrocicloni\\\/#breadcrumb\",\"itemListElement\":[{\"@type\":\"ListItem\",\"position\":1,\"name\":\"Home\",\"item\":\"http:\\\/\\\/www.wmt.it\\\/index.php\\\/en\\\/wmt-home\\\/\"},{\"@type\":\"ListItem\",\"position\":2,\"name\":\"Cicloni e Idrocicloni\"}]},{\"@type\":\"WebSite\",\"@id\":\"http:\\\/\\\/www.wmt.it\\\/#website\",\"url\":\"http:\\\/\\\/www.wmt.it\\\/\",\"name\":\"W.M.T. - Water and Mechanical Technology s.r.l.\",\"description\":\"ENGINEERING AND FILTERING SYSTEM, PURE WITH PROFIT\",\"publisher\":{\"@id\":\"http:\\\/\\\/www.wmt.it\\\/#organization\"},\"potentialAction\":[{\"@type\":\"SearchAction\",\"target\":{\"@type\":\"EntryPoint\",\"urlTemplate\":\"http:\\\/\\\/www.wmt.it\\\/?s={search_term_string}\"},\"query-input\":{\"@type\":\"PropertyValueSpecification\",\"valueRequired\":true,\"valueName\":\"search_term_string\"}}],\"inLanguage\":\"it-IT\"},{\"@type\":\"Organization\",\"@id\":\"http:\\\/\\\/www.wmt.it\\\/#organization\",\"name\":\"W.M.T. - Water and Mechanical Technology s.r.l.\",\"url\":\"http:\\\/\\\/www.wmt.it\\\/\",\"logo\":{\"@type\":\"ImageObject\",\"inLanguage\":\"it-IT\",\"@id\":\"http:\\\/\\\/www.wmt.it\\\/#\\\/schema\\\/logo\\\/image\\\/\",\"url\":\"http:\\\/\\\/www.wmt.it\\\/wp-content\\\/uploads\\\/2019\\\/12\\\/logo_wmt_blu_512x512.jpg\",\"contentUrl\":\"http:\\\/\\\/www.wmt.it\\\/wp-content\\\/uploads\\\/2019\\\/12\\\/logo_wmt_blu_512x512.jpg\",\"width\":512,\"height\":512,\"caption\":\"W.M.T. - Water and Mechanical Technology s.r.l.\"},\"image\":{\"@id\":\"http:\\\/\\\/www.wmt.it\\\/#\\\/schema\\\/logo\\\/image\\\/\"},\"sameAs\":[\"https:\\\/\\\/www.facebook.com\\\/pages\\\/WMT\\\/523330841079249?eid=ARBCva1bxbHrIwpLi2jUbikM5NzJrQOywcEqrkgUjYQ_m59R20SghP76Um2Ffw8jsoHFxRwr_28Y5a6v\",\"https:\\\/\\\/www.google.com\\\/maps\\\/place\\\/W.M.T.+-+Water+and+Mechanical+Technology+s.r.l.\\\/@45.538948,9.1806583,17z\\\/data=!3m1!4b1!4m5!3m4!1s0x4786bf60c912a84b:0xfc12749d2f8ea14a!8m2!3d45.538948!4d9.182847\",\"https:\\\/\\\/www.linkedin.com\\\/company\\\/2059941\"]}]}<\/script>\n<!-- \/ Yoast SEO plugin. -->","yoast_head_json":{"title":"Cicloni e Idrocicloni &#8226; W.M.T. - Water and Mechanical Technology s.r.l.","description":"ciclone, cicloni, idrociclone, idrocicloni, filtro statico, filtri statici, separatore statico,","robots":{"index":"index","follow":"follow","max-snippet":"max-snippet:-1","max-image-preview":"max-image-preview:large","max-video-preview":"max-video-preview:-1"},"canonical":"http:\/\/www.wmt.it\/index.php\/cicloni-e-idrocicloni-ciclone-cicloni-idrociclone-idrocicloni\/","og_locale":"it_IT","og_type":"article","og_title":"Cicolni e Idrocicloni","og_description":"I cicloni industriali sono dei separatori statici che sulla base di differenze di massa volumica separano le varie componenti presenti in un corpo fluido bifasico. A differenza dei cicloni a secco o a polvere, che separano i solidi o i liquidi dai gas, gli idrocicloni separano solidi da fluidi oppure fluidi di diversa natura contenuti nel corpo liquido da trattare.","og_url":"http:\/\/www.wmt.it\/index.php\/cicloni-e-idrocicloni-ciclone-cicloni-idrociclone-idrocicloni\/","og_site_name":"W.M.T. - Water and Mechanical Technology s.r.l.","article_publisher":"https:\/\/www.facebook.com\/pages\/WMT\/523330841079249?eid=ARBCva1bxbHrIwpLi2jUbikM5NzJrQOywcEqrkgUjYQ_m59R20SghP76Um2Ffw8jsoHFxRwr_28Y5a6v","article_modified_time":"2025-03-05T09:15:49+00:00","og_image":[{"width":489,"height":761,"url":"http:\/\/www.wmt.it\/wp-content\/uploads\/2024\/05\/WMT_Hydrocyclone_DN300_3D.png","type":"image\/png"}],"twitter_card":"summary_large_image","twitter_misc":{"Tempo di lettura stimato":"4 minuti"},"schema":{"@context":"https:\/\/schema.org","@graph":[{"@type":"WebPage","@id":"http:\/\/www.wmt.it\/index.php\/cicloni-e-idrocicloni-ciclone-cicloni-idrociclone-idrocicloni\/","url":"http:\/\/www.wmt.it\/index.php\/cicloni-e-idrocicloni-ciclone-cicloni-idrociclone-idrocicloni\/","name":"Cicloni e Idrocicloni &#8226; W.M.T. - Water and Mechanical Technology s.r.l.","isPartOf":{"@id":"http:\/\/www.wmt.it\/#website"},"primaryImageOfPage":{"@id":"http:\/\/www.wmt.it\/index.php\/cicloni-e-idrocicloni-ciclone-cicloni-idrociclone-idrocicloni\/#primaryimage"},"image":{"@id":"http:\/\/www.wmt.it\/index.php\/cicloni-e-idrocicloni-ciclone-cicloni-idrociclone-idrocicloni\/#primaryimage"},"thumbnailUrl":"http:\/\/www.wmt.it\/wp-content\/uploads\/2024\/05\/WMT_Hydrocyclone_DN300_3D.png","datePublished":"2024-05-29T13:32:04+00:00","dateModified":"2025-03-05T09:15:49+00:00","description":"ciclone, cicloni, idrociclone, idrocicloni, filtro statico, filtri statici, separatore statico,","breadcrumb":{"@id":"http:\/\/www.wmt.it\/index.php\/cicloni-e-idrocicloni-ciclone-cicloni-idrociclone-idrocicloni\/#breadcrumb"},"inLanguage":"it-IT","potentialAction":[{"@type":"ReadAction","target":["http:\/\/www.wmt.it\/index.php\/cicloni-e-idrocicloni-ciclone-cicloni-idrociclone-idrocicloni\/"]}]},{"@type":"ImageObject","inLanguage":"it-IT","@id":"http:\/\/www.wmt.it\/index.php\/cicloni-e-idrocicloni-ciclone-cicloni-idrociclone-idrocicloni\/#primaryimage","url":"http:\/\/www.wmt.it\/wp-content\/uploads\/2024\/05\/WMT_Hydrocyclone_DN300_3D.png","contentUrl":"http:\/\/www.wmt.it\/wp-content\/uploads\/2024\/05\/WMT_Hydrocyclone_DN300_3D.png","width":489,"height":761},{"@type":"BreadcrumbList","@id":"http:\/\/www.wmt.it\/index.php\/cicloni-e-idrocicloni-ciclone-cicloni-idrociclone-idrocicloni\/#breadcrumb","itemListElement":[{"@type":"ListItem","position":1,"name":"Home","item":"http:\/\/www.wmt.it\/index.php\/en\/wmt-home\/"},{"@type":"ListItem","position":2,"name":"Cicloni e Idrocicloni"}]},{"@type":"WebSite","@id":"http:\/\/www.wmt.it\/#website","url":"http:\/\/www.wmt.it\/","name":"W.M.T. - Water and Mechanical Technology s.r.l.","description":"ENGINEERING AND FILTERING SYSTEM, PURE WITH PROFIT","publisher":{"@id":"http:\/\/www.wmt.it\/#organization"},"potentialAction":[{"@type":"SearchAction","target":{"@type":"EntryPoint","urlTemplate":"http:\/\/www.wmt.it\/?s={search_term_string}"},"query-input":{"@type":"PropertyValueSpecification","valueRequired":true,"valueName":"search_term_string"}}],"inLanguage":"it-IT"},{"@type":"Organization","@id":"http:\/\/www.wmt.it\/#organization","name":"W.M.T. - Water and Mechanical Technology s.r.l.","url":"http:\/\/www.wmt.it\/","logo":{"@type":"ImageObject","inLanguage":"it-IT","@id":"http:\/\/www.wmt.it\/#\/schema\/logo\/image\/","url":"http:\/\/www.wmt.it\/wp-content\/uploads\/2019\/12\/logo_wmt_blu_512x512.jpg","contentUrl":"http:\/\/www.wmt.it\/wp-content\/uploads\/2019\/12\/logo_wmt_blu_512x512.jpg","width":512,"height":512,"caption":"W.M.T. - Water and Mechanical Technology s.r.l."},"image":{"@id":"http:\/\/www.wmt.it\/#\/schema\/logo\/image\/"},"sameAs":["https:\/\/www.facebook.com\/pages\/WMT\/523330841079249?eid=ARBCva1bxbHrIwpLi2jUbikM5NzJrQOywcEqrkgUjYQ_m59R20SghP76Um2Ffw8jsoHFxRwr_28Y5a6v","https:\/\/www.google.com\/maps\/place\/W.M.T.+-+Water+and+Mechanical+Technology+s.r.l.\/@45.538948,9.1806583,17z\/data=!3m1!4b1!4m5!3m4!1s0x4786bf60c912a84b:0xfc12749d2f8ea14a!8m2!3d45.538948!4d9.182847","https:\/\/www.linkedin.com\/company\/2059941"]}]}},"_links":{"self":[{"href":"http:\/\/www.wmt.it\/index.php\/wp-json\/wp\/v2\/pages\/3270","targetHints":{"allow":["GET"]}}],"collection":[{"href":"http:\/\/www.wmt.it\/index.php\/wp-json\/wp\/v2\/pages"}],"about":[{"href":"http:\/\/www.wmt.it\/index.php\/wp-json\/wp\/v2\/types\/page"}],"author":[{"embeddable":true,"href":"http:\/\/www.wmt.it\/index.php\/wp-json\/wp\/v2\/users\/1"}],"replies":[{"embeddable":true,"href":"http:\/\/www.wmt.it\/index.php\/wp-json\/wp\/v2\/comments?post=3270"}],"version-history":[{"count":29,"href":"http:\/\/www.wmt.it\/index.php\/wp-json\/wp\/v2\/pages\/3270\/revisions"}],"predecessor-version":[{"id":3799,"href":"http:\/\/www.wmt.it\/index.php\/wp-json\/wp\/v2\/pages\/3270\/revisions\/3799"}],"wp:attachment":[{"href":"http:\/\/www.wmt.it\/index.php\/wp-json\/wp\/v2\/media?parent=3270"}],"curies":[{"name":"wp","href":"https:\/\/api.w.org\/{rel}","templated":true}]}}