{"id":3473,"date":"2024-09-20T17:25:51","date_gmt":"2024-09-20T15:25:51","guid":{"rendered":"http:\/\/www.wmt.it\/?page_id=3473"},"modified":"2024-10-10T17:38:33","modified_gmt":"2024-10-10T15:38:33","slug":"systemes-danti-oxydation-et-lubrification-pour-la-formation-a-chaud-2","status":"publish","type":"page","link":"http:\/\/www.wmt.it\/index.php\/fr\/systemes-danti-oxydation-et-lubrification-pour-la-formation-a-chaud-2\/","title":{"rendered":"Syst\u00e8mes d&#8217;anti-oxydation et lubrification pour la formation \u00e0 chaud"},"content":{"rendered":"\n<p><\/p>\n\n\n\n<p>W.M.T. \u2013 Water and Mechanical Technology a contribu\u00e9, depuis sa fondation, \u00e0 l&#8217;\u00e9tude et \u00e0 l&#8217;ing\u00e9nierie ult\u00e9rieure de syst\u00e8mes d&#8217;anti-oxydation et de lubrification pour la formation \u00e0 chaud, par d\u00e9formation plastique, de produits ferreux pour l&#8217;industrie sid\u00e9rurgique.<\/p>\n\n\n\n<p>Le processus d&#8217;ing\u00e9nierie s&#8217;est articul\u00e9 au fil du temps \u00e0 travers:<\/p>\n\n\n\n<ul class=\"wp-block-list\">\n<li>une phase initiale d&#8217;\u00e9tude avec l&#8217;identification et l&#8217;essai de produits aptes \u00e0 atteindre l&#8217;objectif vis\u00e9;<\/li>\n\n\n\n<li>ensuite, les produits formul\u00e9s ont \u00e9t\u00e9 test\u00e9s, avec des tests aussi bien en laboratoire que sur des installations pilotes;<\/li>\n\n\n\n<li>une fois les r\u00e9sultats pr\u00e9d\u00e9termin\u00e9s obtenus, nous avons proc\u00e9d\u00e9 \u00e0 l&#8217;ing\u00e9nierie des \u00e9quipements n\u00e9cessaires \u00e0 la cr\u00e9ation de l&#8217;installation;<\/li>\n\n\n\n<li>enfin, nous avons fourni les syst\u00e8mes de pr\u00e9paration, d&#8217;entretien et de pulv\u00e9risation de lubrifiant sur les composants utilis\u00e9s pour effectuer la d\u00e9formation plastique \u00e0 chaud avec le formage du produit requis.<\/li>\n<\/ul>\n\n\n\n<p>Les principaux domaines d\u2019application de ces technologies sont:<\/p>\n\n\n\n<ul class=\"wp-block-list\">\n<li>le moulage,<\/li>\n\n\n\n<li>presses \u00e0 forger:<\/li>\n\n\n\n<li>perforateurs de billettes,<\/li>\n\n\n\n<li>broyeurs de tubes sans soudure dot\u00e9s de technologie:\n<ul class=\"wp-block-list\">\n<li>M.P.M. (Multistand Pipe Mills),<\/li>\n\n\n\n<li>P.Q.F. (Premium Quality Finishing),<\/li>\n\n\n\n<li>R.E.M. (Rotary expanding mill).<\/li>\n<\/ul>\n<\/li>\n<\/ul>\n\n\n\n<p>Le processus d&#8217;antioxydation de la pi\u00e8ce est principalement r\u00e9alis\u00e9 par l&#8217;application de borax. Le produit, sous forme granulaire solide, est appliqu\u00e9 en lan\u00e7ant avec un \u00e9quipement sous pression du gaz inerte sur la pi\u00e8ce.<\/p>\n\n\n\n<p>Selon l&#8217;emballage du produit fourni, les syst\u00e8mes peuvent \u00eatre \u00e9quip\u00e9s :<\/p>\n\n\n\n<ul class=\"wp-block-list\">\n<li>avec syst\u00e8mes de chargement:\n<ul class=\"wp-block-list\">\n<li>manuels,<\/li>\n\n\n\n<li>semi-automatique,<\/li>\n\n\n\n<li>compl\u00e8tement automatique;<\/li>\n<\/ul>\n<\/li>\n\n\n\n<li>tandis que la technologie de transport des produits peut \u00eatre:\n<ul class=\"wp-block-list\">\n<li>m\u00e9canique,<\/li>\n\n\n\n<li>pneumatique.<\/li>\n<\/ul>\n<\/li>\n<\/ul>\n\n\n\n<p>Le processus de lubrification des matrices, qui permet le formage \u00e0 chaud, est principalement r\u00e9alis\u00e9 avec des produits \u00e0 base de graphite pr\u00e9par\u00e9s dans des suspensions aqueuses sp\u00e9cialement additives et appliqu\u00e9s par pulv\u00e9risation ou par rev\u00eatement fluide (flow-coating) sur les surfaces de contact.<\/p>\n\n\n\n<p>Ces syst\u00e8mes diff\u00e8rent:<\/p>\n\n\n\n<ul class=\"wp-block-list\">\n<li>selon le type et le conditionnement du produit \u00e0 appliquer, celui-ci peut \u00eatre fourni:\n<ul class=\"wp-block-list\">\n<li>dilu\u00e9 et pr\u00eat \u00e0 l&#8217;emploi, dans ce cas sont fournis:\n<ul class=\"wp-block-list\">\n<li>les syst\u00e8mes de transfert,<\/li>\n\n\n\n<li>les syst\u00e8mes de pompage.<\/li>\n<\/ul>\n<\/li>\n\n\n\n<li>sous forme de poudre\/granul\u00e9s, dans ce cas sont fournis:\n<ul class=\"wp-block-list\">\n<li>des syst\u00e8mes de chargement, de stockage, de dosage et de m\u00e9lange des produits, ceux-ci peuvent \u00eatre:\n<ul class=\"wp-block-list\">\n<li>les manuels,<\/li>\n\n\n\n<li>semi-automatique,<\/li>\n\n\n\n<li>compl\u00e8tement automatique;<\/li>\n\n\n\n<li>peut utiliser la technologie des transports:\n<ul class=\"wp-block-list\">\n<li>la m\u00e9canique,<\/li>\n\n\n\n<li>pneumatique;<\/li>\n<\/ul>\n<\/li>\n\n\n\n<li>tandis que la technologie de m\u00e9lange peut \u00eatre:\n<ul class=\"wp-block-list\">\n<li>l&#8217;hydraulique,<\/li>\n\n\n\n<li>la m\u00e9canique.<\/li>\n<\/ul>\n<\/li>\n<\/ul>\n<\/li>\n<\/ul>\n<\/li>\n<\/ul>\n<\/li>\n\n\n\n<li>en fonction du mode de chargement et de pr\u00e9paration du produit, qui peut \u00eatre:\n<ul class=\"wp-block-list\">\n<li>a lot,<\/li>\n\n\n\n<li>continu;<\/li>\n<\/ul>\n<\/li>\n\n\n\n<li>en fonction du mode d&#8217;entretien et d&#8217;alimentation du produit, qui peut \u00eatre:\n<ul class=\"wp-block-list\">\n<li>en recirculation forc\u00e9e<\/li>\n\n\n\n<li>activ\u00e9 au moment de l&#8217;utilisation;<\/li>\n<\/ul>\n<\/li>\n\n\n\n<li>en fonction du mode d&#8217;application du produit, qui peut \u00eatre:\n<ul class=\"wp-block-list\">\n<li>par flow-coating,<\/li>\n\n\n\n<li>par pulv\u00e9risation haute pression;\n<ul class=\"wp-block-list\">\n<li>pour cette technologie les syst\u00e8mes diff\u00e8rent alors par les syst\u00e8mes avec dispositifs de pulv\u00e9risation:\n<ul class=\"wp-block-list\">\n<li>passif, la pression ouvre &#8211; le ressort ferme,<\/li>\n\n\n\n<li>pilot\u00e9, avec commande pneumatique d&#8217;ouverture et de fermeture.<\/li>\n<\/ul>\n<\/li>\n<\/ul>\n<\/li>\n<\/ul>\n<\/li>\n<\/ul>\n\n\n\n<p>W.M.T. \u2013 Water and Mechanical Technology fournit \u00e9galement <a href=\"http:\/\/www.wmt.it\/index.php\/fr\/composants-pour-systemes-de-lubrification-travaillant-a-chaud\/\">les composants du circuit de laque pour les syst\u00e8mes de lubrification<\/a> tels que: filtres, vannes et pistolets de pulv\u00e9risation, garantissant: \u00e0 la fois une interchangeabilit\u00e9 totale avec des composants similaires install\u00e9s sur nos installations et la disponibilit\u00e9 des pi\u00e8ces de rechange dans le temps.<\/p>\n\n\n\n<p>Une autre m\u00e9thode de lubrification des matrices, qui permet le formage \u00e0 chaud associ\u00e9 \u00e0 un processus simultan\u00e9 d&#8217;\u00e9limination de la pi\u00e8ce usin\u00e9e et incandescente, est r\u00e9alis\u00e9e \u00e0 l&#8217;aide de chlorure de sodium, soit sous forme solide\/granulaire, soit dissous dans une solution aqueuse satur\u00e9e, appliqu\u00e9 par pulv\u00e9risation avec un \u00e9quipement sous pression de gaz inerte sur la pi\u00e8ce et les surfaces de contact.<\/p>\n\n\n\n<p>Compte tenu des possibilit\u00e9s de configuration \u00e9lev\u00e9es de ces types de syst\u00e8mes, pour toute information et\/ou suggestion de mise en \u0153uvre afin de r\u00e9pondre \u00e0 vos besoins sp\u00e9cifiques, veuillez contacter notre <a href=\"mailto:dip@wmt.it?subject=Demande%20de%20clarification%20pour%20les%20syst\u00e8mes%20anti-oxydation%20et%20lubrification.\">service technique<\/a>.<\/p>\n\n\n\n<table style=\"width: 100%;\" cellspacing=\"0\" border=\"0\">\n\t<tbody>\n\t\t<tr>\n\t\t\t<td style=\"width: 10%;\" align=\"center\"><\/td>\n\t\t\t<td style=\"width: 35%;\" align=\"center\"><div class=\"wp-block-button\"><a class=\"wp-block-button__link has-background has-vivid-cyan-blue-background-color\" href=\"http:\/\/www.wmt.it\/index.php\/fr\/systemes-danti-oxydation-et-lubrification-pour-la-formation-a-chaud-galerie-dimages\/\" target=\"_blank\" rel=\"noopener noreferrer\">Galerie d\u2019images<\/a><\/div><\/td>\n\t\t\t<td style=\"width: 10%;\" align=\"center\"><\/td>\n\t\t\t<td style=\"width: 35%;\" align=\"center\"><\/td>\n\t\t\t<td style=\"width: 10%;\" align=\"center\"><\/td>\n\t\t<\/tr>\n\t<\/tbody>\n<\/table>\n","protected":false},"excerpt":{"rendered":"<p>W.M.T. \u2013 Water and Mechanical Technology a contribu\u00e9, depuis sa fondation, \u00e0 l&#8217;\u00e9tude et \u00e0 l&#8217;ing\u00e9nierie ult\u00e9rieure de syst\u00e8mes d&#8217;anti-oxydation et de lubrification pour la formation \u00e0 chaud, par d\u00e9formation plastique, de produits ferreux pour l&#8217;industrie sid\u00e9rurgique. Le processus d&#8217;ing\u00e9nierie s&#8217;est articul\u00e9 au fil du temps \u00e0 travers: Les principaux domaines d\u2019application de ces technologies [&hellip;]<\/p>\n","protected":false},"author":1,"featured_media":3484,"parent":0,"menu_order":0,"comment_status":"closed","ping_status":"closed","template":"","meta":{"ngg_post_thumbnail":0,"footnotes":""},"class_list":["post-3473","page","type-page","status-publish","has-post-thumbnail","hentry"],"yoast_head":"<!-- This site is optimized with the Yoast SEO plugin v27.3 - https:\/\/yoast.com\/product\/yoast-seo-wordpress\/ -->\n<title>Syst\u00e8mes d&#039;anti-oxydation et lubrification pour la formation \u00e0 chaud &#8226; W.M.T. - Water and Mechanical Technology s.r.l.<\/title>\n<meta name=\"robots\" content=\"index, follow, max-snippet:-1, max-image-preview:large, max-video-preview:-1\" \/>\n<link rel=\"canonical\" href=\"http:\/\/www.wmt.it\/index.php\/fr\/systemes-danti-oxydation-et-lubrification-pour-la-formation-a-chaud-2\/\" \/>\n<meta property=\"og:locale\" content=\"it_IT\" \/>\n<meta property=\"og:type\" content=\"article\" \/>\n<meta property=\"og:title\" content=\"Syst\u00e8mes d&#039;anti-oxydation et lubrification pour la formation \u00e0 chaud &#8226; W.M.T. - Water and Mechanical Technology s.r.l.\" \/>\n<meta property=\"og:description\" content=\"W.M.T. \u2013 Water and Mechanical Technology a contribu\u00e9, depuis sa fondation, \u00e0 l&#8217;\u00e9tude et \u00e0 l&#8217;ing\u00e9nierie ult\u00e9rieure de syst\u00e8mes d&#8217;anti-oxydation et de lubrification pour la formation \u00e0 chaud, par d\u00e9formation plastique, de produits ferreux pour l&#8217;industrie sid\u00e9rurgique. Le processus d&#8217;ing\u00e9nierie s&#8217;est articul\u00e9 au fil du temps \u00e0 travers: Les principaux domaines d\u2019application de ces technologies [&hellip;]\" \/>\n<meta property=\"og:url\" content=\"http:\/\/www.wmt.it\/index.php\/fr\/systemes-danti-oxydation-et-lubrification-pour-la-formation-a-chaud-2\/\" \/>\n<meta property=\"og:site_name\" content=\"W.M.T. - Water and Mechanical Technology s.r.l.\" \/>\n<meta property=\"article:publisher\" content=\"https:\/\/www.facebook.com\/pages\/WMT\/523330841079249?eid=ARBCva1bxbHrIwpLi2jUbikM5NzJrQOywcEqrkgUjYQ_m59R20SghP76Um2Ffw8jsoHFxRwr_28Y5a6v\" \/>\n<meta property=\"article:modified_time\" content=\"2024-10-10T15:38:33+00:00\" \/>\n<meta property=\"og:image\" content=\"http:\/\/www.wmt.it\/wp-content\/uploads\/2024\/09\/01_-_Tenaris_Dalmine_MPM_front_page-2.jpeg\" \/>\n\t<meta property=\"og:image:width\" content=\"1920\" \/>\n\t<meta property=\"og:image:height\" content=\"600\" \/>\n\t<meta property=\"og:image:type\" content=\"image\/jpeg\" \/>\n<meta name=\"twitter:card\" content=\"summary_large_image\" \/>\n<meta name=\"twitter:label1\" content=\"Tempo di lettura stimato\" \/>\n\t<meta name=\"twitter:data1\" content=\"4 minuti\" \/>\n<script type=\"application\/ld+json\" class=\"yoast-schema-graph\">{\"@context\":\"https:\\\/\\\/schema.org\",\"@graph\":[{\"@type\":\"WebPage\",\"@id\":\"http:\\\/\\\/www.wmt.it\\\/index.php\\\/fr\\\/systemes-danti-oxydation-et-lubrification-pour-la-formation-a-chaud-2\\\/\",\"url\":\"http:\\\/\\\/www.wmt.it\\\/index.php\\\/fr\\\/systemes-danti-oxydation-et-lubrification-pour-la-formation-a-chaud-2\\\/\",\"name\":\"Syst\u00e8mes d'anti-oxydation et lubrification pour la formation \u00e0 chaud &#8226; W.M.T. - Water and Mechanical Technology s.r.l.\",\"isPartOf\":{\"@id\":\"http:\\\/\\\/www.wmt.it\\\/#website\"},\"primaryImageOfPage\":{\"@id\":\"http:\\\/\\\/www.wmt.it\\\/index.php\\\/fr\\\/systemes-danti-oxydation-et-lubrification-pour-la-formation-a-chaud-2\\\/#primaryimage\"},\"image\":{\"@id\":\"http:\\\/\\\/www.wmt.it\\\/index.php\\\/fr\\\/systemes-danti-oxydation-et-lubrification-pour-la-formation-a-chaud-2\\\/#primaryimage\"},\"thumbnailUrl\":\"http:\\\/\\\/www.wmt.it\\\/wp-content\\\/uploads\\\/2024\\\/09\\\/01_-_Tenaris_Dalmine_MPM_front_page-2.jpeg\",\"datePublished\":\"2024-09-20T15:25:51+00:00\",\"dateModified\":\"2024-10-10T15:38:33+00:00\",\"breadcrumb\":{\"@id\":\"http:\\\/\\\/www.wmt.it\\\/index.php\\\/fr\\\/systemes-danti-oxydation-et-lubrification-pour-la-formation-a-chaud-2\\\/#breadcrumb\"},\"inLanguage\":\"it-IT\",\"potentialAction\":[{\"@type\":\"ReadAction\",\"target\":[\"http:\\\/\\\/www.wmt.it\\\/index.php\\\/fr\\\/systemes-danti-oxydation-et-lubrification-pour-la-formation-a-chaud-2\\\/\"]}]},{\"@type\":\"ImageObject\",\"inLanguage\":\"it-IT\",\"@id\":\"http:\\\/\\\/www.wmt.it\\\/index.php\\\/fr\\\/systemes-danti-oxydation-et-lubrification-pour-la-formation-a-chaud-2\\\/#primaryimage\",\"url\":\"http:\\\/\\\/www.wmt.it\\\/wp-content\\\/uploads\\\/2024\\\/09\\\/01_-_Tenaris_Dalmine_MPM_front_page-2.jpeg\",\"contentUrl\":\"http:\\\/\\\/www.wmt.it\\\/wp-content\\\/uploads\\\/2024\\\/09\\\/01_-_Tenaris_Dalmine_MPM_front_page-2.jpeg\",\"width\":1920,\"height\":600},{\"@type\":\"BreadcrumbList\",\"@id\":\"http:\\\/\\\/www.wmt.it\\\/index.php\\\/fr\\\/systemes-danti-oxydation-et-lubrification-pour-la-formation-a-chaud-2\\\/#breadcrumb\",\"itemListElement\":[{\"@type\":\"ListItem\",\"position\":1,\"name\":\"Home\",\"item\":\"http:\\\/\\\/www.wmt.it\\\/index.php\\\/en\\\/wmt-home\\\/\"},{\"@type\":\"ListItem\",\"position\":2,\"name\":\"Syst\u00e8mes d&rsquo;anti-oxydation et lubrification pour la formation \u00e0 chaud\"}]},{\"@type\":\"WebSite\",\"@id\":\"http:\\\/\\\/www.wmt.it\\\/#website\",\"url\":\"http:\\\/\\\/www.wmt.it\\\/\",\"name\":\"W.M.T. - Water and Mechanical Technology s.r.l.\",\"description\":\"ENGINEERING AND FILTERING SYSTEM, PURE WITH PROFIT\",\"publisher\":{\"@id\":\"http:\\\/\\\/www.wmt.it\\\/#organization\"},\"potentialAction\":[{\"@type\":\"SearchAction\",\"target\":{\"@type\":\"EntryPoint\",\"urlTemplate\":\"http:\\\/\\\/www.wmt.it\\\/?s={search_term_string}\"},\"query-input\":{\"@type\":\"PropertyValueSpecification\",\"valueRequired\":true,\"valueName\":\"search_term_string\"}}],\"inLanguage\":\"it-IT\"},{\"@type\":\"Organization\",\"@id\":\"http:\\\/\\\/www.wmt.it\\\/#organization\",\"name\":\"W.M.T. - Water and Mechanical Technology s.r.l.\",\"url\":\"http:\\\/\\\/www.wmt.it\\\/\",\"logo\":{\"@type\":\"ImageObject\",\"inLanguage\":\"it-IT\",\"@id\":\"http:\\\/\\\/www.wmt.it\\\/#\\\/schema\\\/logo\\\/image\\\/\",\"url\":\"http:\\\/\\\/www.wmt.it\\\/wp-content\\\/uploads\\\/2019\\\/12\\\/logo_wmt_blu_512x512.jpg\",\"contentUrl\":\"http:\\\/\\\/www.wmt.it\\\/wp-content\\\/uploads\\\/2019\\\/12\\\/logo_wmt_blu_512x512.jpg\",\"width\":512,\"height\":512,\"caption\":\"W.M.T. - Water and Mechanical Technology s.r.l.\"},\"image\":{\"@id\":\"http:\\\/\\\/www.wmt.it\\\/#\\\/schema\\\/logo\\\/image\\\/\"},\"sameAs\":[\"https:\\\/\\\/www.facebook.com\\\/pages\\\/WMT\\\/523330841079249?eid=ARBCva1bxbHrIwpLi2jUbikM5NzJrQOywcEqrkgUjYQ_m59R20SghP76Um2Ffw8jsoHFxRwr_28Y5a6v\",\"https:\\\/\\\/www.google.com\\\/maps\\\/place\\\/W.M.T.+-+Water+and+Mechanical+Technology+s.r.l.\\\/@45.538948,9.1806583,17z\\\/data=!3m1!4b1!4m5!3m4!1s0x4786bf60c912a84b:0xfc12749d2f8ea14a!8m2!3d45.538948!4d9.182847\",\"https:\\\/\\\/www.linkedin.com\\\/company\\\/2059941\"]}]}<\/script>\n<!-- \/ Yoast SEO plugin. -->","yoast_head_json":{"title":"Syst\u00e8mes d'anti-oxydation et lubrification pour la formation \u00e0 chaud &#8226; W.M.T. - Water and Mechanical Technology s.r.l.","robots":{"index":"index","follow":"follow","max-snippet":"max-snippet:-1","max-image-preview":"max-image-preview:large","max-video-preview":"max-video-preview:-1"},"canonical":"http:\/\/www.wmt.it\/index.php\/fr\/systemes-danti-oxydation-et-lubrification-pour-la-formation-a-chaud-2\/","og_locale":"it_IT","og_type":"article","og_title":"Syst\u00e8mes d'anti-oxydation et lubrification pour la formation \u00e0 chaud &#8226; W.M.T. - Water and Mechanical Technology s.r.l.","og_description":"W.M.T. \u2013 Water and Mechanical Technology a contribu\u00e9, depuis sa fondation, \u00e0 l&#8217;\u00e9tude et \u00e0 l&#8217;ing\u00e9nierie ult\u00e9rieure de syst\u00e8mes d&#8217;anti-oxydation et de lubrification pour la formation \u00e0 chaud, par d\u00e9formation plastique, de produits ferreux pour l&#8217;industrie sid\u00e9rurgique. Le processus d&#8217;ing\u00e9nierie s&#8217;est articul\u00e9 au fil du temps \u00e0 travers: Les principaux domaines d\u2019application de ces technologies [&hellip;]","og_url":"http:\/\/www.wmt.it\/index.php\/fr\/systemes-danti-oxydation-et-lubrification-pour-la-formation-a-chaud-2\/","og_site_name":"W.M.T. - Water and Mechanical Technology s.r.l.","article_publisher":"https:\/\/www.facebook.com\/pages\/WMT\/523330841079249?eid=ARBCva1bxbHrIwpLi2jUbikM5NzJrQOywcEqrkgUjYQ_m59R20SghP76Um2Ffw8jsoHFxRwr_28Y5a6v","article_modified_time":"2024-10-10T15:38:33+00:00","og_image":[{"width":1920,"height":600,"url":"http:\/\/www.wmt.it\/wp-content\/uploads\/2024\/09\/01_-_Tenaris_Dalmine_MPM_front_page-2.jpeg","type":"image\/jpeg"}],"twitter_card":"summary_large_image","twitter_misc":{"Tempo di lettura stimato":"4 minuti"},"schema":{"@context":"https:\/\/schema.org","@graph":[{"@type":"WebPage","@id":"http:\/\/www.wmt.it\/index.php\/fr\/systemes-danti-oxydation-et-lubrification-pour-la-formation-a-chaud-2\/","url":"http:\/\/www.wmt.it\/index.php\/fr\/systemes-danti-oxydation-et-lubrification-pour-la-formation-a-chaud-2\/","name":"Syst\u00e8mes d'anti-oxydation et lubrification pour la formation \u00e0 chaud &#8226; W.M.T. - Water and Mechanical Technology s.r.l.","isPartOf":{"@id":"http:\/\/www.wmt.it\/#website"},"primaryImageOfPage":{"@id":"http:\/\/www.wmt.it\/index.php\/fr\/systemes-danti-oxydation-et-lubrification-pour-la-formation-a-chaud-2\/#primaryimage"},"image":{"@id":"http:\/\/www.wmt.it\/index.php\/fr\/systemes-danti-oxydation-et-lubrification-pour-la-formation-a-chaud-2\/#primaryimage"},"thumbnailUrl":"http:\/\/www.wmt.it\/wp-content\/uploads\/2024\/09\/01_-_Tenaris_Dalmine_MPM_front_page-2.jpeg","datePublished":"2024-09-20T15:25:51+00:00","dateModified":"2024-10-10T15:38:33+00:00","breadcrumb":{"@id":"http:\/\/www.wmt.it\/index.php\/fr\/systemes-danti-oxydation-et-lubrification-pour-la-formation-a-chaud-2\/#breadcrumb"},"inLanguage":"it-IT","potentialAction":[{"@type":"ReadAction","target":["http:\/\/www.wmt.it\/index.php\/fr\/systemes-danti-oxydation-et-lubrification-pour-la-formation-a-chaud-2\/"]}]},{"@type":"ImageObject","inLanguage":"it-IT","@id":"http:\/\/www.wmt.it\/index.php\/fr\/systemes-danti-oxydation-et-lubrification-pour-la-formation-a-chaud-2\/#primaryimage","url":"http:\/\/www.wmt.it\/wp-content\/uploads\/2024\/09\/01_-_Tenaris_Dalmine_MPM_front_page-2.jpeg","contentUrl":"http:\/\/www.wmt.it\/wp-content\/uploads\/2024\/09\/01_-_Tenaris_Dalmine_MPM_front_page-2.jpeg","width":1920,"height":600},{"@type":"BreadcrumbList","@id":"http:\/\/www.wmt.it\/index.php\/fr\/systemes-danti-oxydation-et-lubrification-pour-la-formation-a-chaud-2\/#breadcrumb","itemListElement":[{"@type":"ListItem","position":1,"name":"Home","item":"http:\/\/www.wmt.it\/index.php\/en\/wmt-home\/"},{"@type":"ListItem","position":2,"name":"Syst\u00e8mes d&rsquo;anti-oxydation et lubrification pour la formation \u00e0 chaud"}]},{"@type":"WebSite","@id":"http:\/\/www.wmt.it\/#website","url":"http:\/\/www.wmt.it\/","name":"W.M.T. - Water and Mechanical Technology s.r.l.","description":"ENGINEERING AND FILTERING SYSTEM, PURE WITH PROFIT","publisher":{"@id":"http:\/\/www.wmt.it\/#organization"},"potentialAction":[{"@type":"SearchAction","target":{"@type":"EntryPoint","urlTemplate":"http:\/\/www.wmt.it\/?s={search_term_string}"},"query-input":{"@type":"PropertyValueSpecification","valueRequired":true,"valueName":"search_term_string"}}],"inLanguage":"it-IT"},{"@type":"Organization","@id":"http:\/\/www.wmt.it\/#organization","name":"W.M.T. - Water and Mechanical Technology s.r.l.","url":"http:\/\/www.wmt.it\/","logo":{"@type":"ImageObject","inLanguage":"it-IT","@id":"http:\/\/www.wmt.it\/#\/schema\/logo\/image\/","url":"http:\/\/www.wmt.it\/wp-content\/uploads\/2019\/12\/logo_wmt_blu_512x512.jpg","contentUrl":"http:\/\/www.wmt.it\/wp-content\/uploads\/2019\/12\/logo_wmt_blu_512x512.jpg","width":512,"height":512,"caption":"W.M.T. - Water and Mechanical Technology s.r.l."},"image":{"@id":"http:\/\/www.wmt.it\/#\/schema\/logo\/image\/"},"sameAs":["https:\/\/www.facebook.com\/pages\/WMT\/523330841079249?eid=ARBCva1bxbHrIwpLi2jUbikM5NzJrQOywcEqrkgUjYQ_m59R20SghP76Um2Ffw8jsoHFxRwr_28Y5a6v","https:\/\/www.google.com\/maps\/place\/W.M.T.+-+Water+and+Mechanical+Technology+s.r.l.\/@45.538948,9.1806583,17z\/data=!3m1!4b1!4m5!3m4!1s0x4786bf60c912a84b:0xfc12749d2f8ea14a!8m2!3d45.538948!4d9.182847","https:\/\/www.linkedin.com\/company\/2059941"]}]}},"_links":{"self":[{"href":"http:\/\/www.wmt.it\/index.php\/wp-json\/wp\/v2\/pages\/3473","targetHints":{"allow":["GET"]}}],"collection":[{"href":"http:\/\/www.wmt.it\/index.php\/wp-json\/wp\/v2\/pages"}],"about":[{"href":"http:\/\/www.wmt.it\/index.php\/wp-json\/wp\/v2\/types\/page"}],"author":[{"embeddable":true,"href":"http:\/\/www.wmt.it\/index.php\/wp-json\/wp\/v2\/users\/1"}],"replies":[{"embeddable":true,"href":"http:\/\/www.wmt.it\/index.php\/wp-json\/wp\/v2\/comments?post=3473"}],"version-history":[{"count":6,"href":"http:\/\/www.wmt.it\/index.php\/wp-json\/wp\/v2\/pages\/3473\/revisions"}],"predecessor-version":[{"id":3758,"href":"http:\/\/www.wmt.it\/index.php\/wp-json\/wp\/v2\/pages\/3473\/revisions\/3758"}],"wp:featuredmedia":[{"embeddable":true,"href":"http:\/\/www.wmt.it\/index.php\/wp-json\/wp\/v2\/media\/3484"}],"wp:attachment":[{"href":"http:\/\/www.wmt.it\/index.php\/wp-json\/wp\/v2\/media?parent=3473"}],"curies":[{"name":"wp","href":"https:\/\/api.w.org\/{rel}","templated":true}]}}