{"id":3744,"date":"2024-10-10T17:02:11","date_gmt":"2024-10-10T15:02:11","guid":{"rendered":"http:\/\/www.wmt.it\/?page_id=3744"},"modified":"2024-10-10T17:18:05","modified_gmt":"2024-10-10T15:18:05","slug":"systemes-danti-oxydation-et-lubrification-pour-la-formation-a-chaud-galerie-dimages","status":"publish","type":"page","link":"http:\/\/www.wmt.it\/index.php\/fr\/systemes-danti-oxydation-et-lubrification-pour-la-formation-a-chaud-galerie-dimages\/","title":{"rendered":"Syst\u00e8mes d\u2019anti-oxydation et lubrification pour la formation \u00e0 chaud &#8211; Galerie d&#8217;images"},"content":{"rendered":"\n<h2 class=\"wp-block-heading\">Syst\u00e8me anti-oxydation<\/h2>\n\n\n\n<h4 class=\"wp-block-heading\">Dispositif de dosage et de pulv\u00e9risation<\/h4>\n\n\n\nngg_shortcode_0_placeholder\n\n\n\n<p><\/p>\n\n\n\n<h4 class=\"wp-block-heading\">Appareil de dosage et de pulv\u00e9risation &#8211; D\u00e9tails<\/h4>\n\n\n\nngg_shortcode_1_placeholder\n\n\n\n<h2 class=\"wp-block-heading\">Syst\u00e8me de stockage, de dosage et de pr\u00e9paration de lubrifiant<\/h2>\n\n\n\n<h4 class=\"wp-block-heading\">Composants de stockage et de dosage de poudre<\/h4>\n\n\n\nngg_shortcode_2_placeholder\n\n\n\n<p><\/p>\n\n\n\n<h4 class=\"wp-block-heading\">R\u00e9servoir de pr\u00e9paration de laque<\/h4>\n\n\n\nngg_shortcode_3_placeholder\n\n\n\n<p><\/p>\n\n\n\n<h2 class=\"wp-block-heading\">Syst\u00e8me d&#8217;entretien et de pulv\u00e9risation de lubrifiant<\/h2>\n\n\n\n<h4 class=\"wp-block-heading\">R\u00e9servoirs de r\u00e9tention de laque<\/h4>\n\n\n\nngg_shortcode_4_placeholder\n\n\n\n<p><\/p>\n\n\n\n<h4 class=\"wp-block-heading\">Cabine de pulv\u00e9risation compacte<\/h4>\n\n\n\nngg_shortcode_5_placeholder\n\n\n\n<p><\/p>\n\n\n\n<h4 class=\"wp-block-heading\">Cabine de pulv\u00e9risation avec chariots \u00e0 buses interchangeables<\/h4>\n\n\n\nngg_shortcode_6_placeholder\n\n\n\n<p><\/p>\n\n\n\n<h4 class=\"wp-block-heading\">Chariot avec buses de pulv\u00e9risation<\/h4>\n\n\n\n<p><\/p>\n\n\n\nngg_shortcode_7_placeholder\n","protected":false},"excerpt":{"rendered":"<p>Syst\u00e8me anti-oxydation Dispositif de dosage et de pulv\u00e9risation Appareil de dosage et de pulv\u00e9risation &#8211; D\u00e9tails Syst\u00e8me de stockage, de dosage et de pr\u00e9paration de lubrifiant Composants de stockage et de dosage de poudre R\u00e9servoir de pr\u00e9paration de laque Syst\u00e8me d&#8217;entretien et de pulv\u00e9risation de lubrifiant R\u00e9servoirs de r\u00e9tention de laque Cabine de pulv\u00e9risation compacte [&hellip;]<\/p>\n","protected":false},"author":1,"featured_media":0,"parent":0,"menu_order":0,"comment_status":"closed","ping_status":"closed","template":"","meta":{"ngg_post_thumbnail":0,"footnotes":""},"class_list":["post-3744","page","type-page","status-publish","hentry"],"yoast_head":"<!-- This site is optimized with the Yoast SEO plugin v27.3 - https:\/\/yoast.com\/product\/yoast-seo-wordpress\/ -->\n<title>Syst\u00e8mes d\u2019anti-oxydation et lubrification pour la formation \u00e0 chaud - Galerie d&#039;images &#8226; W.M.T. - Water and Mechanical Technology s.r.l.<\/title>\n<meta name=\"robots\" content=\"index, follow, max-snippet:-1, max-image-preview:large, max-video-preview:-1\" \/>\n<link rel=\"canonical\" href=\"http:\/\/www.wmt.it\/index.php\/fr\/systemes-danti-oxydation-et-lubrification-pour-la-formation-a-chaud-galerie-dimages\/\" \/>\n<meta property=\"og:locale\" content=\"it_IT\" \/>\n<meta property=\"og:type\" content=\"article\" \/>\n<meta property=\"og:title\" content=\"Syst\u00e8mes d\u2019anti-oxydation et lubrification pour la formation \u00e0 chaud - Galerie d&#039;images &#8226; W.M.T. - Water and Mechanical Technology s.r.l.\" \/>\n<meta property=\"og:description\" content=\"Syst\u00e8me anti-oxydation Dispositif de dosage et de pulv\u00e9risation Appareil de dosage et de pulv\u00e9risation &#8211; D\u00e9tails Syst\u00e8me de stockage, de dosage et de pr\u00e9paration de lubrifiant Composants de stockage et de dosage de poudre R\u00e9servoir de pr\u00e9paration de laque Syst\u00e8me d&#8217;entretien et de pulv\u00e9risation de lubrifiant R\u00e9servoirs de r\u00e9tention de laque Cabine de pulv\u00e9risation compacte [&hellip;]\" \/>\n<meta property=\"og:url\" content=\"http:\/\/www.wmt.it\/index.php\/fr\/systemes-danti-oxydation-et-lubrification-pour-la-formation-a-chaud-galerie-dimages\/\" \/>\n<meta property=\"og:site_name\" content=\"W.M.T. - Water and Mechanical Technology s.r.l.\" \/>\n<meta property=\"article:publisher\" content=\"https:\/\/www.facebook.com\/pages\/WMT\/523330841079249?eid=ARBCva1bxbHrIwpLi2jUbikM5NzJrQOywcEqrkgUjYQ_m59R20SghP76Um2Ffw8jsoHFxRwr_28Y5a6v\" \/>\n<meta property=\"article:modified_time\" content=\"2024-10-10T15:18:05+00:00\" \/>\n<meta name=\"twitter:card\" content=\"summary_large_image\" \/>\n<meta name=\"twitter:label1\" content=\"Tempo di lettura stimato\" \/>\n\t<meta name=\"twitter:data1\" content=\"1 minuto\" \/>\n<script type=\"application\/ld+json\" class=\"yoast-schema-graph\">{\"@context\":\"https:\\\/\\\/schema.org\",\"@graph\":[{\"@type\":\"WebPage\",\"@id\":\"http:\\\/\\\/www.wmt.it\\\/index.php\\\/fr\\\/systemes-danti-oxydation-et-lubrification-pour-la-formation-a-chaud-galerie-dimages\\\/\",\"url\":\"http:\\\/\\\/www.wmt.it\\\/index.php\\\/fr\\\/systemes-danti-oxydation-et-lubrification-pour-la-formation-a-chaud-galerie-dimages\\\/\",\"name\":\"Syst\u00e8mes d\u2019anti-oxydation et lubrification pour la formation \u00e0 chaud - Galerie d'images &#8226; W.M.T. - Water and Mechanical Technology s.r.l.\",\"isPartOf\":{\"@id\":\"http:\\\/\\\/www.wmt.it\\\/#website\"},\"datePublished\":\"2024-10-10T15:02:11+00:00\",\"dateModified\":\"2024-10-10T15:18:05+00:00\",\"breadcrumb\":{\"@id\":\"http:\\\/\\\/www.wmt.it\\\/index.php\\\/fr\\\/systemes-danti-oxydation-et-lubrification-pour-la-formation-a-chaud-galerie-dimages\\\/#breadcrumb\"},\"inLanguage\":\"it-IT\",\"potentialAction\":[{\"@type\":\"ReadAction\",\"target\":[\"http:\\\/\\\/www.wmt.it\\\/index.php\\\/fr\\\/systemes-danti-oxydation-et-lubrification-pour-la-formation-a-chaud-galerie-dimages\\\/\"]}]},{\"@type\":\"BreadcrumbList\",\"@id\":\"http:\\\/\\\/www.wmt.it\\\/index.php\\\/fr\\\/systemes-danti-oxydation-et-lubrification-pour-la-formation-a-chaud-galerie-dimages\\\/#breadcrumb\",\"itemListElement\":[{\"@type\":\"ListItem\",\"position\":1,\"name\":\"Home\",\"item\":\"http:\\\/\\\/www.wmt.it\\\/index.php\\\/en\\\/wmt-home\\\/\"},{\"@type\":\"ListItem\",\"position\":2,\"name\":\"Syst\u00e8mes d\u2019anti-oxydation et lubrification pour la formation \u00e0 chaud &#8211; Galerie d&rsquo;images\"}]},{\"@type\":\"WebSite\",\"@id\":\"http:\\\/\\\/www.wmt.it\\\/#website\",\"url\":\"http:\\\/\\\/www.wmt.it\\\/\",\"name\":\"W.M.T. - Water and Mechanical Technology s.r.l.\",\"description\":\"ENGINEERING AND FILTERING SYSTEM, PURE WITH PROFIT\",\"publisher\":{\"@id\":\"http:\\\/\\\/www.wmt.it\\\/#organization\"},\"potentialAction\":[{\"@type\":\"SearchAction\",\"target\":{\"@type\":\"EntryPoint\",\"urlTemplate\":\"http:\\\/\\\/www.wmt.it\\\/?s={search_term_string}\"},\"query-input\":{\"@type\":\"PropertyValueSpecification\",\"valueRequired\":true,\"valueName\":\"search_term_string\"}}],\"inLanguage\":\"it-IT\"},{\"@type\":\"Organization\",\"@id\":\"http:\\\/\\\/www.wmt.it\\\/#organization\",\"name\":\"W.M.T. - Water and Mechanical Technology s.r.l.\",\"url\":\"http:\\\/\\\/www.wmt.it\\\/\",\"logo\":{\"@type\":\"ImageObject\",\"inLanguage\":\"it-IT\",\"@id\":\"http:\\\/\\\/www.wmt.it\\\/#\\\/schema\\\/logo\\\/image\\\/\",\"url\":\"http:\\\/\\\/www.wmt.it\\\/wp-content\\\/uploads\\\/2019\\\/12\\\/logo_wmt_blu_512x512.jpg\",\"contentUrl\":\"http:\\\/\\\/www.wmt.it\\\/wp-content\\\/uploads\\\/2019\\\/12\\\/logo_wmt_blu_512x512.jpg\",\"width\":512,\"height\":512,\"caption\":\"W.M.T. - Water and Mechanical Technology s.r.l.\"},\"image\":{\"@id\":\"http:\\\/\\\/www.wmt.it\\\/#\\\/schema\\\/logo\\\/image\\\/\"},\"sameAs\":[\"https:\\\/\\\/www.facebook.com\\\/pages\\\/WMT\\\/523330841079249?eid=ARBCva1bxbHrIwpLi2jUbikM5NzJrQOywcEqrkgUjYQ_m59R20SghP76Um2Ffw8jsoHFxRwr_28Y5a6v\",\"https:\\\/\\\/www.google.com\\\/maps\\\/place\\\/W.M.T.+-+Water+and+Mechanical+Technology+s.r.l.\\\/@45.538948,9.1806583,17z\\\/data=!3m1!4b1!4m5!3m4!1s0x4786bf60c912a84b:0xfc12749d2f8ea14a!8m2!3d45.538948!4d9.182847\",\"https:\\\/\\\/www.linkedin.com\\\/company\\\/2059941\"]}]}<\/script>\n<!-- \/ Yoast SEO plugin. -->","yoast_head_json":{"title":"Syst\u00e8mes d\u2019anti-oxydation et lubrification pour la formation \u00e0 chaud - Galerie d'images &#8226; W.M.T. - Water and Mechanical Technology s.r.l.","robots":{"index":"index","follow":"follow","max-snippet":"max-snippet:-1","max-image-preview":"max-image-preview:large","max-video-preview":"max-video-preview:-1"},"canonical":"http:\/\/www.wmt.it\/index.php\/fr\/systemes-danti-oxydation-et-lubrification-pour-la-formation-a-chaud-galerie-dimages\/","og_locale":"it_IT","og_type":"article","og_title":"Syst\u00e8mes d\u2019anti-oxydation et lubrification pour la formation \u00e0 chaud - Galerie d'images &#8226; W.M.T. - Water and Mechanical Technology s.r.l.","og_description":"Syst\u00e8me anti-oxydation Dispositif de dosage et de pulv\u00e9risation Appareil de dosage et de pulv\u00e9risation &#8211; D\u00e9tails Syst\u00e8me de stockage, de dosage et de pr\u00e9paration de lubrifiant Composants de stockage et de dosage de poudre R\u00e9servoir de pr\u00e9paration de laque Syst\u00e8me d&#8217;entretien et de pulv\u00e9risation de lubrifiant R\u00e9servoirs de r\u00e9tention de laque Cabine de pulv\u00e9risation compacte [&hellip;]","og_url":"http:\/\/www.wmt.it\/index.php\/fr\/systemes-danti-oxydation-et-lubrification-pour-la-formation-a-chaud-galerie-dimages\/","og_site_name":"W.M.T. - Water and Mechanical Technology s.r.l.","article_publisher":"https:\/\/www.facebook.com\/pages\/WMT\/523330841079249?eid=ARBCva1bxbHrIwpLi2jUbikM5NzJrQOywcEqrkgUjYQ_m59R20SghP76Um2Ffw8jsoHFxRwr_28Y5a6v","article_modified_time":"2024-10-10T15:18:05+00:00","twitter_card":"summary_large_image","twitter_misc":{"Tempo di lettura stimato":"1 minuto"},"schema":{"@context":"https:\/\/schema.org","@graph":[{"@type":"WebPage","@id":"http:\/\/www.wmt.it\/index.php\/fr\/systemes-danti-oxydation-et-lubrification-pour-la-formation-a-chaud-galerie-dimages\/","url":"http:\/\/www.wmt.it\/index.php\/fr\/systemes-danti-oxydation-et-lubrification-pour-la-formation-a-chaud-galerie-dimages\/","name":"Syst\u00e8mes d\u2019anti-oxydation et lubrification pour la formation \u00e0 chaud - Galerie d'images &#8226; W.M.T. - Water and Mechanical Technology s.r.l.","isPartOf":{"@id":"http:\/\/www.wmt.it\/#website"},"datePublished":"2024-10-10T15:02:11+00:00","dateModified":"2024-10-10T15:18:05+00:00","breadcrumb":{"@id":"http:\/\/www.wmt.it\/index.php\/fr\/systemes-danti-oxydation-et-lubrification-pour-la-formation-a-chaud-galerie-dimages\/#breadcrumb"},"inLanguage":"it-IT","potentialAction":[{"@type":"ReadAction","target":["http:\/\/www.wmt.it\/index.php\/fr\/systemes-danti-oxydation-et-lubrification-pour-la-formation-a-chaud-galerie-dimages\/"]}]},{"@type":"BreadcrumbList","@id":"http:\/\/www.wmt.it\/index.php\/fr\/systemes-danti-oxydation-et-lubrification-pour-la-formation-a-chaud-galerie-dimages\/#breadcrumb","itemListElement":[{"@type":"ListItem","position":1,"name":"Home","item":"http:\/\/www.wmt.it\/index.php\/en\/wmt-home\/"},{"@type":"ListItem","position":2,"name":"Syst\u00e8mes d\u2019anti-oxydation et lubrification pour la formation \u00e0 chaud &#8211; Galerie d&rsquo;images"}]},{"@type":"WebSite","@id":"http:\/\/www.wmt.it\/#website","url":"http:\/\/www.wmt.it\/","name":"W.M.T. - Water and Mechanical Technology s.r.l.","description":"ENGINEERING AND FILTERING SYSTEM, PURE WITH PROFIT","publisher":{"@id":"http:\/\/www.wmt.it\/#organization"},"potentialAction":[{"@type":"SearchAction","target":{"@type":"EntryPoint","urlTemplate":"http:\/\/www.wmt.it\/?s={search_term_string}"},"query-input":{"@type":"PropertyValueSpecification","valueRequired":true,"valueName":"search_term_string"}}],"inLanguage":"it-IT"},{"@type":"Organization","@id":"http:\/\/www.wmt.it\/#organization","name":"W.M.T. - Water and Mechanical Technology s.r.l.","url":"http:\/\/www.wmt.it\/","logo":{"@type":"ImageObject","inLanguage":"it-IT","@id":"http:\/\/www.wmt.it\/#\/schema\/logo\/image\/","url":"http:\/\/www.wmt.it\/wp-content\/uploads\/2019\/12\/logo_wmt_blu_512x512.jpg","contentUrl":"http:\/\/www.wmt.it\/wp-content\/uploads\/2019\/12\/logo_wmt_blu_512x512.jpg","width":512,"height":512,"caption":"W.M.T. - Water and Mechanical Technology s.r.l."},"image":{"@id":"http:\/\/www.wmt.it\/#\/schema\/logo\/image\/"},"sameAs":["https:\/\/www.facebook.com\/pages\/WMT\/523330841079249?eid=ARBCva1bxbHrIwpLi2jUbikM5NzJrQOywcEqrkgUjYQ_m59R20SghP76Um2Ffw8jsoHFxRwr_28Y5a6v","https:\/\/www.google.com\/maps\/place\/W.M.T.+-+Water+and+Mechanical+Technology+s.r.l.\/@45.538948,9.1806583,17z\/data=!3m1!4b1!4m5!3m4!1s0x4786bf60c912a84b:0xfc12749d2f8ea14a!8m2!3d45.538948!4d9.182847","https:\/\/www.linkedin.com\/company\/2059941"]}]}},"_links":{"self":[{"href":"http:\/\/www.wmt.it\/index.php\/wp-json\/wp\/v2\/pages\/3744","targetHints":{"allow":["GET"]}}],"collection":[{"href":"http:\/\/www.wmt.it\/index.php\/wp-json\/wp\/v2\/pages"}],"about":[{"href":"http:\/\/www.wmt.it\/index.php\/wp-json\/wp\/v2\/types\/page"}],"author":[{"embeddable":true,"href":"http:\/\/www.wmt.it\/index.php\/wp-json\/wp\/v2\/users\/1"}],"replies":[{"embeddable":true,"href":"http:\/\/www.wmt.it\/index.php\/wp-json\/wp\/v2\/comments?post=3744"}],"version-history":[{"count":4,"href":"http:\/\/www.wmt.it\/index.php\/wp-json\/wp\/v2\/pages\/3744\/revisions"}],"predecessor-version":[{"id":3751,"href":"http:\/\/www.wmt.it\/index.php\/wp-json\/wp\/v2\/pages\/3744\/revisions\/3751"}],"wp:attachment":[{"href":"http:\/\/www.wmt.it\/index.php\/wp-json\/wp\/v2\/media?parent=3744"}],"curies":[{"name":"wp","href":"https:\/\/api.w.org\/{rel}","templated":true}]}}