{"id":487,"date":"2019-12-03T10:17:40","date_gmt":"2019-12-03T09:17:40","guid":{"rendered":"http:\/\/www2.wmt.it\/?page_id=487"},"modified":"2020-01-28T14:14:47","modified_gmt":"2020-01-28T13:14:47","slug":"flat-bed","status":"publish","type":"page","link":"http:\/\/www.wmt.it\/index.php\/flat-bed\/","title":{"rendered":"Flat-Bed"},"content":{"rendered":"\n<p><br><strong>Filtro in pressione a letto piano Flat-Bed<\/strong><\/p>\n\n\n\n<p>Filtro a media pressione a letto filtrante piano dalle seguenti caratteristiche:<\/p>\n\n\n\n<ul class=\"wp-block-list\"><li>portata da 170 l\/min (45 G.P.M.) a 45.360 l\/min (12,000 G.P.M.),<\/li><li>in grado di trattenere particelle inferiori ad un micron ( 0,000039 \u201d ) con una concentrazione di particellato di 5 p.p.m.,<\/li><li>grado di filtraggio in accordo alla classe 4 \u00f7 10 della nostra tabella <a href=\"http:\/\/www.wmt.it\/index.php\/classi-di-filtraggio\/\"><strong>ST-1584<\/strong><\/a>,<\/li><li>mezzo filtrante a perdere o permanente;<\/li><\/ul>\n\n\n\n<p>idoneo al filtraggio di: acqua; emulsioni stabili, metastabili e instabili in differenti percentuali; nonch\u00e9 di oli interi a diverse viscosit\u00e0.<\/p>\n\n\n\n<p>Il filtro Flat-Bed, nella sua configurazione standard, incontra un ampio campo di applicazioni in numerose operazioni. Esso pu\u00f2 anche essere utilizzato come il cuore di sistemi di filtraggio con caratteristiche speciali.<\/p>\n\n\n\n<p>Per esempio, pu\u00f2 essere utilizzato come filtro a prerivestimento con farine fossili e terre attive per pulire e chiarificare il liquido, in questo caso le dimensione delle particelle non trattenute dal filtro sono nel campo dei submicrons.<\/p>\n\n\n\n<p>Il filtro pu\u00f2 essere installato in serie a vasche di sedimentazione o a vasche draganti in grado di rimuovere i trucioli di grosse dimensioni, o le matasse prima della filtrazione.<\/p>\n\n\n\n<p>Il filtro Flat-Bed pu\u00f2 impiegare equipaggiamenti speciali, pu\u00f2 essere realizzato in materiali diversi o pu\u00f2 essere modificato per risolvere i \u201ccomplicati\u201d problemi di filtraggio di liquidi.<\/p>\n\n\n\n<p>Il filtro Flat-Bed \u00e8 fornibile come filtro finale per molti tipi di fanghi e per il postfiltraggio di particellato in sospensione nei processi con liquidi.<\/p>\n\n\n\n<p>I costi operativi per il filtro Flat-Bed sono decisamente bassi, in quanto, l\u2019unit\u00e0 \u00e8 interamente automatica e non necessita di reagenti chimici durante il normale servizio mentre la manutenzione ordinaria \u00e8 limitata a sporadiche operazioni di controllo.<\/p>\n\n\n\n<p>Il filtro Flat-Bed \u00e8 offerto in un ampio campo di modelli, con larghezze del letto piano da 609,6 mm (2 ft) a 1.828,8 mm (6 ft) e lunghezze da 609,6 mm (2 ft) a 9.144 mm (30 ft), al fine di far fronte a tutte le possibili specifiche richieste.<\/p>\n\n\n\n<p>Tutti\ni supporti tecnici necessari per installare e rendere operativo il\nfiltro sono normalmente inclusi nella offerta della W.M.T.<\/p>\n\n\n\n<p>La W.M.T. inoltre offre il supporto per questi equipaggiamenti per tutta la durata del loro servizio.<\/p>\n\n\n\n<table style=\"width: 100%;\" cellspacing=\"0\" border=\"0\">\n<tbody>\n<tr><\/tr>\n<tr>\n<td style=\"width: 10%;\" align=\"center\"><\/td>\n<td style=\"width: 35%;\" align=\"center\"><div class=\"wp-block-button\"><a class=\"wp-block-button__link has-background has-vivid-cyan-blue-background-color\" href=\"http:\/\/www.wmt.it\/index.php\/flat-bed-galleria-immagini\/\" target=\"_blank\" rel=\"noopener noreferrer\">Galleria immagini<\/a><\/div><\/td>\n<td style=\"width: 10%;\" align=\"center\"><\/td>\n<td style=\"width: 35%;\" align=\"center\"><div class=\"wp-block-button\"><a class=\"wp-block-button__link has-background has-vivid-cyan-blue-background-color\" href=\"http:\/\/www.wmt.it\/wp-content\/uploads\/2020\/01\/04_FLAT-BED-TRANSFERT.pdf\" target=\"_blank\" rel=\"noopener noreferrer\">Visualizza la brochure<\/a><\/div><\/td>\n<td style=\"width: 10%;\" align=\"center\"><\/td>\n<\/tr>\n<\/tbody>\n<\/table>\n","protected":false},"excerpt":{"rendered":"<p>Filtro in pressione a letto piano Flat-Bed Filtro a media pressione a letto filtrante piano dalle seguenti caratteristiche: portata da 170 l\/min (45 G.P.M.) a 45.360 l\/min (12,000 G.P.M.), in grado di trattenere particelle inferiori ad un micron ( 0,000039 \u201d ) con una concentrazione di particellato di 5 p.p.m., grado di filtraggio in accordo [&hellip;]<\/p>\n","protected":false},"author":3,"featured_media":1822,"parent":0,"menu_order":0,"comment_status":"closed","ping_status":"closed","template":"","meta":{"ngg_post_thumbnail":0,"footnotes":""},"class_list":["post-487","page","type-page","status-publish","has-post-thumbnail","hentry"],"yoast_head":"<!-- This site is optimized with the Yoast SEO plugin v27.3 - https:\/\/yoast.com\/product\/yoast-seo-wordpress\/ -->\n<title>Flat-Bed &#8226; W.M.T. - Water and Mechanical Technology s.r.l.<\/title>\n<meta name=\"description\" content=\"il fitro flat-bed \u00e8 idoneo al filtraggio di: acqua; emulsioni stabili, metastabili e instabili in tutte percentuali; oli interi a diverse viscosit\u00e0.\" \/>\n<meta name=\"robots\" content=\"index, follow, max-snippet:-1, max-image-preview:large, max-video-preview:-1\" \/>\n<link rel=\"canonical\" href=\"http:\/\/www.wmt.it\/index.php\/flat-bed\/\" \/>\n<meta property=\"og:locale\" content=\"it_IT\" \/>\n<meta property=\"og:type\" content=\"article\" \/>\n<meta property=\"og:title\" content=\"Flat-Bed &#8226; W.M.T. - Water and Mechanical Technology s.r.l.\" \/>\n<meta property=\"og:description\" content=\"il fitro flat-bed \u00e8 idoneo al filtraggio di: acqua; emulsioni stabili, metastabili e instabili in tutte percentuali; oli interi a diverse viscosit\u00e0.\" \/>\n<meta property=\"og:url\" content=\"http:\/\/www.wmt.it\/index.php\/flat-bed\/\" \/>\n<meta property=\"og:site_name\" content=\"W.M.T. - Water and Mechanical Technology s.r.l.\" \/>\n<meta property=\"article:publisher\" content=\"https:\/\/www.facebook.com\/pages\/WMT\/523330841079249?eid=ARBCva1bxbHrIwpLi2jUbikM5NzJrQOywcEqrkgUjYQ_m59R20SghP76Um2Ffw8jsoHFxRwr_28Y5a6v\" \/>\n<meta property=\"article:modified_time\" content=\"2020-01-28T13:14:47+00:00\" \/>\n<meta property=\"og:image\" content=\"http:\/\/www.wmt.it\/wp-content\/uploads\/2019\/12\/mezzo-filtrante-scaled-e1576836712531.jpg\" \/>\n\t<meta property=\"og:image:width\" content=\"1920\" \/>\n\t<meta property=\"og:image:height\" content=\"601\" \/>\n\t<meta property=\"og:image:type\" content=\"image\/jpeg\" \/>\n<meta name=\"twitter:card\" content=\"summary_large_image\" \/>\n<meta name=\"twitter:label1\" content=\"Tempo di lettura stimato\" \/>\n\t<meta name=\"twitter:data1\" content=\"2 minuti\" \/>\n<script type=\"application\/ld+json\" class=\"yoast-schema-graph\">{\"@context\":\"https:\\\/\\\/schema.org\",\"@graph\":[{\"@type\":\"WebPage\",\"@id\":\"http:\\\/\\\/www.wmt.it\\\/index.php\\\/flat-bed\\\/\",\"url\":\"http:\\\/\\\/www.wmt.it\\\/index.php\\\/flat-bed\\\/\",\"name\":\"Flat-Bed &#8226; W.M.T. - Water and Mechanical Technology s.r.l.\",\"isPartOf\":{\"@id\":\"http:\\\/\\\/www.wmt.it\\\/#website\"},\"primaryImageOfPage\":{\"@id\":\"http:\\\/\\\/www.wmt.it\\\/index.php\\\/flat-bed\\\/#primaryimage\"},\"image\":{\"@id\":\"http:\\\/\\\/www.wmt.it\\\/index.php\\\/flat-bed\\\/#primaryimage\"},\"thumbnailUrl\":\"http:\\\/\\\/www.wmt.it\\\/wp-content\\\/uploads\\\/2019\\\/12\\\/mezzo-filtrante-scaled-e1576836712531.jpg\",\"datePublished\":\"2019-12-03T09:17:40+00:00\",\"dateModified\":\"2020-01-28T13:14:47+00:00\",\"description\":\"il fitro flat-bed \u00e8 idoneo al filtraggio di: acqua; emulsioni stabili, metastabili e instabili in tutte percentuali; oli interi a diverse viscosit\u00e0.\",\"breadcrumb\":{\"@id\":\"http:\\\/\\\/www.wmt.it\\\/index.php\\\/flat-bed\\\/#breadcrumb\"},\"inLanguage\":\"it-IT\",\"potentialAction\":[{\"@type\":\"ReadAction\",\"target\":[\"http:\\\/\\\/www.wmt.it\\\/index.php\\\/flat-bed\\\/\"]}]},{\"@type\":\"ImageObject\",\"inLanguage\":\"it-IT\",\"@id\":\"http:\\\/\\\/www.wmt.it\\\/index.php\\\/flat-bed\\\/#primaryimage\",\"url\":\"http:\\\/\\\/www.wmt.it\\\/wp-content\\\/uploads\\\/2019\\\/12\\\/mezzo-filtrante-scaled-e1576836712531.jpg\",\"contentUrl\":\"http:\\\/\\\/www.wmt.it\\\/wp-content\\\/uploads\\\/2019\\\/12\\\/mezzo-filtrante-scaled-e1576836712531.jpg\",\"width\":1920,\"height\":601},{\"@type\":\"BreadcrumbList\",\"@id\":\"http:\\\/\\\/www.wmt.it\\\/index.php\\\/flat-bed\\\/#breadcrumb\",\"itemListElement\":[{\"@type\":\"ListItem\",\"position\":1,\"name\":\"Home\",\"item\":\"http:\\\/\\\/www.wmt.it\\\/index.php\\\/en\\\/wmt-home\\\/\"},{\"@type\":\"ListItem\",\"position\":2,\"name\":\"Flat-Bed\"}]},{\"@type\":\"WebSite\",\"@id\":\"http:\\\/\\\/www.wmt.it\\\/#website\",\"url\":\"http:\\\/\\\/www.wmt.it\\\/\",\"name\":\"W.M.T. - Water and Mechanical Technology s.r.l.\",\"description\":\"ENGINEERING AND FILTERING SYSTEM, PURE WITH PROFIT\",\"publisher\":{\"@id\":\"http:\\\/\\\/www.wmt.it\\\/#organization\"},\"potentialAction\":[{\"@type\":\"SearchAction\",\"target\":{\"@type\":\"EntryPoint\",\"urlTemplate\":\"http:\\\/\\\/www.wmt.it\\\/?s={search_term_string}\"},\"query-input\":{\"@type\":\"PropertyValueSpecification\",\"valueRequired\":true,\"valueName\":\"search_term_string\"}}],\"inLanguage\":\"it-IT\"},{\"@type\":\"Organization\",\"@id\":\"http:\\\/\\\/www.wmt.it\\\/#organization\",\"name\":\"W.M.T. - Water and Mechanical Technology s.r.l.\",\"url\":\"http:\\\/\\\/www.wmt.it\\\/\",\"logo\":{\"@type\":\"ImageObject\",\"inLanguage\":\"it-IT\",\"@id\":\"http:\\\/\\\/www.wmt.it\\\/#\\\/schema\\\/logo\\\/image\\\/\",\"url\":\"http:\\\/\\\/www.wmt.it\\\/wp-content\\\/uploads\\\/2019\\\/12\\\/logo_wmt_blu_512x512.jpg\",\"contentUrl\":\"http:\\\/\\\/www.wmt.it\\\/wp-content\\\/uploads\\\/2019\\\/12\\\/logo_wmt_blu_512x512.jpg\",\"width\":512,\"height\":512,\"caption\":\"W.M.T. - Water and Mechanical Technology s.r.l.\"},\"image\":{\"@id\":\"http:\\\/\\\/www.wmt.it\\\/#\\\/schema\\\/logo\\\/image\\\/\"},\"sameAs\":[\"https:\\\/\\\/www.facebook.com\\\/pages\\\/WMT\\\/523330841079249?eid=ARBCva1bxbHrIwpLi2jUbikM5NzJrQOywcEqrkgUjYQ_m59R20SghP76Um2Ffw8jsoHFxRwr_28Y5a6v\",\"https:\\\/\\\/www.google.com\\\/maps\\\/place\\\/W.M.T.+-+Water+and+Mechanical+Technology+s.r.l.\\\/@45.538948,9.1806583,17z\\\/data=!3m1!4b1!4m5!3m4!1s0x4786bf60c912a84b:0xfc12749d2f8ea14a!8m2!3d45.538948!4d9.182847\",\"https:\\\/\\\/www.linkedin.com\\\/company\\\/2059941\"]}]}<\/script>\n<!-- \/ Yoast SEO plugin. -->","yoast_head_json":{"title":"Flat-Bed &#8226; W.M.T. - Water and Mechanical Technology s.r.l.","description":"il fitro flat-bed \u00e8 idoneo al filtraggio di: acqua; emulsioni stabili, metastabili e instabili in tutte percentuali; oli interi a diverse viscosit\u00e0.","robots":{"index":"index","follow":"follow","max-snippet":"max-snippet:-1","max-image-preview":"max-image-preview:large","max-video-preview":"max-video-preview:-1"},"canonical":"http:\/\/www.wmt.it\/index.php\/flat-bed\/","og_locale":"it_IT","og_type":"article","og_title":"Flat-Bed &#8226; W.M.T. - Water and Mechanical Technology s.r.l.","og_description":"il fitro flat-bed \u00e8 idoneo al filtraggio di: acqua; emulsioni stabili, metastabili e instabili in tutte percentuali; oli interi a diverse viscosit\u00e0.","og_url":"http:\/\/www.wmt.it\/index.php\/flat-bed\/","og_site_name":"W.M.T. - Water and Mechanical Technology s.r.l.","article_publisher":"https:\/\/www.facebook.com\/pages\/WMT\/523330841079249?eid=ARBCva1bxbHrIwpLi2jUbikM5NzJrQOywcEqrkgUjYQ_m59R20SghP76Um2Ffw8jsoHFxRwr_28Y5a6v","article_modified_time":"2020-01-28T13:14:47+00:00","og_image":[{"width":1920,"height":601,"url":"http:\/\/www.wmt.it\/wp-content\/uploads\/2019\/12\/mezzo-filtrante-scaled-e1576836712531.jpg","type":"image\/jpeg"}],"twitter_card":"summary_large_image","twitter_misc":{"Tempo di lettura stimato":"2 minuti"},"schema":{"@context":"https:\/\/schema.org","@graph":[{"@type":"WebPage","@id":"http:\/\/www.wmt.it\/index.php\/flat-bed\/","url":"http:\/\/www.wmt.it\/index.php\/flat-bed\/","name":"Flat-Bed &#8226; W.M.T. - Water and Mechanical Technology s.r.l.","isPartOf":{"@id":"http:\/\/www.wmt.it\/#website"},"primaryImageOfPage":{"@id":"http:\/\/www.wmt.it\/index.php\/flat-bed\/#primaryimage"},"image":{"@id":"http:\/\/www.wmt.it\/index.php\/flat-bed\/#primaryimage"},"thumbnailUrl":"http:\/\/www.wmt.it\/wp-content\/uploads\/2019\/12\/mezzo-filtrante-scaled-e1576836712531.jpg","datePublished":"2019-12-03T09:17:40+00:00","dateModified":"2020-01-28T13:14:47+00:00","description":"il fitro flat-bed \u00e8 idoneo al filtraggio di: acqua; emulsioni stabili, metastabili e instabili in tutte percentuali; oli interi a diverse viscosit\u00e0.","breadcrumb":{"@id":"http:\/\/www.wmt.it\/index.php\/flat-bed\/#breadcrumb"},"inLanguage":"it-IT","potentialAction":[{"@type":"ReadAction","target":["http:\/\/www.wmt.it\/index.php\/flat-bed\/"]}]},{"@type":"ImageObject","inLanguage":"it-IT","@id":"http:\/\/www.wmt.it\/index.php\/flat-bed\/#primaryimage","url":"http:\/\/www.wmt.it\/wp-content\/uploads\/2019\/12\/mezzo-filtrante-scaled-e1576836712531.jpg","contentUrl":"http:\/\/www.wmt.it\/wp-content\/uploads\/2019\/12\/mezzo-filtrante-scaled-e1576836712531.jpg","width":1920,"height":601},{"@type":"BreadcrumbList","@id":"http:\/\/www.wmt.it\/index.php\/flat-bed\/#breadcrumb","itemListElement":[{"@type":"ListItem","position":1,"name":"Home","item":"http:\/\/www.wmt.it\/index.php\/en\/wmt-home\/"},{"@type":"ListItem","position":2,"name":"Flat-Bed"}]},{"@type":"WebSite","@id":"http:\/\/www.wmt.it\/#website","url":"http:\/\/www.wmt.it\/","name":"W.M.T. - Water and Mechanical Technology s.r.l.","description":"ENGINEERING AND FILTERING SYSTEM, PURE WITH PROFIT","publisher":{"@id":"http:\/\/www.wmt.it\/#organization"},"potentialAction":[{"@type":"SearchAction","target":{"@type":"EntryPoint","urlTemplate":"http:\/\/www.wmt.it\/?s={search_term_string}"},"query-input":{"@type":"PropertyValueSpecification","valueRequired":true,"valueName":"search_term_string"}}],"inLanguage":"it-IT"},{"@type":"Organization","@id":"http:\/\/www.wmt.it\/#organization","name":"W.M.T. - Water and Mechanical Technology s.r.l.","url":"http:\/\/www.wmt.it\/","logo":{"@type":"ImageObject","inLanguage":"it-IT","@id":"http:\/\/www.wmt.it\/#\/schema\/logo\/image\/","url":"http:\/\/www.wmt.it\/wp-content\/uploads\/2019\/12\/logo_wmt_blu_512x512.jpg","contentUrl":"http:\/\/www.wmt.it\/wp-content\/uploads\/2019\/12\/logo_wmt_blu_512x512.jpg","width":512,"height":512,"caption":"W.M.T. - Water and Mechanical Technology s.r.l."},"image":{"@id":"http:\/\/www.wmt.it\/#\/schema\/logo\/image\/"},"sameAs":["https:\/\/www.facebook.com\/pages\/WMT\/523330841079249?eid=ARBCva1bxbHrIwpLi2jUbikM5NzJrQOywcEqrkgUjYQ_m59R20SghP76Um2Ffw8jsoHFxRwr_28Y5a6v","https:\/\/www.google.com\/maps\/place\/W.M.T.+-+Water+and+Mechanical+Technology+s.r.l.\/@45.538948,9.1806583,17z\/data=!3m1!4b1!4m5!3m4!1s0x4786bf60c912a84b:0xfc12749d2f8ea14a!8m2!3d45.538948!4d9.182847","https:\/\/www.linkedin.com\/company\/2059941"]}]}},"_links":{"self":[{"href":"http:\/\/www.wmt.it\/index.php\/wp-json\/wp\/v2\/pages\/487","targetHints":{"allow":["GET"]}}],"collection":[{"href":"http:\/\/www.wmt.it\/index.php\/wp-json\/wp\/v2\/pages"}],"about":[{"href":"http:\/\/www.wmt.it\/index.php\/wp-json\/wp\/v2\/types\/page"}],"author":[{"embeddable":true,"href":"http:\/\/www.wmt.it\/index.php\/wp-json\/wp\/v2\/users\/3"}],"replies":[{"embeddable":true,"href":"http:\/\/www.wmt.it\/index.php\/wp-json\/wp\/v2\/comments?post=487"}],"version-history":[{"count":24,"href":"http:\/\/www.wmt.it\/index.php\/wp-json\/wp\/v2\/pages\/487\/revisions"}],"predecessor-version":[{"id":2770,"href":"http:\/\/www.wmt.it\/index.php\/wp-json\/wp\/v2\/pages\/487\/revisions\/2770"}],"wp:featuredmedia":[{"embeddable":true,"href":"http:\/\/www.wmt.it\/index.php\/wp-json\/wp\/v2\/media\/1822"}],"wp:attachment":[{"href":"http:\/\/www.wmt.it\/index.php\/wp-json\/wp\/v2\/media?parent=487"}],"curies":[{"name":"wp","href":"https:\/\/api.w.org\/{rel}","templated":true}]}}