{"id":52,"date":"2019-11-22T12:29:46","date_gmt":"2019-11-22T11:29:46","guid":{"rendered":"http:\/\/www2.wmt.it\/?page_id=52"},"modified":"2022-05-27T09:44:50","modified_gmt":"2022-05-27T07:44:50","slug":"wmt-page-daccueil","status":"publish","type":"page","link":"http:\/\/www.wmt.it\/index.php\/fr\/wmt-page-daccueil\/","title":{"rendered":"Page d&#8217;accueil"},"content":{"rendered":"\n<p><br>Bienvenue sur le site de W.M.T. &#8211; Water and Mechanical Technology s.r.l.<\/p>\n\n\n\n<p>La croissance de votre entreprise passe par l&#8217;am\u00e9lioration continue et l&#8217;optimisation de vos processus de production; devrait donc se appuyer sur un partenaire comp\u00e9tent, solide et fiable.<\/p>\n\n\n\n<p>W.M.T. couvre ce r\u00f4le strat\u00e9gique en aidant les soci\u00e9t\u00e9s d&#8217;ing\u00e9nierie et les  entreprises manufacturi\u00e8res \u00e0 am\u00e9liorer et \u00e0 optimiser les processus de  production avec la fourniture de: installations, machines, composants et  services de pointe depuis plus de 40 ans et avec plus de 20.000  installations r\u00e9alis\u00e9es dans le monde.<\/p>\n\n\n\n<p>Le W.M.T. &#8211; Water and Mechanical Technology  a \u00e9t\u00e9 fond\u00e9e en 1977, il rassemble l&#8217;expertise de Hydromation  Engineering Italiana dont l&#8217;activit\u00e9 a cess\u00e9 \u00e0 la suite de l&#8217;abandon de  Hydromation Filter Co. USA des parts de la soci\u00e9t\u00e9 \u00e0 la succursale italienne.<\/p>\n\n\n\n<p>Au fil des ans, de sa fondation \u00e0 nos jours, W.M.T. a d\u00e9velopp\u00e9 son savoir-faire avec l&#8217;enregistrement de ses brevets et revendique actuellement des r\u00e9alisations mondiales dans les secteurs:<\/p>\n\n\n\n<ul class=\"wp-block-list\"><li>s\u00e9paration industrielle pour:<ul><li>s\u00e9dimentation,<\/li><\/ul><ul><li>flottation,<\/li><li>distillation;<\/li><\/ul><\/li><li>&nbsp;de filtration industrielle avec syst\u00e8mes:<ul><li>sous pression,<\/li><li>a d\u00e9pression,<\/li><li>a gravit\u00e9,<\/li><li>a pr\u00e9-rev\u00eatement,<\/li><li>sur lit profond;<\/li><\/ul><\/li><li>de purification industrielle avec des syst\u00e8mes:<ul><li>chimique\/physique,<\/li><li>biologique,<\/li><li>\u00e0 la distillation<\/li><li>adsorption;<\/li><\/ul><\/li><li>le traitement de mat\u00e9riaux s\u00e9par\u00e9s;<\/li><li>traitement de surface des produits transform\u00e9s;<\/li><\/ul>\n\n\n\n<p>dans les <a href=\"http:\/\/www.wmt.it\/index.php\/fr\/champs-dexploitation\/\">domaines<\/a>:<\/p>\n\n\n\n<ul class=\"wp-block-list\"><li><a href=\"http:\/\/www.wmt.it\/index.php\/fr\/ecologique\/\">\u00e9cologiques<\/a>, <\/li><li><a href=\"http:\/\/www.wmt.it\/index.php\/fr\/electrique\/\">\u00e9lectriques<\/a>, <\/li><li><a href=\"http:\/\/www.wmt.it\/index.php\/fr\/mecanique\/\">m\u00e9caniques<\/a> et <a href=\"http:\/\/www.wmt.it\/index.php\/fr\/mecanique\/\">automobile<\/a>,  <\/li><li><a href=\"http:\/\/www.wmt.it\/index.php\/fr\/nucleaire\/\">nucl\u00e9aire<\/a>, <\/li><li><a href=\"http:\/\/www.wmt.it\/index.php\/fr\/industrie-petroliere\/\">p\u00e9trole<\/a>, <\/li><li><a href=\"http:\/\/www.wmt.it\/index.php\/fr\/siderurgique\/\">sid\u00e9rurgique<\/a>;<\/li><\/ul>\n\n\n\n<p>ainsi qu&#8217;une exp\u00e9rience av\u00e9r\u00e9e dans l&#8217;ing\u00e9nierie et les applications logicielles.<\/p>\n\n\n\n<p>W.M.T. est en mesure d&#8217;offrir \u00e0 ses clients une large gamme de <a href=\"http:\/\/www.wmt.it\/index.php\/en\/services\/\">services<\/a> qui sont divis\u00e9s en:<\/p>\n\n\n\n<ul class=\"wp-block-list\"><li>analyse chimique\/ physique des eaux et liquides industriels;<\/li><li>ing\u00e9nierie:<ul><li>projet de faisabilit\u00e9,<\/li><li>r\u00e9daction des devis de construction,<\/li><li>projet ex\u00e9cutif;<\/li><\/ul><\/li><li>soins de r\u00e9alisation (lorsqu&#8217;ils sont confi\u00e9s \u00e0 des tiers):<ul><li>gestion de la construction,<\/li><li>l&#8217;essai;<\/li><li>r\u00e9alisation du projet,<\/li><\/ul><\/li><li>r\u00e9alisation du projet,<\/li><li>mise en service de l&#8217;usine,<\/li><li>instruction du personnel d&#8217;encadrement,<\/li><li>assistance apr\u00e8s-vente r\u00e9alis\u00e9e:<ul><li>sur le site d&#8217;installation,<\/li><li>contr\u00f4l\u00e9 \u00e0 distance via des syst\u00e8mes de t\u00e9l\u00e9service.<\/li><\/ul><\/li><\/ul>\n\n\n\n<p>Les services offerts incluent \u00e9galement la possibilit\u00e9 d&#8217;acqu\u00e9rir des repr\u00e9sentants industriels pour les produits appartenant ou commercialisables dans les domaines d&#8217;application dans lesquels W.M.T. Il fonctionne.<\/p>\n\n\n\n<p><\/p>\n","protected":false},"excerpt":{"rendered":"<p>Bienvenue sur le site de W.M.T. &#8211; Water and Mechanical Technology s.r.l. La croissance de votre entreprise passe par l&#8217;am\u00e9lioration continue et l&#8217;optimisation de vos processus de production; devrait donc se appuyer sur un partenaire comp\u00e9tent, solide et fiable. W.M.T. couvre ce r\u00f4le strat\u00e9gique en aidant les soci\u00e9t\u00e9s d&#8217;ing\u00e9nierie et les entreprises manufacturi\u00e8res \u00e0 am\u00e9liorer [&hellip;]<\/p>\n","protected":false},"author":1,"featured_media":1758,"parent":0,"menu_order":0,"comment_status":"closed","ping_status":"closed","template":"","meta":{"ngg_post_thumbnail":0,"footnotes":""},"class_list":["post-52","page","type-page","status-publish","has-post-thumbnail","hentry"],"yoast_head":"<!-- This site is optimized with the Yoast SEO plugin v27.3 - https:\/\/yoast.com\/product\/yoast-seo-wordpress\/ -->\n<title>W.M.T. - Water and Mechanical Technology s.r.l. &#8226; Page d&#039;accueil<\/title>\n<meta name=\"description\" content=\"W.M.T. il est depuis plus de 40 ans une r\u00e9f\u00e9rence en filtration industrielle dans les secteurs: \u00e9cologique, m\u00e9canique, nucl\u00e9aire, p\u00e9trole, acier.\" \/>\n<meta name=\"robots\" content=\"index, follow, max-snippet:-1, max-image-preview:large, max-video-preview:-1\" \/>\n<link rel=\"canonical\" href=\"http:\/\/www.wmt.it\/index.php\/fr\/wmt-page-daccueil\/\" \/>\n<meta property=\"og:locale\" content=\"it_IT\" \/>\n<meta property=\"og:type\" content=\"article\" \/>\n<meta property=\"og:title\" content=\"W.M.T. - Water and Mechanical Technology s.r.l. &#8226; Page d&#039;accueil\" \/>\n<meta property=\"og:description\" content=\"W.M.T. il est depuis plus de 40 ans une r\u00e9f\u00e9rence en filtration industrielle dans les secteurs: \u00e9cologique, m\u00e9canique, nucl\u00e9aire, p\u00e9trole, acier.\" \/>\n<meta property=\"og:url\" content=\"http:\/\/www.wmt.it\/index.php\/fr\/wmt-page-daccueil\/\" \/>\n<meta property=\"og:site_name\" content=\"W.M.T. - Water and Mechanical Technology s.r.l.\" \/>\n<meta property=\"article:publisher\" content=\"https:\/\/www.facebook.com\/pages\/WMT\/523330841079249?eid=ARBCva1bxbHrIwpLi2jUbikM5NzJrQOywcEqrkgUjYQ_m59R20SghP76Um2Ffw8jsoHFxRwr_28Y5a6v\" \/>\n<meta property=\"article:modified_time\" content=\"2022-05-27T07:44:50+00:00\" \/>\n<meta property=\"og:image\" content=\"http:\/\/www.wmt.it\/wp-content\/uploads\/2019\/12\/water-nature-snow-winter-droplet-drop-984984-pxhere.com_-e1576747001641.jpg\" \/>\n\t<meta property=\"og:image:width\" content=\"1630\" \/>\n\t<meta property=\"og:image:height\" content=\"509\" \/>\n\t<meta property=\"og:image:type\" content=\"image\/jpeg\" \/>\n<meta name=\"twitter:card\" content=\"summary_large_image\" \/>\n<meta name=\"twitter:label1\" content=\"Tempo di lettura stimato\" \/>\n\t<meta name=\"twitter:data1\" content=\"2 minuti\" \/>\n<script type=\"application\/ld+json\" class=\"yoast-schema-graph\">{\"@context\":\"https:\\\/\\\/schema.org\",\"@graph\":[{\"@type\":\"WebPage\",\"@id\":\"http:\\\/\\\/www.wmt.it\\\/index.php\\\/fr\\\/wmt-page-daccueil\\\/\",\"url\":\"http:\\\/\\\/www.wmt.it\\\/index.php\\\/fr\\\/wmt-page-daccueil\\\/\",\"name\":\"W.M.T. - Water and Mechanical Technology s.r.l. &#8226; Page d'accueil\",\"isPartOf\":{\"@id\":\"http:\\\/\\\/www.wmt.it\\\/#website\"},\"primaryImageOfPage\":{\"@id\":\"http:\\\/\\\/www.wmt.it\\\/index.php\\\/fr\\\/wmt-page-daccueil\\\/#primaryimage\"},\"image\":{\"@id\":\"http:\\\/\\\/www.wmt.it\\\/index.php\\\/fr\\\/wmt-page-daccueil\\\/#primaryimage\"},\"thumbnailUrl\":\"http:\\\/\\\/www.wmt.it\\\/wp-content\\\/uploads\\\/2019\\\/12\\\/water-nature-snow-winter-droplet-drop-984984-pxhere.com_-e1576747001641.jpg\",\"datePublished\":\"2019-11-22T11:29:46+00:00\",\"dateModified\":\"2022-05-27T07:44:50+00:00\",\"description\":\"W.M.T. il est depuis plus de 40 ans une r\u00e9f\u00e9rence en filtration industrielle dans les secteurs: \u00e9cologique, m\u00e9canique, nucl\u00e9aire, p\u00e9trole, acier.\",\"breadcrumb\":{\"@id\":\"http:\\\/\\\/www.wmt.it\\\/index.php\\\/fr\\\/wmt-page-daccueil\\\/#breadcrumb\"},\"inLanguage\":\"it-IT\",\"potentialAction\":[{\"@type\":\"ReadAction\",\"target\":[\"http:\\\/\\\/www.wmt.it\\\/index.php\\\/fr\\\/wmt-page-daccueil\\\/\"]}]},{\"@type\":\"ImageObject\",\"inLanguage\":\"it-IT\",\"@id\":\"http:\\\/\\\/www.wmt.it\\\/index.php\\\/fr\\\/wmt-page-daccueil\\\/#primaryimage\",\"url\":\"http:\\\/\\\/www.wmt.it\\\/wp-content\\\/uploads\\\/2019\\\/12\\\/water-nature-snow-winter-droplet-drop-984984-pxhere.com_-e1576747001641.jpg\",\"contentUrl\":\"http:\\\/\\\/www.wmt.it\\\/wp-content\\\/uploads\\\/2019\\\/12\\\/water-nature-snow-winter-droplet-drop-984984-pxhere.com_-e1576747001641.jpg\",\"width\":1630,\"height\":509,\"caption\":\"w.m.t. - water and mechanical technology\"},{\"@type\":\"BreadcrumbList\",\"@id\":\"http:\\\/\\\/www.wmt.it\\\/index.php\\\/fr\\\/wmt-page-daccueil\\\/#breadcrumb\",\"itemListElement\":[{\"@type\":\"ListItem\",\"position\":1,\"name\":\"Home\",\"item\":\"http:\\\/\\\/www.wmt.it\\\/index.php\\\/en\\\/wmt-home\\\/\"},{\"@type\":\"ListItem\",\"position\":2,\"name\":\"Page d&rsquo;accueil\"}]},{\"@type\":\"WebSite\",\"@id\":\"http:\\\/\\\/www.wmt.it\\\/#website\",\"url\":\"http:\\\/\\\/www.wmt.it\\\/\",\"name\":\"W.M.T. - Water and Mechanical Technology s.r.l.\",\"description\":\"ENGINEERING AND FILTERING SYSTEM, PURE WITH PROFIT\",\"publisher\":{\"@id\":\"http:\\\/\\\/www.wmt.it\\\/#organization\"},\"potentialAction\":[{\"@type\":\"SearchAction\",\"target\":{\"@type\":\"EntryPoint\",\"urlTemplate\":\"http:\\\/\\\/www.wmt.it\\\/?s={search_term_string}\"},\"query-input\":{\"@type\":\"PropertyValueSpecification\",\"valueRequired\":true,\"valueName\":\"search_term_string\"}}],\"inLanguage\":\"it-IT\"},{\"@type\":\"Organization\",\"@id\":\"http:\\\/\\\/www.wmt.it\\\/#organization\",\"name\":\"W.M.T. - Water and Mechanical Technology s.r.l.\",\"url\":\"http:\\\/\\\/www.wmt.it\\\/\",\"logo\":{\"@type\":\"ImageObject\",\"inLanguage\":\"it-IT\",\"@id\":\"http:\\\/\\\/www.wmt.it\\\/#\\\/schema\\\/logo\\\/image\\\/\",\"url\":\"http:\\\/\\\/www.wmt.it\\\/wp-content\\\/uploads\\\/2019\\\/12\\\/logo_wmt_blu_512x512.jpg\",\"contentUrl\":\"http:\\\/\\\/www.wmt.it\\\/wp-content\\\/uploads\\\/2019\\\/12\\\/logo_wmt_blu_512x512.jpg\",\"width\":512,\"height\":512,\"caption\":\"W.M.T. - Water and Mechanical Technology s.r.l.\"},\"image\":{\"@id\":\"http:\\\/\\\/www.wmt.it\\\/#\\\/schema\\\/logo\\\/image\\\/\"},\"sameAs\":[\"https:\\\/\\\/www.facebook.com\\\/pages\\\/WMT\\\/523330841079249?eid=ARBCva1bxbHrIwpLi2jUbikM5NzJrQOywcEqrkgUjYQ_m59R20SghP76Um2Ffw8jsoHFxRwr_28Y5a6v\",\"https:\\\/\\\/www.google.com\\\/maps\\\/place\\\/W.M.T.+-+Water+and+Mechanical+Technology+s.r.l.\\\/@45.538948,9.1806583,17z\\\/data=!3m1!4b1!4m5!3m4!1s0x4786bf60c912a84b:0xfc12749d2f8ea14a!8m2!3d45.538948!4d9.182847\",\"https:\\\/\\\/www.linkedin.com\\\/company\\\/2059941\"]}]}<\/script>\n<!-- \/ Yoast SEO plugin. -->","yoast_head_json":{"title":"W.M.T. - Water and Mechanical Technology s.r.l. &#8226; Page d'accueil","description":"W.M.T. il est depuis plus de 40 ans une r\u00e9f\u00e9rence en filtration industrielle dans les secteurs: \u00e9cologique, m\u00e9canique, nucl\u00e9aire, p\u00e9trole, acier.","robots":{"index":"index","follow":"follow","max-snippet":"max-snippet:-1","max-image-preview":"max-image-preview:large","max-video-preview":"max-video-preview:-1"},"canonical":"http:\/\/www.wmt.it\/index.php\/fr\/wmt-page-daccueil\/","og_locale":"it_IT","og_type":"article","og_title":"W.M.T. - Water and Mechanical Technology s.r.l. &#8226; Page d'accueil","og_description":"W.M.T. il est depuis plus de 40 ans une r\u00e9f\u00e9rence en filtration industrielle dans les secteurs: \u00e9cologique, m\u00e9canique, nucl\u00e9aire, p\u00e9trole, acier.","og_url":"http:\/\/www.wmt.it\/index.php\/fr\/wmt-page-daccueil\/","og_site_name":"W.M.T. - Water and Mechanical Technology s.r.l.","article_publisher":"https:\/\/www.facebook.com\/pages\/WMT\/523330841079249?eid=ARBCva1bxbHrIwpLi2jUbikM5NzJrQOywcEqrkgUjYQ_m59R20SghP76Um2Ffw8jsoHFxRwr_28Y5a6v","article_modified_time":"2022-05-27T07:44:50+00:00","og_image":[{"width":1630,"height":509,"url":"http:\/\/www.wmt.it\/wp-content\/uploads\/2019\/12\/water-nature-snow-winter-droplet-drop-984984-pxhere.com_-e1576747001641.jpg","type":"image\/jpeg"}],"twitter_card":"summary_large_image","twitter_misc":{"Tempo di lettura stimato":"2 minuti"},"schema":{"@context":"https:\/\/schema.org","@graph":[{"@type":"WebPage","@id":"http:\/\/www.wmt.it\/index.php\/fr\/wmt-page-daccueil\/","url":"http:\/\/www.wmt.it\/index.php\/fr\/wmt-page-daccueil\/","name":"W.M.T. - Water and Mechanical Technology s.r.l. &#8226; Page d'accueil","isPartOf":{"@id":"http:\/\/www.wmt.it\/#website"},"primaryImageOfPage":{"@id":"http:\/\/www.wmt.it\/index.php\/fr\/wmt-page-daccueil\/#primaryimage"},"image":{"@id":"http:\/\/www.wmt.it\/index.php\/fr\/wmt-page-daccueil\/#primaryimage"},"thumbnailUrl":"http:\/\/www.wmt.it\/wp-content\/uploads\/2019\/12\/water-nature-snow-winter-droplet-drop-984984-pxhere.com_-e1576747001641.jpg","datePublished":"2019-11-22T11:29:46+00:00","dateModified":"2022-05-27T07:44:50+00:00","description":"W.M.T. il est depuis plus de 40 ans une r\u00e9f\u00e9rence en filtration industrielle dans les secteurs: \u00e9cologique, m\u00e9canique, nucl\u00e9aire, p\u00e9trole, acier.","breadcrumb":{"@id":"http:\/\/www.wmt.it\/index.php\/fr\/wmt-page-daccueil\/#breadcrumb"},"inLanguage":"it-IT","potentialAction":[{"@type":"ReadAction","target":["http:\/\/www.wmt.it\/index.php\/fr\/wmt-page-daccueil\/"]}]},{"@type":"ImageObject","inLanguage":"it-IT","@id":"http:\/\/www.wmt.it\/index.php\/fr\/wmt-page-daccueil\/#primaryimage","url":"http:\/\/www.wmt.it\/wp-content\/uploads\/2019\/12\/water-nature-snow-winter-droplet-drop-984984-pxhere.com_-e1576747001641.jpg","contentUrl":"http:\/\/www.wmt.it\/wp-content\/uploads\/2019\/12\/water-nature-snow-winter-droplet-drop-984984-pxhere.com_-e1576747001641.jpg","width":1630,"height":509,"caption":"w.m.t. - water and mechanical technology"},{"@type":"BreadcrumbList","@id":"http:\/\/www.wmt.it\/index.php\/fr\/wmt-page-daccueil\/#breadcrumb","itemListElement":[{"@type":"ListItem","position":1,"name":"Home","item":"http:\/\/www.wmt.it\/index.php\/en\/wmt-home\/"},{"@type":"ListItem","position":2,"name":"Page d&rsquo;accueil"}]},{"@type":"WebSite","@id":"http:\/\/www.wmt.it\/#website","url":"http:\/\/www.wmt.it\/","name":"W.M.T. - Water and Mechanical Technology s.r.l.","description":"ENGINEERING AND FILTERING SYSTEM, PURE WITH PROFIT","publisher":{"@id":"http:\/\/www.wmt.it\/#organization"},"potentialAction":[{"@type":"SearchAction","target":{"@type":"EntryPoint","urlTemplate":"http:\/\/www.wmt.it\/?s={search_term_string}"},"query-input":{"@type":"PropertyValueSpecification","valueRequired":true,"valueName":"search_term_string"}}],"inLanguage":"it-IT"},{"@type":"Organization","@id":"http:\/\/www.wmt.it\/#organization","name":"W.M.T. - Water and Mechanical Technology s.r.l.","url":"http:\/\/www.wmt.it\/","logo":{"@type":"ImageObject","inLanguage":"it-IT","@id":"http:\/\/www.wmt.it\/#\/schema\/logo\/image\/","url":"http:\/\/www.wmt.it\/wp-content\/uploads\/2019\/12\/logo_wmt_blu_512x512.jpg","contentUrl":"http:\/\/www.wmt.it\/wp-content\/uploads\/2019\/12\/logo_wmt_blu_512x512.jpg","width":512,"height":512,"caption":"W.M.T. - Water and Mechanical Technology s.r.l."},"image":{"@id":"http:\/\/www.wmt.it\/#\/schema\/logo\/image\/"},"sameAs":["https:\/\/www.facebook.com\/pages\/WMT\/523330841079249?eid=ARBCva1bxbHrIwpLi2jUbikM5NzJrQOywcEqrkgUjYQ_m59R20SghP76Um2Ffw8jsoHFxRwr_28Y5a6v","https:\/\/www.google.com\/maps\/place\/W.M.T.+-+Water+and+Mechanical+Technology+s.r.l.\/@45.538948,9.1806583,17z\/data=!3m1!4b1!4m5!3m4!1s0x4786bf60c912a84b:0xfc12749d2f8ea14a!8m2!3d45.538948!4d9.182847","https:\/\/www.linkedin.com\/company\/2059941"]}]}},"_links":{"self":[{"href":"http:\/\/www.wmt.it\/index.php\/wp-json\/wp\/v2\/pages\/52","targetHints":{"allow":["GET"]}}],"collection":[{"href":"http:\/\/www.wmt.it\/index.php\/wp-json\/wp\/v2\/pages"}],"about":[{"href":"http:\/\/www.wmt.it\/index.php\/wp-json\/wp\/v2\/types\/page"}],"author":[{"embeddable":true,"href":"http:\/\/www.wmt.it\/index.php\/wp-json\/wp\/v2\/users\/1"}],"replies":[{"embeddable":true,"href":"http:\/\/www.wmt.it\/index.php\/wp-json\/wp\/v2\/comments?post=52"}],"version-history":[{"count":13,"href":"http:\/\/www.wmt.it\/index.php\/wp-json\/wp\/v2\/pages\/52\/revisions"}],"predecessor-version":[{"id":3162,"href":"http:\/\/www.wmt.it\/index.php\/wp-json\/wp\/v2\/pages\/52\/revisions\/3162"}],"wp:featuredmedia":[{"embeddable":true,"href":"http:\/\/www.wmt.it\/index.php\/wp-json\/wp\/v2\/media\/1758"}],"wp:attachment":[{"href":"http:\/\/www.wmt.it\/index.php\/wp-json\/wp\/v2\/media?parent=52"}],"curies":[{"name":"wp","href":"https:\/\/api.w.org\/{rel}","templated":true}]}}