{"id":534,"date":"2019-12-03T11:11:30","date_gmt":"2019-12-03T10:11:30","guid":{"rendered":"http:\/\/www2.wmt.it\/?page_id=534"},"modified":"2020-01-28T14:42:13","modified_gmt":"2020-01-28T13:42:13","slug":"flat-bed-2","status":"publish","type":"page","link":"http:\/\/www.wmt.it\/index.php\/fr\/flat-bed-2\/","title":{"rendered":"Flat-Bed"},"content":{"rendered":"\n<p><br><strong>Filtre \u00e0 pression \u00e0 lit plat Flat-Bed<\/strong><\/p>\n\n\n\n<p>Filtre \u00e0 moyenne pression avec lit filtrant plat avec les caract\u00e9ristiques suivantes:<\/p>\n\n\n\n<ul class=\"wp-block-list\"><li>d\u00e9bit de 170 l\/min (45 G.P.M.) \u00e0 45.360 l\/min (12,000 G.P.M.),<\/li><li>capable de retenir des particules inf\u00e9rieures \u00e0 un micron (0,000039 \u201d) avec une concentration de particules de 5 p.p.m.,<\/li><li>degr\u00e9 de filtrage selon classe 4 \u00f7 10 de notre tableau <a href=\"http:\/\/www.wmt.it\/index.php\/fr\/classes-de-filtrage\/\"><strong>ST-1584<\/strong><\/a>,<\/li><li>milieu filtrant jetable ou permanent,<\/li><\/ul>\n\n\n\n<p>il convient \u00e0 la filtration: d&#8217;eau; d&#8217;\u00e9mulsions stables, m\u00e9tastables et instables dans diff\u00e9rents pourcentages; ainsi que des huiles enti\u00e8res de viscosit\u00e9s diff\u00e9rentes.<\/p>\n\n\n\n<p>Le filtre \u00e0 lit plat Flat-Bed, dans sa configuration standard, r\u00e9pond \u00e0 un large \u00e9ventail d&#8217;applications dans nombreuses op\u00e9rations. Il peut \u00e9galement \u00eatre utilis\u00e9 comme c\u0153ur de syst\u00e8mes de filtrage avec des caract\u00e9ristiques sp\u00e9ciales.<\/p>\n\n\n\n<p>Par exemple, il peut \u00eatre utilis\u00e9 comme filtre de pr\u00e9-couverture avec des farines fossiles et de la terre active pour nettoyer et clarifier le liquide, dans ce cas, la taille des particules non retenue par le filtre est dans la gamme submicronique.<\/p>\n\n\n\n<p>Le filtre peut \u00eatre install\u00e9 en s\u00e9rie avec des r\u00e9servoirs de s\u00e9dimentation ou des r\u00e9servoirs de dragage capables d&#8217;\u00e9liminer les gros copeaux ou \u00e9cheveaux avant la filtration.<\/p>\n\n\n\n<p>Le filtre \u00e0 lit plat Flat-Bed peut utiliser un \u00e9quipement sp\u00e9cial, peut \u00eatre fabriqu\u00e9 en diff\u00e9rents mat\u00e9riaux ou peut \u00eatre modifi\u00e9 pour r\u00e9soudre les probl\u00e8mes &#8220;compliqu\u00e9s&#8221; de filtrage des liquides.<\/p>\n\n\n\n<p>Le filtre \u00e0 lit plat Flat-Bed est disponible comme filtre final pour de nombreux types de boues et pour la post-filtration des particules en suspension dans les processus avec des liquides.<\/p>\n\n\n\n<p>Les co\u00fbts de fonctionnement du filtre \u00e0 lit plat Flat-Bed sont tr\u00e8s bas, car l&#8217;unit\u00e9 est enti\u00e8rement automatique et ne n\u00e9cessite pas de r\u00e9actifs chimiques pendant le service normal, tandis que l&#8217;entretien ordinaire se limite aux op\u00e9rations de contr\u00f4le sporadiques.<\/p>\n\n\n\n<p>Le filtre \u00e0 lit plat Flat-Bed est offert dans une large gamme de mod\u00e8les, avec des largeurs de lit plat de 609,6 mm (2 ft) \u00e0 1828,8 mm (6 ft) et des longueurs de 609,6 mm (2 ft) \u00e0 9144. mm (30 ft), afin de r\u00e9pondre \u00e0 toutes les demandes sp\u00e9cifiques possibles.<\/p>\n\n\n\n<p>Tous les supports techniques n\u00e9cessaires \u00e0 l&#8217;installation et au fonctionnement du filtre sont normalement inclus dans l&#8217;offre de W.M.T.<\/p>\n\n\n\n<p>W.M.T. il propose \u00e9galement une assistance pour ces \u00e9quipements pendant la dur\u00e9e de leur service.<\/p>\n\n\n\n<table style=\"width: 100%;\" cellspacing=\"0\" border=\"0\">\n<tbody>\n<tr><\/tr>\n<tr>\n<td style=\"width: 10%;\" align=\"center\"><\/td>\n<td style=\"width: 35%;\" align=\"center\"><div class=\"wp-block-button\"><a class=\"wp-block-button__link has-background has-vivid-cyan-blue-background-color\" href=\"http:\/\/www.wmt.it\/index.php\/fr\/flat-bed-galerie-dimages\/\" target=\"_blank\" rel=\"noopener noreferrer\">Galerie d\u2019images<\/a><\/div><\/td>\n<td style=\"width: 10%;\" align=\"center\"><\/td>\n<td style=\"width: 35%;\" align=\"center\"><div class=\"wp-block-button\"><a class=\"wp-block-button__link has-background has-vivid-cyan-blue-background-color\" href=\"http:\/\/www.wmt.it\/wp-content\/uploads\/2020\/01\/03-A4-E-Flat-Bed-RA.pdf\" target=\"_blank\" rel=\"noopener noreferrer\">Voir la brochure [EN]<\/a><\/div><\/td>\n<td style=\"width: 10%;\" align=\"center\"><\/td>\n<\/tr>\n<\/tbody>\n<\/table>\n","protected":false},"excerpt":{"rendered":"<p>Filtre \u00e0 pression \u00e0 lit plat Flat-Bed Filtre \u00e0 moyenne pression avec lit filtrant plat avec les caract\u00e9ristiques suivantes: d\u00e9bit de 170 l\/min (45 G.P.M.) \u00e0 45.360 l\/min (12,000 G.P.M.), capable de retenir des particules inf\u00e9rieures \u00e0 un micron (0,000039 \u201d) avec une concentration de particules de 5 p.p.m., degr\u00e9 de filtrage selon classe 4 [&hellip;]<\/p>\n","protected":false},"author":3,"featured_media":1822,"parent":0,"menu_order":0,"comment_status":"closed","ping_status":"closed","template":"","meta":{"ngg_post_thumbnail":0,"footnotes":""},"class_list":["post-534","page","type-page","status-publish","has-post-thumbnail","hentry"],"yoast_head":"<!-- This site is optimized with the Yoast SEO plugin v27.4 - https:\/\/yoast.com\/product\/yoast-seo-wordpress\/ -->\n<title>Flat-Bed &#8226; W.M.T. - Water and Mechanical Technology s.r.l.<\/title>\n<meta name=\"description\" content=\"le flat-bed convient pour filtrer: l&#039;eau; \u00e9mulsions stables, m\u00e9tastables et instables dans tous les pourcentages; huiles enti\u00e8res de viscosit\u00e9s diff\u00e9rentes.\" \/>\n<meta name=\"robots\" content=\"index, follow, max-snippet:-1, max-image-preview:large, max-video-preview:-1\" \/>\n<link rel=\"canonical\" href=\"http:\/\/www.wmt.it\/index.php\/fr\/flat-bed-2\/\" \/>\n<meta property=\"og:locale\" content=\"it_IT\" \/>\n<meta property=\"og:type\" content=\"article\" \/>\n<meta property=\"og:title\" content=\"Flat-Bed &#8226; W.M.T. - Water and Mechanical Technology s.r.l.\" \/>\n<meta property=\"og:description\" content=\"le flat-bed convient pour filtrer: l&#039;eau; \u00e9mulsions stables, m\u00e9tastables et instables dans tous les pourcentages; huiles enti\u00e8res de viscosit\u00e9s diff\u00e9rentes.\" \/>\n<meta property=\"og:url\" content=\"http:\/\/www.wmt.it\/index.php\/fr\/flat-bed-2\/\" \/>\n<meta property=\"og:site_name\" content=\"W.M.T. - Water and Mechanical Technology s.r.l.\" \/>\n<meta property=\"article:publisher\" content=\"https:\/\/www.facebook.com\/pages\/WMT\/523330841079249?eid=ARBCva1bxbHrIwpLi2jUbikM5NzJrQOywcEqrkgUjYQ_m59R20SghP76Um2Ffw8jsoHFxRwr_28Y5a6v\" \/>\n<meta property=\"article:modified_time\" content=\"2020-01-28T13:42:13+00:00\" \/>\n<meta property=\"og:image\" content=\"http:\/\/www.wmt.it\/wp-content\/uploads\/2019\/12\/mezzo-filtrante-scaled-e1576836712531.jpg\" \/>\n\t<meta property=\"og:image:width\" content=\"1920\" \/>\n\t<meta property=\"og:image:height\" content=\"601\" \/>\n\t<meta property=\"og:image:type\" content=\"image\/jpeg\" \/>\n<meta name=\"twitter:card\" content=\"summary_large_image\" \/>\n<meta name=\"twitter:label1\" content=\"Tempo di lettura stimato\" \/>\n\t<meta name=\"twitter:data1\" content=\"2 minuti\" \/>\n<script type=\"application\/ld+json\" class=\"yoast-schema-graph\">{\"@context\":\"https:\\\/\\\/schema.org\",\"@graph\":[{\"@type\":\"WebPage\",\"@id\":\"http:\\\/\\\/www.wmt.it\\\/index.php\\\/fr\\\/flat-bed-2\\\/\",\"url\":\"http:\\\/\\\/www.wmt.it\\\/index.php\\\/fr\\\/flat-bed-2\\\/\",\"name\":\"Flat-Bed &#8226; W.M.T. - Water and Mechanical Technology s.r.l.\",\"isPartOf\":{\"@id\":\"http:\\\/\\\/www.wmt.it\\\/#website\"},\"primaryImageOfPage\":{\"@id\":\"http:\\\/\\\/www.wmt.it\\\/index.php\\\/fr\\\/flat-bed-2\\\/#primaryimage\"},\"image\":{\"@id\":\"http:\\\/\\\/www.wmt.it\\\/index.php\\\/fr\\\/flat-bed-2\\\/#primaryimage\"},\"thumbnailUrl\":\"http:\\\/\\\/www.wmt.it\\\/wp-content\\\/uploads\\\/2019\\\/12\\\/mezzo-filtrante-scaled-e1576836712531.jpg\",\"datePublished\":\"2019-12-03T10:11:30+00:00\",\"dateModified\":\"2020-01-28T13:42:13+00:00\",\"description\":\"le flat-bed convient pour filtrer: l'eau; \u00e9mulsions stables, m\u00e9tastables et instables dans tous les pourcentages; huiles enti\u00e8res de viscosit\u00e9s diff\u00e9rentes.\",\"breadcrumb\":{\"@id\":\"http:\\\/\\\/www.wmt.it\\\/index.php\\\/fr\\\/flat-bed-2\\\/#breadcrumb\"},\"inLanguage\":\"it-IT\",\"potentialAction\":[{\"@type\":\"ReadAction\",\"target\":[\"http:\\\/\\\/www.wmt.it\\\/index.php\\\/fr\\\/flat-bed-2\\\/\"]}]},{\"@type\":\"ImageObject\",\"inLanguage\":\"it-IT\",\"@id\":\"http:\\\/\\\/www.wmt.it\\\/index.php\\\/fr\\\/flat-bed-2\\\/#primaryimage\",\"url\":\"http:\\\/\\\/www.wmt.it\\\/wp-content\\\/uploads\\\/2019\\\/12\\\/mezzo-filtrante-scaled-e1576836712531.jpg\",\"contentUrl\":\"http:\\\/\\\/www.wmt.it\\\/wp-content\\\/uploads\\\/2019\\\/12\\\/mezzo-filtrante-scaled-e1576836712531.jpg\",\"width\":1920,\"height\":601},{\"@type\":\"BreadcrumbList\",\"@id\":\"http:\\\/\\\/www.wmt.it\\\/index.php\\\/fr\\\/flat-bed-2\\\/#breadcrumb\",\"itemListElement\":[{\"@type\":\"ListItem\",\"position\":1,\"name\":\"Home\",\"item\":\"http:\\\/\\\/www.wmt.it\\\/index.php\\\/en\\\/wmt-home\\\/\"},{\"@type\":\"ListItem\",\"position\":2,\"name\":\"Flat-Bed\"}]},{\"@type\":\"WebSite\",\"@id\":\"http:\\\/\\\/www.wmt.it\\\/#website\",\"url\":\"http:\\\/\\\/www.wmt.it\\\/\",\"name\":\"W.M.T. - Water and Mechanical Technology s.r.l.\",\"description\":\"ENGINEERING AND FILTERING SYSTEM, PURE WITH PROFIT\",\"publisher\":{\"@id\":\"http:\\\/\\\/www.wmt.it\\\/#organization\"},\"potentialAction\":[{\"@type\":\"SearchAction\",\"target\":{\"@type\":\"EntryPoint\",\"urlTemplate\":\"http:\\\/\\\/www.wmt.it\\\/?s={search_term_string}\"},\"query-input\":{\"@type\":\"PropertyValueSpecification\",\"valueRequired\":true,\"valueName\":\"search_term_string\"}}],\"inLanguage\":\"it-IT\"},{\"@type\":\"Organization\",\"@id\":\"http:\\\/\\\/www.wmt.it\\\/#organization\",\"name\":\"W.M.T. - Water and Mechanical Technology s.r.l.\",\"url\":\"http:\\\/\\\/www.wmt.it\\\/\",\"logo\":{\"@type\":\"ImageObject\",\"inLanguage\":\"it-IT\",\"@id\":\"http:\\\/\\\/www.wmt.it\\\/#\\\/schema\\\/logo\\\/image\\\/\",\"url\":\"http:\\\/\\\/www.wmt.it\\\/wp-content\\\/uploads\\\/2019\\\/12\\\/logo_wmt_blu_512x512.jpg\",\"contentUrl\":\"http:\\\/\\\/www.wmt.it\\\/wp-content\\\/uploads\\\/2019\\\/12\\\/logo_wmt_blu_512x512.jpg\",\"width\":512,\"height\":512,\"caption\":\"W.M.T. - Water and Mechanical Technology s.r.l.\"},\"image\":{\"@id\":\"http:\\\/\\\/www.wmt.it\\\/#\\\/schema\\\/logo\\\/image\\\/\"},\"sameAs\":[\"https:\\\/\\\/www.facebook.com\\\/pages\\\/WMT\\\/523330841079249?eid=ARBCva1bxbHrIwpLi2jUbikM5NzJrQOywcEqrkgUjYQ_m59R20SghP76Um2Ffw8jsoHFxRwr_28Y5a6v\",\"https:\\\/\\\/www.google.com\\\/maps\\\/place\\\/W.M.T.+-+Water+and+Mechanical+Technology+s.r.l.\\\/@45.538948,9.1806583,17z\\\/data=!3m1!4b1!4m5!3m4!1s0x4786bf60c912a84b:0xfc12749d2f8ea14a!8m2!3d45.538948!4d9.182847\",\"https:\\\/\\\/www.linkedin.com\\\/company\\\/2059941\"]}]}<\/script>\n<!-- \/ Yoast SEO plugin. -->","yoast_head_json":{"title":"Flat-Bed &#8226; W.M.T. - Water and Mechanical Technology s.r.l.","description":"le flat-bed convient pour filtrer: l'eau; \u00e9mulsions stables, m\u00e9tastables et instables dans tous les pourcentages; huiles enti\u00e8res de viscosit\u00e9s diff\u00e9rentes.","robots":{"index":"index","follow":"follow","max-snippet":"max-snippet:-1","max-image-preview":"max-image-preview:large","max-video-preview":"max-video-preview:-1"},"canonical":"http:\/\/www.wmt.it\/index.php\/fr\/flat-bed-2\/","og_locale":"it_IT","og_type":"article","og_title":"Flat-Bed &#8226; W.M.T. - Water and Mechanical Technology s.r.l.","og_description":"le flat-bed convient pour filtrer: l'eau; \u00e9mulsions stables, m\u00e9tastables et instables dans tous les pourcentages; huiles enti\u00e8res de viscosit\u00e9s diff\u00e9rentes.","og_url":"http:\/\/www.wmt.it\/index.php\/fr\/flat-bed-2\/","og_site_name":"W.M.T. - Water and Mechanical Technology s.r.l.","article_publisher":"https:\/\/www.facebook.com\/pages\/WMT\/523330841079249?eid=ARBCva1bxbHrIwpLi2jUbikM5NzJrQOywcEqrkgUjYQ_m59R20SghP76Um2Ffw8jsoHFxRwr_28Y5a6v","article_modified_time":"2020-01-28T13:42:13+00:00","og_image":[{"width":1920,"height":601,"url":"http:\/\/www.wmt.it\/wp-content\/uploads\/2019\/12\/mezzo-filtrante-scaled-e1576836712531.jpg","type":"image\/jpeg"}],"twitter_card":"summary_large_image","twitter_misc":{"Tempo di lettura stimato":"2 minuti"},"schema":{"@context":"https:\/\/schema.org","@graph":[{"@type":"WebPage","@id":"http:\/\/www.wmt.it\/index.php\/fr\/flat-bed-2\/","url":"http:\/\/www.wmt.it\/index.php\/fr\/flat-bed-2\/","name":"Flat-Bed &#8226; W.M.T. - Water and Mechanical Technology s.r.l.","isPartOf":{"@id":"http:\/\/www.wmt.it\/#website"},"primaryImageOfPage":{"@id":"http:\/\/www.wmt.it\/index.php\/fr\/flat-bed-2\/#primaryimage"},"image":{"@id":"http:\/\/www.wmt.it\/index.php\/fr\/flat-bed-2\/#primaryimage"},"thumbnailUrl":"http:\/\/www.wmt.it\/wp-content\/uploads\/2019\/12\/mezzo-filtrante-scaled-e1576836712531.jpg","datePublished":"2019-12-03T10:11:30+00:00","dateModified":"2020-01-28T13:42:13+00:00","description":"le flat-bed convient pour filtrer: l'eau; \u00e9mulsions stables, m\u00e9tastables et instables dans tous les pourcentages; huiles enti\u00e8res de viscosit\u00e9s diff\u00e9rentes.","breadcrumb":{"@id":"http:\/\/www.wmt.it\/index.php\/fr\/flat-bed-2\/#breadcrumb"},"inLanguage":"it-IT","potentialAction":[{"@type":"ReadAction","target":["http:\/\/www.wmt.it\/index.php\/fr\/flat-bed-2\/"]}]},{"@type":"ImageObject","inLanguage":"it-IT","@id":"http:\/\/www.wmt.it\/index.php\/fr\/flat-bed-2\/#primaryimage","url":"http:\/\/www.wmt.it\/wp-content\/uploads\/2019\/12\/mezzo-filtrante-scaled-e1576836712531.jpg","contentUrl":"http:\/\/www.wmt.it\/wp-content\/uploads\/2019\/12\/mezzo-filtrante-scaled-e1576836712531.jpg","width":1920,"height":601},{"@type":"BreadcrumbList","@id":"http:\/\/www.wmt.it\/index.php\/fr\/flat-bed-2\/#breadcrumb","itemListElement":[{"@type":"ListItem","position":1,"name":"Home","item":"http:\/\/www.wmt.it\/index.php\/en\/wmt-home\/"},{"@type":"ListItem","position":2,"name":"Flat-Bed"}]},{"@type":"WebSite","@id":"http:\/\/www.wmt.it\/#website","url":"http:\/\/www.wmt.it\/","name":"W.M.T. - Water and Mechanical Technology s.r.l.","description":"ENGINEERING AND FILTERING SYSTEM, PURE WITH PROFIT","publisher":{"@id":"http:\/\/www.wmt.it\/#organization"},"potentialAction":[{"@type":"SearchAction","target":{"@type":"EntryPoint","urlTemplate":"http:\/\/www.wmt.it\/?s={search_term_string}"},"query-input":{"@type":"PropertyValueSpecification","valueRequired":true,"valueName":"search_term_string"}}],"inLanguage":"it-IT"},{"@type":"Organization","@id":"http:\/\/www.wmt.it\/#organization","name":"W.M.T. - Water and Mechanical Technology s.r.l.","url":"http:\/\/www.wmt.it\/","logo":{"@type":"ImageObject","inLanguage":"it-IT","@id":"http:\/\/www.wmt.it\/#\/schema\/logo\/image\/","url":"http:\/\/www.wmt.it\/wp-content\/uploads\/2019\/12\/logo_wmt_blu_512x512.jpg","contentUrl":"http:\/\/www.wmt.it\/wp-content\/uploads\/2019\/12\/logo_wmt_blu_512x512.jpg","width":512,"height":512,"caption":"W.M.T. - Water and Mechanical Technology s.r.l."},"image":{"@id":"http:\/\/www.wmt.it\/#\/schema\/logo\/image\/"},"sameAs":["https:\/\/www.facebook.com\/pages\/WMT\/523330841079249?eid=ARBCva1bxbHrIwpLi2jUbikM5NzJrQOywcEqrkgUjYQ_m59R20SghP76Um2Ffw8jsoHFxRwr_28Y5a6v","https:\/\/www.google.com\/maps\/place\/W.M.T.+-+Water+and+Mechanical+Technology+s.r.l.\/@45.538948,9.1806583,17z\/data=!3m1!4b1!4m5!3m4!1s0x4786bf60c912a84b:0xfc12749d2f8ea14a!8m2!3d45.538948!4d9.182847","https:\/\/www.linkedin.com\/company\/2059941"]}]}},"_links":{"self":[{"href":"http:\/\/www.wmt.it\/index.php\/wp-json\/wp\/v2\/pages\/534","targetHints":{"allow":["GET"]}}],"collection":[{"href":"http:\/\/www.wmt.it\/index.php\/wp-json\/wp\/v2\/pages"}],"about":[{"href":"http:\/\/www.wmt.it\/index.php\/wp-json\/wp\/v2\/types\/page"}],"author":[{"embeddable":true,"href":"http:\/\/www.wmt.it\/index.php\/wp-json\/wp\/v2\/users\/3"}],"replies":[{"embeddable":true,"href":"http:\/\/www.wmt.it\/index.php\/wp-json\/wp\/v2\/comments?post=534"}],"version-history":[{"count":17,"href":"http:\/\/www.wmt.it\/index.php\/wp-json\/wp\/v2\/pages\/534\/revisions"}],"predecessor-version":[{"id":2775,"href":"http:\/\/www.wmt.it\/index.php\/wp-json\/wp\/v2\/pages\/534\/revisions\/2775"}],"wp:featuredmedia":[{"embeddable":true,"href":"http:\/\/www.wmt.it\/index.php\/wp-json\/wp\/v2\/media\/1822"}],"wp:attachment":[{"href":"http:\/\/www.wmt.it\/index.php\/wp-json\/wp\/v2\/media?parent=534"}],"curies":[{"name":"wp","href":"https:\/\/api.w.org\/{rel}","templated":true}]}}