{"id":536,"date":"2019-12-03T11:12:11","date_gmt":"2019-12-03T10:12:11","guid":{"rendered":"http:\/\/www2.wmt.it\/?page_id=536"},"modified":"2019-12-23T15:17:21","modified_gmt":"2019-12-23T14:17:21","slug":"liquid-vacuum-2","status":"publish","type":"page","link":"http:\/\/www.wmt.it\/index.php\/fr\/liquid-vacuum-2\/","title":{"rendered":"Liquid-Vacuum"},"content":{"rendered":"\n<p><strong>Filtre \u00e0 vide liquide \u00e0<\/strong> <strong>Liquid-vacuum<\/strong> <\/p>\n\n\n\n<p><\/p>\n\n\n\n<p>Dans le cadre du W.M.T. a le plaisir de pr\u00e9senter le nouveau filtre permanent Sandwich Panel fonctionnant par filtrage tridimensionnel \u00e0 r\u00e9gime capillaire capable de combiner des d\u00e9bits sp\u00e9cifiques \u00e9lev\u00e9s avec un pouvoir de r\u00e9tention \u00e9galement \u00e9lev\u00e9 des particules solides contenues dans le liquide \u00e0 traiter.<\/p>\n\n\n\n<p>Ce filtre a \u00e9t\u00e9 r\u00e9compens\u00e9, au niveau europ\u00e9en, pour la r\u00e9duction de son impact sur l&#8217;environnement car il n&#8217;a pas besoin d&#8217;\u00eatre \u00e9limin\u00e9 du m\u00e9dia filtrant, et le m\u00e9dia filtrant permanent dont il est compos\u00e9 peut \u00eatre r\u00e9g\u00e9n\u00e9r\u00e9 au fil du temps gr\u00e2ce au lavage \u00e0 contre-courant avec le m\u00eame traiter le liquide filtr\u00e9.<\/p>\n\n\n\n<p>Apr\u00e8s les phases de: tests en laboratoire, exp\u00e9rimentation sur des usines pilotes et industrialisation dans la grande industrie, le filtre Sandwich Panel est pr\u00eat \u00e0 \u00eatre commercialis\u00e9 dans tous les domaines d&#8217;application.<\/p>\n\n\n\n<p>Gr\u00e2ce \u00e0 sa remarquable flexibilit\u00e9, il peut \u00eatre install\u00e9 \u00e0 la fois sur des syst\u00e8mes de filtrage en ligne et hors ligne, dans des applications simples ou centralis\u00e9es, il peut \u00eatre configur\u00e9 \u00e0 la fois comme filtre principal et comme filtre secondaire ou comme filtre final, il peut \u00eatre install\u00e9 \u00e0 la fois sous pression et sous vide et, enfin, il peut \u00eatre configur\u00e9 pour le fonctionnement, manuel, semi-automatique, automatique, autor\u00e9gul\u00e9 et m\u00eame g\u00e9r\u00e9 \u00e0 distance.<\/p>\n\n\n\n<p>Le filtre \u00e0  Sandwich Panel couvre toute la gamme des fluides traitables, qu&#8217;il s&#8217;agisse de liquides monophas\u00e9s: eau, huiles ou polyphasiques: \u00e9mulsions stables; avec des d\u00e9bits de 50 \u00e0 40000 l \/ min et des degr\u00e9s de filtrage selon la classe NAS 1638 de 6 \u00e0 10 avec des tailles de particules de particules solides de 2 \u00e0 200 \u00b5m.<\/p>\n\n\n\n<ul class=\"wp-block-list\"><li>D\u00e9bits de 100 \u00e0 60.000 l\/min.<\/li><li>Degr\u00e9 de filtrage selon classe 2 \u00f7 12 de notre tableau ST-1584.<\/li><li>M\u00e9dias filtrants:<ul><li>\u00e0 perdre (<a href=\"http:\/\/www.wmt.it\/index.php\/fr\/liquid-vacuum-wedge-wire-2\/\">filtre \u00e0 vide liquide Liquid-Vacuum Wedge-Wire)<\/a>,<\/li><li>permanent avec retour interne ou externe (<a href=\"http:\/\/www.wmt.it\/index.php\/fr\/liquid-vacuum-wedge-wire-2\/\">filtre \u00e0 vide liquide Liquid-Vacuum Wedge-Wire<\/a>),<\/li><li>avec panneau tridimensionnel fixe et permanent (brevets n \u00b0 01254551 et 01273048) (<a href=\"http:\/\/www.wmt.it\/index.php\/fr\/liquid-vacuum-sandwich-panel-2\/\">filtre \u00e0 vide liquide Liquid-Vacuum Sandwich Panel<\/a> et <a href=\"http:\/\/www.wmt.it\/index.php\/fr\/liquid-vacuum-sandwich-tube-2\/\">filtre \u00e0 vide liquide Liquid-Vacuum Sandwich Tube<\/a>).<\/li><\/ul><\/li><\/ul>\n","protected":false},"excerpt":{"rendered":"<p>Filtre \u00e0 vide liquide \u00e0 Liquid-vacuum Dans le cadre du W.M.T. a le plaisir de pr\u00e9senter le nouveau filtre permanent Sandwich Panel fonctionnant par filtrage tridimensionnel \u00e0 r\u00e9gime capillaire capable de combiner des d\u00e9bits sp\u00e9cifiques \u00e9lev\u00e9s avec un pouvoir de r\u00e9tention \u00e9galement \u00e9lev\u00e9 des particules solides contenues dans le liquide \u00e0 traiter. Ce filtre a [&hellip;]<\/p>\n","protected":false},"author":3,"featured_media":1758,"parent":0,"menu_order":0,"comment_status":"closed","ping_status":"closed","template":"","meta":{"ngg_post_thumbnail":0,"footnotes":""},"class_list":["post-536","page","type-page","status-publish","has-post-thumbnail","hentry"],"yoast_head":"<!-- This site is optimized with the Yoast SEO plugin v27.3 - https:\/\/yoast.com\/product\/yoast-seo-wordpress\/ -->\n<title>Liquid-Vacuum &#8226; W.M.T. - Water and Mechanical Technology s.r.l.<\/title>\n<meta name=\"robots\" content=\"index, follow, max-snippet:-1, max-image-preview:large, max-video-preview:-1\" \/>\n<link rel=\"canonical\" href=\"http:\/\/www.wmt.it\/index.php\/fr\/liquid-vacuum-2\/\" \/>\n<meta property=\"og:locale\" content=\"it_IT\" \/>\n<meta property=\"og:type\" content=\"article\" \/>\n<meta property=\"og:title\" content=\"Liquid-Vacuum &#8226; W.M.T. - Water and Mechanical Technology s.r.l.\" \/>\n<meta property=\"og:description\" content=\"Filtre \u00e0 vide liquide \u00e0 Liquid-vacuum Dans le cadre du W.M.T. a le plaisir de pr\u00e9senter le nouveau filtre permanent Sandwich Panel fonctionnant par filtrage tridimensionnel \u00e0 r\u00e9gime capillaire capable de combiner des d\u00e9bits sp\u00e9cifiques \u00e9lev\u00e9s avec un pouvoir de r\u00e9tention \u00e9galement \u00e9lev\u00e9 des particules solides contenues dans le liquide \u00e0 traiter. Ce filtre a [&hellip;]\" \/>\n<meta property=\"og:url\" content=\"http:\/\/www.wmt.it\/index.php\/fr\/liquid-vacuum-2\/\" \/>\n<meta property=\"og:site_name\" content=\"W.M.T. - Water and Mechanical Technology s.r.l.\" \/>\n<meta property=\"article:publisher\" content=\"https:\/\/www.facebook.com\/pages\/WMT\/523330841079249?eid=ARBCva1bxbHrIwpLi2jUbikM5NzJrQOywcEqrkgUjYQ_m59R20SghP76Um2Ffw8jsoHFxRwr_28Y5a6v\" \/>\n<meta property=\"article:modified_time\" content=\"2019-12-23T14:17:21+00:00\" \/>\n<meta property=\"og:image\" content=\"http:\/\/www.wmt.it\/wp-content\/uploads\/2019\/12\/water-nature-snow-winter-droplet-drop-984984-pxhere.com_-e1576747001641.jpg\" \/>\n\t<meta property=\"og:image:width\" content=\"1630\" \/>\n\t<meta property=\"og:image:height\" content=\"509\" \/>\n\t<meta property=\"og:image:type\" content=\"image\/jpeg\" \/>\n<meta name=\"twitter:card\" content=\"summary_large_image\" \/>\n<meta name=\"twitter:label1\" content=\"Tempo di lettura stimato\" \/>\n\t<meta name=\"twitter:data1\" content=\"2 minuti\" \/>\n<script type=\"application\/ld+json\" class=\"yoast-schema-graph\">{\"@context\":\"https:\\\/\\\/schema.org\",\"@graph\":[{\"@type\":\"WebPage\",\"@id\":\"http:\\\/\\\/www.wmt.it\\\/index.php\\\/fr\\\/liquid-vacuum-2\\\/\",\"url\":\"http:\\\/\\\/www.wmt.it\\\/index.php\\\/fr\\\/liquid-vacuum-2\\\/\",\"name\":\"Liquid-Vacuum &#8226; W.M.T. - Water and Mechanical Technology s.r.l.\",\"isPartOf\":{\"@id\":\"http:\\\/\\\/www.wmt.it\\\/#website\"},\"primaryImageOfPage\":{\"@id\":\"http:\\\/\\\/www.wmt.it\\\/index.php\\\/fr\\\/liquid-vacuum-2\\\/#primaryimage\"},\"image\":{\"@id\":\"http:\\\/\\\/www.wmt.it\\\/index.php\\\/fr\\\/liquid-vacuum-2\\\/#primaryimage\"},\"thumbnailUrl\":\"http:\\\/\\\/www.wmt.it\\\/wp-content\\\/uploads\\\/2019\\\/12\\\/water-nature-snow-winter-droplet-drop-984984-pxhere.com_-e1576747001641.jpg\",\"datePublished\":\"2019-12-03T10:12:11+00:00\",\"dateModified\":\"2019-12-23T14:17:21+00:00\",\"breadcrumb\":{\"@id\":\"http:\\\/\\\/www.wmt.it\\\/index.php\\\/fr\\\/liquid-vacuum-2\\\/#breadcrumb\"},\"inLanguage\":\"it-IT\",\"potentialAction\":[{\"@type\":\"ReadAction\",\"target\":[\"http:\\\/\\\/www.wmt.it\\\/index.php\\\/fr\\\/liquid-vacuum-2\\\/\"]}]},{\"@type\":\"ImageObject\",\"inLanguage\":\"it-IT\",\"@id\":\"http:\\\/\\\/www.wmt.it\\\/index.php\\\/fr\\\/liquid-vacuum-2\\\/#primaryimage\",\"url\":\"http:\\\/\\\/www.wmt.it\\\/wp-content\\\/uploads\\\/2019\\\/12\\\/water-nature-snow-winter-droplet-drop-984984-pxhere.com_-e1576747001641.jpg\",\"contentUrl\":\"http:\\\/\\\/www.wmt.it\\\/wp-content\\\/uploads\\\/2019\\\/12\\\/water-nature-snow-winter-droplet-drop-984984-pxhere.com_-e1576747001641.jpg\",\"width\":1630,\"height\":509,\"caption\":\"w.m.t. - water and mechanical technology\"},{\"@type\":\"BreadcrumbList\",\"@id\":\"http:\\\/\\\/www.wmt.it\\\/index.php\\\/fr\\\/liquid-vacuum-2\\\/#breadcrumb\",\"itemListElement\":[{\"@type\":\"ListItem\",\"position\":1,\"name\":\"Home\",\"item\":\"http:\\\/\\\/www.wmt.it\\\/index.php\\\/en\\\/wmt-home\\\/\"},{\"@type\":\"ListItem\",\"position\":2,\"name\":\"Liquid-Vacuum\"}]},{\"@type\":\"WebSite\",\"@id\":\"http:\\\/\\\/www.wmt.it\\\/#website\",\"url\":\"http:\\\/\\\/www.wmt.it\\\/\",\"name\":\"W.M.T. - Water and Mechanical Technology s.r.l.\",\"description\":\"ENGINEERING AND FILTERING SYSTEM, PURE WITH PROFIT\",\"publisher\":{\"@id\":\"http:\\\/\\\/www.wmt.it\\\/#organization\"},\"potentialAction\":[{\"@type\":\"SearchAction\",\"target\":{\"@type\":\"EntryPoint\",\"urlTemplate\":\"http:\\\/\\\/www.wmt.it\\\/?s={search_term_string}\"},\"query-input\":{\"@type\":\"PropertyValueSpecification\",\"valueRequired\":true,\"valueName\":\"search_term_string\"}}],\"inLanguage\":\"it-IT\"},{\"@type\":\"Organization\",\"@id\":\"http:\\\/\\\/www.wmt.it\\\/#organization\",\"name\":\"W.M.T. - Water and Mechanical Technology s.r.l.\",\"url\":\"http:\\\/\\\/www.wmt.it\\\/\",\"logo\":{\"@type\":\"ImageObject\",\"inLanguage\":\"it-IT\",\"@id\":\"http:\\\/\\\/www.wmt.it\\\/#\\\/schema\\\/logo\\\/image\\\/\",\"url\":\"http:\\\/\\\/www.wmt.it\\\/wp-content\\\/uploads\\\/2019\\\/12\\\/logo_wmt_blu_512x512.jpg\",\"contentUrl\":\"http:\\\/\\\/www.wmt.it\\\/wp-content\\\/uploads\\\/2019\\\/12\\\/logo_wmt_blu_512x512.jpg\",\"width\":512,\"height\":512,\"caption\":\"W.M.T. - Water and Mechanical Technology s.r.l.\"},\"image\":{\"@id\":\"http:\\\/\\\/www.wmt.it\\\/#\\\/schema\\\/logo\\\/image\\\/\"},\"sameAs\":[\"https:\\\/\\\/www.facebook.com\\\/pages\\\/WMT\\\/523330841079249?eid=ARBCva1bxbHrIwpLi2jUbikM5NzJrQOywcEqrkgUjYQ_m59R20SghP76Um2Ffw8jsoHFxRwr_28Y5a6v\",\"https:\\\/\\\/www.google.com\\\/maps\\\/place\\\/W.M.T.+-+Water+and+Mechanical+Technology+s.r.l.\\\/@45.538948,9.1806583,17z\\\/data=!3m1!4b1!4m5!3m4!1s0x4786bf60c912a84b:0xfc12749d2f8ea14a!8m2!3d45.538948!4d9.182847\",\"https:\\\/\\\/www.linkedin.com\\\/company\\\/2059941\"]}]}<\/script>\n<!-- \/ Yoast SEO plugin. -->","yoast_head_json":{"title":"Liquid-Vacuum &#8226; W.M.T. - Water and Mechanical Technology s.r.l.","robots":{"index":"index","follow":"follow","max-snippet":"max-snippet:-1","max-image-preview":"max-image-preview:large","max-video-preview":"max-video-preview:-1"},"canonical":"http:\/\/www.wmt.it\/index.php\/fr\/liquid-vacuum-2\/","og_locale":"it_IT","og_type":"article","og_title":"Liquid-Vacuum &#8226; W.M.T. - Water and Mechanical Technology s.r.l.","og_description":"Filtre \u00e0 vide liquide \u00e0 Liquid-vacuum Dans le cadre du W.M.T. a le plaisir de pr\u00e9senter le nouveau filtre permanent Sandwich Panel fonctionnant par filtrage tridimensionnel \u00e0 r\u00e9gime capillaire capable de combiner des d\u00e9bits sp\u00e9cifiques \u00e9lev\u00e9s avec un pouvoir de r\u00e9tention \u00e9galement \u00e9lev\u00e9 des particules solides contenues dans le liquide \u00e0 traiter. Ce filtre a [&hellip;]","og_url":"http:\/\/www.wmt.it\/index.php\/fr\/liquid-vacuum-2\/","og_site_name":"W.M.T. - Water and Mechanical Technology s.r.l.","article_publisher":"https:\/\/www.facebook.com\/pages\/WMT\/523330841079249?eid=ARBCva1bxbHrIwpLi2jUbikM5NzJrQOywcEqrkgUjYQ_m59R20SghP76Um2Ffw8jsoHFxRwr_28Y5a6v","article_modified_time":"2019-12-23T14:17:21+00:00","og_image":[{"width":1630,"height":509,"url":"http:\/\/www.wmt.it\/wp-content\/uploads\/2019\/12\/water-nature-snow-winter-droplet-drop-984984-pxhere.com_-e1576747001641.jpg","type":"image\/jpeg"}],"twitter_card":"summary_large_image","twitter_misc":{"Tempo di lettura stimato":"2 minuti"},"schema":{"@context":"https:\/\/schema.org","@graph":[{"@type":"WebPage","@id":"http:\/\/www.wmt.it\/index.php\/fr\/liquid-vacuum-2\/","url":"http:\/\/www.wmt.it\/index.php\/fr\/liquid-vacuum-2\/","name":"Liquid-Vacuum &#8226; W.M.T. - Water and Mechanical Technology s.r.l.","isPartOf":{"@id":"http:\/\/www.wmt.it\/#website"},"primaryImageOfPage":{"@id":"http:\/\/www.wmt.it\/index.php\/fr\/liquid-vacuum-2\/#primaryimage"},"image":{"@id":"http:\/\/www.wmt.it\/index.php\/fr\/liquid-vacuum-2\/#primaryimage"},"thumbnailUrl":"http:\/\/www.wmt.it\/wp-content\/uploads\/2019\/12\/water-nature-snow-winter-droplet-drop-984984-pxhere.com_-e1576747001641.jpg","datePublished":"2019-12-03T10:12:11+00:00","dateModified":"2019-12-23T14:17:21+00:00","breadcrumb":{"@id":"http:\/\/www.wmt.it\/index.php\/fr\/liquid-vacuum-2\/#breadcrumb"},"inLanguage":"it-IT","potentialAction":[{"@type":"ReadAction","target":["http:\/\/www.wmt.it\/index.php\/fr\/liquid-vacuum-2\/"]}]},{"@type":"ImageObject","inLanguage":"it-IT","@id":"http:\/\/www.wmt.it\/index.php\/fr\/liquid-vacuum-2\/#primaryimage","url":"http:\/\/www.wmt.it\/wp-content\/uploads\/2019\/12\/water-nature-snow-winter-droplet-drop-984984-pxhere.com_-e1576747001641.jpg","contentUrl":"http:\/\/www.wmt.it\/wp-content\/uploads\/2019\/12\/water-nature-snow-winter-droplet-drop-984984-pxhere.com_-e1576747001641.jpg","width":1630,"height":509,"caption":"w.m.t. - water and mechanical technology"},{"@type":"BreadcrumbList","@id":"http:\/\/www.wmt.it\/index.php\/fr\/liquid-vacuum-2\/#breadcrumb","itemListElement":[{"@type":"ListItem","position":1,"name":"Home","item":"http:\/\/www.wmt.it\/index.php\/en\/wmt-home\/"},{"@type":"ListItem","position":2,"name":"Liquid-Vacuum"}]},{"@type":"WebSite","@id":"http:\/\/www.wmt.it\/#website","url":"http:\/\/www.wmt.it\/","name":"W.M.T. - Water and Mechanical Technology s.r.l.","description":"ENGINEERING AND FILTERING SYSTEM, PURE WITH PROFIT","publisher":{"@id":"http:\/\/www.wmt.it\/#organization"},"potentialAction":[{"@type":"SearchAction","target":{"@type":"EntryPoint","urlTemplate":"http:\/\/www.wmt.it\/?s={search_term_string}"},"query-input":{"@type":"PropertyValueSpecification","valueRequired":true,"valueName":"search_term_string"}}],"inLanguage":"it-IT"},{"@type":"Organization","@id":"http:\/\/www.wmt.it\/#organization","name":"W.M.T. - Water and Mechanical Technology s.r.l.","url":"http:\/\/www.wmt.it\/","logo":{"@type":"ImageObject","inLanguage":"it-IT","@id":"http:\/\/www.wmt.it\/#\/schema\/logo\/image\/","url":"http:\/\/www.wmt.it\/wp-content\/uploads\/2019\/12\/logo_wmt_blu_512x512.jpg","contentUrl":"http:\/\/www.wmt.it\/wp-content\/uploads\/2019\/12\/logo_wmt_blu_512x512.jpg","width":512,"height":512,"caption":"W.M.T. - Water and Mechanical Technology s.r.l."},"image":{"@id":"http:\/\/www.wmt.it\/#\/schema\/logo\/image\/"},"sameAs":["https:\/\/www.facebook.com\/pages\/WMT\/523330841079249?eid=ARBCva1bxbHrIwpLi2jUbikM5NzJrQOywcEqrkgUjYQ_m59R20SghP76Um2Ffw8jsoHFxRwr_28Y5a6v","https:\/\/www.google.com\/maps\/place\/W.M.T.+-+Water+and+Mechanical+Technology+s.r.l.\/@45.538948,9.1806583,17z\/data=!3m1!4b1!4m5!3m4!1s0x4786bf60c912a84b:0xfc12749d2f8ea14a!8m2!3d45.538948!4d9.182847","https:\/\/www.linkedin.com\/company\/2059941"]}]}},"_links":{"self":[{"href":"http:\/\/www.wmt.it\/index.php\/wp-json\/wp\/v2\/pages\/536","targetHints":{"allow":["GET"]}}],"collection":[{"href":"http:\/\/www.wmt.it\/index.php\/wp-json\/wp\/v2\/pages"}],"about":[{"href":"http:\/\/www.wmt.it\/index.php\/wp-json\/wp\/v2\/types\/page"}],"author":[{"embeddable":true,"href":"http:\/\/www.wmt.it\/index.php\/wp-json\/wp\/v2\/users\/3"}],"replies":[{"embeddable":true,"href":"http:\/\/www.wmt.it\/index.php\/wp-json\/wp\/v2\/comments?post=536"}],"version-history":[{"count":11,"href":"http:\/\/www.wmt.it\/index.php\/wp-json\/wp\/v2\/pages\/536\/revisions"}],"predecessor-version":[{"id":1925,"href":"http:\/\/www.wmt.it\/index.php\/wp-json\/wp\/v2\/pages\/536\/revisions\/1925"}],"wp:featuredmedia":[{"embeddable":true,"href":"http:\/\/www.wmt.it\/index.php\/wp-json\/wp\/v2\/media\/1758"}],"wp:attachment":[{"href":"http:\/\/www.wmt.it\/index.php\/wp-json\/wp\/v2\/media?parent=536"}],"curies":[{"name":"wp","href":"https:\/\/api.w.org\/{rel}","templated":true}]}}