{"id":538,"date":"2019-12-03T11:12:59","date_gmt":"2019-12-03T10:12:59","guid":{"rendered":"http:\/\/www2.wmt.it\/?page_id=538"},"modified":"2020-02-10T11:15:55","modified_gmt":"2020-02-10T10:15:55","slug":"liquid-vacuum-wedge-wire-2","status":"publish","type":"page","link":"http:\/\/www.wmt.it\/index.php\/fr\/liquid-vacuum-wedge-wire-2\/","title":{"rendered":"Liquid Vacuum Wedge Wire"},"content":{"rendered":"\n<p><strong>Filtre \u00e0 vide liquide Liquid-Vacuum Wedge-Wire <\/strong><\/p>\n\n\n\n<p><\/p>\n\n\n\n<p>Filtre \u00e0 vide liquide avec les caract\u00e9ristiques suivantes:<\/p>\n\n\n\n<ul class=\"wp-block-list\"><li>D\u00e9bit de 100 \u00e0 60 000 l \/ min.<\/li><li>Degr\u00e9 de filtrage selon la classe 10 \u00f7 12 de notre tableau ST-1584.<\/li><li>Milieu filtrant jetable.<\/li><li>M\u00e9dia filtrant permanent \u00e0 tige Wedge-Wire.<\/li><li>Milieu filtrant permanent avec ruban textile continu:<ul><li>avec retour interne, T.B.F.<\/li><\/ul><ul><li>avec retour externe, E.T.B.F.<\/li><\/ul><\/li><li>Filtre adapt\u00e9 pour filtrer des \u00e9mulsions stables en diff\u00e9rents pourcentages ainsi que des huiles enti\u00e8res de viscosit\u00e9s diff\u00e9rentes.<\/li><\/ul>\n\n\n\n<p>Le syst\u00e8me de Liquid Vacuum utilise une double technique unique pour filtrer et recirculer le liquide de traitement. Le liquide entrant dans le r\u00e9servoir est aspir\u00e9 \u00e0 travers le septum de filtrage entrant dans la chambre \u00e0 vide d&#8217;o\u00f9 il est aspir\u00e9 en continu pour \u00eatre envoy\u00e9 aux machines. <\/p>\n\n\n\n<p>Toutes les op\u00e9rations sont contr\u00f4l\u00e9es automatiquement via un automate.<\/p>\n\n\n\n<p>Le cycle d&#8217;autonettoyage d\u00e9marre automatiquement lorsqu&#8217;une valeur de d\u00e9pression pr\u00e9d\u00e9termin\u00e9e est atteinte. Le vide est rompu par l&#8217;introduction de liquide propre du r\u00e9servoir de compensation dans la chambre \u00e0 vide. En m\u00eame temps, le convoyeur de dragage effectue une avance sur une longueur pr\u00e9d\u00e9termin\u00e9e.<\/p>\n\n\n\n<p>Lorsque le milieu filtrant permanent est utilis\u00e9 avec une bande de tissu continue (T.B.F. ou E.T.B.F.), le r\u00e9trolavage soul\u00e8ve les particules incorpor\u00e9es dans le m\u00e9dia filtrant pour emp\u00eacher la migration pendant le cycle.<\/p>\n\n\n\n<p>Pendant l&#8217;autonettoyage, le liquide est pr\u00e9lev\u00e9 du r\u00e9servoir de compensation pour garantir une alimentation continue.<\/p>\n\n\n\n<p>Le filtre \u00e0 Liquid Vacuum accumule un tapis filtrant qui augmente consid\u00e9rablement la filtration.<\/p>\n\n\n\n<p>Le syst\u00e8me d&#8217;alimentation calibr\u00e9 permet la r\u00e9tention du tapis filtrant sur pr\u00e8s de 90% de toute la zone filtrante.<\/p>\n\n\n\n<p>Le d\u00e9bit \u00e0 travers le milieu filtrant est maintenu constant en augmentant la valeur de d\u00e9pression lorsque le tapis filtrant augmente.<\/p>\n\n\n\n<p> <br>La simplicit\u00e9 du Liquid Vacuum Wedge Wire est \u00e0 la base de sa longue dur\u00e9e de vie et de ses faibles co\u00fbts de maintenance. <\/p>\n\n\n\n<table style=\"width: 100%;\" cellspacing=\"0\" border=\"0\">\n<tbody>\n<tr><\/tr>\n<tr>\n<td style=\"width: 10%;\" align=\"center\"><\/td>\n<td style=\"width: 35%;\" align=\"center\"><div class=\"wp-block-button\"><a class=\"wp-block-button__link has-background has-vivid-cyan-blue-background-color\" href=\"http:\/\/www.wmt.it\/index.php\/liquid-vacuum-wedge-wire-images-gallery\/\" target=\"_blank\" rel=\"noopener noreferrer\">Galerie d\u2019images<\/a><\/div><\/td>\n<td style=\"width: 10%;\" align=\"center\"><\/td>\n<td style=\"width: 35%;\" align=\"center\"><div class=\"wp-block-button\"><a class=\"wp-block-button__link has-background has-vivid-cyan-blue-background-color\" href=\"http:\/\/www.wmt.it\/wp-content\/uploads\/2020\/01\/04-e-lvww-rev-0.pdf\" target=\"_blank\" rel=\"noopener noreferrer\">Voir la brochure [EN]<\/a><\/div><\/td>\n<td style=\"width: 10%;\" align=\"center\"><\/td>\n<\/tr>\n<\/tbody>\n<\/table>\n","protected":false},"excerpt":{"rendered":"<p>Filtre \u00e0 vide liquide Liquid-Vacuum Wedge-Wire Filtre \u00e0 vide liquide avec les caract\u00e9ristiques suivantes: D\u00e9bit de 100 \u00e0 60 000 l \/ min. Degr\u00e9 de filtrage selon la classe 10 \u00f7 12 de notre tableau ST-1584. Milieu filtrant jetable. M\u00e9dia filtrant permanent \u00e0 tige Wedge-Wire. Milieu filtrant permanent avec ruban textile continu: avec retour interne, [&hellip;]<\/p>\n","protected":false},"author":3,"featured_media":1820,"parent":0,"menu_order":0,"comment_status":"closed","ping_status":"closed","template":"","meta":{"ngg_post_thumbnail":0,"footnotes":""},"class_list":["post-538","page","type-page","status-publish","has-post-thumbnail","hentry"],"yoast_head":"<!-- This site is optimized with the Yoast SEO plugin v27.4 - https:\/\/yoast.com\/product\/yoast-seo-wordpress\/ -->\n<title>Liquid Vacuum Wedge Wire &#8226; W.M.T. - Water and Mechanical Technology s.r.l.<\/title>\n<meta name=\"description\" content=\"Le syst\u00e8me Liquid Vacuum Wedge Wire utilise une double technique unique pour filtrer et recirculer le liquide de traitement. D\u00e9bit de 100 \u00e0 60 000 l \/ min.\" \/>\n<meta name=\"robots\" content=\"index, follow, max-snippet:-1, max-image-preview:large, max-video-preview:-1\" \/>\n<link rel=\"canonical\" href=\"http:\/\/www.wmt.it\/index.php\/fr\/liquid-vacuum-wedge-wire-2\/\" \/>\n<meta property=\"og:locale\" content=\"it_IT\" \/>\n<meta property=\"og:type\" content=\"article\" \/>\n<meta property=\"og:title\" content=\"Liquid Vacuum Wedge Wire &#8226; W.M.T. - Water and Mechanical Technology s.r.l.\" \/>\n<meta property=\"og:description\" content=\"Le syst\u00e8me Liquid Vacuum Wedge Wire utilise une double technique unique pour filtrer et recirculer le liquide de traitement. D\u00e9bit de 100 \u00e0 60 000 l \/ min.\" \/>\n<meta property=\"og:url\" content=\"http:\/\/www.wmt.it\/index.php\/fr\/liquid-vacuum-wedge-wire-2\/\" \/>\n<meta property=\"og:site_name\" content=\"W.M.T. - Water and Mechanical Technology s.r.l.\" \/>\n<meta property=\"article:publisher\" content=\"https:\/\/www.facebook.com\/pages\/WMT\/523330841079249?eid=ARBCva1bxbHrIwpLi2jUbikM5NzJrQOywcEqrkgUjYQ_m59R20SghP76Um2Ffw8jsoHFxRwr_28Y5a6v\" \/>\n<meta property=\"article:modified_time\" content=\"2020-02-10T10:15:55+00:00\" \/>\n<meta property=\"og:image\" content=\"http:\/\/www.wmt.it\/wp-content\/uploads\/2019\/12\/tubi-ww-scaled-e1576835485480.jpg\" \/>\n\t<meta property=\"og:image:width\" content=\"1920\" \/>\n\t<meta property=\"og:image:height\" content=\"601\" \/>\n\t<meta property=\"og:image:type\" content=\"image\/jpeg\" \/>\n<meta name=\"twitter:card\" content=\"summary_large_image\" \/>\n<meta name=\"twitter:label1\" content=\"Tempo di lettura stimato\" \/>\n\t<meta name=\"twitter:data1\" content=\"2 minuti\" \/>\n<script type=\"application\/ld+json\" class=\"yoast-schema-graph\">{\"@context\":\"https:\\\/\\\/schema.org\",\"@graph\":[{\"@type\":\"WebPage\",\"@id\":\"http:\\\/\\\/www.wmt.it\\\/index.php\\\/fr\\\/liquid-vacuum-wedge-wire-2\\\/\",\"url\":\"http:\\\/\\\/www.wmt.it\\\/index.php\\\/fr\\\/liquid-vacuum-wedge-wire-2\\\/\",\"name\":\"Liquid Vacuum Wedge Wire &#8226; W.M.T. - Water and Mechanical Technology s.r.l.\",\"isPartOf\":{\"@id\":\"http:\\\/\\\/www.wmt.it\\\/#website\"},\"primaryImageOfPage\":{\"@id\":\"http:\\\/\\\/www.wmt.it\\\/index.php\\\/fr\\\/liquid-vacuum-wedge-wire-2\\\/#primaryimage\"},\"image\":{\"@id\":\"http:\\\/\\\/www.wmt.it\\\/index.php\\\/fr\\\/liquid-vacuum-wedge-wire-2\\\/#primaryimage\"},\"thumbnailUrl\":\"http:\\\/\\\/www.wmt.it\\\/wp-content\\\/uploads\\\/2019\\\/12\\\/tubi-ww-scaled-e1576835485480.jpg\",\"datePublished\":\"2019-12-03T10:12:59+00:00\",\"dateModified\":\"2020-02-10T10:15:55+00:00\",\"description\":\"Le syst\u00e8me Liquid Vacuum Wedge Wire utilise une double technique unique pour filtrer et recirculer le liquide de traitement. D\u00e9bit de 100 \u00e0 60 000 l \\\/ min.\",\"breadcrumb\":{\"@id\":\"http:\\\/\\\/www.wmt.it\\\/index.php\\\/fr\\\/liquid-vacuum-wedge-wire-2\\\/#breadcrumb\"},\"inLanguage\":\"it-IT\",\"potentialAction\":[{\"@type\":\"ReadAction\",\"target\":[\"http:\\\/\\\/www.wmt.it\\\/index.php\\\/fr\\\/liquid-vacuum-wedge-wire-2\\\/\"]}]},{\"@type\":\"ImageObject\",\"inLanguage\":\"it-IT\",\"@id\":\"http:\\\/\\\/www.wmt.it\\\/index.php\\\/fr\\\/liquid-vacuum-wedge-wire-2\\\/#primaryimage\",\"url\":\"http:\\\/\\\/www.wmt.it\\\/wp-content\\\/uploads\\\/2019\\\/12\\\/tubi-ww-scaled-e1576835485480.jpg\",\"contentUrl\":\"http:\\\/\\\/www.wmt.it\\\/wp-content\\\/uploads\\\/2019\\\/12\\\/tubi-ww-scaled-e1576835485480.jpg\",\"width\":1920,\"height\":601},{\"@type\":\"BreadcrumbList\",\"@id\":\"http:\\\/\\\/www.wmt.it\\\/index.php\\\/fr\\\/liquid-vacuum-wedge-wire-2\\\/#breadcrumb\",\"itemListElement\":[{\"@type\":\"ListItem\",\"position\":1,\"name\":\"Home\",\"item\":\"http:\\\/\\\/www.wmt.it\\\/index.php\\\/en\\\/wmt-home\\\/\"},{\"@type\":\"ListItem\",\"position\":2,\"name\":\"Liquid Vacuum Wedge Wire\"}]},{\"@type\":\"WebSite\",\"@id\":\"http:\\\/\\\/www.wmt.it\\\/#website\",\"url\":\"http:\\\/\\\/www.wmt.it\\\/\",\"name\":\"W.M.T. - Water and Mechanical Technology s.r.l.\",\"description\":\"ENGINEERING AND FILTERING SYSTEM, PURE WITH PROFIT\",\"publisher\":{\"@id\":\"http:\\\/\\\/www.wmt.it\\\/#organization\"},\"potentialAction\":[{\"@type\":\"SearchAction\",\"target\":{\"@type\":\"EntryPoint\",\"urlTemplate\":\"http:\\\/\\\/www.wmt.it\\\/?s={search_term_string}\"},\"query-input\":{\"@type\":\"PropertyValueSpecification\",\"valueRequired\":true,\"valueName\":\"search_term_string\"}}],\"inLanguage\":\"it-IT\"},{\"@type\":\"Organization\",\"@id\":\"http:\\\/\\\/www.wmt.it\\\/#organization\",\"name\":\"W.M.T. - Water and Mechanical Technology s.r.l.\",\"url\":\"http:\\\/\\\/www.wmt.it\\\/\",\"logo\":{\"@type\":\"ImageObject\",\"inLanguage\":\"it-IT\",\"@id\":\"http:\\\/\\\/www.wmt.it\\\/#\\\/schema\\\/logo\\\/image\\\/\",\"url\":\"http:\\\/\\\/www.wmt.it\\\/wp-content\\\/uploads\\\/2019\\\/12\\\/logo_wmt_blu_512x512.jpg\",\"contentUrl\":\"http:\\\/\\\/www.wmt.it\\\/wp-content\\\/uploads\\\/2019\\\/12\\\/logo_wmt_blu_512x512.jpg\",\"width\":512,\"height\":512,\"caption\":\"W.M.T. - Water and Mechanical Technology s.r.l.\"},\"image\":{\"@id\":\"http:\\\/\\\/www.wmt.it\\\/#\\\/schema\\\/logo\\\/image\\\/\"},\"sameAs\":[\"https:\\\/\\\/www.facebook.com\\\/pages\\\/WMT\\\/523330841079249?eid=ARBCva1bxbHrIwpLi2jUbikM5NzJrQOywcEqrkgUjYQ_m59R20SghP76Um2Ffw8jsoHFxRwr_28Y5a6v\",\"https:\\\/\\\/www.google.com\\\/maps\\\/place\\\/W.M.T.+-+Water+and+Mechanical+Technology+s.r.l.\\\/@45.538948,9.1806583,17z\\\/data=!3m1!4b1!4m5!3m4!1s0x4786bf60c912a84b:0xfc12749d2f8ea14a!8m2!3d45.538948!4d9.182847\",\"https:\\\/\\\/www.linkedin.com\\\/company\\\/2059941\"]}]}<\/script>\n<!-- \/ Yoast SEO plugin. -->","yoast_head_json":{"title":"Liquid Vacuum Wedge Wire &#8226; W.M.T. - Water and Mechanical Technology s.r.l.","description":"Le syst\u00e8me Liquid Vacuum Wedge Wire utilise une double technique unique pour filtrer et recirculer le liquide de traitement. D\u00e9bit de 100 \u00e0 60 000 l \/ min.","robots":{"index":"index","follow":"follow","max-snippet":"max-snippet:-1","max-image-preview":"max-image-preview:large","max-video-preview":"max-video-preview:-1"},"canonical":"http:\/\/www.wmt.it\/index.php\/fr\/liquid-vacuum-wedge-wire-2\/","og_locale":"it_IT","og_type":"article","og_title":"Liquid Vacuum Wedge Wire &#8226; W.M.T. - Water and Mechanical Technology s.r.l.","og_description":"Le syst\u00e8me Liquid Vacuum Wedge Wire utilise une double technique unique pour filtrer et recirculer le liquide de traitement. D\u00e9bit de 100 \u00e0 60 000 l \/ min.","og_url":"http:\/\/www.wmt.it\/index.php\/fr\/liquid-vacuum-wedge-wire-2\/","og_site_name":"W.M.T. - Water and Mechanical Technology s.r.l.","article_publisher":"https:\/\/www.facebook.com\/pages\/WMT\/523330841079249?eid=ARBCva1bxbHrIwpLi2jUbikM5NzJrQOywcEqrkgUjYQ_m59R20SghP76Um2Ffw8jsoHFxRwr_28Y5a6v","article_modified_time":"2020-02-10T10:15:55+00:00","og_image":[{"width":1920,"height":601,"url":"http:\/\/www.wmt.it\/wp-content\/uploads\/2019\/12\/tubi-ww-scaled-e1576835485480.jpg","type":"image\/jpeg"}],"twitter_card":"summary_large_image","twitter_misc":{"Tempo di lettura stimato":"2 minuti"},"schema":{"@context":"https:\/\/schema.org","@graph":[{"@type":"WebPage","@id":"http:\/\/www.wmt.it\/index.php\/fr\/liquid-vacuum-wedge-wire-2\/","url":"http:\/\/www.wmt.it\/index.php\/fr\/liquid-vacuum-wedge-wire-2\/","name":"Liquid Vacuum Wedge Wire &#8226; W.M.T. - Water and Mechanical Technology s.r.l.","isPartOf":{"@id":"http:\/\/www.wmt.it\/#website"},"primaryImageOfPage":{"@id":"http:\/\/www.wmt.it\/index.php\/fr\/liquid-vacuum-wedge-wire-2\/#primaryimage"},"image":{"@id":"http:\/\/www.wmt.it\/index.php\/fr\/liquid-vacuum-wedge-wire-2\/#primaryimage"},"thumbnailUrl":"http:\/\/www.wmt.it\/wp-content\/uploads\/2019\/12\/tubi-ww-scaled-e1576835485480.jpg","datePublished":"2019-12-03T10:12:59+00:00","dateModified":"2020-02-10T10:15:55+00:00","description":"Le syst\u00e8me Liquid Vacuum Wedge Wire utilise une double technique unique pour filtrer et recirculer le liquide de traitement. D\u00e9bit de 100 \u00e0 60 000 l \/ min.","breadcrumb":{"@id":"http:\/\/www.wmt.it\/index.php\/fr\/liquid-vacuum-wedge-wire-2\/#breadcrumb"},"inLanguage":"it-IT","potentialAction":[{"@type":"ReadAction","target":["http:\/\/www.wmt.it\/index.php\/fr\/liquid-vacuum-wedge-wire-2\/"]}]},{"@type":"ImageObject","inLanguage":"it-IT","@id":"http:\/\/www.wmt.it\/index.php\/fr\/liquid-vacuum-wedge-wire-2\/#primaryimage","url":"http:\/\/www.wmt.it\/wp-content\/uploads\/2019\/12\/tubi-ww-scaled-e1576835485480.jpg","contentUrl":"http:\/\/www.wmt.it\/wp-content\/uploads\/2019\/12\/tubi-ww-scaled-e1576835485480.jpg","width":1920,"height":601},{"@type":"BreadcrumbList","@id":"http:\/\/www.wmt.it\/index.php\/fr\/liquid-vacuum-wedge-wire-2\/#breadcrumb","itemListElement":[{"@type":"ListItem","position":1,"name":"Home","item":"http:\/\/www.wmt.it\/index.php\/en\/wmt-home\/"},{"@type":"ListItem","position":2,"name":"Liquid Vacuum Wedge Wire"}]},{"@type":"WebSite","@id":"http:\/\/www.wmt.it\/#website","url":"http:\/\/www.wmt.it\/","name":"W.M.T. - Water and Mechanical Technology s.r.l.","description":"ENGINEERING AND FILTERING SYSTEM, PURE WITH PROFIT","publisher":{"@id":"http:\/\/www.wmt.it\/#organization"},"potentialAction":[{"@type":"SearchAction","target":{"@type":"EntryPoint","urlTemplate":"http:\/\/www.wmt.it\/?s={search_term_string}"},"query-input":{"@type":"PropertyValueSpecification","valueRequired":true,"valueName":"search_term_string"}}],"inLanguage":"it-IT"},{"@type":"Organization","@id":"http:\/\/www.wmt.it\/#organization","name":"W.M.T. - Water and Mechanical Technology s.r.l.","url":"http:\/\/www.wmt.it\/","logo":{"@type":"ImageObject","inLanguage":"it-IT","@id":"http:\/\/www.wmt.it\/#\/schema\/logo\/image\/","url":"http:\/\/www.wmt.it\/wp-content\/uploads\/2019\/12\/logo_wmt_blu_512x512.jpg","contentUrl":"http:\/\/www.wmt.it\/wp-content\/uploads\/2019\/12\/logo_wmt_blu_512x512.jpg","width":512,"height":512,"caption":"W.M.T. - Water and Mechanical Technology s.r.l."},"image":{"@id":"http:\/\/www.wmt.it\/#\/schema\/logo\/image\/"},"sameAs":["https:\/\/www.facebook.com\/pages\/WMT\/523330841079249?eid=ARBCva1bxbHrIwpLi2jUbikM5NzJrQOywcEqrkgUjYQ_m59R20SghP76Um2Ffw8jsoHFxRwr_28Y5a6v","https:\/\/www.google.com\/maps\/place\/W.M.T.+-+Water+and+Mechanical+Technology+s.r.l.\/@45.538948,9.1806583,17z\/data=!3m1!4b1!4m5!3m4!1s0x4786bf60c912a84b:0xfc12749d2f8ea14a!8m2!3d45.538948!4d9.182847","https:\/\/www.linkedin.com\/company\/2059941"]}]}},"_links":{"self":[{"href":"http:\/\/www.wmt.it\/index.php\/wp-json\/wp\/v2\/pages\/538","targetHints":{"allow":["GET"]}}],"collection":[{"href":"http:\/\/www.wmt.it\/index.php\/wp-json\/wp\/v2\/pages"}],"about":[{"href":"http:\/\/www.wmt.it\/index.php\/wp-json\/wp\/v2\/types\/page"}],"author":[{"embeddable":true,"href":"http:\/\/www.wmt.it\/index.php\/wp-json\/wp\/v2\/users\/3"}],"replies":[{"embeddable":true,"href":"http:\/\/www.wmt.it\/index.php\/wp-json\/wp\/v2\/comments?post=538"}],"version-history":[{"count":10,"href":"http:\/\/www.wmt.it\/index.php\/wp-json\/wp\/v2\/pages\/538\/revisions"}],"predecessor-version":[{"id":2833,"href":"http:\/\/www.wmt.it\/index.php\/wp-json\/wp\/v2\/pages\/538\/revisions\/2833"}],"wp:featuredmedia":[{"embeddable":true,"href":"http:\/\/www.wmt.it\/index.php\/wp-json\/wp\/v2\/media\/1820"}],"wp:attachment":[{"href":"http:\/\/www.wmt.it\/index.php\/wp-json\/wp\/v2\/media?parent=538"}],"curies":[{"name":"wp","href":"https:\/\/api.w.org\/{rel}","templated":true}]}}