{"id":540,"date":"2019-12-03T11:13:39","date_gmt":"2019-12-03T10:13:39","guid":{"rendered":"http:\/\/www2.wmt.it\/?page_id=540"},"modified":"2020-02-10T11:16:07","modified_gmt":"2020-02-10T10:16:07","slug":"liquid-vacuum-sandwich-tube-2","status":"publish","type":"page","link":"http:\/\/www.wmt.it\/index.php\/fr\/liquid-vacuum-sandwich-tube-2\/","title":{"rendered":"Liquid Vacuum Sandwich Tube"},"content":{"rendered":"\n<p><strong>Filtre \u00e0 vide liquide Liquid-Vacuum Sandwich Tube<\/strong><\/p>\n\n\n\n<p><\/p>\n\n\n\n<p>Filtre \u00e0 vide liquide avec panneau filtrant permanent en r\u00e9gime capillaire avec les caract\u00e9ristiques suivantes:<\/p>\n\n\n\n<ul class=\"wp-block-list\"><li>D\u00e9bit de 100 \u00e0 60 000 l \/ min.<\/li><li> Degr\u00e9 de filtrage selon classe 2 \u00f7 12 de notre tableau ST-1584.<\/li><li> Milieu filtrant permanent \u00e0 panneau fixe et permanent tridimensionnel (brevets n \u00b0 01254551 et 01273048).<\/li><li> Filtre adapt\u00e9 pour filtrer des \u00e9mulsions stables en diff\u00e9rents pourcentages ainsi que des huiles enti\u00e8res de viscosit\u00e9s diff\u00e9rentes.<\/li><\/ul>\n\n\n\n<p>Le syst\u00e8me LIQUID VACUUM SANDWICH TUBE est la suite logique du d\u00e9veloppement introduit par son pr\u00e9d\u00e9cesseur, le Liquid Sandwich Sandwich Panel. <br><\/p>\n\n\n\n<p>Ce dernier utilise la technologie du proc\u00e9d\u00e9 de filtration (voir les panneaux de filtrage brevet n \u00b0 01254551 et n \u00b0 01273048) qui lui permettent d&#8217;atteindre m\u00eame de nombreuses valeurs entra\u00een\u00e9es par des degr\u00e9s de filtrage moyens.<\/p>\n\n\n\n<p>Innovante est la phase d&#8217;auto-nettoyage des panneaux filtrants qui se produit, en rotation sur tous les \u00e9l\u00e9ments, en utilisant le liquide envoy\u00e9 par le syst\u00e8me aux utilisateurs. La phase d&#8217;auto-nettoyage a la m\u00eame dur\u00e9e que la phase de filtrage.<\/p>\n\n\n\n<p>Les \u00e9l\u00e9ments filtrants peuvent \u00eatre de diff\u00e9rents types, de ceux \u00e0 section triangulaire \u00e0 ceux \u00e0 section hexagonale, cylindrique ou \u00e0 lames.<\/p>\n\n\n\n<p><strong>Une attention particuli\u00e8re dans la conception a \u00e9t\u00e9 r\u00e9serv\u00e9e \u00e0 la possibilit\u00e9 de mettre \u00e0 jour les anciens syst\u00e8mes de vide avec ces nouveaux \u00e9l\u00e9ments filtrants, augmentant ainsi la capacit\u00e9 de r\u00e9pondre \u00e0 toutes les exigences op\u00e9rationnelles possibles.<\/strong><\/p>\n\n\n\n<p><strong>Augmentation du d\u00e9bit, diff\u00e9rents degr\u00e9s de filtrage pour des op\u00e9rations particuli\u00e8res sur la m\u00eame ligne, garantie du degr\u00e9 de filtrage moyen sont d\u00e9sormais possibles m\u00eame si les structures de menuiserie existantes sont maintenues<\/strong><\/p>\n\n\n\n<p>L&#8217;ensemble du syst\u00e8me est g\u00e9r\u00e9 par PLC et est \u00e9quip\u00e9, pour la d\u00e9tection de tous les param\u00e8tres fonctionnels, d&#8217;un \u00e9quipement capable d&#8217;envoyer des signaux num\u00e9riques en 4 &#8211; 20 mA ou en mode PROFIBUS.<\/p>\n\n\n\n<p>Ceux-ci garantissent que, gr\u00e2ce \u00e0 un programme sp\u00e9cialement con\u00e7u, le syst\u00e8me est capable de fonctionner selon des conditions de fonctionnement variables en fonction de la charge de polluant, de copeaux et \/ ou d&#8217;huile hydraulique, qui est transport\u00e9e dans le r\u00e9servoir par les canaux de vidange.<\/p>\n\n\n\n<table style=\"width: 100%;\" cellspacing=\"0\" border=\"0\">\n<tbody>\n<tr><\/tr>\n<tr>\n<td style=\"width: 10%;\" align=\"center\"><\/td>\n<td style=\"width: 35%;\" align=\"center\"><div class=\"wp-block-button\"><a class=\"wp-block-button__link has-background has-vivid-cyan-blue-background-color\" href=\"http:\/\/www.wmt.it\/index.php\/en\/liquid-vacuum-sandwich-tube-images-gallery\/\" target=\"_blank\" rel=\"noopener noreferrer\">Galerie d\u2019images<\/a><\/div><\/td>\n<td style=\"width: 10%;\" align=\"center\"><\/td>\n<td style=\"width: 35%;\" align=\"center\"><div class=\"wp-block-button\"><a class=\"wp-block-button__link has-background has-vivid-cyan-blue-background-color\" href=\"http:\/\/www.wmt.it\/wp-content\/uploads\/2020\/01\/06-A4-e-lvst.pdf\" target=\"_blank\" rel=\"noopener noreferrer\">Voir la brochure [EN]<\/a><\/div><\/td>\n<td style=\"width: 10%;\" align=\"center\"><\/td>\n<\/tr>\n<\/tbody>\n<\/table>\n\n\n\n<p><\/p>\n","protected":false},"excerpt":{"rendered":"<p>Filtre \u00e0 vide liquide Liquid-Vacuum Sandwich Tube Filtre \u00e0 vide liquide avec panneau filtrant permanent en r\u00e9gime capillaire avec les caract\u00e9ristiques suivantes: D\u00e9bit de 100 \u00e0 60 000 l \/ min. Degr\u00e9 de filtrage selon classe 2 \u00f7 12 de notre tableau ST-1584. Milieu filtrant permanent \u00e0 panneau fixe et permanent tridimensionnel (brevets n \u00b0 [&hellip;]<\/p>\n","protected":false},"author":3,"featured_media":1820,"parent":0,"menu_order":0,"comment_status":"closed","ping_status":"closed","template":"","meta":{"ngg_post_thumbnail":0,"footnotes":""},"class_list":["post-540","page","type-page","status-publish","has-post-thumbnail","hentry"],"yoast_head":"<!-- This site is optimized with the Yoast SEO plugin v27.3 - https:\/\/yoast.com\/product\/yoast-seo-wordpress\/ -->\n<title>Liquid Vacuum Sandwich Tube &#8226; W.M.T. - Water and Mechanical Technology s.r.l.<\/title>\n<meta name=\"description\" content=\"Le syst\u00e8me de Liquid-Vacuum Sandwich Tube est la suite logique du d\u00e9veloppement introduit par son pr\u00e9d\u00e9cesseur, le panneau Liquid Vacuum Sandwich Panel.\" \/>\n<meta name=\"robots\" content=\"index, follow, max-snippet:-1, max-image-preview:large, max-video-preview:-1\" \/>\n<link rel=\"canonical\" href=\"http:\/\/www.wmt.it\/index.php\/fr\/liquid-vacuum-sandwich-tube-2\/\" \/>\n<meta property=\"og:locale\" content=\"it_IT\" \/>\n<meta property=\"og:type\" content=\"article\" \/>\n<meta property=\"og:title\" content=\"Liquid Vacuum Sandwich Tube &#8226; W.M.T. - Water and Mechanical Technology s.r.l.\" \/>\n<meta property=\"og:description\" content=\"Le syst\u00e8me de Liquid-Vacuum Sandwich Tube est la suite logique du d\u00e9veloppement introduit par son pr\u00e9d\u00e9cesseur, le panneau Liquid Vacuum Sandwich Panel.\" \/>\n<meta property=\"og:url\" content=\"http:\/\/www.wmt.it\/index.php\/fr\/liquid-vacuum-sandwich-tube-2\/\" \/>\n<meta property=\"og:site_name\" content=\"W.M.T. - Water and Mechanical Technology s.r.l.\" \/>\n<meta property=\"article:publisher\" content=\"https:\/\/www.facebook.com\/pages\/WMT\/523330841079249?eid=ARBCva1bxbHrIwpLi2jUbikM5NzJrQOywcEqrkgUjYQ_m59R20SghP76Um2Ffw8jsoHFxRwr_28Y5a6v\" \/>\n<meta property=\"article:modified_time\" content=\"2020-02-10T10:16:07+00:00\" \/>\n<meta property=\"og:image\" content=\"http:\/\/www.wmt.it\/wp-content\/uploads\/2019\/12\/tubi-ww-scaled-e1576835485480.jpg\" \/>\n\t<meta property=\"og:image:width\" content=\"1920\" \/>\n\t<meta property=\"og:image:height\" content=\"601\" \/>\n\t<meta property=\"og:image:type\" content=\"image\/jpeg\" \/>\n<meta name=\"twitter:card\" content=\"summary_large_image\" \/>\n<meta name=\"twitter:label1\" content=\"Tempo di lettura stimato\" \/>\n\t<meta name=\"twitter:data1\" content=\"2 minuti\" \/>\n<script type=\"application\/ld+json\" class=\"yoast-schema-graph\">{\"@context\":\"https:\\\/\\\/schema.org\",\"@graph\":[{\"@type\":\"WebPage\",\"@id\":\"http:\\\/\\\/www.wmt.it\\\/index.php\\\/fr\\\/liquid-vacuum-sandwich-tube-2\\\/\",\"url\":\"http:\\\/\\\/www.wmt.it\\\/index.php\\\/fr\\\/liquid-vacuum-sandwich-tube-2\\\/\",\"name\":\"Liquid Vacuum Sandwich Tube &#8226; W.M.T. - Water and Mechanical Technology s.r.l.\",\"isPartOf\":{\"@id\":\"http:\\\/\\\/www.wmt.it\\\/#website\"},\"primaryImageOfPage\":{\"@id\":\"http:\\\/\\\/www.wmt.it\\\/index.php\\\/fr\\\/liquid-vacuum-sandwich-tube-2\\\/#primaryimage\"},\"image\":{\"@id\":\"http:\\\/\\\/www.wmt.it\\\/index.php\\\/fr\\\/liquid-vacuum-sandwich-tube-2\\\/#primaryimage\"},\"thumbnailUrl\":\"http:\\\/\\\/www.wmt.it\\\/wp-content\\\/uploads\\\/2019\\\/12\\\/tubi-ww-scaled-e1576835485480.jpg\",\"datePublished\":\"2019-12-03T10:13:39+00:00\",\"dateModified\":\"2020-02-10T10:16:07+00:00\",\"description\":\"Le syst\u00e8me de Liquid-Vacuum Sandwich Tube est la suite logique du d\u00e9veloppement introduit par son pr\u00e9d\u00e9cesseur, le panneau Liquid Vacuum Sandwich Panel.\",\"breadcrumb\":{\"@id\":\"http:\\\/\\\/www.wmt.it\\\/index.php\\\/fr\\\/liquid-vacuum-sandwich-tube-2\\\/#breadcrumb\"},\"inLanguage\":\"it-IT\",\"potentialAction\":[{\"@type\":\"ReadAction\",\"target\":[\"http:\\\/\\\/www.wmt.it\\\/index.php\\\/fr\\\/liquid-vacuum-sandwich-tube-2\\\/\"]}]},{\"@type\":\"ImageObject\",\"inLanguage\":\"it-IT\",\"@id\":\"http:\\\/\\\/www.wmt.it\\\/index.php\\\/fr\\\/liquid-vacuum-sandwich-tube-2\\\/#primaryimage\",\"url\":\"http:\\\/\\\/www.wmt.it\\\/wp-content\\\/uploads\\\/2019\\\/12\\\/tubi-ww-scaled-e1576835485480.jpg\",\"contentUrl\":\"http:\\\/\\\/www.wmt.it\\\/wp-content\\\/uploads\\\/2019\\\/12\\\/tubi-ww-scaled-e1576835485480.jpg\",\"width\":1920,\"height\":601},{\"@type\":\"BreadcrumbList\",\"@id\":\"http:\\\/\\\/www.wmt.it\\\/index.php\\\/fr\\\/liquid-vacuum-sandwich-tube-2\\\/#breadcrumb\",\"itemListElement\":[{\"@type\":\"ListItem\",\"position\":1,\"name\":\"Home\",\"item\":\"http:\\\/\\\/www.wmt.it\\\/index.php\\\/en\\\/wmt-home\\\/\"},{\"@type\":\"ListItem\",\"position\":2,\"name\":\"Liquid Vacuum Sandwich Tube\"}]},{\"@type\":\"WebSite\",\"@id\":\"http:\\\/\\\/www.wmt.it\\\/#website\",\"url\":\"http:\\\/\\\/www.wmt.it\\\/\",\"name\":\"W.M.T. - Water and Mechanical Technology s.r.l.\",\"description\":\"ENGINEERING AND FILTERING SYSTEM, PURE WITH PROFIT\",\"publisher\":{\"@id\":\"http:\\\/\\\/www.wmt.it\\\/#organization\"},\"potentialAction\":[{\"@type\":\"SearchAction\",\"target\":{\"@type\":\"EntryPoint\",\"urlTemplate\":\"http:\\\/\\\/www.wmt.it\\\/?s={search_term_string}\"},\"query-input\":{\"@type\":\"PropertyValueSpecification\",\"valueRequired\":true,\"valueName\":\"search_term_string\"}}],\"inLanguage\":\"it-IT\"},{\"@type\":\"Organization\",\"@id\":\"http:\\\/\\\/www.wmt.it\\\/#organization\",\"name\":\"W.M.T. - Water and Mechanical Technology s.r.l.\",\"url\":\"http:\\\/\\\/www.wmt.it\\\/\",\"logo\":{\"@type\":\"ImageObject\",\"inLanguage\":\"it-IT\",\"@id\":\"http:\\\/\\\/www.wmt.it\\\/#\\\/schema\\\/logo\\\/image\\\/\",\"url\":\"http:\\\/\\\/www.wmt.it\\\/wp-content\\\/uploads\\\/2019\\\/12\\\/logo_wmt_blu_512x512.jpg\",\"contentUrl\":\"http:\\\/\\\/www.wmt.it\\\/wp-content\\\/uploads\\\/2019\\\/12\\\/logo_wmt_blu_512x512.jpg\",\"width\":512,\"height\":512,\"caption\":\"W.M.T. - Water and Mechanical Technology s.r.l.\"},\"image\":{\"@id\":\"http:\\\/\\\/www.wmt.it\\\/#\\\/schema\\\/logo\\\/image\\\/\"},\"sameAs\":[\"https:\\\/\\\/www.facebook.com\\\/pages\\\/WMT\\\/523330841079249?eid=ARBCva1bxbHrIwpLi2jUbikM5NzJrQOywcEqrkgUjYQ_m59R20SghP76Um2Ffw8jsoHFxRwr_28Y5a6v\",\"https:\\\/\\\/www.google.com\\\/maps\\\/place\\\/W.M.T.+-+Water+and+Mechanical+Technology+s.r.l.\\\/@45.538948,9.1806583,17z\\\/data=!3m1!4b1!4m5!3m4!1s0x4786bf60c912a84b:0xfc12749d2f8ea14a!8m2!3d45.538948!4d9.182847\",\"https:\\\/\\\/www.linkedin.com\\\/company\\\/2059941\"]}]}<\/script>\n<!-- \/ Yoast SEO plugin. -->","yoast_head_json":{"title":"Liquid Vacuum Sandwich Tube &#8226; W.M.T. - Water and Mechanical Technology s.r.l.","description":"Le syst\u00e8me de Liquid-Vacuum Sandwich Tube est la suite logique du d\u00e9veloppement introduit par son pr\u00e9d\u00e9cesseur, le panneau Liquid Vacuum Sandwich Panel.","robots":{"index":"index","follow":"follow","max-snippet":"max-snippet:-1","max-image-preview":"max-image-preview:large","max-video-preview":"max-video-preview:-1"},"canonical":"http:\/\/www.wmt.it\/index.php\/fr\/liquid-vacuum-sandwich-tube-2\/","og_locale":"it_IT","og_type":"article","og_title":"Liquid Vacuum Sandwich Tube &#8226; W.M.T. - Water and Mechanical Technology s.r.l.","og_description":"Le syst\u00e8me de Liquid-Vacuum Sandwich Tube est la suite logique du d\u00e9veloppement introduit par son pr\u00e9d\u00e9cesseur, le panneau Liquid Vacuum Sandwich Panel.","og_url":"http:\/\/www.wmt.it\/index.php\/fr\/liquid-vacuum-sandwich-tube-2\/","og_site_name":"W.M.T. - Water and Mechanical Technology s.r.l.","article_publisher":"https:\/\/www.facebook.com\/pages\/WMT\/523330841079249?eid=ARBCva1bxbHrIwpLi2jUbikM5NzJrQOywcEqrkgUjYQ_m59R20SghP76Um2Ffw8jsoHFxRwr_28Y5a6v","article_modified_time":"2020-02-10T10:16:07+00:00","og_image":[{"width":1920,"height":601,"url":"http:\/\/www.wmt.it\/wp-content\/uploads\/2019\/12\/tubi-ww-scaled-e1576835485480.jpg","type":"image\/jpeg"}],"twitter_card":"summary_large_image","twitter_misc":{"Tempo di lettura stimato":"2 minuti"},"schema":{"@context":"https:\/\/schema.org","@graph":[{"@type":"WebPage","@id":"http:\/\/www.wmt.it\/index.php\/fr\/liquid-vacuum-sandwich-tube-2\/","url":"http:\/\/www.wmt.it\/index.php\/fr\/liquid-vacuum-sandwich-tube-2\/","name":"Liquid Vacuum Sandwich Tube &#8226; W.M.T. - Water and Mechanical Technology s.r.l.","isPartOf":{"@id":"http:\/\/www.wmt.it\/#website"},"primaryImageOfPage":{"@id":"http:\/\/www.wmt.it\/index.php\/fr\/liquid-vacuum-sandwich-tube-2\/#primaryimage"},"image":{"@id":"http:\/\/www.wmt.it\/index.php\/fr\/liquid-vacuum-sandwich-tube-2\/#primaryimage"},"thumbnailUrl":"http:\/\/www.wmt.it\/wp-content\/uploads\/2019\/12\/tubi-ww-scaled-e1576835485480.jpg","datePublished":"2019-12-03T10:13:39+00:00","dateModified":"2020-02-10T10:16:07+00:00","description":"Le syst\u00e8me de Liquid-Vacuum Sandwich Tube est la suite logique du d\u00e9veloppement introduit par son pr\u00e9d\u00e9cesseur, le panneau Liquid Vacuum Sandwich Panel.","breadcrumb":{"@id":"http:\/\/www.wmt.it\/index.php\/fr\/liquid-vacuum-sandwich-tube-2\/#breadcrumb"},"inLanguage":"it-IT","potentialAction":[{"@type":"ReadAction","target":["http:\/\/www.wmt.it\/index.php\/fr\/liquid-vacuum-sandwich-tube-2\/"]}]},{"@type":"ImageObject","inLanguage":"it-IT","@id":"http:\/\/www.wmt.it\/index.php\/fr\/liquid-vacuum-sandwich-tube-2\/#primaryimage","url":"http:\/\/www.wmt.it\/wp-content\/uploads\/2019\/12\/tubi-ww-scaled-e1576835485480.jpg","contentUrl":"http:\/\/www.wmt.it\/wp-content\/uploads\/2019\/12\/tubi-ww-scaled-e1576835485480.jpg","width":1920,"height":601},{"@type":"BreadcrumbList","@id":"http:\/\/www.wmt.it\/index.php\/fr\/liquid-vacuum-sandwich-tube-2\/#breadcrumb","itemListElement":[{"@type":"ListItem","position":1,"name":"Home","item":"http:\/\/www.wmt.it\/index.php\/en\/wmt-home\/"},{"@type":"ListItem","position":2,"name":"Liquid Vacuum Sandwich Tube"}]},{"@type":"WebSite","@id":"http:\/\/www.wmt.it\/#website","url":"http:\/\/www.wmt.it\/","name":"W.M.T. - Water and Mechanical Technology s.r.l.","description":"ENGINEERING AND FILTERING SYSTEM, PURE WITH PROFIT","publisher":{"@id":"http:\/\/www.wmt.it\/#organization"},"potentialAction":[{"@type":"SearchAction","target":{"@type":"EntryPoint","urlTemplate":"http:\/\/www.wmt.it\/?s={search_term_string}"},"query-input":{"@type":"PropertyValueSpecification","valueRequired":true,"valueName":"search_term_string"}}],"inLanguage":"it-IT"},{"@type":"Organization","@id":"http:\/\/www.wmt.it\/#organization","name":"W.M.T. - Water and Mechanical Technology s.r.l.","url":"http:\/\/www.wmt.it\/","logo":{"@type":"ImageObject","inLanguage":"it-IT","@id":"http:\/\/www.wmt.it\/#\/schema\/logo\/image\/","url":"http:\/\/www.wmt.it\/wp-content\/uploads\/2019\/12\/logo_wmt_blu_512x512.jpg","contentUrl":"http:\/\/www.wmt.it\/wp-content\/uploads\/2019\/12\/logo_wmt_blu_512x512.jpg","width":512,"height":512,"caption":"W.M.T. - Water and Mechanical Technology s.r.l."},"image":{"@id":"http:\/\/www.wmt.it\/#\/schema\/logo\/image\/"},"sameAs":["https:\/\/www.facebook.com\/pages\/WMT\/523330841079249?eid=ARBCva1bxbHrIwpLi2jUbikM5NzJrQOywcEqrkgUjYQ_m59R20SghP76Um2Ffw8jsoHFxRwr_28Y5a6v","https:\/\/www.google.com\/maps\/place\/W.M.T.+-+Water+and+Mechanical+Technology+s.r.l.\/@45.538948,9.1806583,17z\/data=!3m1!4b1!4m5!3m4!1s0x4786bf60c912a84b:0xfc12749d2f8ea14a!8m2!3d45.538948!4d9.182847","https:\/\/www.linkedin.com\/company\/2059941"]}]}},"_links":{"self":[{"href":"http:\/\/www.wmt.it\/index.php\/wp-json\/wp\/v2\/pages\/540","targetHints":{"allow":["GET"]}}],"collection":[{"href":"http:\/\/www.wmt.it\/index.php\/wp-json\/wp\/v2\/pages"}],"about":[{"href":"http:\/\/www.wmt.it\/index.php\/wp-json\/wp\/v2\/types\/page"}],"author":[{"embeddable":true,"href":"http:\/\/www.wmt.it\/index.php\/wp-json\/wp\/v2\/users\/3"}],"replies":[{"embeddable":true,"href":"http:\/\/www.wmt.it\/index.php\/wp-json\/wp\/v2\/comments?post=540"}],"version-history":[{"count":9,"href":"http:\/\/www.wmt.it\/index.php\/wp-json\/wp\/v2\/pages\/540\/revisions"}],"predecessor-version":[{"id":2834,"href":"http:\/\/www.wmt.it\/index.php\/wp-json\/wp\/v2\/pages\/540\/revisions\/2834"}],"wp:featuredmedia":[{"embeddable":true,"href":"http:\/\/www.wmt.it\/index.php\/wp-json\/wp\/v2\/media\/1820"}],"wp:attachment":[{"href":"http:\/\/www.wmt.it\/index.php\/wp-json\/wp\/v2\/media?parent=540"}],"curies":[{"name":"wp","href":"https:\/\/api.w.org\/{rel}","templated":true}]}}