{"id":603,"date":"2019-12-03T12:18:37","date_gmt":"2019-12-03T11:18:37","guid":{"rendered":"http:\/\/www2.wmt.it\/?page_id=603"},"modified":"2025-03-31T10:41:24","modified_gmt":"2025-03-31T08:41:24","slug":"abbattimento-e-depurazione-fumi","status":"publish","type":"page","link":"http:\/\/www.wmt.it\/index.php\/abbattimento-e-depurazione-fumi\/","title":{"rendered":"Abbattimento e depurazione fumi"},"content":{"rendered":"\n<p><br>In qualit\u00e0 di esperti progettisti e realizzatori d\u2019impianti ecologici, abbiamo profuso i nostri sforzi nello studio di sistemi per abbattimento e depurazione fumi dalle polveri sottili, PM 10, PM 2,5, e la contemporanea eliminazione dei composti chimici, prodotti da: impianti di riscaldamento civili ed industriali, inceneritori e termovalorizzatori, impianti industriali quali fonderie, forge, fucine, altiforni ecc. ecc. che utilizzano combustibili solidi, liquidi e gassosi.<\/p>\n\n\n\n<p>Gli impianti di riscaldamento, gli impianti di trattamento rifiuti, gli impianti industriali e le attivit\u00e0 artigianali sono grandi produttori d\u2019inquinanti aerei, gli inquinanti emessi da questi impianti sono i pi\u00f9 svariati e dipendono: dal tipo di combustibile, dallo stato di manutenzione dell\u2019impianto, dalla lavorazione eseguita.<\/p>\n\n\n\n<h4 class=\"wp-block-heading\">CENNI SULLA CLASSIFICAZIONE DEGLI INQUINANTI AEREI<\/h4>\n\n\n\n<p>Data la grande variet\u00e0 di sostanze presenti in atmosfera, sono stati proposti numerosi metodi di classificazione degli inquinanti aerei: in primo luogo si pu\u00f2 classificare in base alla composizione chimica, per cui si parla principalmente di composti che contengono zolfo, composti che contengono azoto, che contengono il carbonio e composti alogeni. In secondo luogo si pu\u00f2 classificare in base allo stato fisico: gassoso, liquido o solido; infine si pu\u00f2 suddividere in base al grado di reattivit\u00e0 in atmosfera, in sostanze primarie o secondarie.<\/p>\n\n\n\n<p>Gli inquinanti primari possono essere di tipo gassoso o particolato e si raggruppano in:<\/p>\n\n\n\n<ul class=\"wp-block-list\"><li>COMPOSTI DELLO ZOLFO &#8211; I principali composti che contengono zolfo in atmosfera sono: il biossido di zolfo (SO<sub>2<\/sub>), il solfuro di carbonile (COS), il solfuro di carbonio (CS<sub>2<\/sub>), il solfuro di idrogeno (H<sub>2<\/sub>S), il dimetilsolfato (CH<sub>3<\/sub>)<sub>2<\/sub>SO<sub>4<\/sub>.<\/li><li>COMPOSTI DELL&#8217;AZOTO &#8211; I principali composti che contengono azoto sono: N<sub>2<\/sub>O, NO, NO<sub>2<\/sub>, NH<sub>3<\/sub>, HNO<sub>3<\/sub>, HONO, N<sub>2<\/sub>O<sub>5<\/sub>&nbsp;ed i sali di NO<sub>3<\/sub>, NO<sub>2<\/sub>, NH<sub>4<\/sub>. Sono invece considerati inquinanti il monossido e il biossido di azoto (NO e NO<sub>2<\/sub>).<\/li><li>COMPOSTI DEL CARBONIO &#8211; In questa categoria i principali composti inorganici sono il monossido di carbonio (CO) e il biossido o anidride carbonica (CO<sub>2<\/sub>). Fanno parte di questa categoria numerosissimi composti catalogati in grosse classi di cui le principali sono: gli idrocarburi (suddivisi a loro volta in alcani come il metano, alcheni come l&#8217;etene, gli alchini come l&#8217;acetilene), gli aromatici come il benzene, le aldeidi come la formaldeide, i chetoni come gli acetoni.<\/li><li>IPA &#8211; IDROCARBURI POLICICLICI AROMATICI &#8211; Una larga gamma di sostanze prodotte dalla combustione di legna, nafta e gasolio, il pi\u00f9 importante e unico normato \u00e8 il Benzo(a) Pirene, considerato un forte cancerogeno.<\/li><li>COMPOSTI ALOGENATI &#8211; Acido cloridrico HCl, Acido fluoridrico HF, Acido bromidrico HBr, Alogenuri alchilici HCFC.<\/li><li>RADICALI -I radicali di maggior interesse, in quanto reagiscono con gran parte dei composti organici ed inorganici, sono il radicale ossidrile (OH) e idroperossido (HO<sub>2<\/sub>) durante il giorno e il radicale nitrato (NO<sub>3<\/sub>) di notte.<\/li><li>Mentre il&nbsp;PARTICOLATO si classifica in ragione del diametro delle particelle; si considerano grossolane quelle con diametro maggiore di 2.5 \u00b5m e fini quelle con diametro inferiore a 2.5 \u00b5m. Si distinguono inoltre come inalabili le particelle con diametro minore di 10 \u00b5m (PM10).<\/li><\/ul>\n\n\n\n<p>I principali inquinanti secondari di tipo gassoso sono:<\/p>\n\n\n\n<ul class=\"wp-block-list\"><li>Diossido di azoto NO<sub>2<\/sub>&nbsp;formato da NO primario;<\/li><li>Ozono O<sub>3<\/sub>&nbsp;formato per via fotochimica.<\/li><\/ul>\n\n\n\n<p>Il particolato secondario pu\u00f2 derivare da reazioni chimiche e chimico-fisiche che coinvolgono inquinanti gassosi sia primari che secondari. I pi\u00f9 noti sono:&nbsp;<\/p>\n\n\n\n<ul class=\"wp-block-list\"><li>la trasformazione di&nbsp;Anidride solforosa&nbsp;SO<sub>2<\/sub>&nbsp;in solfati SO<sub>4<\/sub>;<\/li><li>la trasformazione di&nbsp;Diossido di azoto&nbsp;NO<sub>2<\/sub>&nbsp;in nitrati NO<sub>3<\/sub>;<\/li><li>la trasformazione di composti organici in particelle organiche.<\/li><\/ul>\n\n\n\n<p>Ulteriori informazioni circa lo stato della qualit\u00e0 dell&#8217;aria sono scaricabili dal sito dell&#8217;<strong><a rel=\"noreferrer noopener\" aria-label=\"Agenzia Europea per l'Ambiente (apre in una nuova scheda)\" href=\"https:\/\/www.eea.europa.eu\/it\" target=\"_blank\">Agenzia Europea per l&#8217;Ambiente<\/a><\/strong> al link: <a href=\"https:\/\/www.eea.europa.eu\/publications\/air-quality-in-europe-2019\" target=\"_blank\" rel=\"noreferrer noopener\" aria-label=\"Air quality in Europe - 2019 report [EN] (apre in una nuova scheda)\"><strong>Air quality in Europe &#8211; 2019 report [EN]<\/strong><\/a>.<\/p>\n\n\n\n<h4 class=\"wp-block-heading\">PRINCIPALI PROBLEMATICHE DEI SISTEMI PER ABBATTIMENTO E DEPURAZIONE FUMI INDUSTRIALI<\/h4>\n\n\n\n<p>Gli&nbsp;impianti presi in considerazione,&nbsp;quando&nbsp;vengono alimentati con combustibili fossili producono: vapore acqueo, anidride carbonica (CO<sub>2<\/sub>), particolato come PM10 e inferiori, idrocarburi (HC), ossidi di azoto (NOx) e biossido di zolfo (SO<sub>2<\/sub>), solventi, nebbie acide, metalli, polveri e altro.<\/p>\n\n\n\n<p>I principali trattamenti che devono subire i fumi uscenti da&nbsp;questi processi produttivi&nbsp;riguardano: la depolverazione, la deacidificazione e la denitrificazione.<\/p>\n\n\n\n<h4 class=\"wp-block-heading\">SISTEMI PER ABBATTIMENTO E DEPURAZIONE FUMI PROPOSTI<\/h4>\n\n\n\n<p>I sistemi per abbattimento e depurazione fumi progettati rispondono a criteri di: polivalenza ed ampio spettro d\u2019utilizzo, affidabilit\u00e0 e durata nel tempo, ridottissima manutenzione.<\/p>\n\n\n\n<p>L\u2019apparecchiatura, evidenziata nel nostro&nbsp;<a href=\"http:\/\/www.wmt.it\/wp-content\/uploads\/2020\/01\/WIEP-12445.0_IT_A1.png\" target=\"_blank\" rel=\"noreferrer noopener\" aria-label=\"schema a blocchi WIEP-12445 (apre in una nuova scheda)\">schema a blocchi WIEP-12445<\/a>, \u00e8 principalmente composta da un abbattitore di particelle a nebbia con lo scopo di trasferire le ceneri ed i composti chimici presenti nei fumi nella massa liquida, per poi recuperare il calore trasferito, depurarla, neutralizzarla e filtrarla, prima di reimmettela in circolo.<\/p>\n\n\n\n<figure class=\"wp-block-image size-large\"><a href=\"http:\/\/www.wmt.it\/wp-content\/uploads\/2020\/01\/WIEP-12445.0_IT_A1.png\" target=\"_blank\" rel=\"noreferrer noopener\"><img fetchpriority=\"high\" decoding=\"async\" width=\"3179\" height=\"2246\" src=\"http:\/\/www.wmt.it\/wp-content\/uploads\/2020\/01\/WIEP-12445.0_IT_A1.png\" alt=\"WIEP-12445.0.IT\" class=\"wp-image-2066\" srcset=\"http:\/\/www.wmt.it\/wp-content\/uploads\/2020\/01\/WIEP-12445.0_IT_A1.png 3179w, http:\/\/www.wmt.it\/wp-content\/uploads\/2020\/01\/WIEP-12445.0_IT_A1-300x212.png 300w, http:\/\/www.wmt.it\/wp-content\/uploads\/2020\/01\/WIEP-12445.0_IT_A1-700x495.png 700w, http:\/\/www.wmt.it\/wp-content\/uploads\/2020\/01\/WIEP-12445.0_IT_A1-768x543.png 768w, http:\/\/www.wmt.it\/wp-content\/uploads\/2020\/01\/WIEP-12445.0_IT_A1-1536x1085.png 1536w, http:\/\/www.wmt.it\/wp-content\/uploads\/2020\/01\/WIEP-12445.0_IT_A1-2048x1447.png 2048w\" sizes=\"(max-width: 3179px) 100vw, 3179px\" \/><\/a><\/figure>\n\n\n\n<p>I fumi provenienti dal&nbsp;processo produttivo&nbsp;o dal camino di scarico sono convogliati al depuratore e immessi, per mezzo di uno o pi\u00f9 tubi venturi, nella camera di lavaggio. In questo percorso vengono a contatto con un getto d\u2019acqua nebulizzato attraverso&nbsp;l\u2019ugello motore del tubo venturi. Per l\u2019effetto dell\u2019enorme superficie di contatto tra fumi e liquido, dato dall\u2019enorme numero di minuscole particelle d\u2019acqua create dall\u2019apposito ugello nebulizzatore, si ottiene &#8211; grazie alla differenza della tensione superficiale tra fumo e nebbia &#8211; un forte assorbimento di particelle liquide da parte delle particelle solide. Le particelle solide appesantite dall\u2019assorbimento del liquido, si separano dalla corrente fluida e precipitano nella vasca di raccolta per poi essere inviate al trattamento.<\/p>\n\n\n\n<p>I fumi cos\u00ec depurati, ma con una ricca percentuale d\u2019umidit\u00e0, passano attraverso un separatore di gocce e un condensatore al fine di ricircolare tutto il liquido utilizzato per il lavaggio dei fumi ed evitare uscite di fumane dal camino d\u2019espulsione in atmosfera.<\/p>\n\n\n\n<p>Sul condotto dei fumi in uscita possono essere istallati ulteriori componenti aggiuntivi quali recuperatori di calore ed ulteriori filtri, meccanici o biologici.<\/p>\n\n\n\n<p>Il liquido di lavaggio viene nell\u2019ordine:<\/p>\n\n\n\n<ul class=\"wp-block-list\"><li>RAFFREDDATO, recuperando il calore sottratto ai fumi ed utilizzato per riscaldamento o generazione di acqua calda;<\/li><li>DISOLEATO, per la separazione dal liquido di lavaggio di eventuali oli od idrocarburi condensati;<\/li><li>SUBISCE POI UN PROCESSO DI TRATTAMENTO FISICO\/CHIMICO, tramite: acidificazione, neutralizzazione, flocculazione e precipitazione, si asportano i composti chimici accumulati nel liquido durante la fase di lavaggio;<\/li><li>PRESEPARATO, attraverso un dispositivo atto ad incrementare la separazione delle sostanze solide presenti nel liquido di lavaggio;<\/li><li>FILTRATO, attraverso&nbsp;<a href=\"http:\/\/www.wmt.it\/index.php\/deep-bed\/\" target=\"_blank\" rel=\"noreferrer noopener\" aria-label=\"un filtro chiarificatore a letto profondo (apre in una nuova scheda)\">un filtro chiarificatore a letto profondo<\/a>, con grado di filtrazione submicron, autopulente con rigenerazione del mezzo filtrante tramite traslazione totale in un annesso scrubber idrociclonico;<\/li><li>SUBISCE INFINE IL TRATTAMENTO FINALE tramite passaggio in colonne di carbone attivo e\/o resine a scambio ionico: per permette l\u2019eliminazione di residui di sostanze microinquinanti organiche ed inorganiche e ripristinare i corretti parametri chimici del fluido di lavaggio.<\/li><\/ul>\n\n\n\n<p>L\u2019olio, i liquidi&nbsp;contenente gli inquinanti separati, ed i fanghi provenienti dai vari processi di separazione sono addensati tramite svariati sistemi per il successivo smaltimento.<\/p>\n\n\n\n<p>Per qualsiasi informazione e configurazione dei sistemi per abbattimento e depurazione fumi secondo le vostre specifiche esigenze siete pregati di contattare il nostro&nbsp;<a href=\"mailto:dip@wmt.it?subject=Richiesta%20di%20chiarimenti%20per%20impianto%20di%20trattamento%20fumi.\">ufficio tecnico<\/a>.<\/p>\n","protected":false},"excerpt":{"rendered":"<p>In qualit\u00e0 di esperti progettisti e realizzatori d\u2019impianti ecologici, abbiamo profuso i nostri sforzi nello studio di sistemi per abbattimento e depurazione fumi dalle polveri sottili, PM 10, PM 2,5, e la contemporanea eliminazione dei composti chimici, prodotti da: impianti di riscaldamento civili ed industriali, inceneritori e termovalorizzatori, impianti industriali quali fonderie, forge, fucine, altiforni [&hellip;]<\/p>\n","protected":false},"author":3,"featured_media":1718,"parent":0,"menu_order":0,"comment_status":"closed","ping_status":"closed","template":"","meta":{"ngg_post_thumbnail":0,"footnotes":""},"class_list":["post-603","page","type-page","status-publish","has-post-thumbnail","hentry"],"yoast_head":"<!-- This site is optimized with the Yoast SEO plugin v27.3 - https:\/\/yoast.com\/product\/yoast-seo-wordpress\/ -->\n<title>Abbattimento e depurazione fumi &#8226; W.M.T. - Water and Mechanical Technology s.r.l.<\/title>\n<meta name=\"description\" content=\"sistemi per l\u2019abbattimento dei fumi e delle polveri sottili PM 10 PM 2,5 e la contemporanea depurazione dai composti chimici\" \/>\n<meta name=\"robots\" content=\"index, follow, max-snippet:-1, max-image-preview:large, max-video-preview:-1\" \/>\n<link rel=\"canonical\" href=\"http:\/\/www.wmt.it\/index.php\/abbattimento-e-depurazione-fumi\/\" \/>\n<meta property=\"og:locale\" content=\"it_IT\" \/>\n<meta property=\"og:type\" content=\"article\" \/>\n<meta property=\"og:title\" content=\"Abbattimento e depurazione fumi &#8226; W.M.T. - Water and Mechanical Technology s.r.l.\" \/>\n<meta property=\"og:description\" content=\"sistemi per l\u2019abbattimento dei fumi e delle polveri sottili PM 10 PM 2,5 e la contemporanea depurazione dai composti chimici\" \/>\n<meta property=\"og:url\" content=\"http:\/\/www.wmt.it\/index.php\/abbattimento-e-depurazione-fumi\/\" \/>\n<meta property=\"og:site_name\" content=\"W.M.T. - Water and Mechanical Technology s.r.l.\" \/>\n<meta property=\"article:publisher\" content=\"https:\/\/www.facebook.com\/pages\/WMT\/523330841079249?eid=ARBCva1bxbHrIwpLi2jUbikM5NzJrQOywcEqrkgUjYQ_m59R20SghP76Um2Ffw8jsoHFxRwr_28Y5a6v\" \/>\n<meta property=\"article:modified_time\" content=\"2025-03-31T08:41:24+00:00\" \/>\n<meta property=\"og:image\" content=\"http:\/\/www.wmt.it\/wp-content\/uploads\/2019\/12\/Depurazione-fumi-e1576660787323.jpg\" \/>\n\t<meta property=\"og:image:width\" content=\"1920\" \/>\n\t<meta property=\"og:image:height\" content=\"600\" \/>\n\t<meta property=\"og:image:type\" content=\"image\/jpeg\" \/>\n<meta name=\"twitter:card\" content=\"summary_large_image\" \/>\n<meta name=\"twitter:label1\" content=\"Tempo di lettura stimato\" \/>\n\t<meta name=\"twitter:data1\" content=\"7 minuti\" \/>\n<script type=\"application\/ld+json\" class=\"yoast-schema-graph\">{\"@context\":\"https:\\\/\\\/schema.org\",\"@graph\":[{\"@type\":\"WebPage\",\"@id\":\"http:\\\/\\\/www.wmt.it\\\/index.php\\\/abbattimento-e-depurazione-fumi\\\/\",\"url\":\"http:\\\/\\\/www.wmt.it\\\/index.php\\\/abbattimento-e-depurazione-fumi\\\/\",\"name\":\"Abbattimento e depurazione fumi &#8226; W.M.T. - Water and Mechanical Technology s.r.l.\",\"isPartOf\":{\"@id\":\"http:\\\/\\\/www.wmt.it\\\/#website\"},\"primaryImageOfPage\":{\"@id\":\"http:\\\/\\\/www.wmt.it\\\/index.php\\\/abbattimento-e-depurazione-fumi\\\/#primaryimage\"},\"image\":{\"@id\":\"http:\\\/\\\/www.wmt.it\\\/index.php\\\/abbattimento-e-depurazione-fumi\\\/#primaryimage\"},\"thumbnailUrl\":\"http:\\\/\\\/www.wmt.it\\\/wp-content\\\/uploads\\\/2019\\\/12\\\/Depurazione-fumi-e1576660787323.jpg\",\"datePublished\":\"2019-12-03T11:18:37+00:00\",\"dateModified\":\"2025-03-31T08:41:24+00:00\",\"description\":\"sistemi per l\u2019abbattimento dei fumi e delle polveri sottili PM 10 PM 2,5 e la contemporanea depurazione dai composti chimici\",\"breadcrumb\":{\"@id\":\"http:\\\/\\\/www.wmt.it\\\/index.php\\\/abbattimento-e-depurazione-fumi\\\/#breadcrumb\"},\"inLanguage\":\"it-IT\",\"potentialAction\":[{\"@type\":\"ReadAction\",\"target\":[\"http:\\\/\\\/www.wmt.it\\\/index.php\\\/abbattimento-e-depurazione-fumi\\\/\"]}]},{\"@type\":\"ImageObject\",\"inLanguage\":\"it-IT\",\"@id\":\"http:\\\/\\\/www.wmt.it\\\/index.php\\\/abbattimento-e-depurazione-fumi\\\/#primaryimage\",\"url\":\"http:\\\/\\\/www.wmt.it\\\/wp-content\\\/uploads\\\/2019\\\/12\\\/Depurazione-fumi-e1576660787323.jpg\",\"contentUrl\":\"http:\\\/\\\/www.wmt.it\\\/wp-content\\\/uploads\\\/2019\\\/12\\\/Depurazione-fumi-e1576660787323.jpg\",\"width\":1920,\"height\":600},{\"@type\":\"BreadcrumbList\",\"@id\":\"http:\\\/\\\/www.wmt.it\\\/index.php\\\/abbattimento-e-depurazione-fumi\\\/#breadcrumb\",\"itemListElement\":[{\"@type\":\"ListItem\",\"position\":1,\"name\":\"Home\",\"item\":\"http:\\\/\\\/www.wmt.it\\\/index.php\\\/en\\\/wmt-home\\\/\"},{\"@type\":\"ListItem\",\"position\":2,\"name\":\"Abbattimento e depurazione fumi\"}]},{\"@type\":\"WebSite\",\"@id\":\"http:\\\/\\\/www.wmt.it\\\/#website\",\"url\":\"http:\\\/\\\/www.wmt.it\\\/\",\"name\":\"W.M.T. - Water and Mechanical Technology s.r.l.\",\"description\":\"ENGINEERING AND FILTERING SYSTEM, PURE WITH PROFIT\",\"publisher\":{\"@id\":\"http:\\\/\\\/www.wmt.it\\\/#organization\"},\"potentialAction\":[{\"@type\":\"SearchAction\",\"target\":{\"@type\":\"EntryPoint\",\"urlTemplate\":\"http:\\\/\\\/www.wmt.it\\\/?s={search_term_string}\"},\"query-input\":{\"@type\":\"PropertyValueSpecification\",\"valueRequired\":true,\"valueName\":\"search_term_string\"}}],\"inLanguage\":\"it-IT\"},{\"@type\":\"Organization\",\"@id\":\"http:\\\/\\\/www.wmt.it\\\/#organization\",\"name\":\"W.M.T. - Water and Mechanical Technology s.r.l.\",\"url\":\"http:\\\/\\\/www.wmt.it\\\/\",\"logo\":{\"@type\":\"ImageObject\",\"inLanguage\":\"it-IT\",\"@id\":\"http:\\\/\\\/www.wmt.it\\\/#\\\/schema\\\/logo\\\/image\\\/\",\"url\":\"http:\\\/\\\/www.wmt.it\\\/wp-content\\\/uploads\\\/2019\\\/12\\\/logo_wmt_blu_512x512.jpg\",\"contentUrl\":\"http:\\\/\\\/www.wmt.it\\\/wp-content\\\/uploads\\\/2019\\\/12\\\/logo_wmt_blu_512x512.jpg\",\"width\":512,\"height\":512,\"caption\":\"W.M.T. - Water and Mechanical Technology s.r.l.\"},\"image\":{\"@id\":\"http:\\\/\\\/www.wmt.it\\\/#\\\/schema\\\/logo\\\/image\\\/\"},\"sameAs\":[\"https:\\\/\\\/www.facebook.com\\\/pages\\\/WMT\\\/523330841079249?eid=ARBCva1bxbHrIwpLi2jUbikM5NzJrQOywcEqrkgUjYQ_m59R20SghP76Um2Ffw8jsoHFxRwr_28Y5a6v\",\"https:\\\/\\\/www.google.com\\\/maps\\\/place\\\/W.M.T.+-+Water+and+Mechanical+Technology+s.r.l.\\\/@45.538948,9.1806583,17z\\\/data=!3m1!4b1!4m5!3m4!1s0x4786bf60c912a84b:0xfc12749d2f8ea14a!8m2!3d45.538948!4d9.182847\",\"https:\\\/\\\/www.linkedin.com\\\/company\\\/2059941\"]}]}<\/script>\n<!-- \/ Yoast SEO plugin. -->","yoast_head_json":{"title":"Abbattimento e depurazione fumi &#8226; W.M.T. - Water and Mechanical Technology s.r.l.","description":"sistemi per l\u2019abbattimento dei fumi e delle polveri sottili PM 10 PM 2,5 e la contemporanea depurazione dai composti chimici","robots":{"index":"index","follow":"follow","max-snippet":"max-snippet:-1","max-image-preview":"max-image-preview:large","max-video-preview":"max-video-preview:-1"},"canonical":"http:\/\/www.wmt.it\/index.php\/abbattimento-e-depurazione-fumi\/","og_locale":"it_IT","og_type":"article","og_title":"Abbattimento e depurazione fumi &#8226; W.M.T. - Water and Mechanical Technology s.r.l.","og_description":"sistemi per l\u2019abbattimento dei fumi e delle polveri sottili PM 10 PM 2,5 e la contemporanea depurazione dai composti chimici","og_url":"http:\/\/www.wmt.it\/index.php\/abbattimento-e-depurazione-fumi\/","og_site_name":"W.M.T. - Water and Mechanical Technology s.r.l.","article_publisher":"https:\/\/www.facebook.com\/pages\/WMT\/523330841079249?eid=ARBCva1bxbHrIwpLi2jUbikM5NzJrQOywcEqrkgUjYQ_m59R20SghP76Um2Ffw8jsoHFxRwr_28Y5a6v","article_modified_time":"2025-03-31T08:41:24+00:00","og_image":[{"width":1920,"height":600,"url":"http:\/\/www.wmt.it\/wp-content\/uploads\/2019\/12\/Depurazione-fumi-e1576660787323.jpg","type":"image\/jpeg"}],"twitter_card":"summary_large_image","twitter_misc":{"Tempo di lettura stimato":"7 minuti"},"schema":{"@context":"https:\/\/schema.org","@graph":[{"@type":"WebPage","@id":"http:\/\/www.wmt.it\/index.php\/abbattimento-e-depurazione-fumi\/","url":"http:\/\/www.wmt.it\/index.php\/abbattimento-e-depurazione-fumi\/","name":"Abbattimento e depurazione fumi &#8226; W.M.T. - Water and Mechanical Technology s.r.l.","isPartOf":{"@id":"http:\/\/www.wmt.it\/#website"},"primaryImageOfPage":{"@id":"http:\/\/www.wmt.it\/index.php\/abbattimento-e-depurazione-fumi\/#primaryimage"},"image":{"@id":"http:\/\/www.wmt.it\/index.php\/abbattimento-e-depurazione-fumi\/#primaryimage"},"thumbnailUrl":"http:\/\/www.wmt.it\/wp-content\/uploads\/2019\/12\/Depurazione-fumi-e1576660787323.jpg","datePublished":"2019-12-03T11:18:37+00:00","dateModified":"2025-03-31T08:41:24+00:00","description":"sistemi per l\u2019abbattimento dei fumi e delle polveri sottili PM 10 PM 2,5 e la contemporanea depurazione dai composti chimici","breadcrumb":{"@id":"http:\/\/www.wmt.it\/index.php\/abbattimento-e-depurazione-fumi\/#breadcrumb"},"inLanguage":"it-IT","potentialAction":[{"@type":"ReadAction","target":["http:\/\/www.wmt.it\/index.php\/abbattimento-e-depurazione-fumi\/"]}]},{"@type":"ImageObject","inLanguage":"it-IT","@id":"http:\/\/www.wmt.it\/index.php\/abbattimento-e-depurazione-fumi\/#primaryimage","url":"http:\/\/www.wmt.it\/wp-content\/uploads\/2019\/12\/Depurazione-fumi-e1576660787323.jpg","contentUrl":"http:\/\/www.wmt.it\/wp-content\/uploads\/2019\/12\/Depurazione-fumi-e1576660787323.jpg","width":1920,"height":600},{"@type":"BreadcrumbList","@id":"http:\/\/www.wmt.it\/index.php\/abbattimento-e-depurazione-fumi\/#breadcrumb","itemListElement":[{"@type":"ListItem","position":1,"name":"Home","item":"http:\/\/www.wmt.it\/index.php\/en\/wmt-home\/"},{"@type":"ListItem","position":2,"name":"Abbattimento e depurazione fumi"}]},{"@type":"WebSite","@id":"http:\/\/www.wmt.it\/#website","url":"http:\/\/www.wmt.it\/","name":"W.M.T. - Water and Mechanical Technology s.r.l.","description":"ENGINEERING AND FILTERING SYSTEM, PURE WITH PROFIT","publisher":{"@id":"http:\/\/www.wmt.it\/#organization"},"potentialAction":[{"@type":"SearchAction","target":{"@type":"EntryPoint","urlTemplate":"http:\/\/www.wmt.it\/?s={search_term_string}"},"query-input":{"@type":"PropertyValueSpecification","valueRequired":true,"valueName":"search_term_string"}}],"inLanguage":"it-IT"},{"@type":"Organization","@id":"http:\/\/www.wmt.it\/#organization","name":"W.M.T. - Water and Mechanical Technology s.r.l.","url":"http:\/\/www.wmt.it\/","logo":{"@type":"ImageObject","inLanguage":"it-IT","@id":"http:\/\/www.wmt.it\/#\/schema\/logo\/image\/","url":"http:\/\/www.wmt.it\/wp-content\/uploads\/2019\/12\/logo_wmt_blu_512x512.jpg","contentUrl":"http:\/\/www.wmt.it\/wp-content\/uploads\/2019\/12\/logo_wmt_blu_512x512.jpg","width":512,"height":512,"caption":"W.M.T. - Water and Mechanical Technology s.r.l."},"image":{"@id":"http:\/\/www.wmt.it\/#\/schema\/logo\/image\/"},"sameAs":["https:\/\/www.facebook.com\/pages\/WMT\/523330841079249?eid=ARBCva1bxbHrIwpLi2jUbikM5NzJrQOywcEqrkgUjYQ_m59R20SghP76Um2Ffw8jsoHFxRwr_28Y5a6v","https:\/\/www.google.com\/maps\/place\/W.M.T.+-+Water+and+Mechanical+Technology+s.r.l.\/@45.538948,9.1806583,17z\/data=!3m1!4b1!4m5!3m4!1s0x4786bf60c912a84b:0xfc12749d2f8ea14a!8m2!3d45.538948!4d9.182847","https:\/\/www.linkedin.com\/company\/2059941"]}]}},"_links":{"self":[{"href":"http:\/\/www.wmt.it\/index.php\/wp-json\/wp\/v2\/pages\/603","targetHints":{"allow":["GET"]}}],"collection":[{"href":"http:\/\/www.wmt.it\/index.php\/wp-json\/wp\/v2\/pages"}],"about":[{"href":"http:\/\/www.wmt.it\/index.php\/wp-json\/wp\/v2\/types\/page"}],"author":[{"embeddable":true,"href":"http:\/\/www.wmt.it\/index.php\/wp-json\/wp\/v2\/users\/3"}],"replies":[{"embeddable":true,"href":"http:\/\/www.wmt.it\/index.php\/wp-json\/wp\/v2\/comments?post=603"}],"version-history":[{"count":20,"href":"http:\/\/www.wmt.it\/index.php\/wp-json\/wp\/v2\/pages\/603\/revisions"}],"predecessor-version":[{"id":2869,"href":"http:\/\/www.wmt.it\/index.php\/wp-json\/wp\/v2\/pages\/603\/revisions\/2869"}],"wp:featuredmedia":[{"embeddable":true,"href":"http:\/\/www.wmt.it\/index.php\/wp-json\/wp\/v2\/media\/1718"}],"wp:attachment":[{"href":"http:\/\/www.wmt.it\/index.php\/wp-json\/wp\/v2\/media?parent=603"}],"curies":[{"name":"wp","href":"https:\/\/api.w.org\/{rel}","templated":true}]}}