{"id":670,"date":"2019-12-04T09:30:52","date_gmt":"2019-12-04T08:30:52","guid":{"rendered":"http:\/\/www2.wmt.it\/?page_id=670"},"modified":"2020-01-27T12:07:25","modified_gmt":"2020-01-27T11:07:25","slug":"pre-coat","status":"publish","type":"page","link":"http:\/\/www.wmt.it\/index.php\/pre-coat\/","title":{"rendered":"Pre-Coat"},"content":{"rendered":"\n<p><strong>Filtro a prerivestimento Pre-Coat<\/strong><\/p>\n\n\n\n<p><\/p>\n\n\n\n<p>Filtro ad alta capacita con pre-rivestimento.<\/p>\n\n\n\n<ul class=\"wp-block-list\"><li>Portate da 600 a 7000 l\/min<\/li><li>Grado di filtraggio in accordo alla classe 00 \u00f7 3 della nostra tabella ST-1584<\/li><li>Idoneo alla filtrazione di: acqua,&nbsp; oli interi a diverse viscosit\u00e0, ed in genere tutti i liquidi monofase.<\/li><\/ul>\n\n\n\n<p>Il filtro Pre-Coat (pre rivestimento) della W.M.T. \u00e8 principalmente un serbatoio pressurizzato certificato contenente un numero variabile di tubi filtranti rivestiti di una rete metallica.<\/p>\n\n\n\n<p>I tubi sono setti filtranti sui quali viene depositato un sottile strato di farine fossili, polvere di diatomee, a formare un materassino filtrante (filter cake). Questo permette la rimozioni delle particelle di solido contaminante fino a 0,5 \u03bcm. Il filtro Pre-Coat \u00e8 completamente automatico ed \u00e8 in grado di operare efficientemente su liquidi a bassa ed alta viscosit\u00e0 a diverse temperature.<\/p>\n\n\n\n<p>Il filtro \u00e8 disponibile come un pacchetto completo o pu\u00f2 essere inserito in un sistema centralizzato studiato per qualsiasi bisogno di liquido. Un filtro secondario della serie Liquid-Vacuum permette l\u2019evacuazione della farina fossile esausta dopo ogni ciclo di filtrazione.<br><\/p>\n\n\n\n<p>Le farine fossili o materiali porosi simili coprono le candele filtranti eseguendo una filtrazione sub-micron.<\/p>\n\n\n\n<p>Questo letto filtrante tridimensionale pu\u00f2 essere mantenuto soffice e poroso con un&#8217;azione di body-feed.<\/p>\n\n\n\n<p>I filtri Liquid-Vacuum o Flat-Bed sono utilizzati per il filtraggio secondario in funzione del grado di umidit\u00e0 richiesto nelle farine fossili esauste.<\/p>\n\n\n\n<p>I componenti di base di un sistema a pre rivestimento sono a lato schematizzati. Il sistema consiste principalmente nel serbatoio del filtro Pre Coat, in un serbatoio di miscelazione, in un filtro secondario Liquid-Vacuum ed in una vasca principale.<\/p>\n\n\n\n<p>Applicazioni tipiche di questo prodotto sono impiegate in:<\/p>\n\n\n\n<ul class=\"wp-block-list\"><li>Sistemi per lavorazioni meccaniche (un tipico sistema usa una vasca convogliatrice come vasca principale);<\/li><li>Sistemi per laminatoi (questo tipico sistema, installato su un laminatoio a quattro gabbie);<\/li><li>Sistemi per sale prova a olio caldo (la vasca del pulito e dello sporco di solito \u00e8 posizionata sotto pavimento con i filtri a piano officina).<\/li><\/ul>\n\n\n\n<table style=\"width: 100%;\" cellspacing=\"0\" border=\"0\">\n<tbody>\n<tr><\/tr>\n<tr>\n<td style=\"width: 10%;\" align=\"center\"><\/td>\n<td style=\"width: 35%;\" align=\"center\"><div class=\"wp-block-button\"><a class=\"wp-block-button__link has-background has-vivid-cyan-blue-background-color\" href=\"http:\/\/www.wmt.it\/index.php\/pre-coat-foto\/\" target=\"_blank\" rel=\"noopener noreferrer\">Galleria foto Pre-Coat<\/a><\/div><\/td>\n<td style=\"width: 10%;\" align=\"center\"><\/td>\n<td style=\"width: 35%;\" align=\"center\"><div class=\"wp-block-button\"><a class=\"wp-block-button__link has-background has-vivid-cyan-blue-background-color\" href=\"http:\/\/www.wmt.it\/wp-content\/uploads\/2020\/01\/08_PRE-COAT-TRANSFERT.pdf\" target=\"_blank\" rel=\"noopener noreferrer\">Scarica la brochure<\/a><\/div><\/td>\n<td style=\"width: 10%;\" align=\"center\"><\/td>\n<\/tr>\n<\/tbody>\n<\/table>\n","protected":false},"excerpt":{"rendered":"<p>Filtro a prerivestimento Pre-Coat Filtro ad alta capacita con pre-rivestimento. Portate da 600 a 7000 l\/min Grado di filtraggio in accordo alla classe 00 \u00f7 3 della nostra tabella ST-1584 Idoneo alla filtrazione di: acqua,&nbsp; oli interi a diverse viscosit\u00e0, ed in genere tutti i liquidi monofase. Il filtro Pre-Coat (pre rivestimento) della W.M.T. \u00e8 [&hellip;]<\/p>\n","protected":false},"author":3,"featured_media":1754,"parent":0,"menu_order":0,"comment_status":"closed","ping_status":"closed","template":"","meta":{"ngg_post_thumbnail":0,"footnotes":""},"class_list":["post-670","page","type-page","status-publish","has-post-thumbnail","hentry"],"yoast_head":"<!-- This site is optimized with the Yoast SEO plugin v27.4 - https:\/\/yoast.com\/product\/yoast-seo-wordpress\/ -->\n<title>Pre-Coat &#8226; W.M.T. - Water and Mechanical Technology s.r.l.<\/title>\n<meta name=\"description\" content=\"Il filtro Pre Coat della W.M.T. \u00e8 un serbatoio pressurizzato contenente un numero variabile di tubi filtranti in grado di filtrare particelle fino a 0,5 \u03bcm.\" \/>\n<meta name=\"robots\" content=\"index, follow, max-snippet:-1, max-image-preview:large, max-video-preview:-1\" \/>\n<link rel=\"canonical\" href=\"http:\/\/www.wmt.it\/index.php\/pre-coat\/\" \/>\n<meta property=\"og:locale\" content=\"it_IT\" \/>\n<meta property=\"og:type\" content=\"article\" \/>\n<meta property=\"og:title\" content=\"Pre-Coat &#8226; W.M.T. - Water and Mechanical Technology s.r.l.\" \/>\n<meta property=\"og:description\" content=\"Il filtro Pre Coat della W.M.T. \u00e8 un serbatoio pressurizzato contenente un numero variabile di tubi filtranti in grado di filtrare particelle fino a 0,5 \u03bcm.\" \/>\n<meta property=\"og:url\" content=\"http:\/\/www.wmt.it\/index.php\/pre-coat\/\" \/>\n<meta property=\"og:site_name\" content=\"W.M.T. - Water and Mechanical Technology s.r.l.\" \/>\n<meta property=\"article:publisher\" content=\"https:\/\/www.facebook.com\/pages\/WMT\/523330841079249?eid=ARBCva1bxbHrIwpLi2jUbikM5NzJrQOywcEqrkgUjYQ_m59R20SghP76Um2Ffw8jsoHFxRwr_28Y5a6v\" \/>\n<meta property=\"article:modified_time\" content=\"2020-01-27T11:07:25+00:00\" \/>\n<meta property=\"og:image\" content=\"http:\/\/www.wmt.it\/wp-content\/uploads\/2019\/12\/pre-coat-1-e1576745672479.jpg\" \/>\n\t<meta property=\"og:image:width\" content=\"1620\" \/>\n\t<meta property=\"og:image:height\" content=\"502\" \/>\n\t<meta property=\"og:image:type\" content=\"image\/jpeg\" \/>\n<meta name=\"twitter:card\" content=\"summary_large_image\" \/>\n<meta name=\"twitter:label1\" content=\"Tempo di lettura stimato\" \/>\n\t<meta name=\"twitter:data1\" content=\"2 minuti\" \/>\n<script type=\"application\/ld+json\" class=\"yoast-schema-graph\">{\"@context\":\"https:\\\/\\\/schema.org\",\"@graph\":[{\"@type\":\"WebPage\",\"@id\":\"http:\\\/\\\/www.wmt.it\\\/index.php\\\/pre-coat\\\/\",\"url\":\"http:\\\/\\\/www.wmt.it\\\/index.php\\\/pre-coat\\\/\",\"name\":\"Pre-Coat &#8226; W.M.T. - Water and Mechanical Technology s.r.l.\",\"isPartOf\":{\"@id\":\"http:\\\/\\\/www.wmt.it\\\/#website\"},\"primaryImageOfPage\":{\"@id\":\"http:\\\/\\\/www.wmt.it\\\/index.php\\\/pre-coat\\\/#primaryimage\"},\"image\":{\"@id\":\"http:\\\/\\\/www.wmt.it\\\/index.php\\\/pre-coat\\\/#primaryimage\"},\"thumbnailUrl\":\"http:\\\/\\\/www.wmt.it\\\/wp-content\\\/uploads\\\/2019\\\/12\\\/pre-coat-1-e1576745672479.jpg\",\"datePublished\":\"2019-12-04T08:30:52+00:00\",\"dateModified\":\"2020-01-27T11:07:25+00:00\",\"description\":\"Il filtro Pre Coat della W.M.T. \u00e8 un serbatoio pressurizzato contenente un numero variabile di tubi filtranti in grado di filtrare particelle fino a 0,5 \u03bcm.\",\"breadcrumb\":{\"@id\":\"http:\\\/\\\/www.wmt.it\\\/index.php\\\/pre-coat\\\/#breadcrumb\"},\"inLanguage\":\"it-IT\",\"potentialAction\":[{\"@type\":\"ReadAction\",\"target\":[\"http:\\\/\\\/www.wmt.it\\\/index.php\\\/pre-coat\\\/\"]}]},{\"@type\":\"ImageObject\",\"inLanguage\":\"it-IT\",\"@id\":\"http:\\\/\\\/www.wmt.it\\\/index.php\\\/pre-coat\\\/#primaryimage\",\"url\":\"http:\\\/\\\/www.wmt.it\\\/wp-content\\\/uploads\\\/2019\\\/12\\\/pre-coat-1-e1576745672479.jpg\",\"contentUrl\":\"http:\\\/\\\/www.wmt.it\\\/wp-content\\\/uploads\\\/2019\\\/12\\\/pre-coat-1-e1576745672479.jpg\",\"width\":1620,\"height\":502},{\"@type\":\"BreadcrumbList\",\"@id\":\"http:\\\/\\\/www.wmt.it\\\/index.php\\\/pre-coat\\\/#breadcrumb\",\"itemListElement\":[{\"@type\":\"ListItem\",\"position\":1,\"name\":\"Home\",\"item\":\"http:\\\/\\\/www.wmt.it\\\/index.php\\\/en\\\/wmt-home\\\/\"},{\"@type\":\"ListItem\",\"position\":2,\"name\":\"Pre-Coat\"}]},{\"@type\":\"WebSite\",\"@id\":\"http:\\\/\\\/www.wmt.it\\\/#website\",\"url\":\"http:\\\/\\\/www.wmt.it\\\/\",\"name\":\"W.M.T. - Water and Mechanical Technology s.r.l.\",\"description\":\"ENGINEERING AND FILTERING SYSTEM, PURE WITH PROFIT\",\"publisher\":{\"@id\":\"http:\\\/\\\/www.wmt.it\\\/#organization\"},\"potentialAction\":[{\"@type\":\"SearchAction\",\"target\":{\"@type\":\"EntryPoint\",\"urlTemplate\":\"http:\\\/\\\/www.wmt.it\\\/?s={search_term_string}\"},\"query-input\":{\"@type\":\"PropertyValueSpecification\",\"valueRequired\":true,\"valueName\":\"search_term_string\"}}],\"inLanguage\":\"it-IT\"},{\"@type\":\"Organization\",\"@id\":\"http:\\\/\\\/www.wmt.it\\\/#organization\",\"name\":\"W.M.T. - Water and Mechanical Technology s.r.l.\",\"url\":\"http:\\\/\\\/www.wmt.it\\\/\",\"logo\":{\"@type\":\"ImageObject\",\"inLanguage\":\"it-IT\",\"@id\":\"http:\\\/\\\/www.wmt.it\\\/#\\\/schema\\\/logo\\\/image\\\/\",\"url\":\"http:\\\/\\\/www.wmt.it\\\/wp-content\\\/uploads\\\/2019\\\/12\\\/logo_wmt_blu_512x512.jpg\",\"contentUrl\":\"http:\\\/\\\/www.wmt.it\\\/wp-content\\\/uploads\\\/2019\\\/12\\\/logo_wmt_blu_512x512.jpg\",\"width\":512,\"height\":512,\"caption\":\"W.M.T. - Water and Mechanical Technology s.r.l.\"},\"image\":{\"@id\":\"http:\\\/\\\/www.wmt.it\\\/#\\\/schema\\\/logo\\\/image\\\/\"},\"sameAs\":[\"https:\\\/\\\/www.facebook.com\\\/pages\\\/WMT\\\/523330841079249?eid=ARBCva1bxbHrIwpLi2jUbikM5NzJrQOywcEqrkgUjYQ_m59R20SghP76Um2Ffw8jsoHFxRwr_28Y5a6v\",\"https:\\\/\\\/www.google.com\\\/maps\\\/place\\\/W.M.T.+-+Water+and+Mechanical+Technology+s.r.l.\\\/@45.538948,9.1806583,17z\\\/data=!3m1!4b1!4m5!3m4!1s0x4786bf60c912a84b:0xfc12749d2f8ea14a!8m2!3d45.538948!4d9.182847\",\"https:\\\/\\\/www.linkedin.com\\\/company\\\/2059941\"]}]}<\/script>\n<!-- \/ Yoast SEO plugin. -->","yoast_head_json":{"title":"Pre-Coat &#8226; W.M.T. - Water and Mechanical Technology s.r.l.","description":"Il filtro Pre Coat della W.M.T. \u00e8 un serbatoio pressurizzato contenente un numero variabile di tubi filtranti in grado di filtrare particelle fino a 0,5 \u03bcm.","robots":{"index":"index","follow":"follow","max-snippet":"max-snippet:-1","max-image-preview":"max-image-preview:large","max-video-preview":"max-video-preview:-1"},"canonical":"http:\/\/www.wmt.it\/index.php\/pre-coat\/","og_locale":"it_IT","og_type":"article","og_title":"Pre-Coat &#8226; W.M.T. - Water and Mechanical Technology s.r.l.","og_description":"Il filtro Pre Coat della W.M.T. \u00e8 un serbatoio pressurizzato contenente un numero variabile di tubi filtranti in grado di filtrare particelle fino a 0,5 \u03bcm.","og_url":"http:\/\/www.wmt.it\/index.php\/pre-coat\/","og_site_name":"W.M.T. - Water and Mechanical Technology s.r.l.","article_publisher":"https:\/\/www.facebook.com\/pages\/WMT\/523330841079249?eid=ARBCva1bxbHrIwpLi2jUbikM5NzJrQOywcEqrkgUjYQ_m59R20SghP76Um2Ffw8jsoHFxRwr_28Y5a6v","article_modified_time":"2020-01-27T11:07:25+00:00","og_image":[{"width":1620,"height":502,"url":"http:\/\/www.wmt.it\/wp-content\/uploads\/2019\/12\/pre-coat-1-e1576745672479.jpg","type":"image\/jpeg"}],"twitter_card":"summary_large_image","twitter_misc":{"Tempo di lettura stimato":"2 minuti"},"schema":{"@context":"https:\/\/schema.org","@graph":[{"@type":"WebPage","@id":"http:\/\/www.wmt.it\/index.php\/pre-coat\/","url":"http:\/\/www.wmt.it\/index.php\/pre-coat\/","name":"Pre-Coat &#8226; W.M.T. - Water and Mechanical Technology s.r.l.","isPartOf":{"@id":"http:\/\/www.wmt.it\/#website"},"primaryImageOfPage":{"@id":"http:\/\/www.wmt.it\/index.php\/pre-coat\/#primaryimage"},"image":{"@id":"http:\/\/www.wmt.it\/index.php\/pre-coat\/#primaryimage"},"thumbnailUrl":"http:\/\/www.wmt.it\/wp-content\/uploads\/2019\/12\/pre-coat-1-e1576745672479.jpg","datePublished":"2019-12-04T08:30:52+00:00","dateModified":"2020-01-27T11:07:25+00:00","description":"Il filtro Pre Coat della W.M.T. \u00e8 un serbatoio pressurizzato contenente un numero variabile di tubi filtranti in grado di filtrare particelle fino a 0,5 \u03bcm.","breadcrumb":{"@id":"http:\/\/www.wmt.it\/index.php\/pre-coat\/#breadcrumb"},"inLanguage":"it-IT","potentialAction":[{"@type":"ReadAction","target":["http:\/\/www.wmt.it\/index.php\/pre-coat\/"]}]},{"@type":"ImageObject","inLanguage":"it-IT","@id":"http:\/\/www.wmt.it\/index.php\/pre-coat\/#primaryimage","url":"http:\/\/www.wmt.it\/wp-content\/uploads\/2019\/12\/pre-coat-1-e1576745672479.jpg","contentUrl":"http:\/\/www.wmt.it\/wp-content\/uploads\/2019\/12\/pre-coat-1-e1576745672479.jpg","width":1620,"height":502},{"@type":"BreadcrumbList","@id":"http:\/\/www.wmt.it\/index.php\/pre-coat\/#breadcrumb","itemListElement":[{"@type":"ListItem","position":1,"name":"Home","item":"http:\/\/www.wmt.it\/index.php\/en\/wmt-home\/"},{"@type":"ListItem","position":2,"name":"Pre-Coat"}]},{"@type":"WebSite","@id":"http:\/\/www.wmt.it\/#website","url":"http:\/\/www.wmt.it\/","name":"W.M.T. - Water and Mechanical Technology s.r.l.","description":"ENGINEERING AND FILTERING SYSTEM, PURE WITH PROFIT","publisher":{"@id":"http:\/\/www.wmt.it\/#organization"},"potentialAction":[{"@type":"SearchAction","target":{"@type":"EntryPoint","urlTemplate":"http:\/\/www.wmt.it\/?s={search_term_string}"},"query-input":{"@type":"PropertyValueSpecification","valueRequired":true,"valueName":"search_term_string"}}],"inLanguage":"it-IT"},{"@type":"Organization","@id":"http:\/\/www.wmt.it\/#organization","name":"W.M.T. - Water and Mechanical Technology s.r.l.","url":"http:\/\/www.wmt.it\/","logo":{"@type":"ImageObject","inLanguage":"it-IT","@id":"http:\/\/www.wmt.it\/#\/schema\/logo\/image\/","url":"http:\/\/www.wmt.it\/wp-content\/uploads\/2019\/12\/logo_wmt_blu_512x512.jpg","contentUrl":"http:\/\/www.wmt.it\/wp-content\/uploads\/2019\/12\/logo_wmt_blu_512x512.jpg","width":512,"height":512,"caption":"W.M.T. - Water and Mechanical Technology s.r.l."},"image":{"@id":"http:\/\/www.wmt.it\/#\/schema\/logo\/image\/"},"sameAs":["https:\/\/www.facebook.com\/pages\/WMT\/523330841079249?eid=ARBCva1bxbHrIwpLi2jUbikM5NzJrQOywcEqrkgUjYQ_m59R20SghP76Um2Ffw8jsoHFxRwr_28Y5a6v","https:\/\/www.google.com\/maps\/place\/W.M.T.+-+Water+and+Mechanical+Technology+s.r.l.\/@45.538948,9.1806583,17z\/data=!3m1!4b1!4m5!3m4!1s0x4786bf60c912a84b:0xfc12749d2f8ea14a!8m2!3d45.538948!4d9.182847","https:\/\/www.linkedin.com\/company\/2059941"]}]}},"_links":{"self":[{"href":"http:\/\/www.wmt.it\/index.php\/wp-json\/wp\/v2\/pages\/670","targetHints":{"allow":["GET"]}}],"collection":[{"href":"http:\/\/www.wmt.it\/index.php\/wp-json\/wp\/v2\/pages"}],"about":[{"href":"http:\/\/www.wmt.it\/index.php\/wp-json\/wp\/v2\/types\/page"}],"author":[{"embeddable":true,"href":"http:\/\/www.wmt.it\/index.php\/wp-json\/wp\/v2\/users\/3"}],"replies":[{"embeddable":true,"href":"http:\/\/www.wmt.it\/index.php\/wp-json\/wp\/v2\/comments?post=670"}],"version-history":[{"count":17,"href":"http:\/\/www.wmt.it\/index.php\/wp-json\/wp\/v2\/pages\/670\/revisions"}],"predecessor-version":[{"id":2613,"href":"http:\/\/www.wmt.it\/index.php\/wp-json\/wp\/v2\/pages\/670\/revisions\/2613"}],"wp:featuredmedia":[{"embeddable":true,"href":"http:\/\/www.wmt.it\/index.php\/wp-json\/wp\/v2\/media\/1754"}],"wp:attachment":[{"href":"http:\/\/www.wmt.it\/index.php\/wp-json\/wp\/v2\/media?parent=670"}],"curies":[{"name":"wp","href":"https:\/\/api.w.org\/{rel}","templated":true}]}}